{"id":26185,"date":"2025-11-28T20:45:38","date_gmt":"2025-11-28T20:45:38","guid":{"rendered":"https:\/\/asura.lv\/product\/computer-fan-set-argb-darkflash-dr12-pro-5in1-120x120-black\/"},"modified":"2025-12-12T15:29:13","modified_gmt":"2025-12-12T13:29:13","slug":"computer-fan-set-argb-darkflash-dr12-pro-5in1-120x120-black","status":"publish","type":"product","link":"https:\/\/asura.lv\/lt\/produktas\/computer-fan-set-argb-darkflash-dr12-pro-5in1-120x120-black\/","title":{"rendered":"Kompiuterio ventiliatoriaus komplektas ARGB Darkflash DR12 Pro 5in1 120&#215;120 (juodas)"},"content":{"rendered":"<h3>5in1 \u201eDarkflash DR12 Pro ARGB\u201c ap\u0161viest\u0173 ventiliatori\u0173 rinkinys<\/h3>\n<p>Kaip lengvai apr\u016bpinti savo kompiuter\u012f efektyviu au\u0161inimu ir unikaliu stiliumi? Tiesiog naudokite 120 mm DR12 Pro ventiliatorius! Konfig\u016bruojamas, spalvingas ARGB foninis ap\u0161vietimas suteiks j\u016bs\u0173 \u012frangai i\u0161ties fantasti\u0161k\u0105 i\u0161vaizd\u0105. Lengvai montuojami ir suderinami su \u201eAsus Aura Sync\u201c \u2013 jie tikrai patenkins net reikliausi\u0173 vartotoj\u0173 l\u016bkes\u010dius. Rinkinyje yra 5 ventiliatoriai, taip pat prakti\u0161kas nuotolinio valdymo pultas, skirtas patogiam \u012frengini\u0173 nuotoliniam valdymui.<\/p>\n<p><img decoding=\"async\" src=\"https:\/\/b2b.innpro.pl\/data\/include\/cms\/05Darkflash\/DR12-Pro\/7.jpg\"><\/p>\n<h3>Efektyvus au\u0161inimas \u2013 tylus veikimas<\/h3>\n<p>120 mm ventiliatoriai puikiai tinka daugumai kompiuteri\u0173. Jums nereik\u0117s nerimauti d\u0117l dirginimo ar triuk\u0161mo. Ir jums nereik\u0117s nerimauti d\u0117l erzinan\u010dio triuk\u0161mo. Nepaisant iki 1200 aps.\/min. siekian\u010dio grei\u010dio, ventiliatoriai yra itin tyl\u016bs \u2013 j\u0173 triuk\u0161mo lygis nevir\u0161ija 16 dB. Tai \u012fmanoma d\u0117l gumini\u0173 pagalv\u0117li\u0173 ir specialiai sukurt\u0173 hidraulini\u0173 guoli\u0173. \u201eDarkflash\u201c u\u017etikrina optimal\u0173 au\u0161inim\u0105 ir neprilygstam\u0105 naudotojo komfort\u0105.<\/p>\n<p><img decoding=\"async\" src=\"https:\/\/b2b.innpro.pl\/data\/include\/cms\/05Darkflash\/DR12-Pro\/5.jpg\"><\/p>\n<h3>\u017daidim\u0173 charakteris<\/h3>\n<p>ARGB foninis ap\u0161vietimas suteiks j\u016bs\u0173 kompiuteriui original\u0173 \u017eaidim\u0173 charakter\u012f. Dvigubi ARGB \u017eiedai garantuoja nuostab\u0173 efekt\u0105 ir puikiai papildys j\u016bs\u0173 aparatin\u0119 \u012frang\u0105. Be to, kruop\u0161\u010diai apgalvotas ventiliatori\u0173 dizainas u\u017etikrina, kad j\u0173 skleid\u017eiama \u0161viesa \u017eav\u0117t\u0173 savo ry\u0161kumu ir sodriomis spalvomis.<\/p>\n<p><img decoding=\"async\" src=\"https:\/\/b2b.innpro.pl\/data\/include\/cms\/05Darkflash\/DR12-Pro\/1.jpg\"><\/p>\n<h3>Nuotolinio valdymo pultas \u2013 \u017eaiskite su spalvomis<\/h3>\n<p>Pridedamas belaidis nuotolinio valdymo pultas leid\u017eia valdyti ventiliatorius nuotoliniu b\u016bdu. Be kita ko, juo galite \u012fjungti ir i\u0161jungti \u012frenginius, reguliuoti spalvas ir pasirinkti i\u0161 galim\u0173 ap\u0161vietimo re\u017eim\u0173, toki\u0173 kaip \u201e\u017dvaig\u017ed\u0117ta naktis\u201c, \u201eVaivoryk\u0161t\u0117\u201c, \u201e\u017daibas\u201c ir \u201eKv\u0117pavimas\u201c. Atraskite naujas galimybes, m\u0117gaukit\u0117s nuostabiais ap\u0161vietimo efektais ir paverskite savo kompiuter\u012f ak\u012f traukian\u010diu objektu!<\/p>\n<p><img decoding=\"async\" src=\"https:\/\/b2b.innpro.pl\/data\/include\/cms\/05Darkflash\/DR12-Pro\/2.jpg\"><\/p>\n<h3>Komplekte yra:<\/h3>\n<ul>\n<li>5 ventiliatoriai<\/li>\n<li>Nuotolinio valdymo pultas<\/li>\n<li>Valdymo d\u0117\u017eut\u0117<\/li>\n<li>tvirtinimo var\u017etai<\/li>\n<\/ul>\n<div class=\"table-wrapper\">\n<table>\n<tbody>\n<tr>\n<th>Gamintojas <\/th>\n<td>Darkflash<\/td>\n<\/tr>\n<tr>\n<th>Modelis <\/th>\n<td>Dr 12 PRO<\/td>\n<\/tr>\n<tr>\n<th>Spalva <\/th>\n<td>Juoda<\/td>\n<\/tr>\n<tr>\n<th>Dydis <\/th>\n<td>120 x 120 mm<\/td>\n<\/tr>\n<tr>\n<th>Jungtis <\/th>\n<td>6 kontakt\u0173<\/td>\n<\/tr>\n<tr>\n<th>Sukimosi greitis <\/th>\n<td>1300 aps.\/min.<\/td>\n<\/tr>\n<tr>\n<th>Maksimalus triuk\u0161mo lygis <\/th>\n<td>16 dBA<\/td>\n<\/tr>\n<tr>\n<th>Oro srautas <\/th>\n<td>38 CFM<\/td>\n<\/tr>\n<tr>\n<th>Maitinimo \u012ftampa <\/th>\n<td>12 V<\/td>\n<\/tr>\n<tr>\n<th>Srov\u0117<\/th>\n<td>0,12 A<\/td>\n<\/tr>\n<tr>\n<th>Gydymo laikas <\/th>\n<td>60000 h<\/td>\n<\/tr>\n<tr>\n<th>Guolio tipas <\/th>\n<td>Hidraulinis guolis<\/td>\n<\/tr>\n<tr>\n<th>Ap\u0161vietimas <\/th>\n<td>AARGB<\/td>\n<\/tr>\n<tr>\n<th>Antivibracin\u0117s pagalv\u0117l\u0117s <\/th>\n<td>TAIP<\/td>\n<\/tr>\n<tr>\n<th>\u012etraukt\u0173 ventiliatori\u0173 skai\u010dius <\/th>\n<td>5<\/td>\n<\/tr>\n<tr>\n<th>Matmenys <\/th>\n<td>120x120x25 mm<\/td>\n<\/tr>\n<tr>\n<th>Svoris <\/th>\n<td>160 g<\/td>\n<\/tr>\n<\/tbody>\n<\/table>\n<\/div>\n","protected":false},"excerpt":{"rendered":"<p>5in1 \u201eDarkflash DR12 Pro ARGB\u201c ap\u0161viest\u0173 ventiliatori\u0173 rinkinys Kaip lengvai apr\u016bpinti savo kompiuter\u012f efektyviu au\u0161inimu ir unikaliu stiliumi? Tiesiog naudokite 120 mm DR12 Pro ventiliatorius! Konfig\u016bruojamas, spalvingas ARGB foninis ap\u0161vietimas suteiks j\u016bs\u0173 \u012frangai i\u0161ties fantasti\u0161k\u0105 i\u0161vaizd\u0105. Lengvai montuojami ir suderinami su \u201eAsus Aura Sync\u201c \u2013 jie tikrai patenkins net reikliausi\u0173 vartotoj\u0173 l\u016bkes\u010dius. Rinkinyje yra 5 [&#8230;]\n","protected":false},"featured_media":26186,"comment_status":"open","ping_status":"closed","template":"","meta":[],"product_brand":[316],"product_cat":[899],"product_tag":[],"class_list":{"0":"post-26185","1":"product","2":"type-product","3":"status-publish","4":"has-post-thumbnail","6":"product_brand-darkflash","7":"product_cat-fans","9":"first","10":"outofstock","11":"taxable","12":"shipping-taxable","13":"purchasable","14":"product-type-simple"},"aioseo_notices":[],"_links":{"self":[{"href":"https:\/\/asura.lv\/lt\/wp-json\/wp\/v2\/product\/26185","targetHints":{"allow":["GET"]}}],"collection":[{"href":"https:\/\/asura.lv\/lt\/wp-json\/wp\/v2\/product"}],"about":[{"href":"https:\/\/asura.lv\/lt\/wp-json\/wp\/v2\/types\/product"}],"replies":[{"embeddable":true,"href":"https:\/\/asura.lv\/lt\/wp-json\/wp\/v2\/comments?post=26185"}],"wp:featuredmedia":[{"embeddable":true,"href":"https:\/\/asura.lv\/lt\/wp-json\/wp\/v2\/media\/26186"}],"wp:attachment":[{"href":"https:\/\/asura.lv\/lt\/wp-json\/wp\/v2\/media?parent=26185"}],"wp:term":[{"taxonomy":"product_brand","embeddable":true,"href":"https:\/\/asura.lv\/lt\/wp-json\/wp\/v2\/product_brand?post=26185"},{"taxonomy":"product_cat","embeddable":true,"href":"https:\/\/asura.lv\/lt\/wp-json\/wp\/v2\/product_cat?post=26185"},{"taxonomy":"product_tag","embeddable":true,"href":"https:\/\/asura.lv\/lt\/wp-json\/wp\/v2\/product_tag?post=26185"}],"curies":[{"name":"wp","href":"https:\/\/api.w.org\/{rel}","templated":true}]}}