{"id":26209,"date":"2025-11-28T20:45:36","date_gmt":"2025-11-28T20:45:36","guid":{"rendered":"https:\/\/asura.lv\/product\/photo-studio-background-support-puluz-pu3054b-67cm\/"},"modified":"2025-12-12T15:29:11","modified_gmt":"2025-12-12T13:29:11","slug":"photo-studio-background-support-puluz-pu3054b-67cm","status":"publish","type":"product","link":"https:\/\/asura.lv\/lt\/produktas\/photo-studio-background-support-puluz-pu3054b-67cm\/","title":{"rendered":"Fotostudijos fono stovas Puluz PU3054B 67cm"},"content":{"rendered":"<h3>\u201ePuluz\u201c fotostudijos fono palaikymas<\/h3>\n<p>\u201ePuluz\u201c firmin\u012f stov\u0105 naudosite produktams fotografuoti rinkodaros tikslais, portretams ir pan. Stovas yra patvarus, ant jo pakabinsite fon\u0105 i\u0161 drob\u0117s, muslino, medviln\u0117s, popieriaus arba PVC popieriaus.<\/p>\n<p><img decoding=\"async\" src=\"https:\/\/b2b.innpro.pl\/data\/include\/cms\/Edyta\/puluz\/PU3054B\/1.jpg\"><\/p>\n<h3>Tvirta ir lengvai montuojama konstrukcija<\/h3>\n<p>PU3054B pagamintas i\u0161 metalo, tod\u0117l yra patvarus ir atsparus r\u016bdijimui. Lengvas surinkimas ir i\u0161ardymas daro \u0161\u012f gamin\u012f idealiai tinkant\u012f visiems. Reguliavimo funkcija leid\u017eia nustatyti auk\u0161t\u012f pagal j\u016bs\u0173 poreikius, o trikojo pagrindas u\u017etikrina stabilum\u0105.<\/p>\n<p><img decoding=\"async\" src=\"https:\/\/b2b.innpro.pl\/data\/include\/cms\/Edyta\/puluz\/PU3054B\/2.jpg\"><\/p>\n<h3>\u012e\u00a0\u012fpakavimo s\u0105ra\u0161as:<\/h3>\n<ul>\n<li>Fono atrama<\/li>\n<li>Skersin\u0117<\/li>\n<li>Fono spaustukai x2<\/li>\n<\/ul>\n<div class=\"table-wrapper\">\n<table>\n<tbody>\n<tr>\n<th>Prek\u0117s \u017eenklas<\/th>\n<td>Puluz<\/td>\n<\/tr>\n<tr>\n<th>Modelis<\/th>\n<td>PU3054B<\/td>\n<\/tr>\n<tr>\n<th>Fono atramos matmenys<\/th>\n<td>67 x 65 cm<\/td>\n<\/tr>\n<tr>\n<th>Maksimalus Fono atramos auk\u0161tis<\/th>\n<td>65 cm<\/td>\n<\/tr>\n<tr>\n<th>Minimalus <span>fono atramos auk\u0161tis<\/span><\/th>\n<td>37 cm<\/td>\n<\/tr>\n<tr>\n<th>Med\u017eiaga<\/th>\n<td>metalas<\/td>\n<\/tr>\n<tr>\n<th>Spalva<\/th>\n<td>juoda<\/td>\n<\/tr>\n<\/tbody>\n<\/table>\n<\/div>\n","protected":false},"excerpt":{"rendered":"<p>\u201ePuluz\u201c fotostudijos fono palaikymas \u201ePuluz\u201c firmin\u012f stov\u0105 naudosite produktams fotografuoti rinkodaros tikslais, portretams ir pan. Stovas yra patvarus, ant jo pakabinsite fon\u0105 i\u0161 drob\u0117s, muslino, medviln\u0117s, popieriaus arba PVC popieriaus. Tvirta ir lengvai montuojama konstrukcija PU3054B pagamintas i\u0161 metalo, tod\u0117l yra patvarus ir atsparus r\u016bdijimui. Lengvas surinkimas ir i\u0161ardymas daro \u0161\u012f gamin\u012f idealiai tinkant\u012f visiems. [&#8230;]\n","protected":false},"featured_media":26210,"comment_status":"open","ping_status":"closed","template":"","meta":[],"product_brand":[149],"product_cat":[1358],"product_tag":[],"class_list":{"0":"post-26209","1":"product","2":"type-product","3":"status-publish","4":"has-post-thumbnail","6":"product_brand-puluz","7":"product_cat-photo-backgrounds","9":"first","10":"outofstock","11":"taxable","12":"shipping-taxable","13":"purchasable","14":"product-type-simple"},"aioseo_notices":[],"_links":{"self":[{"href":"https:\/\/asura.lv\/lt\/wp-json\/wp\/v2\/product\/26209","targetHints":{"allow":["GET"]}}],"collection":[{"href":"https:\/\/asura.lv\/lt\/wp-json\/wp\/v2\/product"}],"about":[{"href":"https:\/\/asura.lv\/lt\/wp-json\/wp\/v2\/types\/product"}],"replies":[{"embeddable":true,"href":"https:\/\/asura.lv\/lt\/wp-json\/wp\/v2\/comments?post=26209"}],"wp:featuredmedia":[{"embeddable":true,"href":"https:\/\/asura.lv\/lt\/wp-json\/wp\/v2\/media\/26210"}],"wp:attachment":[{"href":"https:\/\/asura.lv\/lt\/wp-json\/wp\/v2\/media?parent=26209"}],"wp:term":[{"taxonomy":"product_brand","embeddable":true,"href":"https:\/\/asura.lv\/lt\/wp-json\/wp\/v2\/product_brand?post=26209"},{"taxonomy":"product_cat","embeddable":true,"href":"https:\/\/asura.lv\/lt\/wp-json\/wp\/v2\/product_cat?post=26209"},{"taxonomy":"product_tag","embeddable":true,"href":"https:\/\/asura.lv\/lt\/wp-json\/wp\/v2\/product_tag?post=26209"}],"curies":[{"name":"wp","href":"https:\/\/api.w.org\/{rel}","templated":true}]}}