{"id":26221,"date":"2025-11-28T20:45:35","date_gmt":"2025-11-28T20:45:35","guid":{"rendered":"https:\/\/asura.lv\/product\/smart-wireless-wall-switch-sonoff-t2eu3c-rf-433mhz-3-channel\/"},"modified":"2025-12-12T15:29:10","modified_gmt":"2025-12-12T13:29:10","slug":"smart-wireless-wall-switch-sonoff-t2eu3c-rf-433mhz-3-channel","status":"publish","type":"product","link":"https:\/\/asura.lv\/lt\/produktas\/smart-wireless-wall-switch-sonoff-t2eu3c-rf-433mhz-3-channel\/","title":{"rendered":"I\u0161manusis belaidis sieninis jungiklis \u201eSonoff T2EU3C-RF 433MHz\u201c (3 kanal\u0173)"},"content":{"rendered":"<h3>I\u0161manusis belaidis sieninis jungiklis \u201eSonoff T2EU3C-RF 433MHz\u201c (3 kanal\u0173)<\/h3>\n<p>\u201eSonoff\u201c jungiklis turi tris kanalus, pasi\u017eymi moderniu dizainu ir belaid\u017eiu valdymu. Nuotolinio valdymo galimyb\u0117 padidina naudojimo patogum\u0105.<\/p>\n<p><img decoding=\"async\" src=\"https:\/\/b2b.innpro.pl\/data\/include\/cms\/Edyta\/sonoff\/T2EU123C\/1.jpg\"><\/p>\n<h3>Valdymas per program\u0117l\u0119<\/h3>\n<p>D\u0117l patogumo jungikl\u012f galite valdyti naudodami \u201eeWeLink\u201c program\u0117l\u0119, kuri suderinama su \u201eAndroid\u201c arba \u201eiOS\u201c. Jungiklis taip pat palaiko balso funkcijas su \u201eAmazon Alexa\u201c ir \u201eGoogle Assistant\u201c. Naudodami \u0161\u012f sprendim\u0105, jums net nereikia keltis nuo sofos, kad i\u0161jungtum\u0117te \u0161viesas. Jungiklis palaiko 433 MHz radijo da\u017eni\u0173 protokol\u0105, kuris suderinamas su daliniais \u201eSonoff\u201c \u012frenginiais, tod\u0117l galite j\u012f naudoti kaip nuotolinio valdymo pult\u0105.<\/p>\n<p><img decoding=\"async\" src=\"https:\/\/b2b.innpro.pl\/data\/include\/cms\/Edyta\/sonoff\/T2EU123C\/6.jpg\"><\/p>\n<h3>Tvarkara\u0161\u010dio funkcija<\/h3>\n<p>\u201eSonoff\u201c jungiklis turi tvarkara\u0161\u010dio funkcij\u0105, kuria galite nuspr\u0119sti, kada \u012fjungti arba i\u0161jungti \u0161viesas. T2EU3C taip pat veikia su \u201eSonoff TX\u201c sieniniais jungikliais, kurie leid\u017eia valdyti \u0161vies\u0105 i\u0161 dviej\u0173 skirting\u0173 pozicij\u0173 be laid\u0173. Taip pat galite valdyti \u0161viesas keliuose kambariuose per jungikl\u012f.\u00a0<\/p>\n<p><img decoding=\"async\" src=\"https:\/\/b2b.innpro.pl\/data\/include\/cms\/Edyta\/sonoff\/T2EU123C\/8.jpg\"><\/p>\n<h3>Modernus dizainas<\/h3>\n<p>Jungiklis yra paprasto dizaino, tod\u0117l tiks prie bet kokio modernaus interjero. Stiklinis skydelis yra atsparus \u012fbr\u0117\u017eimams, o mygtukai \u0161vie\u010dia m\u0117lynai, kad b\u016bt\u0173 lengviau juos rasti nakt\u012f. Mygtuk\u0173 ry\u0161kumas kinta priklausomai nuo \u0161viesos kiekio kambaryje. Priklausomai nuo j\u016bs\u0173 poreiki\u0173, \u201eSonoff\u201c jungikl\u012f galite pritvirtinti 3 b\u016bdais. Pavyzd\u017eiui, galite j\u012f priklijuoti prie sienos, prisukti prie sienos arba pritvirtinti prie stalo.<\/p>\n<p><img decoding=\"async\" src=\"https:\/\/b2b.innpro.pl\/data\/include\/cms\/Edyta\/sonoff\/T2EU123C\/2.jpg\"><\/p>\n<div class=\"table-wrapper\">\n<table>\n<tbody>\n<tr>\n<th>Prek\u0117s \u017eenklas<\/th>\n<td>Sonoff<\/td>\n<\/tr>\n<tr>\n<th>Modelis<\/th>\n<td>T2EU3C<\/td>\n<\/tr>\n<tr>\n<th>RF<\/th>\n<td>433MHz<\/td>\n<\/tr>\n<tr>\n<th>Med\u017eiaga<\/th>\n<td>PC + gr\u016bdinto stiklo plok\u0161t\u0117\u00a0<\/td>\n<\/tr>\n<tr>\n<th>Signalo diapazonas<\/th>\n<td>>>50 m (atvira (vietoje)<\/td>\n<\/tr>\n<tr>\n<th>Maitinimo \u0161altinis<\/th>\n<td>6 V (3 V *2 baterijos)<\/td>\n<\/tr>\n<tr>\n<th>Baterijos modelis<\/th>\n<td>CR2032<\/td>\n<\/tr>\n<tr>\n<th>Spalva<\/th>\n<td>balta<\/td>\n<\/tr>\n<tr>\n<th>Kanal\u0173 skai\u010dius<\/th>\n<td>3<\/td>\n<\/tr>\n<tr>\n<th>Matmenys<\/th>\n<td>86 x 86 x 9 mm<\/td>\n<\/tr>\n<tr>\n<th>Suderinamumas<\/th>\n<td>RFR2, RFR3, 4CHPROR3, TX, Slampher R2<\/td>\n<\/tr>\n<tr>\n<th>Balso valdymas<\/th>\n<td>\u201eAmazon Alexa\u201c, \u201eGoogle\u201c Asistentas<\/td>\n<\/tr>\n<tr>\n<th>Operacin\u0117 sistema\u00a0<\/th>\n<td>\u201eAndroid\u201c, \u201eiOS\u201c<\/td>\n<\/tr>\n<tr>\n<th>Program\u0117l\u0117<\/th>\n<td>eWeLink<\/td>\n<\/tr>\n<\/tbody>\n<\/table>\n<\/div>\n","protected":false},"excerpt":{"rendered":"<p>I\u0161manusis belaidis sieninis jungiklis \u201eSonoff T2EU3C-RF 433MHz\u201c (3 kanal\u0173) \u201eSonoff\u201c jungiklis turi tris kanalus, pasi\u017eymi moderniu dizainu ir belaid\u017eiu valdymu. Nuotolinio valdymo galimyb\u0117 padidina naudojimo patogum\u0105. Valdymas per program\u0117l\u0119 D\u0117l patogumo jungikl\u012f galite valdyti naudodami \u201eeWeLink\u201c program\u0117l\u0119, kuri suderinama su \u201eAndroid\u201c arba \u201eiOS\u201c. Jungiklis taip pat palaiko balso funkcijas su \u201eAmazon Alexa\u201c ir \u201eGoogle Assistant\u201c. [&#8230;]\n","protected":false},"featured_media":26222,"comment_status":"open","ping_status":"closed","template":"","meta":[],"product_brand":[203],"product_cat":[932],"product_tag":[],"class_list":{"0":"post-26221","1":"product","2":"type-product","3":"status-publish","4":"has-post-thumbnail","6":"product_brand-sonoff","7":"product_cat-switches","9":"first","10":"outofstock","11":"taxable","12":"shipping-taxable","13":"purchasable","14":"product-type-simple"},"aioseo_notices":[],"_links":{"self":[{"href":"https:\/\/asura.lv\/lt\/wp-json\/wp\/v2\/product\/26221","targetHints":{"allow":["GET"]}}],"collection":[{"href":"https:\/\/asura.lv\/lt\/wp-json\/wp\/v2\/product"}],"about":[{"href":"https:\/\/asura.lv\/lt\/wp-json\/wp\/v2\/types\/product"}],"replies":[{"embeddable":true,"href":"https:\/\/asura.lv\/lt\/wp-json\/wp\/v2\/comments?post=26221"}],"wp:featuredmedia":[{"embeddable":true,"href":"https:\/\/asura.lv\/lt\/wp-json\/wp\/v2\/media\/26222"}],"wp:attachment":[{"href":"https:\/\/asura.lv\/lt\/wp-json\/wp\/v2\/media?parent=26221"}],"wp:term":[{"taxonomy":"product_brand","embeddable":true,"href":"https:\/\/asura.lv\/lt\/wp-json\/wp\/v2\/product_brand?post=26221"},{"taxonomy":"product_cat","embeddable":true,"href":"https:\/\/asura.lv\/lt\/wp-json\/wp\/v2\/product_cat?post=26221"},{"taxonomy":"product_tag","embeddable":true,"href":"https:\/\/asura.lv\/lt\/wp-json\/wp\/v2\/product_tag?post=26221"}],"curies":[{"name":"wp","href":"https:\/\/api.w.org\/{rel}","templated":true}]}}