{"id":26695,"date":"2025-11-28T20:43:27","date_gmt":"2025-11-28T20:43:27","guid":{"rendered":"https:\/\/asura.lv\/product\/charger-skyrc-t100-2-x-50w\/"},"modified":"2025-12-12T15:27:57","modified_gmt":"2025-12-12T13:27:57","slug":"charger-skyrc-t100-2-x-50w","status":"publish","type":"product","link":"https:\/\/asura.lv\/lt\/produktas\/charger-skyrc-t100-2-x-50w\/","title":{"rendered":"\u012ekroviklis \u201eSkyRC T100\u201c 2 x 50 W"},"content":{"rendered":"<p><img decoding=\"async\" src=\"https:\/\/b2b.innpro.pl\/data\/include\/cms\/2Szymon\/SkyRC\/t100\/t100-1.jpg\" alt=\"2Szymon\/SkyRC\/t100\/t100-1\"><\/p>\n<h3>Dviguba galia ir mobilumas<\/h3>\n<p>\u201eSkyRC T100\u201c \u012fkroviklis yra dviej\u0173 kanal\u0173 \u012fkroviklis, galintis \u012fkrauti arba i\u0161krauti vis\u0173 da\u017eniausiai naudojam\u0173 tip\u0173 akumuliatorius. I\u0161manus dizainas leid\u017eia skland\u017eiai prijungti prie balansavimo prievad\u0173 ir XT60 ki\u0161tuko. \u012ekroviklis yra ma\u017eo dyd\u017eio, ta\u010diau turi net 100 vat\u0173 gali\u0105 akumuliatoriui \u012fkrauti esant 5 amper\u0173 srovei. \u012ekroviklis taip pat turi AGM ir \u0161altojo \u012fkrovimo re\u017eimus \u0161vino-r\u016bg\u0161ties ir AGM akumuliatoriams \u012fkrauti \u017eemesn\u0117je temperat\u016broje.<\/p>\n<p><img decoding=\"async\" src=\"https:\/\/b2b.innpro.pl\/data\/include\/cms\/2Szymon\/SkyRC\/t100\/t100-2.jpg\" alt=\"2Szymon\/SkyRC\/t100\/t100-2\"><\/p>\n<h3>Dvi \u012fkrovimo grandin\u0117s<\/h3>\n<p>Prie T100 galima prijungti 2 akumuliatorius, po kuri\u0173 jis automati\u0161kai ir i\u0161maniai juos \u012fkraus iki maksimalios talpos. Baterijos gali tur\u0117ti skirtingas specifikacijas ir b\u016bti visi\u0161kai skirting\u0173 tip\u0173.<\/p>\n<p><img decoding=\"async\" src=\"https:\/\/b2b.innpro.pl\/data\/include\/cms\/2Szymon\/SkyRC\/t100\/T100-3.jpg\" alt=\"2Szymon\/SkyRC\/t100\/T100-3\"><\/p>\n<h3>Universalus XT60 ki\u0161tukas<\/h3>\n<p>\u0160iandien populiariausias XT60 ki\u0161tukas buvo \u012fmontuotas \u012f T100 \u012fkrovikl\u012f, tod\u0117l galime lengvai prijungti ir \u012fkrauti da\u017eniausiai naudojamas baterijas. XT60 apsaugo nuo atvirk\u0161tinio poli\u0161kumo problemos ir u\u017etikrina labai stabil\u0173 ry\u0161\u012f.<\/p>\n<p><img decoding=\"async\" src=\"https:\/\/b2b.innpro.pl\/data\/include\/cms\/2Szymon\/SkyRC\/t100\/t100-6.jpg\" alt=\"2Szymon\/SkyRC\/t100\/t100-6\"><\/p>\n<h3>Tikslesnis \u012ftampos rodmuo<\/h3>\n<p>\u012ekroviklio programin\u0117 \u012franga buvo labai optimizuota, tod\u0117l akumuliatoriaus \u012ftampa rodoma iki 3 skaitmen\u0173 po kablelio. Su T100 \u012fkrovimo metu gausite itin tiksl\u0173 \u012ftampos matavim\u0105.<\/p>\n<p><img decoding=\"async\" src=\"https:\/\/b2b.innpro.pl\/data\/include\/cms\/2Szymon\/SkyRC\/t100\/t100-4.jpg\" alt=\"2Szymon\/SkyRC\/t100\/t100-4\"><\/p>\n<h3>AGM ir \u0161altojo \u012fkrovimo re\u017eimai<\/h3>\n<p>AGM akumuliatoriai yra tvirtesni ir lengvesni nei \u012fprasti \u0161vino r\u016bg\u0161ties akumuliatoriai. Nors abiej\u0173 tip\u0173 akumuliatoriai turi tuos pa\u010dius pagrindinius komponentus, j\u0173 chemin\u0117 strukt\u016bra labai skiriasi. D\u0117l \u0161ios prie\u017easties T100 turi AGM akumuliatori\u0173 \u012fkrovimo re\u017eim\u0105. Niekada nekraukite AGM akumuliatori\u0173 \u012fprastu \u012fkrovikliu Pb re\u017eimu. Be to, T100 turi \u0160ALTO re\u017eimo, optimizuoto \u017eemai temperat\u016brai.<\/p>\n<p><img decoding=\"async\" src=\"https:\/\/b2b.innpro.pl\/data\/include\/cms\/2Szymon\/SkyRC\/t100\/t100-5.jpg\" alt=\"2Szymon\/SkyRC\/t100\/t100-5\"><\/p>\n<h3>Pridedama<\/h3>\n<ul>\n<li>T200 \u012fkroviklis<\/li>\n<li>Maitinimo laidas<\/li>\n<\/ul>\n<div class=\"table-wrapper\">\n<table>\n<tbody>\n<tr>\n<th>Maitinimo \u0161altinis<\/th>\n<td>AC 100-240 V<\/td>\n<\/tr>\n<tr>\n<th>\u012ekrovimo galia<\/th>\n<td>100 W (50 W x 2)<\/td>\n<\/tr>\n<tr>\n<th>I\u0161krovimas galia<\/th>\n<td>10 W<\/td>\n<\/tr>\n<tr>\n<th>Akumuliatoriaus tipas<\/th>\n<td>LiPo\/LiIon\/LiFe\/LiHV 2-4S, NiMH\/NiCd 6-8S, Pb 6\/12V<\/td>\n<\/tr>\n<tr>\n<th>Akumuliatoriaus talpa LiPo\/LiIon\/LiFe\/LiHV 100\u201350000 mAh, NiMH \/ NiCd 100\u201350000 mAh, Pb 100\u201350000 mAh<\/th>\n<td>\u012ekrovimo srov\u0117<\/td>\n<\/tr>\n<tr>\n<th>0,1\u20135 A<\/th>\n<td>LiPo \u012fkrovimo \u012ftampa:<\/td>\n<\/tr>\n<tr>\n<th>4,18\u20134,25 V\/elementas, LiIon: 4,08\u20134,2 V\/elementui, LiFe: 3,58\u20133,7 V\/elementui; LiHV: 4,25\u20134,5 V\/elementui, NiMH\/NiCD \u2013 Delta-Peak aptikimas, Pb Normal: 2,4 V\/elementui, Pb AGM: 2,45 V, Pb Cold: 2,45 V<\/th>\n<td>LiPo i\u0161krovimo \u012ftampa:<\/td>\n<\/tr>\n<tr>\n<th>3,0\u20133,3 V\/elementui, LiIon: 2,9\u20133,2 V\/elementui, LiFe: 2,6\u20132,9 V\/elementui; LiHV: 3,1\u20133,4 V\/elementui, NiMH\/NiCD \u2013 0,1\u20131,1 V\/elementui<\/th>\n<td>Balansavimo \u012ftaisas<\/td>\n<\/tr>\n<tr>\n<th>2\u20134S<\/th>\n<td>Korpuso med\u017eiaga <\/td>\n<\/tr>\n<tr>\n<th>Plastikas<\/th>\n<td>Matmenys <\/td>\n<\/tr>\n<tr>\n<th>100 x 90 x 127 mm<\/th>\n<td>Svoris <\/td>\n<\/tr>\n<tr>\n<th>500 g<\/th>\n<td>Laikmatis <\/td>\n<\/tr>\n<tr>\n<th>1\u2013170 minu\u010di\u0173<\/th>\n<td>Darbin\u0117 temperat\u016bra <\/td>\n<\/tr>\n<tr>\n<th>0\u201340 \u00b0C<\/th>\n<td>Ekranas <\/td>\n<\/tr>\n<tr>\n<th>2&#215;16 LCD su foniniu ap\u0161vietimu<\/th>\n<td>I\u0161oriniai prievadai<\/td>\n<\/tr>\n<tr>\n<th>Balansavimo lizdas XH 2-4S, XT60 moteris<\/th>\n<\/tbody>\n<\/table>\n<\/div>\n","protected":false},"excerpt":{"rendered":"<p>Dviguba galia ir mobilumas \u201eSkyRC T100\u201c \u012fkroviklis yra dviej\u0173 kanal\u0173 \u012fkroviklis, galintis \u012fkrauti arba i\u0161krauti vis\u0173 da\u017eniausiai naudojam\u0173 tip\u0173 akumuliatorius. I\u0161manus dizainas leid\u017eia skland\u017eiai prijungti prie balansavimo prievad\u0173 ir XT60 ki\u0161tuko. \u012ekroviklis yra ma\u017eo dyd\u017eio, ta\u010diau turi net 100 vat\u0173 gali\u0105 akumuliatoriui \u012fkrauti esant 5 amper\u0173 srovei. \u012ekroviklis taip pat turi AGM ir \u0161altojo \u012fkrovimo [&#8230;]\n","protected":false},"featured_media":26696,"comment_status":"open","ping_status":"closed","template":"","meta":[],"product_brand":[82],"product_cat":[1439],"product_tag":[],"class_list":{"0":"post-26695","1":"product","2":"type-product","3":"status-publish","4":"has-post-thumbnail","6":"product_brand-skyrc","7":"product_cat-chargers","9":"first","10":"outofstock","11":"taxable","12":"shipping-taxable","13":"purchasable","14":"product-type-simple"},"aioseo_notices":[],"_links":{"self":[{"href":"https:\/\/asura.lv\/lt\/wp-json\/wp\/v2\/product\/26695","targetHints":{"allow":["GET"]}}],"collection":[{"href":"https:\/\/asura.lv\/lt\/wp-json\/wp\/v2\/product"}],"about":[{"href":"https:\/\/asura.lv\/lt\/wp-json\/wp\/v2\/types\/product"}],"replies":[{"embeddable":true,"href":"https:\/\/asura.lv\/lt\/wp-json\/wp\/v2\/comments?post=26695"}],"wp:featuredmedia":[{"embeddable":true,"href":"https:\/\/asura.lv\/lt\/wp-json\/wp\/v2\/media\/26696"}],"wp:attachment":[{"href":"https:\/\/asura.lv\/lt\/wp-json\/wp\/v2\/media?parent=26695"}],"wp:term":[{"taxonomy":"product_brand","embeddable":true,"href":"https:\/\/asura.lv\/lt\/wp-json\/wp\/v2\/product_brand?post=26695"},{"taxonomy":"product_cat","embeddable":true,"href":"https:\/\/asura.lv\/lt\/wp-json\/wp\/v2\/product_cat?post=26695"},{"taxonomy":"product_tag","embeddable":true,"href":"https:\/\/asura.lv\/lt\/wp-json\/wp\/v2\/product_tag?post=26695"}],"curies":[{"name":"wp","href":"https:\/\/api.w.org\/{rel}","templated":true}]}}