{"id":26791,"date":"2025-11-28T20:43:21","date_gmt":"2025-11-28T20:43:21","guid":{"rendered":"https:\/\/asura.lv\/product\/yeelight-sensor-plug-in-light\/"},"modified":"2025-12-12T15:27:52","modified_gmt":"2025-12-12T13:27:52","slug":"yeelight-sensor-plug-in-light","status":"publish","type":"product","link":"https:\/\/asura.lv\/lt\/produktas\/yeelight-sensor-plug-in-light\/","title":{"rendered":"\u201eYeelight\u201c jutiklio \u012fjungiamas \u017eibintuv\u0117lis"},"content":{"rendered":"<p><img decoding=\"async\" style=\"display: block; margin-left: auto; margin-right: auto;\" src=\"\/data\/include\/cms\/1_DOMINIK\/xiaomi_logo1.png\" border=\"0\" alt=\"\" \/><\/p>\n<p style=\"text-align: center;\"><span style=\"font-size: 12pt;\"><strong>\u201eYeelight\u201c prek\u0117s \u017eenklas yra \u201eXiaomi\u201c ekosistemos dalis.<\/strong><\/span><\/p>\n<p style=\"text-align: center;\">\u0412\u00a0<\/p>\n<h3 style=\"text-align: center;\">Prakti\u0161ka naktin\u0117 lemput\u0117<\/h3>\n<p>D\u0117l prakti\u0161kos \u201eYeelight\u201c naktin\u0117s lemput\u0117s su prieblandos jutikliu, nakt\u012f eidami \u012f vonios kambar\u012f, niekada nebeatsitrenksite \u012f bald\u0105. Lempa \u0161velniai ap\u0161vie\u010dia kambar\u012f, neakiai \u017evelgdama \u012f akis. Jis puikiai tiks miegamajam, prie\u0161kambariui ar vaiko kambariui.<\/p>\n<p><img loading=\"lazy\" decoding=\"async\" src=\"https:\/\/b2b.innpro.pl\/data\/include\/cms\/Yeelight\/YLYD11YL\/2.jpg\" border=\"0\" alt=\"\" width=\"1100\" height=\"700\" \/><\/p>\n<p>\u0412\u00a0<\/p>\n<h3 style=\"text-align: center;\">Automatinis re\u017eimas<\/h3>\n<p>D\u0117l \u012fmontuoto \u0161viesos jutiklio lempa aptinka aplinkos \u0161vies\u0105, tod\u0117l sutemus ji \u012fsijungia automati\u0161kai. Kita vertus, kai kambarys pakankamai \u0161viesus \u2013 jis i\u0161sijungia, kad taupyt\u0173 energij\u0105.<\/p>\n<p><img loading=\"lazy\" decoding=\"async\" src=\"https:\/\/b2b.innpro.pl\/data\/include\/cms\/Yeelight\/YLYD11YL\/3.jpg\" border=\"0\" alt=\"\" width=\"1100\" height=\"700\" \/><\/p>\n<p>\u0412\u00a0<\/p>\n<h3 style=\"text-align: center;\">Pamir\u0161kite apie tams\u0105<\/h3>\n<p>Su \u201eYeelight\u201c naktiniu ap\u0161vietimu galite pamir\u0161ti apie tams\u0105. Jis puikiai tinka miegamiesiems, kai norite i\u0161eiti i\u0161 kambario nakt\u012f nepa\u017eadinant kit\u0173 nam\u0173 \u016bkio nari\u0173, bet taip pat ir koridoriui, kai einate \u012f vonios kambar\u012f ir jums reikia \u0161velnaus ap\u0161vietimo, kuris neakint\u0173 \u012f akis ir j\u016bs\u0173 ne\u017eadint\u0173. Jis ne\u012fkainojamas vaik\u0173 kambariuose. Galite \u012feiti \u012f vaiko kambar\u012f nesijaudindami d\u0117l \u0161viesos, kuri j\u012f pa\u017eadins.<\/p>\n<p><img loading=\"lazy\" decoding=\"async\" src=\"https:\/\/b2b.innpro.pl\/data\/include\/cms\/Yeelight\/YLYD11YL\/5.jpg\" border=\"0\" alt=\"\" width=\"1100\" height=\"700\" \/><\/p>\n<p>\u0412\u00a0<\/p>\n<h3 style=\"text-align: center;\">\u0160velni ir \u0161ilta \u0161viesa<\/h3>\n<p>\u201eYeelight\u201c naktin\u0117s lemput\u0117s spalvos temperat\u016bra yra 2700 K, tod\u0117l ji \u0161vie\u010dia \u0161velnia, \u0161ilta \u0161viesa. Tai leid\u017eia u\u017emigti esant tam tikram \u0161viesos intensyvumui.<\/p>\n<p><img loading=\"lazy\" decoding=\"async\" src=\"https:\/\/b2b.innpro.pl\/data\/include\/cms\/Yeelight\/YLYD11YL\/4.jpg\" border=\"0\" alt=\"\" width=\"1100\" height=\"700\" \/><\/p>\n<p>\u0412\u00a0<\/p>\n<h3 style=\"text-align: center;\">Ekonomi\u0161kas<\/h3>\n<p>\u012eki\u0161amas jutiklis sunaudoja minimaliai energijos, nes sunaudoja ma\u017eiau nei 0,5 W, tod\u0117l jis patenka tarp vien\u0173 energij\u0105 taupan\u010di\u0173 naktini\u0173 lempu\u010di\u0173.<\/p>\n<p><img loading=\"lazy\" decoding=\"async\" src=\"https:\/\/b2b.innpro.pl\/data\/include\/cms\/Yeelight\/YLYD11YL\/1.jpg\" border=\"0\" alt=\"\" width=\"1100\" height=\"700\" \/><\/p>\n<p>\u0412\u00a0<\/p>\n<h3 style=\"text-align: center;\">Paprastas ir patogus naudojimas<\/h3>\n<p>\u012ekraunamas \u0161viestuvas yra universalus, nes j\u012f galite naudoti bet kuriame kambaryje, kuriame yra elektros lizdas.<\/p>\n<p><img loading=\"lazy\" decoding=\"async\" src=\"https:\/\/b2b.innpro.pl\/data\/include\/cms\/Yeelight\/YLYD11YL\/7.jpg\" border=\"0\" alt=\"\" width=\"1100\" height=\"700\" \/><\/p>\n<p>\u0412\u00a0<\/p>\n<h3>Pridedama<\/h3>\n<ul>\n<li>Naudojimo vadovas<\/li>\n<li>\u012emontuotas maitinimo \u0161altinis<\/li>\n<li>\u012emontuotas \u0161viesos jutiklis<\/li>\n<\/ul>\n<h3>Specifikacija:<\/h3>\n<div class=\"table-wrapper\">\n<table>\n<tbody>\n<tr>\n<th>Modelis<\/th>\n<td>YLYD11YL<\/td>\n<\/tr>\n<tr>\n<th>Spalva<\/th>\n<td>Balta<\/td>\n<\/tr>\n<tr>\n<th>Maitinimo \u0161altinis<\/th>\n<td>Lizdas<\/td>\n<\/tr>\n<tr>\n<th>Galia<\/th>\n<td>0,5 W<\/td>\n<\/tr>\n<tr>\n<th>Spalv\u0173 temperat\u016bra<\/th>\n<td>2700 K<\/td>\n<\/tr>\n<tr>\n<th>Jutikliai<\/th>\n<td>\u0160viesos jutiklis<\/td>\n<\/tr>\n<\/tbody>\n<\/table>\n<\/div>\n<style type=\"text\/css\"><!--\n.table-wrapper{width:100%;overflow-x:auto}.table-wrapper>table{border-spacing:0}.table-wrapper>table>tbody>tr>td,.table-wrapper>table>tbody>tr>th{padding:10px 35px;text-align:left}.table-wrapper>table>tbody>tr>th{vertical-align:top}.table-wrapper>table>tbody>tr:nth-child(even){background-color:#f7f7f7}\n--><\/style>\n","protected":false},"excerpt":{"rendered":"<p>\u201eYeelight\u201c prek\u0117s \u017eenklas yra \u201eXiaomi\u201c ekosistemos dalis. \u0412\u00a0 Prakti\u0161ka naktin\u0117 lemput\u0117 D\u0117l prakti\u0161kos \u201eYeelight\u201c naktin\u0117s lemput\u0117s su prieblandos jutikliu, nakt\u012f eidami \u012f vonios kambar\u012f, niekada nebeatsitrenksite \u012f bald\u0105. Lempa \u0161velniai ap\u0161vie\u010dia kambar\u012f, neakiai \u017evelgdama \u012f akis. Jis puikiai tiks miegamajam, prie\u0161kambariui ar vaiko kambariui. \u0412\u00a0 Automatinis re\u017eimas D\u0117l \u012fmontuoto \u0161viesos jutiklio lempa aptinka aplinkos \u0161vies\u0105, [&#8230;]\n","protected":false},"featured_media":26792,"comment_status":"open","ping_status":"closed","template":"","meta":[],"product_brand":[156],"product_cat":[1037],"product_tag":[],"class_list":{"0":"post-26791","1":"product","2":"type-product","3":"status-publish","4":"has-post-thumbnail","6":"product_brand-yeelight","7":"product_cat-desk-and-night-lamps","9":"first","10":"outofstock","11":"taxable","12":"shipping-taxable","13":"purchasable","14":"product-type-simple"},"aioseo_notices":[],"_links":{"self":[{"href":"https:\/\/asura.lv\/lt\/wp-json\/wp\/v2\/product\/26791","targetHints":{"allow":["GET"]}}],"collection":[{"href":"https:\/\/asura.lv\/lt\/wp-json\/wp\/v2\/product"}],"about":[{"href":"https:\/\/asura.lv\/lt\/wp-json\/wp\/v2\/types\/product"}],"replies":[{"embeddable":true,"href":"https:\/\/asura.lv\/lt\/wp-json\/wp\/v2\/comments?post=26791"}],"wp:featuredmedia":[{"embeddable":true,"href":"https:\/\/asura.lv\/lt\/wp-json\/wp\/v2\/media\/26792"}],"wp:attachment":[{"href":"https:\/\/asura.lv\/lt\/wp-json\/wp\/v2\/media?parent=26791"}],"wp:term":[{"taxonomy":"product_brand","embeddable":true,"href":"https:\/\/asura.lv\/lt\/wp-json\/wp\/v2\/product_brand?post=26791"},{"taxonomy":"product_cat","embeddable":true,"href":"https:\/\/asura.lv\/lt\/wp-json\/wp\/v2\/product_cat?post=26791"},{"taxonomy":"product_tag","embeddable":true,"href":"https:\/\/asura.lv\/lt\/wp-json\/wp\/v2\/product_tag?post=26791"}],"curies":[{"name":"wp","href":"https:\/\/api.w.org\/{rel}","templated":true}]}}