{"id":26875,"date":"2025-11-28T20:43:11","date_gmt":"2025-11-28T20:43:11","guid":{"rendered":"https:\/\/asura.lv\/product\/double-shoulder-harness-puluz-for-cameras-pu6002\/"},"modified":"2025-12-12T15:27:45","modified_gmt":"2025-12-12T13:27:45","slug":"double-shoulder-harness-puluz-for-cameras-pu6002","status":"publish","type":"product","link":"https:\/\/asura.lv\/lt\/produktas\/double-shoulder-harness-puluz-for-cameras-pu6002\/","title":{"rendered":"Dvigubas pe\u010di\u0173 dir\u017eas Puluz kameroms PU6002"},"content":{"rendered":"<p><img decoding=\"async\" src=\"https:\/\/b2b.innpro.eu\/data\/include\/cms\/Blazej-grafiki\/rozne\/1.png\"><\/p>\n<h3>Prakti\u0161ki \u012ftvarai fotografams<\/h3>\n<p>Pagaminti i\u0161 auk\u0161tos kokyb\u0117s nailono, fotografiniai \u012ftvarai yra itin patvar\u016bs. Jie leid\u017eia ne\u0161iotis du fotoaparatus vienu metu. Galite lengvai ir greitai nuimti fotoaparatus ir visada naudoti t\u0105, kurio jums kaip tik reikia. D\u0117l auk\u0161tos kokyb\u0117s putplas\u010dio naudojimo \u012ftvarai yra itin patog\u016bs ir prakti\u0161ki d\u0117v\u0117ti net daugel\u012f valand\u0173. Jie tolygiai paskirsto fotoaparato svor\u012f, neapkraudami stuburo.<\/p>\n<p><img decoding=\"async\" src=\"https:\/\/b2b.innpro.eu\/data\/include\/cms\/5przemek\/Puluz\/PU6002\/PU6002_6.jpg\"><\/p>\n<h3>Universal\u016bs<\/h3>\n<p>Jie leid\u017eia naudoti vien\u0105 i\u0161 dviej\u0173 fotoaparat\u0173, o kitas lieka laisvai vietoje. D\u0117l universalaus dir\u017eo naudojimo galite j\u012f naudoti su dauguma rinkoje esan\u010di\u0173 DSLR fotoaparat\u0173.<\/p>\n<p><img decoding=\"async\" src=\"https:\/\/b2b.innpro.eu\/data\/include\/cms\/5przemek\/Puluz\/PU6002\/PU6002_7.jpg\"><\/p>\n<h3>\u012e komplekt\u0105 \u012feina:<\/h3>\n<ul>\n<li>Dir\u017eas x1<\/li>\n<\/ul>\n<div class=\"table-wrapper\">\n<table>\n<tbody>\n<tr>\n<th>Modelis<\/th>\n<td>PU6002<\/td>\n<\/tr>\n<\/tbody>\n<\/table>\n<\/div>\n","protected":false},"excerpt":{"rendered":"<p>Prakti\u0161ki \u012ftvarai fotografams Pagaminti i\u0161 auk\u0161tos kokyb\u0117s nailono, fotografiniai \u012ftvarai yra itin patvar\u016bs. Jie leid\u017eia ne\u0161iotis du fotoaparatus vienu metu. Galite lengvai ir greitai nuimti fotoaparatus ir visada naudoti t\u0105, kurio jums kaip tik reikia. D\u0117l auk\u0161tos kokyb\u0117s putplas\u010dio naudojimo \u012ftvarai yra itin patog\u016bs ir prakti\u0161ki d\u0117v\u0117ti net daugel\u012f valand\u0173. Jie tolygiai paskirsto fotoaparato svor\u012f, [&#8230;]\n","protected":false},"featured_media":26876,"comment_status":"open","ping_status":"closed","template":"","meta":[],"product_brand":[149],"product_cat":[1046],"product_tag":[],"class_list":{"0":"post-26875","1":"product","2":"type-product","3":"status-publish","4":"has-post-thumbnail","6":"product_brand-puluz","7":"product_cat-straps-mounts-and-holders","9":"first","10":"outofstock","11":"taxable","12":"shipping-taxable","13":"purchasable","14":"product-type-simple"},"aioseo_notices":[],"_links":{"self":[{"href":"https:\/\/asura.lv\/lt\/wp-json\/wp\/v2\/product\/26875","targetHints":{"allow":["GET"]}}],"collection":[{"href":"https:\/\/asura.lv\/lt\/wp-json\/wp\/v2\/product"}],"about":[{"href":"https:\/\/asura.lv\/lt\/wp-json\/wp\/v2\/types\/product"}],"replies":[{"embeddable":true,"href":"https:\/\/asura.lv\/lt\/wp-json\/wp\/v2\/comments?post=26875"}],"wp:featuredmedia":[{"embeddable":true,"href":"https:\/\/asura.lv\/lt\/wp-json\/wp\/v2\/media\/26876"}],"wp:attachment":[{"href":"https:\/\/asura.lv\/lt\/wp-json\/wp\/v2\/media?parent=26875"}],"wp:term":[{"taxonomy":"product_brand","embeddable":true,"href":"https:\/\/asura.lv\/lt\/wp-json\/wp\/v2\/product_brand?post=26875"},{"taxonomy":"product_cat","embeddable":true,"href":"https:\/\/asura.lv\/lt\/wp-json\/wp\/v2\/product_cat?post=26875"},{"taxonomy":"product_tag","embeddable":true,"href":"https:\/\/asura.lv\/lt\/wp-json\/wp\/v2\/product_tag?post=26875"}],"curies":[{"name":"wp","href":"https:\/\/api.w.org\/{rel}","templated":true}]}}