{"id":26917,"date":"2025-11-29T00:15:03","date_gmt":"2025-11-29T00:15:03","guid":{"rendered":"https:\/\/asura.lv\/product\/rainpoint-wifi-2-zone-irrigation-controller-with-gateway\/"},"modified":"2025-12-12T16:00:16","modified_gmt":"2025-12-12T14:00:16","slug":"rainpoint-wifi-2-zone-irrigation-controller-with-gateway","status":"publish","type":"product","link":"https:\/\/asura.lv\/lt\/produktas\/rainpoint-wifi-2-zone-irrigation-controller-with-gateway\/","title":{"rendered":"\u201eRainPoint WiFi\u201c 2 zon\u0173 laistymo valdiklis su \u0161liuzu"},"content":{"rendered":"<h3>\u201eRainPoint WiFi\u201c 2 zon\u0173 laistymo valdiklis su \u0161liuzu.<\/h3>\n<p>Susipa\u017einkite su \u201eRainPoint\u201c laistymo valdikliu \u2013 i\u0161maniu sprendimu j\u016bs\u0173 sodui, kuris sujungia tiksl\u0173 dviej\u0173 zon\u0173 laistymo planavim\u0105 su patogiu nuotoliniu valdymu per program\u0117l\u0119 ir balso komandas. Rinkit\u0117s i\u0161 trij\u0173 laistymo re\u017eim\u0173 ir penki\u0173 da\u017enio lygi\u0173, kad pritaikytum\u0117te laistym\u0105 savo augal\u0173 poreikiams, o naudodami or\u0173 sinchronizavim\u0105 ir pridedam\u0105 dirvo\u017eemio jutikl\u012f u\u017etikrinsite optimali\u0105 dr\u0117gm\u0119 be vandens pertekliaus. Tvirtas, vandeniui atsparus IP65 korpusas ir galimyb\u0117 i\u0161pl\u0117sti j\u012f papildomais \u012frenginiais bei jutikliais paver\u010dia \u201eRainPoint\u201c ilgalaike investicija.<\/p>\n<p>\n<img decoding=\"async\" alt=\"\u017dalios spalvos \u201eRainPoint\u201c laistymo valdiklis, fone \u2013 balta tvora.\" border=\"0\" src=\"https:\/\/assets.innpro.pl\/17711\/23483\/1.jpg\"\/>\n<\/p>\n<h3>Dvi programuojamos zonos ir keli re\u017eimai<\/h3>\n<p>Valdiklis palaiko dvi nepriklausomas zonas, tod\u0117l galite pritaikyti grafik\u0105 ir laistymo re\u017eim\u0105 skirtingoms sodo dalims. Kiekviena zona leid\u017eia sukurti net 6 atskirus tvarkara\u0161\u010dius, apiman\u010dius tris re\u017eimus: \u012fprast\u0105, intervalin\u012f ir ciklin\u012f bei mirkymo. Be to, program\u0117l\u0117je gal\u0117site pasirinkti i\u0161 penki\u0173 laistymo da\u017eni\u0173, kad optimizuotum\u0117te vandens naudojim\u0105 ir i\u0161vengtum\u0117te perpildymo. Tai idealu, kai norite sudaryti optimalias s\u0105lygas augalams, turintiems skirtingus poreikius.<\/p>\n<p>\n<img decoding=\"async\" alt=\"\u201eRainPoint\u201c laistymo valdiklis su ant jo krentan\u010diais lietaus la\u0161ais.\" border=\"0\" src=\"https:\/\/assets.innpro.pl\/17711\/23483\/6.jpg\"\/>\n<\/p>\n<h3>Program\u0117l\u0117 ir patogus valdymas<\/h3>\n<p>Prisijunkite prie savo nam\u0173 2,4 GHz tinklo ir valdykite valdikl\u012f i\u0161 bet kurios vietos. \u201eRainPoint Home\u201c program\u0117l\u0117je galite kurti ir keisti tvarkara\u0161\u010dius, per\u017ei\u016br\u0117ti vandens suvartojimo istorij\u0105 (paskutines 30 dien\u0173 arba metus) ir gauti prane\u0161imus apie i\u0161sikrovus\u012f akumuliatori\u0173, vandens tr\u016bkum\u0105 ar vo\u017etuvo gedim\u0105. Be to, valdiklis automati\u0161kai sinchronizuojasi su vietiniais or\u0173 duomenimis. Program\u0117l\u0117je nustatykite orus (lietus, sniegas, debesuotumas), ir \u012frenginys pakoreguos laistymo grafik\u0105, atid\u0117damas arba pagreitindamas ciklus, atsi\u017evelgdamas \u012f oro s\u0105lygas. Taip pat galite \u012fjungti laistym\u0105 balso komandomis, nes suderinamumas su \u201eAmazon Alexa\u201c ir \u201eGoogle Assistant\u201c.<\/p>\n<p>\n<img decoding=\"async\" alt=\"I\u0161manusis telefonas prisijungia prie \u201eRainPoint\u201c laistymo valdiklio per \u201eWi-Fi\u201c.\u201c border=\"0\" src=\"https:\/\/assets.innpro.pl\/17711\/23483\/5.jpg\"\/>\n<\/p>\n<h3>Apgalvotas dizainas<\/h3>\n<p>Valdiklio korpusas yra visi\u0161kai atsparus dulk\u0117ms ir vandeniui (IP65), u\u017etikrinantis patikim\u0105 veikim\u0105 lyjant, kar\u0161tyje ar \u0161altyje. Pridedamas \u201eWi-Fi\u201c \u0161akotuvas gali palaikyti iki 4 valdikli\u0173, o kiekvienas valdiklis \u2013 po vien\u0105 dirvo\u017eemio jutikl\u012f kiekvienoje zonoje. Tai leid\u017eia lengvai i\u0161pl\u0117sti \u012frengim\u0105 didesniuose sklypuose ar soduose su skirtinga topografija.<\/p>\n<p>\n<img decoding=\"async\" alt=\"\u201eRainPoint\u201c laistymo valdiklis ir \u201eWi-Fi\u201c \u0161liuzas baltame fone.\" border=\"0\" src=\"https:\/\/assets.innpro.pl\/17711\/23483\/7.jpg\"\/>\n<\/p>\n<h3>Pridedama<\/h3>\n<ul class=\"list-disc pl-5\">\n<li>laistymo valdiklis<\/li>\n<li>\u201eWi-Fi\u201c \u0161akotuvas<\/li>\n<li>USB C tipo laidas<\/li>\n<li>naudotojo vadovas<\/li>\n<\/ul>\n<div class=\"table-wrapper\">\n<p>\u0412\u00a0<\/p>\n<h3>Laistymo valdiklis<\/h3>\n<table>\n<tbody>\n<tr>\n<th>Gamintojas<\/th>\n<td>\u201eRainPoint\u201c<\/td>\n<\/tr>\n<tr>\n<th>Modelis<\/th>\n<td>HTV245FRF+HWG023WBRF<\/td>\n<\/tr>\n<tr>\n<th>Belaidis atstumas tarp \u0161akotuvo ir valdiklio<\/th>\n<td>250 metr\u0173 (atviroje vietoje erdv\u0117)<\/td>\n<\/tr>\n<tr>\n<th>Vandens sl\u0117gis<\/th>\n<td>0,5\u20138 barai<\/td>\n<\/tr>\n<tr>\n<th>Vandens srautas<\/th>\n<td>5\u201335 l\/minut\u0119<\/td>\n<\/tr>\n<tr>\n<th>Darbin\u0117 temperat\u016bra<\/th>\n<td>3\u201350 \u00b0C<\/td>\n<\/tr>\n<tr>\n<th>Maitinimo \u0161altinis<\/th>\n<td>4 AA baterijos (nepridedamos)<\/td>\n<\/tr>\n<tr>\n<th>Atsparumas vandeniui<\/th>\n<td>IP65<\/td>\n<\/tr>\n<tr>\n<th>Vandens \u012fleidimo anga<\/th>\n<td>NH (JAV) 3\/4 colio sriegiams, BSP (ES) 3\/4 colio arba 1 colio sriegiams<\/td>\n<\/tr>\n<tr>\n<th>Vandens i\u0161leidimo anga<\/th>\n<td>Standartin\u0117s 3\/4 colio sodo \u017earnos<\/td>\n<\/tr>\n<tr><\/tr>\n<\/tbody>\n<\/table>\n<p>\u0412\u00a0<\/p>\n<h3>\u201eWi-Fi\u201c \u0161akotuvas<\/h3>\n<table>\n<tbody>\n<tr>\n<th>Belaidis atstumas tarp \u0161akotuvo ir mar\u0161rutizatoriaus<\/th>\n<td>220 m<\/td>\n<\/tr>\n<tr>\n<th>Maitinimo \u0161altinis<\/th>\n<td>C tipo maitinimo \u0161altinis su ki\u0161tuku<\/td>\n<\/tr>\n<tr>\n<th>Darbin\u0117 temperat\u016bra<\/th>\n<td>3\u201340 \u00b0C<\/td>\n<\/tr>\n<tr>\n<th>\u201eWi-Fi\u201c da\u017enis<\/th>\n<td>2,4 GHz<\/td>\n<\/tr>\n<\/tbody>\n<\/table>\n<\/div>\n","protected":false},"excerpt":{"rendered":"<p>\u201eRainPoint WiFi\u201c 2 zon\u0173 laistymo valdiklis su \u0161liuzu. Susipa\u017einkite su \u201eRainPoint\u201c laistymo valdikliu \u2013 i\u0161maniu sprendimu j\u016bs\u0173 sodui, kuris sujungia tiksl\u0173 dviej\u0173 zon\u0173 laistymo planavim\u0105 su patogiu nuotoliniu valdymu per program\u0117l\u0119 ir balso komandas. Rinkit\u0117s i\u0161 trij\u0173 laistymo re\u017eim\u0173 ir penki\u0173 da\u017enio lygi\u0173, kad pritaikytum\u0117te laistym\u0105 savo augal\u0173 poreikiams, o naudodami or\u0173 sinchronizavim\u0105 ir pridedam\u0105 [&#8230;]\n","protected":false},"featured_media":26918,"comment_status":"open","ping_status":"closed","template":"","meta":[],"product_brand":[781],"product_cat":[1088],"product_tag":[],"class_list":{"0":"post-26917","1":"product","2":"type-product","3":"status-publish","4":"has-post-thumbnail","6":"product_brand-rainpoint","7":"product_cat-irrigation-systems","9":"first","10":"outofstock","11":"taxable","12":"shipping-taxable","13":"purchasable","14":"product-type-simple"},"aioseo_notices":[],"_links":{"self":[{"href":"https:\/\/asura.lv\/lt\/wp-json\/wp\/v2\/product\/26917","targetHints":{"allow":["GET"]}}],"collection":[{"href":"https:\/\/asura.lv\/lt\/wp-json\/wp\/v2\/product"}],"about":[{"href":"https:\/\/asura.lv\/lt\/wp-json\/wp\/v2\/types\/product"}],"replies":[{"embeddable":true,"href":"https:\/\/asura.lv\/lt\/wp-json\/wp\/v2\/comments?post=26917"}],"wp:featuredmedia":[{"embeddable":true,"href":"https:\/\/asura.lv\/lt\/wp-json\/wp\/v2\/media\/26918"}],"wp:attachment":[{"href":"https:\/\/asura.lv\/lt\/wp-json\/wp\/v2\/media?parent=26917"}],"wp:term":[{"taxonomy":"product_brand","embeddable":true,"href":"https:\/\/asura.lv\/lt\/wp-json\/wp\/v2\/product_brand?post=26917"},{"taxonomy":"product_cat","embeddable":true,"href":"https:\/\/asura.lv\/lt\/wp-json\/wp\/v2\/product_cat?post=26917"},{"taxonomy":"product_tag","embeddable":true,"href":"https:\/\/asura.lv\/lt\/wp-json\/wp\/v2\/product_tag?post=26917"}],"curies":[{"name":"wp","href":"https:\/\/api.w.org\/{rel}","templated":true}]}}