{"id":26947,"date":"2025-11-29T00:15:00","date_gmt":"2025-11-29T00:15:00","guid":{"rendered":"https:\/\/asura.lv\/product\/automatic-hose-timer-rainpoint-itv152\/"},"modified":"2025-12-12T16:00:13","modified_gmt":"2025-12-12T14:00:13","slug":"automatic-hose-timer-rainpoint-itv152","status":"publish","type":"product","link":"https:\/\/asura.lv\/lt\/produktas\/automatic-hose-timer-rainpoint-itv152\/","title":{"rendered":"Automatinis \u017earnos laikmatis Rainpoint ITV152"},"content":{"rendered":"<h3>Automatinis \u017earnos laikmatis \u201eRainpoint ITV152\u201c<\/h3>\n<p>\u201eRainPoint ITV152\u201c dr\u0117kinimo programuotojas leid\u017eia tiksliai valdyti sodo laistym\u0105. Dviem intuityviais ratukais galite nustatyti laistymo da\u017enum\u0105 ir trukm\u0119. Didel\u0117 ir tvirta vandens \u012fleidimo anga u\u017etikrina tvirt\u0105 sl\u0117g\u012f ir suma\u017eina nuot\u0117kio rizik\u0105, o rankinio paleidimo ir pristabdymo funkcija leid\u017eia greitai laistyti ne pagal grafik\u0105. Suderinamumas su dauguma sodo vo\u017etuv\u0173, platus darbini\u0173 sl\u0117gi\u0173 diapazonas ir atsparumas oro s\u0105lygoms daro \u012frengin\u012f tinkam\u0105 tiek pradedantiesiems, tiek pa\u017eengusiems vartotojams.<\/p>\n<p>\n<img decoding=\"async\" alt=\"Programator nawadniania pod\u0155\u201a\u0414\u2026czony do kranu ogrodowego z dwoma pokr\u0119t\u0155 i dwoma w\u0159ejami, w tle grz\u0159edka warzywna\" border=\"0\" src=\"https:\/\/assets.innpro.pl\/17644\/23396\/2.jpg\"\/>\n<\/p>\n<h3>Paprastas laistymo laiko nustatymas<\/h3>\n<p>Naudodami atitinkam\u0105 ratuk\u0105, galite pasirinkti laistymo ciklo trukm\u0119 \u2013 nuo \u200b\u200b1 iki 120 minu\u010di\u0173. Tai leid\u017eia lengvai reguliuoti laistymo trukm\u0119 pagal augal\u0173 tip\u0105 ir esamas oro s\u0105lygas, taupant vanden\u012f ir i\u0161vengiant perlaistymo.<\/p>\n<p>\n<img decoding=\"async\" alt=\"R\u016bkymo programa rodo laistymo laik\u0105 ir padeda i\u0161vengti perlaistymo\" border=\"0\" src=\"https:\/\/assets.innpro.pl\/17644\/23396\/3.jpg\"\/>\n<\/p>\n<h3>Laisvas ciklo planavimas<\/h3>\n<p>Specialus ratukas leid\u017eia suplanuoti laistymo da\u017enum\u0105 kas 1, 2, 3, 4, 6, 8, 12, 24, 48 arba 72 valandas, taip pat kart\u0105 per savait\u0119. Toks platus nustatym\u0173 pasirinkimas leid\u017eia lanks\u010diai patenkinti sodo poreikius \u2013 nuo \u200b\u200bkasdienio dar\u017eovi\u0173 laistymo iki reto dekoratyvini\u0173 augal\u0173 laistymo.<\/p>\n<p>\n<img alt=\"\u017dinote, kaip programuotojas pradeda laistyti rankiniu b\u016bdu, neatsi\u017evelgiant \u012f u\u017eprogramuot\u0105 grafik\u0105\". Tai prakti\u0161kas sprendimas, pavyzd\u017eiui, persodinant augalus arba prireikus laistyti nekei\u010diant nustatym\u0173.<\/p>\n<p>\n<img decoding=\"async\" alt=\"Programatoriaus paleidimo \u012frenginys, skirtas naudoti su nedideliu kiekiu vandens, su kar\u0161\u010diu\" border=\"0\" src=\"https:\/\/assets.innpro.pl\/17644\/23396\/4.jpg\"\/>\n<\/p>\n<h3>Lengvas valdymas ir montavimas<\/h3>\n<p>\u012erenginys maitinamas dviem AAA baterijomis (nepridedamos) ir turi IP55 (tarptautin\u012f apsaugos \u012fvertinim\u0105 \u2013 apsaugos nuo dulki\u0173 ir vandens srov\u0117s laipsn\u012f) atsparumo vandeniui \u012fvertinim\u0105. Montavimui nereikia joki\u0173 \u012franki\u0173 \u2013 tiesiog ranka priver\u017ekite programuotoj\u0105 prie sodo \u010diaupo. Ai\u0161k\u016bs \u017eym\u0117jimai ir indikatoriaus lemput\u0117s pateikia informacij\u0105 apie aktyvum\u0105, akumuliatoriaus b\u016bsen\u0105 ir veikimo re\u017eim\u0105.<\/p>\n<p>\n<img decoding=\"async\" alt=\"Programatorius rodo vandens nuleidimo mygtuk\u0105, kad pamatytum\u0117te, kaip veikia kranas su sriegiais\" border=\"0\" src=\"https:\/\/assets.innpro.pl\/17644\/23396\/5.jpg\"\/>\n<\/p>\n<h3>Suderinamumas ir ilgaam\u017ei\u0161kumas<\/h3>\n<p>Programatorius tinka \u010diaupams su BSP (British Standard Pipe &#8211; vamzd\u017ei\u0173 sriegi\u0173 standartas) 3\/4 colio arba 1 colio sriegiais ir 3\/4 colio sodo \u017earnoms. Jis palaiko darbin\u012f sl\u0117g\u012f nuo 0,5 iki 8 bar\u0173, o darbin\u0117 temperat\u016bra gali b\u016bti nuo 3 \u00b0C iki 50 \u00b0C, tod\u0117l \u012fprastomis s\u0105lygomis j\u012f galima naudoti be problem\u0173.<\/p>\n<p>\n<img decoding=\"async\" alt=\"Programatoriaus valdymo skydelis\" nawadniania z dwoma pokr\u0414\u2122t\u0415\u201aami\" border=\"0\" src=\"https:\/\/assets.innpro.pl\/17644\/23396\/6.jpg\"\/>\n<\/p>\n<h3>\u012etraukta:<\/h3>\n<ul class=\"list-disc pl-5\">\n<li>Laistymo programuotojas<\/li>\n<li>Sandarinimo juosta<\/li>\n<li>Atsargin\u0117 gumin\u0117 tarpin\u0117<\/li>\n<li>Naudojimo instrukcijos<\/li>\n<\/ul>\n<div class=\"table-wrapper\">\n<p>B\u00a0<\/p>\n<h3><\/h3>\n<table>\n<tbody>\n<tr>\n<th>Gamintojas<\/th>\n<td>Rainpoint<\/td>\n<\/tr>\n<tr>\n<th>Modelis<\/th>\n<td>ITV152<\/td>\n<\/tr>\n<tr>\n<th>Vandens \u012fleidimo anga<\/th>\n<td>BSP 3\/4&#8243; arba 1&#8243; \u010diaupas<\/td>\n<\/tr>\n<tr>\n<th>Vandens i\u0161leidimo anga<\/th>\n<td>3\/4 colio sodo \u017earnai<\/td>\n<\/tr>\n<tr>\n<th>Darbin\u0117s temperat\u016bros diapazonas<\/th>\n<td>3\u201350 \u00b0C<\/td>\n<\/tr>\n<tr>\n<th>Darbinis sl\u0117gis<\/th>\n<td>7,25\u2013116 PSI<\/td>\n<\/tr>\n<tr>\n<th>Laistymo da\u017enis<\/th>\n<td>VIENAS\/I\u0160JUNGTAS \u2013 1 val. \u2013 2 val. \u2013 3 val. \u2013 4 val. \u2013 6 val. \u2013 8 val. \u2013 12 val. \u2013 24 val. \u2013 48 val. \u2013 72 val. \u2013 viena savait\u0117<\/td>\n<\/tr>\n<tr>\n<th>Laistymo trukm\u0117<\/th>\n<td>I\u0160JUNGTAS \u2013 1 min. \u2013 3 min. \u2013 5 min. \u2013 10 min. \u2013 15 min. \u2013 20 min. \u2013 30 min. \u2013 45 min. \u2013 60 min. \u2013 90 min. \u2013 120 min.<\/td>\n<\/tr>\n<tr>\n<th>Maitinimo \u0161altinis<\/th>\n<td>2\u0413 \u2014 AAA baterijos (nepridedamos)<\/td>\n<\/tr>\n<tr>\n<th>Atsparumo vandeniui klas\u0117<\/th>\n<td>IP55<\/td>\n<\/tr>\n<\/tbody>\n<\/table>\n<\/div>\n","protected":false},"excerpt":{"rendered":"<p>Automatinis \u017earnos laikmatis \u201eRainpoint ITV152\u201c \u201eRainPoint ITV152\u201c dr\u0117kinimo programuotojas leid\u017eia tiksliai valdyti sodo laistym\u0105. Dviem intuityviais ratukais galite nustatyti laistymo da\u017enum\u0105 ir trukm\u0119. Didel\u0117 ir tvirta vandens \u012fleidimo anga u\u017etikrina tvirt\u0105 sl\u0117g\u012f ir suma\u017eina nuot\u0117kio rizik\u0105, o rankinio paleidimo ir pristabdymo funkcija leid\u017eia greitai laistyti ne pagal grafik\u0105. Suderinamumas su dauguma sodo vo\u017etuv\u0173, platus darbini\u0173 [&#8230;]\n","protected":false},"featured_media":26948,"comment_status":"open","ping_status":"closed","template":"","meta":[],"product_brand":[781],"product_cat":[1088],"product_tag":[],"class_list":{"0":"post-26947","1":"product","2":"type-product","3":"status-publish","4":"has-post-thumbnail","6":"product_brand-rainpoint","7":"product_cat-irrigation-systems","9":"first","10":"outofstock","11":"taxable","12":"shipping-taxable","13":"purchasable","14":"product-type-simple"},"aioseo_notices":[],"_links":{"self":[{"href":"https:\/\/asura.lv\/lt\/wp-json\/wp\/v2\/product\/26947","targetHints":{"allow":["GET"]}}],"collection":[{"href":"https:\/\/asura.lv\/lt\/wp-json\/wp\/v2\/product"}],"about":[{"href":"https:\/\/asura.lv\/lt\/wp-json\/wp\/v2\/types\/product"}],"replies":[{"embeddable":true,"href":"https:\/\/asura.lv\/lt\/wp-json\/wp\/v2\/comments?post=26947"}],"wp:featuredmedia":[{"embeddable":true,"href":"https:\/\/asura.lv\/lt\/wp-json\/wp\/v2\/media\/26948"}],"wp:attachment":[{"href":"https:\/\/asura.lv\/lt\/wp-json\/wp\/v2\/media?parent=26947"}],"wp:term":[{"taxonomy":"product_brand","embeddable":true,"href":"https:\/\/asura.lv\/lt\/wp-json\/wp\/v2\/product_brand?post=26947"},{"taxonomy":"product_cat","embeddable":true,"href":"https:\/\/asura.lv\/lt\/wp-json\/wp\/v2\/product_cat?post=26947"},{"taxonomy":"product_tag","embeddable":true,"href":"https:\/\/asura.lv\/lt\/wp-json\/wp\/v2\/product_tag?post=26947"}],"curies":[{"name":"wp","href":"https:\/\/api.w.org\/{rel}","templated":true}]}}