{"id":26953,"date":"2025-11-29T00:15:00","date_gmt":"2025-11-29T00:15:00","guid":{"rendered":"https:\/\/asura.lv\/product\/1-zone-hose-timer-rainpoint-itv105\/"},"modified":"2025-12-12T16:00:14","modified_gmt":"2025-12-12T14:00:14","slug":"1-zone-hose-timer-rainpoint-itv105","status":"publish","type":"product","link":"https:\/\/asura.lv\/lt\/produktas\/1-zone-hose-timer-rainpoint-itv105\/","title":{"rendered":"1 zonos \u017earnos laikmatis \u201eRainpoint ITV105\u201c"},"content":{"rendered":"<h3>1 zonos \u017earnos laikmatis \u201eRainpoint ITV105\u201c<\/h3>\n<p>\u201eRainPoint ITV105\u201c 1 zonos laistymo valdiklis leid\u017eia tiksliai valdyti sodo laistym\u0105. Didelis LCD (skyst\u0173j\u0173 kristal\u0173) ekranas leid\u017eia lengvai nustatyti nustatymus, o ratukas ir mygtukai leid\u017eia greitai nustatyti laistymo prad\u017eios laik\u0105, trukm\u0119 ir da\u017enum\u0105. Galima rinktis i\u0161 \u012fvairi\u0173 ciklini\u0173 re\u017eim\u0173. Galima rankiniu b\u016bdu prad\u0117ti laistyti nekei\u010diant grafiko. \u012emontuotas metalinis filtras, sustiprintas korpusas ir IP65 (tarptautinis apsaugos \u012fvertinimas \u2013 apsaugos nuo dulki\u0173 ir vandens srov\u0117s laipsnis) atsparumas vandeniui u\u017etikrina ilgaam\u017ei\u0161kum\u0105 ir atsparum\u0105 oro s\u0105lygoms.<\/p>\n<p>\n<img decoding=\"async\" alt=\"Sterownik nawadniania zamontowany na kranie obok tryskaj\u0414\u2026cego zraszacza ogrodowego\" border=\"0\" src=\"https:\/\/assets.innpro.pl\/17647\/23398\/1.jpg\"\/>\n<\/p>\n<h3>Lankst\u016bs grafikai<\/h3>\n<p>\u012erenginys leid\u017eia nustatyti laistym\u0105 kas 1\u201312 valand\u0173 arba kas 1\u20137 dienas. Tai leid\u017eia reguliuoti ciklus tiek augalams, kuriuos reikia da\u017enai laistyti, tiek tiems, kurie yra atsparesni sausrai, tuo pa\u010diu suma\u017einant vandens suvartojim\u0105.<\/p>\n<p>\n<img decoding=\"async\" alt=\"Sterownik nawadniania podczas deszczu w ogrodzie.\" border=\"0\" src=\"https:\/\/assets.innpro.pl\/17647\/23398\/7.jpg\"\/>\n<\/p>\n<h3>Reguliuojama laistymo trukm\u0117<\/h3>\n<p>Laistymo trukm\u0119 galima nustatyti nuo 1 minut\u0117s iki 3 valand\u0173 ir 59 minu\u010di\u0173. \u0160is sprendimas leid\u017eia kontroliuoti \u012f sod\u0105 tiekiamo vandens kiek\u012f, padeda i\u0161vengti perlaistymo ir dirvo\u017eemio persotinimo.<\/p>\n<p>\n<img decoding=\"async\" alt=\"Rankinio laistymo funkcijos, skirtos nedideliems metalo konstrukcij\u0173 konstrukcijoms sode, ap\u017evalga\" border=\"0\" src=\"https:\/\/assets.innpro.pl\/17647\/23398\/4.jpg\"\/>\n<\/p>\n<h3>Praktiniai sprendimai<\/h3>\n<p>Rankinio laistymo funkcija netrukdo nustatytam grafikui, o tai naudinga laikiniems vandens poreikiams. Taip pat yra galimyb\u0117 atid\u0117ti laistym\u0105 lietaus atveju \u2013 24, 48 arba 72 valandoms. Tai pad\u0117s i\u0161vengti augal\u0173 perlaistymo.<\/p>\n<p>\n<img decoding=\"async\" alt=\"Atidaromo laistymo mechanizmo, skirto lietaus atveju, v\u0117tinimo mechanizmo veikimui atid\u0117ti.\" border=\"0\" src=\"https:\/\/assets.innpro.pl\/17647\/23398\/6.jpg\"\/>\n<\/p>\n<h3>Lengvai skaitomas ekranas<\/h3>\n<p>Dideliame, ap\u0161vie\u010diamame LCD ekrane rodomi dabartiniai nustatymai, tod\u0117l programuoti lengva net ir esant prastam ap\u0161vietimui. Valdymas atliekamas intuityviu ratuku ir mygtukais.<\/p>\n<p>\n<img decoding=\"async\" alt=\"Zbli\u0415\u0458enie na sterownik nawadniania z wy\u0415\u203awietlaczem\" border=\"0\" src=\"https:\/\/assets.innpro.pl\/17647\/23398\/2.jpg\"\/>\n<\/p>\n<h3>Didelis patvarumas ir sandarumas<\/h3>\n<p>Valdiklyje yra \u012fmontuotas metalinis filtras, sandari tarpin\u0117 ir sustiprinti konstrukciniai komponentai. \u012erenginys atlaiko iki 8 bar\u0173 sl\u0117g\u012f ir yra atsparus vandeniui pagal IP65 standart\u0105, tod\u0117l j\u012f galima saugiai naudoti \u012fprastomis sodo s\u0105lygomis.<\/p>\n<p>\n<img decoding=\"async\" alt=\"Sterownik nawadniania na \u0415\u203acianie obok doniczki z ro\u0415\u203alinami\" border=\"0\" src=\"https:\/\/assets.innpro.pl\/17647\/23398\/5.jpg\"\/>\n<\/p>\n<h3>\u012e komplekt\u0105 \u012feina:<\/h3>\n<ul class=\"list-disc pl-5\">\n<li>1 zonos laistymo valdiklis<\/li>\n<li>Sandarinimo juosta<\/li>\n<li>Tarpiklis<\/li>\n<li>Greitas paleidimas<\/li>\n<li>Naudojimo vadovas<\/li>\n<\/ul>\n<div class=\"table-wrapper\">\n<p>\u0412\u00a0<\/p>\n<h3><\/h3>\n<table>\n<tbody>\n<tr>\n<th>Gamintojas<\/th>\n<td>RainPoint<\/td>\n<\/tr>\n<tr>\n<th>Modelis<\/th>\n<td>ITV105<\/td>\n<\/tr>\n<tr>\n<th>Darbinis sl\u0117gis<\/th>\n<td>0,5\u20138 barai<\/td>\n<\/tr>\n<tr>\n<th>Maksimalus srautas<\/th>\n<td>35 l\/min<\/td>\n<\/tr>\n<tr>\n<th>Atsparumo vandeniui klas\u0117<\/th>\n<td>IP65<\/td>\n<\/tr>\n<tr>\n<th>Darbin\u0117s temperat\u016bros diapazonas<\/th>\n<td>3\u201350 \u00b0C<\/td>\n<\/tr>\n<tr>\n<th>Laistymo da\u017enis<\/th>\n<td>Kas 1\u201312 valand\u0173 arba kas 1\u20137 dienas<\/td>\n<\/tr>\n<tr>\n<th>Laistymo trukm\u0117<\/th>\n<td>Nuo 1 minut\u0117s iki 3 valandos 59 minut\u0117s<\/td>\n<\/tr>\n<tr>\n<th>Vandens \u012fleidimo anga<\/th>\n<td>BSP (brit\u0173 standartinis vamzd\u017ei\u0173 sriegis) 3\/4 colio arba 1 colio mai\u0161ytuvui<\/td>\n<\/tr>\n<tr>\n<th>Vandens i\u0161leidimo anga<\/th>\n<td>3\/4 colio sodo \u017earnai<\/td>\n<\/tr>\n<tr>\n<th>Maitinimo \u0161altinis<\/th>\n<td>2\u0413 \u2014 AA baterijos (1,5 V, nepridedamos)<\/td>\n<\/tr>\n<\/tbody>\n<\/table>\n<\/div>\n","protected":false},"excerpt":{"rendered":"<p>1 zonos \u017earnos laikmatis \u201eRainpoint ITV105\u201c \u201eRainPoint ITV105\u201c 1 zonos laistymo valdiklis leid\u017eia tiksliai valdyti sodo laistym\u0105. Didelis LCD (skyst\u0173j\u0173 kristal\u0173) ekranas leid\u017eia lengvai nustatyti nustatymus, o ratukas ir mygtukai leid\u017eia greitai nustatyti laistymo prad\u017eios laik\u0105, trukm\u0119 ir da\u017enum\u0105. Galima rinktis i\u0161 \u012fvairi\u0173 ciklini\u0173 re\u017eim\u0173. Galima rankiniu b\u016bdu prad\u0117ti laistyti nekei\u010diant grafiko. \u012emontuotas metalinis filtras, [&#8230;]\n","protected":false},"featured_media":26954,"comment_status":"open","ping_status":"closed","template":"","meta":[],"product_brand":[781],"product_cat":[1088],"product_tag":[],"class_list":{"0":"post-26953","1":"product","2":"type-product","3":"status-publish","4":"has-post-thumbnail","6":"product_brand-rainpoint","7":"product_cat-irrigation-systems","9":"first","10":"outofstock","11":"taxable","12":"shipping-taxable","13":"purchasable","14":"product-type-simple"},"aioseo_notices":[],"_links":{"self":[{"href":"https:\/\/asura.lv\/lt\/wp-json\/wp\/v2\/product\/26953","targetHints":{"allow":["GET"]}}],"collection":[{"href":"https:\/\/asura.lv\/lt\/wp-json\/wp\/v2\/product"}],"about":[{"href":"https:\/\/asura.lv\/lt\/wp-json\/wp\/v2\/types\/product"}],"replies":[{"embeddable":true,"href":"https:\/\/asura.lv\/lt\/wp-json\/wp\/v2\/comments?post=26953"}],"wp:featuredmedia":[{"embeddable":true,"href":"https:\/\/asura.lv\/lt\/wp-json\/wp\/v2\/media\/26954"}],"wp:attachment":[{"href":"https:\/\/asura.lv\/lt\/wp-json\/wp\/v2\/media?parent=26953"}],"wp:term":[{"taxonomy":"product_brand","embeddable":true,"href":"https:\/\/asura.lv\/lt\/wp-json\/wp\/v2\/product_brand?post=26953"},{"taxonomy":"product_cat","embeddable":true,"href":"https:\/\/asura.lv\/lt\/wp-json\/wp\/v2\/product_cat?post=26953"},{"taxonomy":"product_tag","embeddable":true,"href":"https:\/\/asura.lv\/lt\/wp-json\/wp\/v2\/product_tag?post=26953"}],"curies":[{"name":"wp","href":"https:\/\/api.w.org\/{rel}","templated":true}]}}