{"id":26989,"date":"2025-11-29T00:14:56","date_gmt":"2025-11-29T00:14:56","guid":{"rendered":"https:\/\/asura.lv\/product\/portable-foldable-solar-panel-ecoflow-45w-usb-c\/"},"modified":"2025-12-12T16:00:10","modified_gmt":"2025-12-12T14:00:10","slug":"portable-foldable-solar-panel-ecoflow-45w-usb-c","status":"publish","type":"product","link":"https:\/\/asura.lv\/lt\/produktas\/portable-foldable-solar-panel-ecoflow-45w-usb-c\/","title":{"rendered":"Ne\u0161iojama sulankstoma saul\u0117s baterija \u201eEcoFlow 45W\u201c (USB-C)"},"content":{"rendered":"<h3>Ne\u0161iojama sulankstoma saul\u0117s baterija \u201eEcoFlow 45W\u201c (USB-C)<\/h3>\n<p>\u201eEcoFlow 45W\u201c sulankstoma fotovoltin\u0117 baterija su USB-C (universali nuoseklioji C tipo magistral\u0117 \u2013 universali jungtis \u012fkrovimui ir duomen\u0173 perdavimui) leid\u017eia greitai \u012fkrauti \u201eEcoFlow RIVER 3\u201c ir \u201eRIVER 2\u201c serij\u0173 elektroninius \u012frenginius ir maitinimo stotis. Ji pasiekia iki 25 % efektyvum\u0105 ir sulankstyta yra pana\u0161i \u012f ne\u0161iojamojo kompiuterio dyd\u012f. Atitiktis IP68 rei\u0161kia visi\u0161k\u0105 atsparum\u0105 dulk\u0117ms ir vandeniui.<\/p>\n<p>\n<img decoding=\"async\" alt=\"M\u0414\u2122\u0415\u0458czyzna siedzi na krze\u0415\u203ale turystycznym na \u0415\u201a\u0414\u2026ce obok roz\u0415\u201ao\u0415\u0458onego panelu s\u0415\u201aonecznego i przeno\u0415\u203anej staczyni zasilania\" ustakr 0\" src=\"https:\/\/assets.innpro.pl\/17571\/23284\/6.jpg\"\/>\n<\/p>\n<h3>Tiesioginis \u012frenginio \u012fkrovimas<\/h3>\n<p>Per USB-C prievad\u0105 galima tiesiogiai prijungti telefonus, maitinimo blokus, ne\u0161iojamuosius kompiuterius ar oro siurblius, nereikia elektrin\u0117s. Skydelis \u012fkrauna \u012frenginius nuo 0 iki 80 % per tok\u012f laik\u0105: i\u0161man\u0173j\u012f telefon\u0105 (4500 mAh) \u2013 ma\u017edaug per 2,4 valandos, fotoaparat\u0105 (1120 mAh) \u2013 per 18 minu\u010di\u0173, o ne\u0161iojam\u0105j\u012f kompiuter\u012f (4380 mAh) \u2013 per 1,2 valandos, u\u017etikrindamas patog\u0173 naudojim\u0105 bet kokioje situacijoje.<\/p>\n<p>\n<img alt=\"M\u0117gaukit\u0117s trumpesniu \u012fkrovimo laiku ir didesne nepriklausomybe nuo tradicini\u0173 energijos \u0161altini\u0173. D\u0117l TOPCon (tunelinio oksido pasyvuot\u0173 kontaktini\u0173 fotovoltini\u0173 element\u0173 \u2013 technologijos, kuri padidina elemento efektyvum\u0105 d\u0117l geresnio energijos srauto ir ma\u017eesni\u0173 nuostoli\u0173), skydelis pasiekia iki 25 % efektyvum\u0105. D\u0117l to \u201eEcoFlow RIVER 3\u201c stotel\u0117 gali b\u016bti \u012fkrauta tik per 6,3 valandos (esant visi\u0161kam saul\u0117s spinduliui).<\/p>\n<p>\n<img decoding=\"async\" alt=\"Czarny panel s\u0415\u201aoneczny roz\u0415\u201ao\u0418ony na trawie z widocznym ogrodzenie w tle\" border=\"0\" src=\"https:\/\/assets.innpro.pl\/17571\/23284\/5.jpg\"\/>\n<\/p>\n<h3>Lengvas ir kompakti\u0161kas<\/h3>\n<p>Keturi\u0173 segment\u0173 konstrukcija leid\u017eia lengvai sulankstyti ir transportuoti. Sulankstyta skydelis yra ne\u0161iojamojo kompiuterio dyd\u017eio, tod\u0117l j\u012f galima patogiai laikyti kuprin\u0117je, visureigio baga\u017ein\u0117je ar kemperio stal\u010diuje. Produktas sveria tik 1,4 kg, tod\u0117l keliaujant jis n\u0117ra na\u0161ta.<\/p>\n<p>\n<img decoding=\"async\" alt=\"M\u0414\u2122\u0415\u0458czyzna wyjmuje z plecaka z\u0415\u201ao\u0415\u0458ony w etui panel s\u0415\u201aoneczny\" border=\"0\" src=\"https:\/\/assets.innpro.pl\/17571\/23284\/4.jpg\"\/>\n<\/p>\n<h3>Patvarumas at\u0161iauriomis s\u0105lygomis<\/h3>\n<p>Skydelio korpusas pagamintas i\u0161 ETFE (etileno tetrafluoretileno \u2013 patvarios fluoropolimero pl\u0117vel\u0117s, atsparios UV spinduliams ir oro s\u0105lygoms) ir stiklo pluo\u0161to PCB (spausdintin\u0117s plok\u0161t\u0117s \u2013 laminuotos plok\u0161t\u0117s su laid\u017eiu sluoksniu, naudojamos elektronikoje stabiliam komponent\u0173 surinkimui) sluoksni\u0173, kurie garantuoja atsparum\u0105 sm\u016bgiams, v\u0117jui ir s\u0105ly\u010diui su vandeniu. IP68 sertifikatas rei\u0161kia visi\u0161k\u0105 apsaug\u0105 nuo dulki\u0173 ir atsparum\u0105 panardinant \u012f vanden\u012f, tod\u0117l skydelis yra patikimas palydovas ekspedicijose.<\/p>\n<p>\n<img decoding=\"async\" alt=\"Zbli\u0415\u0458enie na panel fotovoltaiczny z widocznymi kroplami wody na jego powierzchni\" border=\"0\" src=\"https:\/\/assets.innpro.pl\/17571\/23284\/3.jpg\"\/>\n<\/p>\n<h3>Pakabinimo galimyb\u0117<\/h3>\n<p>Skydel\u012f galima ne tik i\u0161skleisti ant \u017eem\u0117s, bet ir pakabinti ant automobilio, palapin\u0117s ar kuprin\u0117s, naudojant 4 \u012fmontuotas tvirtinimo angas ir pridedamus kabliukus. \u012ekraunant judant, galite maksimaliai i\u0161naudoti savo laik\u0105 ir prieig\u0105 prie saul\u0117s.<\/p>\n<p>\n<img decoding=\"async\" alt=\"Samoch\u0413\u0456d terenowy z namiotem dachowym ma roz\u0415\u201ao\u0415\u0458ony panel s\u0415\u201aoneczny zawieszony na boku pojazdu\" border=\"0\" src=\"https:\/\/assets.innpro.pl\/17571\/23284\/2.jpg\"\/>\n<\/p>\n<h3>Optimizuotas na\u0161umas<\/h3>\n<p>TOPCon elementai pasi\u017eymi ma\u017eesniais energijos nuostoliais auk\u0161toje temperat\u016broje (iki 16,7 % ma\u017eesni nei standartini\u0173 plok\u0161\u010di\u0173), ilgesniu tarnavimo laiku ir na\u0161umo pablog\u0117jimu laikui b\u0117gant (n\u0117ra fotovoltin\u0117s degradacijos). Skydelis taip pat geriau veikia esant prastam ap\u0161vietimui, pailgindamas dienos energijos gamybos laik\u0105 iki valandos.<\/p>\n<p>\n<img decoding=\"async\" alt=\"Panel fotowoltaiczny roz\u0415\u201ao\u0415\u0458ony na jasnym tle\" border=\"0\" src=\"https:\/\/assets.innpro.pl\/17571\/23284\/7.jpg\"\/>\n<\/p>\n<h3>\u012etraukta:<\/h3>\n<ul class=\"list-disc pl-5\">\n<li>Ne\u0161iojama sulankstoma fotovoltin\u0117 plok\u0161t\u0117 45 W.<\/li>\n<li>DC5521 \u012fkrovimo laidas, skirtas XT60i<\/li>\n<li>Tvirtinimo kabliai x4<\/li>\n<li>Naudotojo vadovas<\/li>\n<\/ul>\n<div class=\"table-wrapper\">\n<p>\u0412\u00a0<\/p>\n<h3><\/h3>\n<table>\n<tbody>\n<tr>\n<th>Gamintojas<\/th>\n<td>EcoFlow<\/td>\n<\/tr>\n<tr>\n<th>Gamintojo kodas<\/th>\n<td>EFSOLAR45-TYPE-C<\/td>\n<\/tr>\n<tr>\n<th>Nominali galia<\/th>\n<td>45 W<\/td>\n<\/tr>\n<tr>\n<th>Efektyvumas<\/th>\n<td>Iki 25 %<\/td>\n<\/tr>\n<tr>\n<th>Trumpojo jungimo srov\u0117<\/th>\n<td>2,06 A<\/td>\n<\/tr>\n<tr>\n<th>Atviros grandin\u0117s \u012ftampa<\/th>\n<td>25,6 V<\/td>\n<\/tr>\n<tr>\n<th>Celi\u0173 tipas<\/th>\n<td>N tipo monokristalinis silicis su TOPCon technologija<\/td>\n<\/tr>\n<tr>\n<th>Matmenys i\u0161skleistame variante<\/th>\n<td>980 x 309 x 16 mm<\/td>\n<\/tr>\n<tr>\n<th>Matmenys sulankstyto<\/th>\n<td>222 x 309 x 40 mm<\/td>\n<\/tr>\n<tr>\n<th>Svoris<\/th>\n<td>1,4 kg<\/td>\n<\/tr>\n<tr>\n<th>Atsparumas vandeniui<\/th>\n<td>IP68<\/td>\n<\/tr>\n<\/tbody>\n<\/table>\n<\/div>\n","protected":false},"excerpt":{"rendered":"<p>Ne\u0161iojama sulankstoma saul\u0117s baterija \u201eEcoFlow 45W\u201c (USB-C) \u201eEcoFlow 45W\u201c sulankstoma fotovoltin\u0117 baterija su USB-C (universali nuoseklioji C tipo magistral\u0117 \u2013 universali jungtis \u012fkrovimui ir duomen\u0173 perdavimui) leid\u017eia greitai \u012fkrauti \u201eEcoFlow RIVER 3\u201c ir \u201eRIVER 2\u201c serij\u0173 elektroninius \u012frenginius ir maitinimo stotis. Ji pasiekia iki 25 % efektyvum\u0105 ir sulankstyta yra pana\u0161i \u012f ne\u0161iojamojo kompiuterio dyd\u012f. [&#8230;]\n","protected":false},"featured_media":26990,"comment_status":"open","ping_status":"closed","template":"","meta":[],"product_brand":[247],"product_cat":[887],"product_tag":[],"class_list":{"0":"post-26989","1":"product","2":"type-product","3":"status-publish","4":"has-post-thumbnail","6":"product_brand-ecoflow","7":"product_cat-photovoltaic-panels","9":"first","10":"outofstock","11":"taxable","12":"shipping-taxable","13":"purchasable","14":"product-type-simple"},"aioseo_notices":[],"_links":{"self":[{"href":"https:\/\/asura.lv\/lt\/wp-json\/wp\/v2\/product\/26989","targetHints":{"allow":["GET"]}}],"collection":[{"href":"https:\/\/asura.lv\/lt\/wp-json\/wp\/v2\/product"}],"about":[{"href":"https:\/\/asura.lv\/lt\/wp-json\/wp\/v2\/types\/product"}],"replies":[{"embeddable":true,"href":"https:\/\/asura.lv\/lt\/wp-json\/wp\/v2\/comments?post=26989"}],"wp:featuredmedia":[{"embeddable":true,"href":"https:\/\/asura.lv\/lt\/wp-json\/wp\/v2\/media\/26990"}],"wp:attachment":[{"href":"https:\/\/asura.lv\/lt\/wp-json\/wp\/v2\/media?parent=26989"}],"wp:term":[{"taxonomy":"product_brand","embeddable":true,"href":"https:\/\/asura.lv\/lt\/wp-json\/wp\/v2\/product_brand?post=26989"},{"taxonomy":"product_cat","embeddable":true,"href":"https:\/\/asura.lv\/lt\/wp-json\/wp\/v2\/product_cat?post=26989"},{"taxonomy":"product_tag","embeddable":true,"href":"https:\/\/asura.lv\/lt\/wp-json\/wp\/v2\/product_tag?post=26989"}],"curies":[{"name":"wp","href":"https:\/\/api.w.org\/{rel}","templated":true}]}}