{"id":27013,"date":"2025-11-29T00:14:54","date_gmt":"2025-11-29T00:14:54","guid":{"rendered":"https:\/\/asura.lv\/product\/perlegear-tv-26-60-wall-mounts-pgmfk6\/"},"modified":"2025-12-12T16:00:08","modified_gmt":"2025-12-12T14:00:08","slug":"perlegear-tv-26-60-wall-mounts-pgmfk6","status":"publish","type":"product","link":"https:\/\/asura.lv\/lt\/produktas\/perlegear-tv-26-60-wall-mounts-pgmfk6\/","title":{"rendered":"\u201ePerlegear\u201c televizoriaus 26\u201360 coli\u0173 sieniniai laikikliai PGMFK6"},"content":{"rendered":"<h3>\u201ePerlegear\u201c televizoriaus sieniniai laikikliai PGMFK6<\/h3>\n<p>M\u0117gaukit\u0117s patogiu film\u0173 ir serial\u0173 \u017ei\u016br\u0117jimo komfortu bet kurioje pad\u0117tyje ir i\u0161 bet kurios kambario vietos. \u201ePerlegear\u201c PGMFK6 televizoriaus laikiklis leid\u017eia laisvai i\u0161d\u0117styti ekran\u0105 \u2013 jis gali suktis 360\u00b0 kampu dviejuose ta\u0161kuose, 180\u00b0 kampu pritvirtinus prie sienos ir pakreipti nuo 5\u00b0 iki -15\u00b0. Be to, \u00b13\u00b0 lygio reguliavimas leid\u017eia ekranui i\u0161likti idealiai lygiam net ir po \u012frengimo.<\/p>\n<p>\n<img decoding=\"async\" alt=\" Kobieta ogl\u0414\u2026da telewizor z zamontowanym uchwytem \u0415\u203aciennym, siedz\u0414\u2026c na kanapie w jasnym salonie\" border=\"0\" src=\"https:\/\/assets.innpro.pl\/17547\/23248\/2.jpg\"\/>\n<\/p>\n<h3>Platus suderinamumas<\/h3>\n<p>\u201ePerlegear PGMFK6\u201c skirtas televizoriams nuo 26 iki 60 coli\u0173 ir sveriantiems iki 45 kg. \u0160is dizainas palaiko kelis VESA tvirtinimo b\u016bdus, tod\u0117l lengva pritvirtinti skirtingus ekran\u0173 modelius. Galimyb\u0117 i\u0161traukti nuo sienos nuo 70 mm iki 495 mm leid\u017eia lengvai reguliuoti atstum\u0105 pagal savo poreikius ir interjero dizain\u0105.<\/p>\n<p>\n<img decoding=\"async\" alt=\"Televizoriaus traukiamosios juostos i\u0161 gele\u017ein\u0117s medienos\" border=\"0\" src=\"https:\/\/assets.innpro.pl\/17547\/23248\/3.jpg\"\/>\n<\/p>\n<h3>Patvarumas ir paprastas montavimas<\/h3>\n<p>Plienin\u0117 konstrukcija u\u017etikrina didel\u012f patvarum\u0105 ir stabilum\u0105 net ir maksimaliai i\u0161tiesus. Laikiklis tvirtinamas trimis paprastais \u017eingsniais: pritvirtinamos laikiklio rankenos prie televizoriaus, sumontuojama sienin\u0117 plok\u0161t\u0117 ir pakabinamas ekranas. D\u0117l to gaminys yra patogus naudoti net ir tiems, kurie neturi diegimo patirties.<\/p>\n<p>\n<img decoding=\"async\" alt=\"Widok z ty\u0415\u201au na telewizor z uchytwem \u0415\u203aciennym ir ro\u0415\u201ao\u0415\u0458onymi ramionami mocuj\u0414\u2026cymi\" border=\"0\" src=\"https:\/\/assets.innpro.pl\/17547\/23248\/4.jpg\"\/>\n<\/p>\n<div class=\"table-wrapper\">\n<p>B\u00a0<\/p>\n<h3><\/h3>\n<table>\n<tbody>\n<tr>\n<th>Gamintojas<\/th>\n<td>Perlegear<\/td>\n<\/tr>\n<tr>\n<th>Modelis<\/th>\n<td>PGMFK6<\/td>\n<\/tr>\n<tr>\n<th>Paskirtis<\/th>\n<td>Televizorius, kurio \u012fstri\u017eain\u0117 yra nuo 26 iki 60 coliai<\/td>\n<\/tr>\n<tr>\n<th>Maksimali apkrova<\/th>\n<td>45 kg<\/td>\n<\/tr>\n<tr>\n<th>Pasukimo reguliavimas<\/th>\n<td>360\u00b0<\/td>\n<\/tr>\n<tr>\n<th>Lygio reguliavimas<\/th>\n<td>\u00b13\u00b0<\/td>\n<\/tr>\n<tr>\n<th>Pakreipimo reguliavimas<\/th>\n<td>5\u00b0\/-15\u00b0<\/td>\n<\/tr>\n<tr>\n<th>Siekis nuo sienos<\/th>\n<td>70 mm &#8211; 495 mm<\/td>\n<\/tr>\n<tr>\n<th>Svirteli\u0173 skai\u010dius<\/th>\n<td>Dviguba svirtis su trimis sukimosi a\u0161imis<\/td>\n<\/tr>\n<\/tbody>\n<\/table>\n<\/div>\n","protected":false},"excerpt":{"rendered":"<p>\u201ePerlegear\u201c televizoriaus sieniniai laikikliai PGMFK6 M\u0117gaukit\u0117s patogiu film\u0173 ir serial\u0173 \u017ei\u016br\u0117jimo komfortu bet kurioje pad\u0117tyje ir i\u0161 bet kurios kambario vietos. \u201ePerlegear\u201c PGMFK6 televizoriaus laikiklis leid\u017eia laisvai i\u0161d\u0117styti ekran\u0105 \u2013 jis gali suktis 360\u00b0 kampu dviejuose ta\u0161kuose, 180\u00b0 kampu pritvirtinus prie sienos ir pakreipti nuo 5\u00b0 iki -15\u00b0. Be to, \u00b13\u00b0 lygio reguliavimas leid\u017eia ekranui [&#8230;]\n","protected":false},"featured_media":27014,"comment_status":"open","ping_status":"closed","template":"","meta":[],"product_brand":[652],"product_cat":[1376],"product_tag":[],"class_list":{"0":"post-27013","1":"product","2":"type-product","3":"status-publish","4":"has-post-thumbnail","6":"product_brand-perlegear","7":"product_cat-tv-mounts","9":"first","10":"outofstock","11":"taxable","12":"shipping-taxable","13":"purchasable","14":"product-type-simple"},"aioseo_notices":[],"_links":{"self":[{"href":"https:\/\/asura.lv\/lt\/wp-json\/wp\/v2\/product\/27013","targetHints":{"allow":["GET"]}}],"collection":[{"href":"https:\/\/asura.lv\/lt\/wp-json\/wp\/v2\/product"}],"about":[{"href":"https:\/\/asura.lv\/lt\/wp-json\/wp\/v2\/types\/product"}],"replies":[{"embeddable":true,"href":"https:\/\/asura.lv\/lt\/wp-json\/wp\/v2\/comments?post=27013"}],"wp:featuredmedia":[{"embeddable":true,"href":"https:\/\/asura.lv\/lt\/wp-json\/wp\/v2\/media\/27014"}],"wp:attachment":[{"href":"https:\/\/asura.lv\/lt\/wp-json\/wp\/v2\/media?parent=27013"}],"wp:term":[{"taxonomy":"product_brand","embeddable":true,"href":"https:\/\/asura.lv\/lt\/wp-json\/wp\/v2\/product_brand?post=27013"},{"taxonomy":"product_cat","embeddable":true,"href":"https:\/\/asura.lv\/lt\/wp-json\/wp\/v2\/product_cat?post=27013"},{"taxonomy":"product_tag","embeddable":true,"href":"https:\/\/asura.lv\/lt\/wp-json\/wp\/v2\/product_tag?post=27013"}],"curies":[{"name":"wp","href":"https:\/\/api.w.org\/{rel}","templated":true}]}}