{"id":27175,"date":"2025-11-29T00:14:39","date_gmt":"2025-11-29T00:14:39","guid":{"rendered":"https:\/\/asura.lv\/product\/x-sense-xc04-wx-carbon-monoxide-detector\/"},"modified":"2025-12-12T15:59:54","modified_gmt":"2025-12-12T13:59:54","slug":"x-sense-xc04-wx-carbon-monoxide-detector","status":"publish","type":"product","link":"https:\/\/asura.lv\/lt\/produktas\/x-sense-xc04-wx-carbon-monoxide-detector\/","title":{"rendered":"X-Sense XC04-WX anglies monoksido detektorius"},"content":{"rendered":"<h3>\u201eX-Sense XC04-WX\u201c anglies monoksido detektorius<\/h3>\n<p>\u201eX-Sense XC04-WX\u201c anglies monoksido jutiklis yra patikimas sargybinis \u0161uo, u\u017etikrinantis j\u016bs\u0173 nam\u0173 saugum\u0105 vis\u0105 par\u0105. \u012erengtas jautrus elektrocheminis jutiklis, jis akimirksniu \u012fsp\u0117ja jus, kai aptinkamas padid\u0117j\u0119s anglies monoksido kiekis. Galimyb\u0117 prisijungti prie \u201eX-Sense Home Security\u201c program\u0117l\u0117s per \u201eWi-Fi\u201c (2,4 GHz) leid\u017eia steb\u0117ti CO lyg\u012f realiuoju laiku, o tur\u0117dami galimyb\u0119 bendrinti signalizacij\u0105 su artimaisiais, visi \u0161eimos nariai gali pasiekti nam\u0173 apsaugos informacij\u0105, kad ir kur jie b\u016bt\u0173.<\/p>\n<p>\n<img decoding=\"async\" alt=\"Bia\u0415\u201ay detektorius CO na szafce nocnej obok \u0415\u201a\u0413\u0456\u0415\u0458ka z ksi\u0414\u2026\u0415\u0458kami i ro\u0415\u203alin\u0414\u2026\" border=\"0\" src=\"https:\/\/assets.innpro.pl\/10839\/12770\/8.jpg\"\/>\n<\/p>\n<h3>Efektyvus anglies monoksido aptikimas<\/h3>\n<p>\u201eX-Sense XC04-WX\u201c stebi CO lyg\u012f nuo 30 iki 999 ppm ir reaguoja atitinkamai, priklausomai nuo jo koncentracijos. Esant 30 ppm koncentracijai, signalizacija suskamb\u0117s po 120 minu\u010di\u0173, o esant 300 ppm lygiui, atsako laikas yra vos 3 minut\u0117s. Didelis jautrumas u\u017etikrina greit\u0105 \u012fsp\u0117jim\u0105 apie pavoj\u0173, o garsus signalizacijos signalas (iki 85 dB) u\u017etikrina, kad signalas bus girdimas net didel\u0117se erdv\u0117se.<\/p>\n<p>\n<img decoding=\"async\" alt=\"Telefonas su juodu CO \u012fsp\u0117jimu ir CO simboli\u0173 detektorius\" border=\"0\" src=\"https:\/\/assets.innpro.pl\/10839\/12770\/4.jpg\"\/>\n<\/p>\n<h3>Intuityvus valdymas ir universalios tvirtinimo galimyb\u0117s<\/h3>\n<p>Jutikl\u012f galima montuoti ant sienos arba pad\u0117ti ant lygaus pavir\u0161iaus, tod\u0117l jis gali tilpti bet kokiame interjere. Ry\u0161kus LCD ekranas kartu su \u0161viesos diodais (\u017ealia, geltona ir raudona) informuoja apie \u012frenginio b\u016bsen\u0105, leisdamas lengvai valdyti CO lyg\u012f, baterijos b\u016bsen\u0105 ir aliarmo re\u017eim\u0105.<\/p>\n<p>\n<img decoding=\"async\" alt=\"Bia\u0415\u201ay detektorius CO z dwoma niebieskimi wy\u0415\u203awietlaczami pokazuj\u0414\u2026cymi 30 PPM i symbolami CO\" border=\"0\" src=\"https:\/\/assets.innpro.pl\/10839\/12770\/5.jpg\"\/>\n<\/p>\n<h3>Veikimo laikas iki 10 met\u0173<\/h3>\n<p>Siekiant u\u017etikrinti ilgalaik\u0119 apsaug\u0105, XC04-WX jutiklis pasi\u017eymi iki 10 met\u0173 tarnavimo laiku. Maitinamas kei\u010diama CR123A baterija, kurios veikimo laikas yra iki met\u0173, jis nereikalauja daug prie\u017ei\u016bros. Nesvarbu, ar esate namuose, ar i\u0161vyk\u0119 ilgesn\u012f laik\u0105, galite pasikliauti patikimu signalizacijos veikimu ilgus metus.<\/p>\n<p>\n<img decoding=\"async\" alt=\"Telefonas su program\u0117le... prideda laiko ir CO detektorius prie telefono su juodais \u201eWi-Fi\u201c simboliais\" border=\"0\" src=\"https:\/\/assets.innpro.pl\/10839\/12770\/1.jpg\"\/>\n<\/p>\n<h3>Visi\u0161ka saugumo kontrol\u0117<\/h3>\n<p>Nesvarbu, kur esate, galite visapusi\u0161kai matyti situacij\u0105 savo namuose! Naudodamas tiesioginius prane\u0161imus, \u201eX-Sense XC04-WX\u201c nedelsdamas i\u0161si\u0173s \u012fsp\u0117jim\u0105, kai anglies monoksido lygis vir\u0161ys saugius standartus \u2013 dar prie\u0161 suveikiant garsiniam signalui. Be to, jutiklis u\u017efiksuoja did\u017eiausi\u0105 aptikt\u0105 CO koncentracij\u0105, tod\u0117l galite analizuoti galimus pavojus gr\u012f\u017e\u0119.<\/p>\n<p>\n<img decoding=\"async\" alt=\"Telefonas su dideliu CO pavojaus signalu, kai CO koncentracija yra 100 PPM\" border=\"0\" src=\"https:\/\/assets.innpro.pl\/10839\/12770\/7.jpg\"\/>\n<\/p>\n<h3>\u012e komplekt\u0105 \u012feina:<\/h3>\n<ul class=\"list-disc pl-5\">\n<li>CO jutiklis (su \u012fd\u0117ta baterija)<\/li>\n<li>Var\u017etai x2<\/li>\n<li>I\u0161sipl\u0117timo var\u017etai x2<\/li>\n<li>Naudotojo vadovas<\/li>\n<\/ul>\n<div class=\"table-wrapper\">\n<p>B\u00a0<\/p>\n<h3><\/h3>\n<table>\n<tbody>\n<tr>\n<th>Gamintojas<\/th>\n<td>X-Sense<\/td>\n<\/tr>\n<tr>\n<th>Modelis<\/th>\n<td>XC04-WX<\/td>\n<\/tr>\n<tr>\n<th>Jutiklio tipas<\/th>\n<td>Elektrocheminis<\/td>\n<\/tr>\n<tr>\n<th>Saugos standartas<\/th>\n<td>EN 50291-1:2018<\/td>\n<\/tr>\n<tr>\n<th>Jutiklio veikimo laikas<\/th>\n<td>10 met\u0173<\/td>\n<\/tr>\n<tr>\n<th>Maitinimo \u0161altinis<\/th>\n<td>CR123A baterija (kei\u010diama)<\/td>\n<\/tr>\n<tr>\n<th>Baterijos veikimo laikas<\/th>\n<td>1 metai<\/td>\n<\/tr>\n<tr>\n<th>Signalo garsumas<\/th>\n<td>\u2013 85 dB esant 3 m, esant 3,2 \u00b1 0,3 kHz da\u017eniui<\/td>\n<\/tr>\n<tr>\n<th>Darbin\u0117s temperat\u016bros diapazonas<\/th>\n<td>Nuo 4 iki 38 \u00b0C<\/td>\n<\/tr>\n<tr>\n<th>Darbin\u0117 dr\u0117gm\u0117<\/th>\n<td>10\u201385 % (nesikondensuojanti)<\/td>\n<\/tr>\n<tr>\n<th>\u201eWi-Fi\u201c ry\u0161ys<\/th>\n<td>2,4 GHz (IEEE 802.11b\/g\/n, nesuderinamas su 5 GHz tinklais)<\/td>\n<\/tr>\n<tr>\n<th>Programos funkcijos<\/th>\n<td>Prane\u0161imai apie tiesioginius prane\u0161imus (CO signalizacija, i\u0161sikrov\u0119s akumuliatorius, gedimas, CO signalizacijos prevencija), \u012frenginio bendrinimas su \u0161eimos nariais<\/td>\n<\/tr>\n<tr>\n<th>Ekranas<\/th>\n<td>LCD ekranas su atmintimi, skirta maksimaliam CO lygiui.<\/td>\n<\/tr>\n<tr>\n<th>Reakcijos laikas \u012f CO lygius.<\/th>\n<td>30 ppm \u2013 daugiau nei 120 minu\u010di\u0173; 50 ppm \u2013 60\u201390 minu\u010di\u0173; 100 ppm \u2013 10\u201340 minu\u010di\u0173; 300 ppm \u2013 0\u20133 minut\u0117s<\/td>\n<\/tr>\n<tr>\n<th>Matmenys<\/th>\n<td>135 x 63 x 24 mm<\/td>\n<\/tr>\n<tr>\n<th>Svoris<\/th>\n<td>88 g<\/td>\n<\/tr>\n<\/tbody>\n<\/table>\n<\/div>\n","protected":false},"excerpt":{"rendered":"<p>\u201eX-Sense XC04-WX\u201c anglies monoksido detektorius \u201eX-Sense XC04-WX\u201c anglies monoksido jutiklis yra patikimas sargybinis \u0161uo, u\u017etikrinantis j\u016bs\u0173 nam\u0173 saugum\u0105 vis\u0105 par\u0105. \u012erengtas jautrus elektrocheminis jutiklis, jis akimirksniu \u012fsp\u0117ja jus, kai aptinkamas padid\u0117j\u0119s anglies monoksido kiekis. Galimyb\u0117 prisijungti prie \u201eX-Sense Home Security\u201c program\u0117l\u0117s per \u201eWi-Fi\u201c (2,4 GHz) leid\u017eia steb\u0117ti CO lyg\u012f realiuoju laiku, o tur\u0117dami galimyb\u0119 bendrinti [&#8230;]\n","protected":false},"featured_media":27176,"comment_status":"open","ping_status":"closed","template":"","meta":[],"product_brand":[678],"product_cat":[950],"product_tag":[],"class_list":{"0":"post-27175","1":"product","2":"type-product","3":"status-publish","4":"has-post-thumbnail","6":"product_brand-x-sense","7":"product_cat-sensors","9":"first","10":"outofstock","11":"taxable","12":"shipping-taxable","13":"purchasable","14":"product-type-simple"},"aioseo_notices":[],"_links":{"self":[{"href":"https:\/\/asura.lv\/lt\/wp-json\/wp\/v2\/product\/27175","targetHints":{"allow":["GET"]}}],"collection":[{"href":"https:\/\/asura.lv\/lt\/wp-json\/wp\/v2\/product"}],"about":[{"href":"https:\/\/asura.lv\/lt\/wp-json\/wp\/v2\/types\/product"}],"replies":[{"embeddable":true,"href":"https:\/\/asura.lv\/lt\/wp-json\/wp\/v2\/comments?post=27175"}],"wp:featuredmedia":[{"embeddable":true,"href":"https:\/\/asura.lv\/lt\/wp-json\/wp\/v2\/media\/27176"}],"wp:attachment":[{"href":"https:\/\/asura.lv\/lt\/wp-json\/wp\/v2\/media?parent=27175"}],"wp:term":[{"taxonomy":"product_brand","embeddable":true,"href":"https:\/\/asura.lv\/lt\/wp-json\/wp\/v2\/product_brand?post=27175"},{"taxonomy":"product_cat","embeddable":true,"href":"https:\/\/asura.lv\/lt\/wp-json\/wp\/v2\/product_cat?post=27175"},{"taxonomy":"product_tag","embeddable":true,"href":"https:\/\/asura.lv\/lt\/wp-json\/wp\/v2\/product_tag?post=27175"}],"curies":[{"name":"wp","href":"https:\/\/api.w.org\/{rel}","templated":true}]}}