{"id":27385,"date":"2025-11-29T00:14:19","date_gmt":"2025-11-29T00:14:19","guid":{"rendered":"https:\/\/asura.lv\/product\/sonoff-zbm5-1c-80w-1-channel-zigbee-smart-touch-wall-switch\/"},"modified":"2025-12-12T15:59:40","modified_gmt":"2025-12-12T13:59:40","slug":"sonoff-zbm5-1c-80w-1-channel-zigbee-smart-touch-wall-switch","status":"publish","type":"product","link":"https:\/\/asura.lv\/lt\/produktas\/sonoff-zbm5-1c-80w-1-channel-zigbee-smart-touch-wall-switch\/","title":{"rendered":"\u201eSonoff ZBM5-1C-80W\u201c (1 kanalo) i\u0161manusis jutiklinis sieninis jungiklis \u201eZigbee\u201c"},"content":{"rendered":"<h3>\u201eSonoff ZBM5-1C-80W\u201c (1 kanalo) i\u0161manusis jutiklinis sieninis jungiklis \u201eZigbee\u201c<\/h3>\n<p>Atraskite i\u0161maniojo ap\u0161vietimo valdymo patogum\u0105 su \u201eSonoff ZBM5-1C-80W\u201c \u2013 \u201eZigbee\u201c jutikliniu jungikliu, kuris veikia tiek su neutraliu laidu, tiek be jo. J\u012f lengvai integruosite su \u201eeWeLink\u201c program\u0117le ir \u201eZigbee\u201c \u0161liuzu, kad gal\u0117tum\u0117te nuotoliniu b\u016bdu valdyti ap\u0161vietim\u0105 i\u0161 savo i\u0161maniojo telefono arba balsu per \u201eAlexa\u201c ar \u201eGoogle Home\u201c. Galite nustatyti tvarkara\u0161\u010dius, kurti i\u0161maniuosius vaizdus ir automatizavim\u0105, o atjungimo rel\u0117s funkcija leis j\u016bs\u0173 i\u0161maniosioms lemput\u0117ms likti \u012fjungtoms net ir i\u0161jungus jungikl\u012f. \u201eSonoff ZBM5-1C-80W\u201c u\u017etikrina skland\u0173 suderinamum\u0105 su atvirojo kodo sistemomis, suteikdamas jums visi\u0161k\u0105 nam\u0173 ap\u0161vietimo valdym\u0105, nesvarbu, kokia nauja j\u016bs\u0173 instaliacija.<\/p>\n<p>\n<img decoding=\"async\" alt=\"Tr\u016bksta i\u0161mani\u0173j\u0173 \u201eSONOFF\u201c tip\u0173 \u0161viestuv\u0173, skirt\u0173 geometrini\u0173 blok\u0173 ap\u0161vietimui\" border=\"0\" src=\"https:\/\/assets.innpro.pl\/17470\/23108\/3.jpg\"\/>\n<\/p>\n<h3>Suderinamas su j\u016bs\u0173 namais<\/h3>\n<p>\u201eSonoff ZBM5\u201c jungiklis sukurtas taip, kad tikt\u0173 daugumai nam\u0173 instaliacij\u0173 \u2013 tiek toms, kurios neturi neutralaus laido (b\u016bdingos pastatuose iki 1980 m.), tiek toms, kurios turi neutral\u0173 laid\u0105 (randamos naujesniuose arba renovuotuose pastatuose). \u0160is sprendimas leis jums visapusi\u0161kai i\u0161naudoti automatizavimo potencial\u0105, nesvarbu, ar gyvenate senesniuose, ar naujesniuose namuose.<\/p>\n<p>\n<img decoding=\"async\" alt=\"Kobieta w be\u0415\u0458owej koszuli nakrywa st\u0413\u0456\u0415\u201a z drewnianym blatem, szarymi talerzami i traw\u0414\u2026 pampasow\u0414\u2026 w wazonie\" border=\"0\" src=\"https:\/\/assets.innpro.pl\/17470\/23108\/1.jpg\"\/>\n<\/p>\n<h3>Valdymas j\u016bs\u0173 rankose<\/h3>\n<p>Valdykite savo ap\u0161vietim\u0105 i\u0161 bet kurios pasaulio vietos naudodami program\u0117l\u0119 \u201eeWeLink\u201c, kuri veikia tiek \u201eiOS\u201c, tiek \u201eAndroid\u201c sistemose. Galite bet kada patikrinti jungiklio b\u016bsen\u0105, nuotoliniu b\u016bdu \u012fjungti arba i\u0161jungti \u0161viesas ir koreguoti nustatymus pagal savo poreikius. Atkreipkite d\u0117mes\u012f, kad \u012frenginiui reikalingas suderinamas \u201eSONOFF Zigbee\u201c \u0161liuzas, pvz., \u201eiHost\u201c, \u201eNSPanel Pro\u201c, \u201eZBBridge-U\u201c, \u201eZBBridge-P\u201c arba \u201eZBDongle-E\/-P\u201c, kad b\u016bt\u0173 galima visapusi\u0161kai naudotis nuotolinio valdymo funkcijomis.<\/p>\n<p>\n<img decoding=\"async\" alt=\"Kobieta w ruchu przechodzi przez nowoczesny salon z be\u0458ow\u0414\u2026 sof\u0414\u2026 i drewnian\u0414\u2026 pod\u0415\u201aog\u0414\u2026\" border=\"0\" src=\"https:\/\/assets.innpro.pl\/17470\/23108\/2.jpg\"\/>\n<\/p>\n<h3>J\u016bs\u0173 patogumui<\/h3>\n<p>U\u017etikrinkite ram\u0173 nakties mieg\u0105 nustatydami tvarkara\u0161t\u012f, pagal kur\u012f j\u016bs\u0173 svetain\u0117s ar miegamojo \u0161viesos automati\u0161kai i\u0161sijungs norimu laiku. Naudodami program\u0117l\u0117s planavimo funkcij\u0105 galite nustatyti, kada \u0161viesos tur\u0117t\u0173 i\u0161sijungti, palaikydami sveikesn\u012f dienos ir nakties ritm\u0105 j\u016bs\u0173 namuose. Turite u\u017eimt\u0173 rank\u0173? \u012ejunkite \u0161viesas paprasta balso komanda. Jungiklis veikia su \u201eAlexa\u201c ir \u201eGoogle Home\u201c, tod\u0117l galite patogiai valdyti \u0161viesas neliesdami telefono. Be to, tur\u0117damas \u201eZigbee2MQTT\u201c ir ZHA palaikym\u0105, \u201eSonoff ZBM5\u201c lengvai integruojasi su atvirojo kodo platformomis ir sukuria i\u0161sami\u0105 i\u0161mani\u0173j\u0173 nam\u0173 sistem\u0105, veikian\u010di\u0105 su skirting\u0173 gamintoj\u0173 \u012frenginiais.<\/p>\n<p>\n<img decoding=\"async\" alt=\"Kobieta \u0415\u203api\u0414\u2026ca w \u0415\u201a\u0413\u0456\u0415\u0458ku z bia\u0415\u201a\u0414\u2026 po\u0415\u203aciel\u0414\u2026 przy \u0415\u203acianie z inteligentnym prze\u0415\u201a\u0414\u2026cznikiem i lampk\u0414\u2026 nocn\u0414\u2026\" border=\"0\" src=\"https:\/\/assets.innpro.pl\/17470\/23108\/4.jpg\"\/>\n<\/p>\n<h3>Automatizavimas ir i\u0161maniosios scenos<\/h3>\n<p>Kurkite asmeninius scenas, pritaikytas j\u016bs\u0173 gyvenimo b\u016bdui. Naudodami \u201eZigbee\u201c protokol\u0105, galite nustatyti dvipus\u012f miegamojo ap\u0161vietimo valdym\u0105 naudodami belaid\u012f \u201eZigbee\u201c mygtuk\u0105 arba automatizuoti \u0161vies\u0173 \u012fjungim\u0105 ir i\u0161jungim\u0105 pagal \u201eZigbee\u201c jutiklio signal\u0105. \u0160is sprendimas leid\u017eia supaprastinti kasdien\u0119 veikl\u0105, automatizuojant ap\u0161vietim\u0105 pagal j\u016bs\u0173 poreikius. \u201eSonoff ZBM5\u201c taip pat leid\u017eia naudoti atjungimo rel\u0117s funkcij\u0105, kad i\u0161maniosios lemput\u0117s neprarast\u0173 energijos, kai i\u0161jungtas sieninis jungiklis.<\/p>\n<p>\n<img decoding=\"async\" alt=\"Simboliai, susij\u0119 su i\u0161maniosiomis \u201eSONOFF\u201c lemput\u0117mis ir i\u0161maniaisiais jungikliais, skirtais \u201eEcho Lighting\u201c sistemai\" border=\"0\" src=\"https:\/\/assets.innpro.pl\/17470\/23108\/5.jpg\"\/>\n<\/p>\n<h3>Pridedama<\/h3>\n<ul class=\"list-disc pl-5\">\n<li>jutiklinis jungiklis<\/li>\n<li>tvirtinimo var\u017etai x2<\/li>\n<li>naudotojo vadovas<\/li>\n<\/ul>\n<div class=\"table-wrapper\">\n<p>\u0412\u00a0<\/p>\n<h3><\/h3>\n<table>\n<tbody>\n<tr>\n<th>Gamintojas<\/th>\n<td>Sonoff<\/td>\n<\/tr>\n<tr>\n<th>Modelis<\/th>\n<td>ZBM5-1C-80W<\/td>\n<\/tr>\n<tr>\n<th>Minimali apkrova<\/th>\n<td>3W (be neutralaus laido)<\/td>\n<\/tr>\n<tr>\n<th>Belaidis ry\u0161ys<\/th>\n<td>Zigbee 3.0<\/td>\n<\/tr>\n<tr>\n<th>Spalva<\/th>\n<td>Balta<\/td>\n<\/tr>\n<tr>\n<th>Korpuso med\u017eiaga<\/th>\n<td>PC, CRS<\/td>\n<\/tr>\n<tr>\n<th>Matmenys<\/th>\n<td>86 x 71 x 40,3 mm<\/td>\n<\/tr>\n<tr>\n<th>Vartojimas Temperat\u016bra<\/th>\n<td>-10\u201340 \u00b0C<\/td>\n<\/tr>\n<tr>\n<th>Vardin\u0117 vert\u0117<\/th>\n<td>Maksimali var\u017ein\u0117 apkrova 100\u2013240 V ~ 50\/60 Hz (10 A)<\/td>\n<\/tr>\n<tr>\n<th>LED<\/th>\n<td>400 W @ 240 V, 200 W @ 100 V<\/td>\n<\/tr>\n<tr>\n<th>Kanal\u0173 skai\u010dius<\/th>\n<td>1<\/td>\n<\/tr>\n<\/tbody>\n<\/table>\n<\/div>\n","protected":false},"excerpt":{"rendered":"<p>\u201eSonoff ZBM5-1C-80W\u201c (1 kanalo) i\u0161manusis jutiklinis sieninis jungiklis \u201eZigbee\u201c Atraskite i\u0161maniojo ap\u0161vietimo valdymo patogum\u0105 su \u201eSonoff ZBM5-1C-80W\u201c \u2013 \u201eZigbee\u201c jutikliniu jungikliu, kuris veikia tiek su neutraliu laidu, tiek be jo. J\u012f lengvai integruosite su \u201eeWeLink\u201c program\u0117le ir \u201eZigbee\u201c \u0161liuzu, kad gal\u0117tum\u0117te nuotoliniu b\u016bdu valdyti ap\u0161vietim\u0105 i\u0161 savo i\u0161maniojo telefono arba balsu per \u201eAlexa\u201c ar \u201eGoogle [&#8230;]\n","protected":false},"featured_media":27386,"comment_status":"open","ping_status":"closed","template":"","meta":[],"product_brand":[203],"product_cat":[932],"product_tag":[],"class_list":{"0":"post-27385","1":"product","2":"type-product","3":"status-publish","4":"has-post-thumbnail","6":"product_brand-sonoff","7":"product_cat-switches","9":"first","10":"outofstock","11":"taxable","12":"shipping-taxable","13":"purchasable","14":"product-type-simple"},"aioseo_notices":[],"_links":{"self":[{"href":"https:\/\/asura.lv\/lt\/wp-json\/wp\/v2\/product\/27385","targetHints":{"allow":["GET"]}}],"collection":[{"href":"https:\/\/asura.lv\/lt\/wp-json\/wp\/v2\/product"}],"about":[{"href":"https:\/\/asura.lv\/lt\/wp-json\/wp\/v2\/types\/product"}],"replies":[{"embeddable":true,"href":"https:\/\/asura.lv\/lt\/wp-json\/wp\/v2\/comments?post=27385"}],"wp:featuredmedia":[{"embeddable":true,"href":"https:\/\/asura.lv\/lt\/wp-json\/wp\/v2\/media\/27386"}],"wp:attachment":[{"href":"https:\/\/asura.lv\/lt\/wp-json\/wp\/v2\/media?parent=27385"}],"wp:term":[{"taxonomy":"product_brand","embeddable":true,"href":"https:\/\/asura.lv\/lt\/wp-json\/wp\/v2\/product_brand?post=27385"},{"taxonomy":"product_cat","embeddable":true,"href":"https:\/\/asura.lv\/lt\/wp-json\/wp\/v2\/product_cat?post=27385"},{"taxonomy":"product_tag","embeddable":true,"href":"https:\/\/asura.lv\/lt\/wp-json\/wp\/v2\/product_tag?post=27385"}],"curies":[{"name":"wp","href":"https:\/\/api.w.org\/{rel}","templated":true}]}}