{"id":27535,"date":"2025-11-29T00:13:08","date_gmt":"2025-11-29T00:13:08","guid":{"rendered":"https:\/\/asura.lv\/product\/sunnylife-aqx-18-transport-case-for-osmo-action-5-pro-4-3\/"},"modified":"2025-12-12T15:58:55","modified_gmt":"2025-12-12T13:58:55","slug":"sunnylife-aqx-18-transport-case-for-osmo-action-5-pro-4-3","status":"publish","type":"product","link":"https:\/\/asura.lv\/lt\/produktas\/sunnylife-aqx-18-transport-case-for-osmo-action-5-pro-4-3\/","title":{"rendered":"\u201eSunnylife AQX-18\u201c transportavimo d\u0117klas, skirtas OSMO ACTION 5 Pro\/4\/3"},"content":{"rendered":"<h3>\u201eSunnylife AQX-18\u201c transportavimo d\u0117klas, skirtas \u201eOSMO ACTION 5 Pro\/4\/3\u201c<\/h3>\n<p>Apsaugokite savo fotoaparat\u0105 profesionaliame \u201eSunnylife AQX-18\u201c transportavimo d\u0117kle. \u0160is lengvas ir patogus priedas pasi\u017eymi i\u0161skirtiniu patvarumu, u\u017etikrindamas veiksming\u0105 apsaug\u0105 keliaujant ir filmuojant lauke. D\u0117klas yra atsparus sm\u016bgiams, vandeniui ir korozijai, su tiksliai i\u0161lieta vidine dalimi ir atskirais skyriais kamerai, priedams ir baterijai. Auk\u0161tos kokyb\u0117s med\u017eiagos ir rafinuotos detal\u0117s daro j\u012f patikimu sprendimu bet kuriam film\u0173 k\u016br\u0117jui.<\/p>\n<p>\n<img decoding=\"async\" alt=\"\" border=\"0\" src=\"https:\/\/assets.innpro.pl\/16029\/20217\/4.jpg\"\/>\n<\/p>\n<h3>Apgalvotas dizainas<\/h3>\n<p>D\u0117klo vidus yra tiksliai suformuotas, kad stabiliai laikyt\u0173 kamer\u0105, apsaugin\u012f r\u0117mel\u012f, baterij\u0105 ir pagrindinius priedus, tokius kaip greito atleidimo laikiklis, tvirtinimo adapteris, fiksavimo var\u017etas ir PD laidas. Su specialiais lizdais kiekvienas komponentas yra tvirtai savo vietoje, apsaugodamas j\u012f nuo jud\u0117jimo ir pa\u017eeidim\u0173 transportavimo metu.<\/p>\n<p>\n<img decoding=\"async\" alt=\"\" border=\"0\" src=\"https:\/\/assets.innpro.pl\/16029\/20217\/6.jpg\"\/>\n<\/p>\n<h3>Patvarumas, kuriuo galite pasikliauti<\/h3>\n<p>D\u0117klas pagamintas i\u0161 didelio stiprumo plastiko, kuris u\u017etikrina veiksming\u0105 apsaug\u0105 nuo sm\u016bgi\u0173, sl\u0117gio ir i\u0161orini\u0173 veiksni\u0173. Papildomi standumo elementai padidina konstrukcijos atsparum\u0105 mechaniniam nusid\u0117v\u0117jimui, o pastorinta apsaugin\u0117 spyna u\u017etikrina patvarum\u0105 net ir esant dideliam naudojimui.<\/p>\n<p>\n<img decoding=\"async\" alt=\"\" border=\"0\" src=\"https:\/\/assets.innpro.pl\/16029\/20217\/2.jpg\"\/>\n<\/p>\n<h3>Apsauga nuo dr\u0117gm\u0117s ir purvo<\/h3>\n<p>Vandeniui atspari konstrukcija efektyviai apsaugo j\u016bs\u0173 \u012frang\u0105 nuo pursl\u0173 ir atsitiktinio s\u0105ly\u010dio su vandeniu. Idealus pasirinkimas dirbant at\u0161iauriomis lauko s\u0105lygomis, kai svarbus patikimumas ir greita prieiga prie pried\u0173.<\/p>\n<p>\n<img decoding=\"async\" alt=\"\" border=\"0\" src=\"https:\/\/assets.innpro.pl\/16029\/20217\/1.jpg\"\/>\n<\/p>\n<h3>Kompakti\u0161kas dydis, idealiai tinka kelion\u0117ms<\/h3>\n<p>\u201eSunnylife AQX-18\u201c d\u0117klas yra pakankamai ma\u017eas, kad lengvai tilpt\u0173 kuprin\u0117je ar net didesn\u0117je ki\u0161en\u0117je. Lengvas, patogus dizainas puikiai tinka naudoti lauke \u2013 be nereikalingo svorio ir apsaugos tr\u016bkumo.<\/p>\n<p>\n<img decoding=\"async\" alt=\"\" border=\"0\" src=\"https:\/\/assets.innpro.pl\/16029\/20217\/5.jpg\"\/>\n<\/p>\n<h3>Papildomas apsaugos sluoksnis<\/h3>\n<p>D\u0117klo vidus i\u0161klotas mink\u0161ta, didelio tankio kempine, kuri efektyviai sugeria sm\u016bgius ir apsaugo jautrius pavir\u0161ius nuo \u012fbr\u0117\u017eim\u0173. Taigi galite b\u016bti tikri, kad j\u016bs\u0173 \u012franga atvyks nepriekai\u0161tingos b\u016bkl\u0117s.<\/p>\n<p>\n<img decoding=\"async\" alt=\"\" border=\"0\" src=\"https:\/\/assets.innpro.pl\/16029\/20217\/3.jpg\"\/>\n<\/p>\n<div class=\"table-wrapper\">\n<p>B\u00a0<\/p>\n<h3><\/h3>\n<table>\n<tbody>\n<tr>\n<th>Gamintojas<\/th>\n<td>Sunnylife<\/td>\n<\/tr>\n<tr>\n<th>Modelis<\/th>\n<td>AQX-18<\/td>\n<\/tr>\n<tr>\n<th>Suderinamos kameros<\/th>\n<td>ACTION 5 PRO\/4\/3<\/td>\n<\/tr>\n<tr>\n<th>Svoris<\/th>\n<td>104 g<\/td>\n<\/tr>\n<tr>\n<th>Matmenys<\/th>\n<td>125 x 109 x 72 mm<\/td>\n<\/tr>\n<tr>\n<th>Apsaugos<\/th>\n<td>Apsauga nuo vandens, sm\u016bgi\u0173, korozijos<\/td>\n<\/tr>\n<\/tbody>\n<\/table>\n<\/div>\n","protected":false},"excerpt":{"rendered":"<p>\u201eSunnylife AQX-18\u201c transportavimo d\u0117klas, skirtas \u201eOSMO ACTION 5 Pro\/4\/3\u201c Apsaugokite savo fotoaparat\u0105 profesionaliame \u201eSunnylife AQX-18\u201c transportavimo d\u0117kle. \u0160is lengvas ir patogus priedas pasi\u017eymi i\u0161skirtiniu patvarumu, u\u017etikrindamas veiksming\u0105 apsaug\u0105 keliaujant ir filmuojant lauke. D\u0117klas yra atsparus sm\u016bgiams, vandeniui ir korozijai, su tiksliai i\u0161lieta vidine dalimi ir atskirais skyriais kamerai, priedams ir baterijai. Auk\u0161tos kokyb\u0117s med\u017eiagos ir [&#8230;]\n","protected":false},"featured_media":27536,"comment_status":"open","ping_status":"closed","template":"","meta":[],"product_brand":[432],"product_cat":[941],"product_tag":[],"class_list":{"0":"post-27535","1":"product","2":"type-product","3":"status-publish","4":"has-post-thumbnail","6":"product_brand-sunnylife","7":"product_cat-cases-and-covers","9":"first","10":"outofstock","11":"taxable","12":"shipping-taxable","13":"purchasable","14":"product-type-simple"},"aioseo_notices":[],"_links":{"self":[{"href":"https:\/\/asura.lv\/lt\/wp-json\/wp\/v2\/product\/27535","targetHints":{"allow":["GET"]}}],"collection":[{"href":"https:\/\/asura.lv\/lt\/wp-json\/wp\/v2\/product"}],"about":[{"href":"https:\/\/asura.lv\/lt\/wp-json\/wp\/v2\/types\/product"}],"replies":[{"embeddable":true,"href":"https:\/\/asura.lv\/lt\/wp-json\/wp\/v2\/comments?post=27535"}],"wp:featuredmedia":[{"embeddable":true,"href":"https:\/\/asura.lv\/lt\/wp-json\/wp\/v2\/media\/27536"}],"wp:attachment":[{"href":"https:\/\/asura.lv\/lt\/wp-json\/wp\/v2\/media?parent=27535"}],"wp:term":[{"taxonomy":"product_brand","embeddable":true,"href":"https:\/\/asura.lv\/lt\/wp-json\/wp\/v2\/product_brand?post=27535"},{"taxonomy":"product_cat","embeddable":true,"href":"https:\/\/asura.lv\/lt\/wp-json\/wp\/v2\/product_cat?post=27535"},{"taxonomy":"product_tag","embeddable":true,"href":"https:\/\/asura.lv\/lt\/wp-json\/wp\/v2\/product_tag?post=27535"}],"curies":[{"name":"wp","href":"https:\/\/api.w.org\/{rel}","templated":true}]}}