{"id":27661,"date":"2025-11-29T00:12:54","date_gmt":"2025-11-29T00:12:54","guid":{"rendered":"https:\/\/asura.lv\/product\/freewell-quick-release-strap-for-cameras\/"},"modified":"2025-12-12T15:58:49","modified_gmt":"2025-12-12T13:58:49","slug":"freewell-quick-release-strap-for-cameras","status":"publish","type":"product","link":"https:\/\/asura.lv\/lt\/produktas\/freewell-quick-release-strap-for-cameras\/","title":{"rendered":"\u201eFreewell\u201c greito atleidimo dir\u017eelis fotoaparatams"},"content":{"rendered":"<h3>\u201eFreewell\u201c greito atjungimo dir\u017eelis fotoaparatams<\/h3>\n<p>Gaukite visi\u0161k\u0105 jud\u0117jimo laisv\u0119 ir saugum\u0105 su \u201eFreewell\u201c greito atjungimo dir\u017eeliu, kuris leid\u017eia akimirksniu pritvirtinti ir nuimti fotoaparat\u0105 \u2013 vos per kelias sekundes. Jis idealiai tinka fotografams, dirbantiems \u012fvairiomis s\u0105lygomis, kurie da\u017enai kei\u010dia nustatymus ar \u012frangos laikymo b\u016bd\u0105. D\u0117l universalaus tvirtinimo dir\u017eelis tinka daugumai fotoaparat\u0173 ir laikikli\u0173, tod\u0117l yra visi\u0161kai lankstus.<\/p>\n<p>\n<img decoding=\"async\" alt=\"\" border=\"0\" src=\"https:\/\/assets.innpro.pl\/15838\/19933\/1.jpg\"\/>\n<\/p>\n<h3>Patvarumas, kuriuo galite pasikliauti<\/h3>\n<p>Lengva aliuminio konstrukcija sveria tik 75 gramus, ta\u010diau gali atlaikyti iki 10 kg apkrov\u0105, u\u017etikrindama patikim\u0105 atram\u0105 net ir sunkesniems fotoaparatams bei objektyvams. Integruotas saugos mechanizmas apsaugo nuo atsitiktinio atjungimo, tod\u0117l galite sutelkti d\u0117mes\u012f \u012f fotografavim\u0105 nesijaudindami d\u0117l savo \u012frangos saugumo. D\u0117l kompakti\u0161ko dyd\u017eio dir\u017eelis lengvai telpa \u012f fotoaparato krep\u0161\u012f ir visada yra paruo\u0161tas veiksmui lauke.<\/p>\n<p>\n<img decoding=\"async\" alt=\"\" border=\"0\" src=\"https:\/\/assets.innpro.pl\/15838\/19933\/3.jpg\"\/>\n<\/p>\n<div class=\"table-wrapper\">\n<p>B\u00a0<\/p>\n<h3><\/h3>\n<table>\n<tbody>\n<tr>\n<th>Gamintojas<\/th>\n<td>Frewell<\/td>\n<\/tr>\n<tr>\n<th>Modelis<\/th>\n<td>FW-CSQR<\/td>\n<\/tr>\n<tr>\n<th>Med\u017eiaga<\/th>\n<td>aliuminio lydinys<\/td>\n<\/tr>\n<tr>\n<th>Maksimali apkrova<\/th>\n<td>10 kg<\/td>\n<\/tr>\n<tr>\n<th>Svoris<\/th>\n<td>75 g<\/td>\n<\/tr>\n<\/tbody>\n<\/table>\n<\/div>\n","protected":false},"excerpt":{"rendered":"<p>\u201eFreewell\u201c greito atjungimo dir\u017eelis fotoaparatams Gaukite visi\u0161k\u0105 jud\u0117jimo laisv\u0119 ir saugum\u0105 su \u201eFreewell\u201c greito atjungimo dir\u017eeliu, kuris leid\u017eia akimirksniu pritvirtinti ir nuimti fotoaparat\u0105 \u2013 vos per kelias sekundes. Jis idealiai tinka fotografams, dirbantiems \u012fvairiomis s\u0105lygomis, kurie da\u017enai kei\u010dia nustatymus ar \u012frangos laikymo b\u016bd\u0105. D\u0117l universalaus tvirtinimo dir\u017eelis tinka daugumai fotoaparat\u0173 ir laikikli\u0173, tod\u0117l yra visi\u0161kai [&#8230;]\n","protected":false},"featured_media":27662,"comment_status":"open","ping_status":"closed","template":"","meta":[],"product_brand":[491],"product_cat":[1016],"product_tag":[],"class_list":{"0":"post-27661","1":"product","2":"type-product","3":"status-publish","4":"has-post-thumbnail","6":"product_brand-freewell","7":"product_cat-for-cameras-and-camcorders","9":"first","10":"outofstock","11":"taxable","12":"shipping-taxable","13":"purchasable","14":"product-type-simple"},"aioseo_notices":[],"_links":{"self":[{"href":"https:\/\/asura.lv\/lt\/wp-json\/wp\/v2\/product\/27661","targetHints":{"allow":["GET"]}}],"collection":[{"href":"https:\/\/asura.lv\/lt\/wp-json\/wp\/v2\/product"}],"about":[{"href":"https:\/\/asura.lv\/lt\/wp-json\/wp\/v2\/types\/product"}],"replies":[{"embeddable":true,"href":"https:\/\/asura.lv\/lt\/wp-json\/wp\/v2\/comments?post=27661"}],"wp:featuredmedia":[{"embeddable":true,"href":"https:\/\/asura.lv\/lt\/wp-json\/wp\/v2\/media\/27662"}],"wp:attachment":[{"href":"https:\/\/asura.lv\/lt\/wp-json\/wp\/v2\/media?parent=27661"}],"wp:term":[{"taxonomy":"product_brand","embeddable":true,"href":"https:\/\/asura.lv\/lt\/wp-json\/wp\/v2\/product_brand?post=27661"},{"taxonomy":"product_cat","embeddable":true,"href":"https:\/\/asura.lv\/lt\/wp-json\/wp\/v2\/product_cat?post=27661"},{"taxonomy":"product_tag","embeddable":true,"href":"https:\/\/asura.lv\/lt\/wp-json\/wp\/v2\/product_tag?post=27661"}],"curies":[{"name":"wp","href":"https:\/\/api.w.org\/{rel}","templated":true}]}}