{"id":27733,"date":"2025-11-29T00:12:48","date_gmt":"2025-11-29T00:12:48","guid":{"rendered":"https:\/\/asura.lv\/product\/puluz-tripod-for-sports-cameras-1-4m\/"},"modified":"2025-12-12T15:58:46","modified_gmt":"2025-12-12T13:58:46","slug":"puluz-tripod-for-sports-cameras-1-4m","status":"publish","type":"product","link":"https:\/\/asura.lv\/lt\/produktas\/puluz-tripod-for-sports-cameras-1-4m\/","title":{"rendered":"\u201ePuluz\u201c trikojis sporto kameroms (1,4 m)"},"content":{"rendered":"<h3>\u201ePuluz\u201c trikojis sporto kameroms (1,4 m)<\/h3>\n<p>\u201ePuluz\u201c trikojis s\u0117kmingai pakei\u010dia du atskirus priedus \u2013 asmenuki\u0173 lazd\u0105 ir trikoj\u012f. Jis bus naudojamas ne tik \u012fra\u0161ant sporto var\u017eybas, bet ir kuriant kasdien\u012f turin\u012f \u2013 pavyzd\u017eiui, tiesiogin\u0117se transliacijose, ruo\u0161iant med\u017eiag\u0105 socialinei \u017einiasklaidai, vaizdo skambu\u010diams ir pan. Be to, kartu su \u201eInsta360\u201c kamera asmenuki\u0173 lazda \u012fra\u0161uose lieka nematoma.<\/p>\n<p>\n<img decoding=\"async\" alt=\"\" border=\"0\" src=\"https:\/\/assets.innpro.pl\/15787\/19872\/2.jpg\"\/>\n<\/p>\n<h3>Pritaikyta j\u016bs\u0173 poreikiams<\/h3>\n<p>Visi\u0161kai i\u0161tiestas trikojis pasiekia 137,4 cm auk\u0161t\u012f. Tai leid\u017eia u\u017efiksuoti daugiau vietos kadre \u2013 pavyzd\u017eiui, fotografuojant peiza\u017eus ar grupines nuotraukas. Be to, PU731B tinka \u012fvairiems \u012frenginiams \u2013 visa tai d\u0117ka standartinio 1\/4 colio sriegio ir papildomos tvirtinimo galvut\u0117s sporto kameroms. Galite lengvai prijungti skaitmenin\u012f fotoaparat\u0105, sporto kamer\u0105, telefon\u0105 ar LED \u017eibint\u0105.<\/p>\n<p>\n<img decoding=\"async\" alt=\"\" border=\"0\" src=\"https:\/\/assets.innpro.pl\/15787\/19872\/1.jpg\"\/>\n<\/p>\n<h3>Stabilumas ir ilgaam\u017ei\u0161kumas d\u0117l aliuminio konstrukcijos<\/h3>\n<p>Trikojis pagamintas i\u0161 lengvo, bet tvirto aliuminio lydinio. Trikojo konstrukcija ir guminiai, neslystantys antgaliai u\u017etikrina stabilum\u0105 net ir ant nelygaus pavir\u0161iaus. Tod\u0117l \u012franga puikiai veiks \u012fvairiomis s\u0105lygomis.<\/p>\n<p>\n<img decoding=\"async\" alt=\"\" border=\"0\" src=\"https:\/\/assets.innpro.pl\/15787\/19872\/5.jpg\"\/>\n<\/p>\n<h3>Kompakti\u0161kas dydis<\/h3>\n<p>Sulankstyto trikojo auk\u0161tis yra tik 30,9 cm, tod\u0117l jis lengvai tilps \u012f kuprin\u0119 ar krep\u0161\u012f. D\u0117l ma\u017eo svorio jis nesukelia didel\u0117s \u012ftampos keliaujant, ta\u010diau yra pakankamai tvirtas, kad lyd\u0117t\u0173 jus daugelyje nuotyki\u0173. Tai \u012franga, kuri\u0105 visada galite tur\u0117ti po ranka.<\/p>\n<p>\n<img decoding=\"async\" alt=\"\" border=\"0\" src=\"https:\/\/assets.innpro.pl\/15787\/19872\/6.jpg\"\/>\n<\/p>\n<h3>Pridedama<\/h3>\n<ul class=\"list-disc pl-5\">\n<li>trikojis<\/li>\n<li>ilgas var\u017etas<\/li>\n<li>adapteris<\/li>\n<\/ul>\n<div class=\"table-wrapper\">\n<p>B\u00a0<\/p>\n<h3><\/h3>\n<table>\n<tbody>\n<tr>\n<th>Gamintojas<\/th>\n<td>Puluz<\/td>\n<\/tr>\n<tr>\n<th>Modelis<\/th>\n<td>PU731B<\/td>\n<\/tr>\n<tr>\n<th>Minimalus auk\u0161tis<\/th>\n<td>30,9 cm<\/td>\n<\/tr>\n<tr>\n<th>Maksimalus Auk\u0161tis<\/th>\n<td>137,4 cm<\/td>\n<\/tr>\n<tr>\n<th>Med\u017eiaga<\/th>\n<td>aliuminio lydinys<\/td>\n<\/tr>\n<tr>\n<th>Suderinamumas<\/th>\n<td>DJI: Osmo Action 5 Pro, Osmo Action 3, Action 2, Osmo Action; Gopro: HERO (2024), HERO13, HERO12, HERO11 Mini, HERO11, HERO10, HERO9, HERO8, MAX, HERO7, NEW HERO, HERO6, HERO5, HERO5 Session, Hero Session, HERO4 Session, HERO4, HERO3+, HERO3, HERO2, HERO; \u201eInsta360\u201c: X5, X4, \u201eAce\u201c, \u201eAce Pro\u201c, X3, \u201eONE RS\u201c 1 colio 360 leidimas, \u201eInsta360 ONE RS 4K\u201c leidimas, \u201eInsta360 ONE RS 360\u201c leidimas, \u201eInsta360 ONE RS\u201c 1 COLIO LEIDIMAS, \u201eONE X2\u201c<\/td>\n<\/tr>\n<\/tbody>\n<\/table>\n<\/div>\n","protected":false},"excerpt":{"rendered":"<p>\u201ePuluz\u201c trikojis sporto kameroms (1,4 m) \u201ePuluz\u201c trikojis s\u0117kmingai pakei\u010dia du atskirus priedus \u2013 asmenuki\u0173 lazd\u0105 ir trikoj\u012f. Jis bus naudojamas ne tik \u012fra\u0161ant sporto var\u017eybas, bet ir kuriant kasdien\u012f turin\u012f \u2013 pavyzd\u017eiui, tiesiogin\u0117se transliacijose, ruo\u0161iant med\u017eiag\u0105 socialinei \u017einiasklaidai, vaizdo skambu\u010diams ir pan. Be to, kartu su \u201eInsta360\u201c kamera asmenuki\u0173 lazda \u012fra\u0161uose lieka nematoma. Pritaikyta [&#8230;]\n","protected":false},"featured_media":27734,"comment_status":"open","ping_status":"closed","template":"","meta":[],"product_brand":[149],"product_cat":[1112],"product_tag":[],"class_list":{"0":"post-27733","1":"product","2":"type-product","3":"status-publish","4":"has-post-thumbnail","6":"product_brand-puluz","7":"product_cat-tripods-mounts","9":"first","10":"outofstock","11":"taxable","12":"shipping-taxable","13":"purchasable","14":"product-type-simple"},"aioseo_notices":[],"_links":{"self":[{"href":"https:\/\/asura.lv\/lt\/wp-json\/wp\/v2\/product\/27733","targetHints":{"allow":["GET"]}}],"collection":[{"href":"https:\/\/asura.lv\/lt\/wp-json\/wp\/v2\/product"}],"about":[{"href":"https:\/\/asura.lv\/lt\/wp-json\/wp\/v2\/types\/product"}],"replies":[{"embeddable":true,"href":"https:\/\/asura.lv\/lt\/wp-json\/wp\/v2\/comments?post=27733"}],"wp:featuredmedia":[{"embeddable":true,"href":"https:\/\/asura.lv\/lt\/wp-json\/wp\/v2\/media\/27734"}],"wp:attachment":[{"href":"https:\/\/asura.lv\/lt\/wp-json\/wp\/v2\/media?parent=27733"}],"wp:term":[{"taxonomy":"product_brand","embeddable":true,"href":"https:\/\/asura.lv\/lt\/wp-json\/wp\/v2\/product_brand?post=27733"},{"taxonomy":"product_cat","embeddable":true,"href":"https:\/\/asura.lv\/lt\/wp-json\/wp\/v2\/product_cat?post=27733"},{"taxonomy":"product_tag","embeddable":true,"href":"https:\/\/asura.lv\/lt\/wp-json\/wp\/v2\/product_tag?post=27733"}],"curies":[{"name":"wp","href":"https:\/\/api.w.org\/{rel}","templated":true}]}}