{"id":27781,"date":"2025-11-29T00:12:44","date_gmt":"2025-11-29T00:12:44","guid":{"rendered":"https:\/\/asura.lv\/product\/puluz-132-led-photo-lamp\/"},"modified":"2025-12-12T15:58:44","modified_gmt":"2025-12-12T13:58:44","slug":"puluz-132-led-photo-lamp","status":"publish","type":"product","link":"https:\/\/asura.lv\/lt\/produktas\/puluz-132-led-photo-lamp\/","title":{"rendered":"Puluz 132 LED foto lempa"},"content":{"rendered":"<h3>\u201ePuluz 132 Led\u201c foto lempa<\/h3>\n<p>LED lempa puikiai tiks tiek profesionalioje studijoje, tiek namuose. D\u0117l auk\u0161to CRI, siekian\u010dio 95+, gausite tiksl\u0173 spalv\u0173 atk\u016brim\u0105, kuris yra labai svarbus fotografuojant gaminius, filmuojant ar tiesiogin\u0117se transliacijose. Tokie parametrai leid\u017eia i\u0161vengti nepageidaujamo spalv\u0173 i\u0161kraipymo ir sutrumpinti med\u017eiagos apdorojimo laik\u0105. Lempa taip pat turi 8 W gali\u0105 ir plat\u0173 ap\u0161vietimo kamp\u0105 (120\u00b0), kuris u\u017etikrina tolyg\u0173 ap\u0161vietim\u0105 be ry\u0161ki\u0173 \u0161e\u0161\u0117li\u0173 ar per didelio ekspozicijos lygio.<\/p>\n<p>\n<img decoding=\"async\" alt=\"\" border=\"0\" src=\"https:\/\/assets.innpro.pl\/15749\/19814\/6.jpg\"\/>\n<\/p>\n<h3>Trys \u0161viesos \u0161altiniai ir platus spalv\u0173 temperat\u016bros diapazonas<\/h3>\n<p>\u012erenginyje yra 132 \u0161viesos diodai: 44 \u0161altai balti, 44 \u0161iltai balti ir 44 RGB. Tai leid\u017eia lengvai perjungti neutrali\u0105 dienos \u0161vies\u0105, \u0161veln\u0173 \u0161ilt\u0105 ap\u0161vietim\u0105 ir vis\u0105 RGB spalv\u0173 spektr\u0105, pritaikant \u0161vies\u0105 prie kadro nuotaikos ar atmosferos. Reguliuojamas spalv\u0173 temperat\u016bros diapazonas nuo 2500 K iki 9000 K leid\u017eia tiksliai sureguliuoti \u0161viesos atspalv\u012f \u2013 nuo \u200b\u200b\u0161iltos \u017evaki\u0173 \u0161viesos iki \u0161altos dienos \u0161viesos. RGB re\u017eimu galimas visas spalv\u0173 diapazonas (0\u2013360 \u00b0), sodrumas ir ry\u0161kumas.<\/p>\n<p>\n<img decoding=\"async\" alt=\"\" border=\"0\" src=\"https:\/\/assets.innpro.pl\/15749\/19814\/4.jpg\"\/>\n<\/p>\n<h3>Specialieji efektai<\/h3>\n<p>Lempa si\u016blo iki 20 ap\u0161vietimo efekt\u0173, toki\u0173 kaip \u017eaibas, fejerverkai ir \u017evaki\u0173 mirg\u0117jimas, kurie puikiai tinka dinami\u0161koms ir kinematografin\u0117ms scenoms. Ry\u0161kum\u0105 galima skland\u017eiai reguliuoti nuo 0 iki 100 %, tod\u0117l lengva pritaikyti ap\u0161vietim\u0105 kiekvienam kadrui.<\/p>\n<p>\n<img decoding=\"async\" alt=\"\" border=\"0\" src=\"https:\/\/assets.innpro.pl\/15749\/19814\/2.jpg\"\/>\n<\/p>\n<h3>Ilgas veikimo laikas<\/h3>\n<p>Integruota 2600 mAh baterija u\u017etikrina iki 70 minu\u010di\u0173 veikimo esant maksimaliam ry\u0161kumui. Savo ruo\u017etu, jos \u012fkrovimas per USB-C prievad\u0105 (5 V \/ 2 A) trunka apie 2 valandas. Visas prietaisas yra kompakti\u0161kame, lengvame korpuse \u2013 idealiai tinka darbui lauke, trikojams ir pan.<\/p>\n<p>\n<img decoding=\"async\" alt=\"\" border=\"0\" src=\"https:\/\/assets.innpro.pl\/15749\/19814\/7.jpg\"\/>\n<\/p>\n<div class=\"table-wrapper\">\n<p>B\u00a0<\/p>\n<h3><\/h3>\n<table>\n<tbody>\n<tr>\n<th>Gamintojas<\/th>\n<td>Puluz<\/td>\n<\/tr>\n<tr>\n<th>Modelis<\/th>\n<td>PU4140<\/td>\n<\/tr>\n<tr>\n<th>Spalv\u0173 temperat\u016bros diapazonas<\/th>\n<td>2500K &#8211; 9000K<\/td>\n<\/tr>\n<tr>\n<th>\u0160viesos diodai<\/th>\n<td>132 \u0161viesos diodai: 44 vnt. \u0161altai balta, 44 vnt. \u0161iltai balta, 44 vnt. RGB<\/td>\n<\/tr>\n<tr>\n<th>CRI<\/th>\n<td>95+ CRI tiksliam spalv\u0173 atk\u016brimui<\/td>\n<\/tr>\n<tr>\n<th>I\u0161\u0117jimo galia<\/th>\n<td>8 W<\/td>\n<\/tr>\n<tr>\n<th>Spindulio kampas<\/th>\n<td>120 laipsni\u0173<\/td>\n<\/tr>\n<tr>\n<th>Maitinimo \u0161altinis<\/th>\n<td>Integruota 2600 mAh \u012fkraunama baterija<\/td>\n<\/tr>\n<tr>\n<th>\u012ekrovimo prievadas<\/th>\n<td>USB-C, 5 V \/ 2 A palaikymas<\/td>\n<\/tr>\n<tr>\n<th>\u012ekrovimo laikas<\/th>\n<td>Ma\u017edaug 2 valandos<\/td>\n<\/tr>\n<tr>\n<th>Nepertraukiamo veikimo laikas<\/th>\n<td>70 minu\u010di\u0173 (esant visu ry\u0161kumu)<\/td>\n<\/tr>\n<\/tbody>\n<\/table>\n<\/div>\n","protected":false},"excerpt":{"rendered":"<p>\u201ePuluz 132 Led\u201c foto lempa LED lempa puikiai tiks tiek profesionalioje studijoje, tiek namuose. D\u0117l auk\u0161to CRI, siekian\u010dio 95+, gausite tiksl\u0173 spalv\u0173 atk\u016brim\u0105, kuris yra labai svarbus fotografuojant gaminius, filmuojant ar tiesiogin\u0117se transliacijose. Tokie parametrai leid\u017eia i\u0161vengti nepageidaujamo spalv\u0173 i\u0161kraipymo ir sutrumpinti med\u017eiagos apdorojimo laik\u0105. Lempa taip pat turi 8 W gali\u0105 ir plat\u0173 ap\u0161vietimo [&#8230;]\n","protected":false},"featured_media":27782,"comment_status":"open","ping_status":"closed","template":"","meta":[],"product_brand":[149],"product_cat":[1109],"product_tag":[],"class_list":{"0":"post-27781","1":"product","2":"type-product","3":"status-publish","4":"has-post-thumbnail","6":"product_brand-puluz","7":"product_cat-lamps","9":"first","10":"outofstock","11":"taxable","12":"shipping-taxable","13":"purchasable","14":"product-type-simple"},"aioseo_notices":[],"_links":{"self":[{"href":"https:\/\/asura.lv\/lt\/wp-json\/wp\/v2\/product\/27781","targetHints":{"allow":["GET"]}}],"collection":[{"href":"https:\/\/asura.lv\/lt\/wp-json\/wp\/v2\/product"}],"about":[{"href":"https:\/\/asura.lv\/lt\/wp-json\/wp\/v2\/types\/product"}],"replies":[{"embeddable":true,"href":"https:\/\/asura.lv\/lt\/wp-json\/wp\/v2\/comments?post=27781"}],"wp:featuredmedia":[{"embeddable":true,"href":"https:\/\/asura.lv\/lt\/wp-json\/wp\/v2\/media\/27782"}],"wp:attachment":[{"href":"https:\/\/asura.lv\/lt\/wp-json\/wp\/v2\/media?parent=27781"}],"wp:term":[{"taxonomy":"product_brand","embeddable":true,"href":"https:\/\/asura.lv\/lt\/wp-json\/wp\/v2\/product_brand?post=27781"},{"taxonomy":"product_cat","embeddable":true,"href":"https:\/\/asura.lv\/lt\/wp-json\/wp\/v2\/product_cat?post=27781"},{"taxonomy":"product_tag","embeddable":true,"href":"https:\/\/asura.lv\/lt\/wp-json\/wp\/v2\/product_tag?post=27781"}],"curies":[{"name":"wp","href":"https:\/\/api.w.org\/{rel}","templated":true}]}}