{"id":27943,"date":"2025-11-29T00:12:29","date_gmt":"2025-11-29T00:12:29","guid":{"rendered":"https:\/\/asura.lv\/product\/telesin-buoyancy-case-for-gopro-hero-13-12-11-10-9-cameo\/"},"modified":"2025-12-12T15:58:36","modified_gmt":"2025-12-12T13:58:36","slug":"telesin-buoyancy-case-for-gopro-hero-13-12-11-10-9-cameo","status":"publish","type":"product","link":"https:\/\/asura.lv\/lt\/produktas\/telesin-buoyancy-case-for-gopro-hero-13-12-11-10-9-cameo\/","title":{"rendered":"\u201eTelesin\u201c pl\u016bdrumo d\u0117klas \u201eGoPro Hero 13\/12\/11\/10\/9 cameo\u201c kamerai"},"content":{"rendered":"<h3>\u201eTelesin\u201c pl\u016bdrumo d\u0117klas, skirtas \u201eGoPro Hero 13\/12\/11\/10\/9 cameo\u201c<\/h3>\n<p>Ie\u0161kote veiksmingos \u201eGoPro\u201c kameros apsaugos filmuojant vandenyje? \u201eTelesin\u201c pl\u016bdrumo d\u0117klas buvo sukurtas galvojant apie \u201eHero 9\u201c, \u201e10\u201c, \u201e11\u201c, \u201e12\u201c ir \u201e13\u201c naudotojus, derinant tiksl\u0173 prigludim\u0105, didel\u012f pl\u016bdrum\u0105 ir patvari\u0105 konstrukcij\u0105. D\u0117l intensyvios oran\u017ein\u0117s spalvos j\u012f lengva pasteb\u0117ti net banguotame vandenyje, o ma\u017eo tankio med\u017eiaga u\u017etikrina, kad kamera visada i\u0161liks pavir\u0161iuje. Tvirtas dangtelis apsaugo j\u016bs\u0173 \u012frang\u0105 nuo sm\u016bgi\u0173 ir pa\u017eeidim\u0173, tuo pa\u010diu suteikdamas visi\u0161k\u0105 filmavimo laisv\u0119.<\/p>\n<p>\n<img decoding=\"async\" alt=\"\" border=\"0\" src=\"https:\/\/assets.innpro.pl\/15622\/19627\/2.jpg\"\/>\n<\/p>\n<h3>Universalus pritaikymas ir saugus laikymas<\/h3>\n<p>D\u0117klas buvo specialiai sukurtas \u201eGoPro Hero 9\u201c, \u201e10\u201c, \u201e11\u201c, \u201e12\u201c ir \u201e13\u201c kameroms, u\u017etikrinant tobul\u0105 j\u0173 formos ir dyd\u017eio atitikim\u0105. Tikslus kont\u016bravimas u\u017etikrina, kad kamera stabiliai laikyt\u0173si kadre, nepasislinkt\u0173 ir neatsipalaiduot\u0173 net dinami\u0161kai judant vandenyje. Tai leid\u017eia atlikti \u012fvairius manevrus nesijaudinant d\u0117l \u200b\u200bkameros pa\u017eeidimo.<\/p>\n<p>\n<img decoding=\"async\" alt=\"\" border=\"0\" src=\"https:\/\/assets.innpro.pl\/15622\/19627\/4.jpg\"\/>\n<\/p>\n<h3>Didelis pl\u016bdrumas ir patikimas stabilumas<\/h3>\n<p>D\u0117l lengvos, ma\u017eo tankio med\u017eiagos korpusas pl\u016bduriuoja vandenyje, efektyviai i\u0161laikydamas kamer\u0105 pavir\u0161iuje. Tai puikiai tinka banglentininkams, narams ir vandens sporto entuziastams, norintiems \u012fsitikinti, kad j\u0173 \u012franga nenusk\u0119s. Oran\u017ein\u0117 korpuso spalva ne tik traukia ak\u012f, bet, svarbiausia, leid\u017eia lengvai ir greitai rasti kamer\u0105, jei ji nukrist\u0173. Net ir esant at\u0161iauriam orui ar prastam ap\u0161vietimui \u2013 j\u016bs\u0173 \u201eGoPro\u201c kamera bus ai\u0161kiai matoma!<\/p>\n<p>\n<img decoding=\"async\" alt=\"\" border=\"0\" src=\"https:\/\/assets.innpro.pl\/15622\/19627\/1.jpg\"\/>\n<\/p>\n<h3>Atsparumas sm\u016bgiams ir visapusi\u0161ka apsauga<\/h3>\n<p>\u201eTelesin Floating Frame\u201c ne tik pl\u016bduriuoja, bet ir suteikia tvirt\u0105 apsaug\u0105. Konstrukcija buvo sustiprinta, kad apsaugot\u0173 j\u016bs\u0173 kamer\u0105 nuo atsitiktini\u0173 sm\u016bgi\u0173, \u012fbr\u0117\u017eim\u0173 ar \u012fbr\u0117\u017eim\u0173. Tai leid\u017eia sutelkti d\u0117mes\u012f \u012f \u012fsp\u016bding\u0173 kadr\u0173 darym\u0105 \u2013 nepriklausomai nuo s\u0105lyg\u0173.<\/p>\n<p>\n<img decoding=\"async\" alt=\"\" border=\"0\" src=\"https:\/\/assets.innpro.pl\/15622\/19627\/5.jpg\"\/>\n<\/p>\n<div class=\"table-wrapper\">\n<p>B\u00a0<\/p>\n<h3><\/h3>\n<table>\n<tbody>\n<tr>\n<th>Gamintojas<\/th>\n<td>Telesin<\/td>\n<\/tr>\n<tr>\n<th>Modelis<\/th>\n<td>S4-FHG-07-TGP<\/td>\n<\/tr>\n<tr>\n<th>Konstrukcijos med\u017eiaga<\/th>\n<td>EVA<\/td>\n<\/tr>\n<tr>\n<th>Svoris<\/th>\n<td>44,7 g<\/td>\n<\/tr>\n<tr>\n<th>Matmenys<\/th>\n<td>10,3 x 5,4 x 7,8 cm<\/td>\n<\/tr>\n<tr>\n<th>Suderinamumas<\/th>\n<td>GoPro Hero 9\/10\/11\/12\/13<\/td>\n<\/tr>\n<tr>\n<th>Spalva<\/th>\n<td>Oran\u017ein\u0117<\/td>\n<\/tr>\n<\/tbody>\n<\/table>\n<\/div>\n","protected":false},"excerpt":{"rendered":"<p>\u201eTelesin\u201c pl\u016bdrumo d\u0117klas, skirtas \u201eGoPro Hero 13\/12\/11\/10\/9 cameo\u201c Ie\u0161kote veiksmingos \u201eGoPro\u201c kameros apsaugos filmuojant vandenyje? \u201eTelesin\u201c pl\u016bdrumo d\u0117klas buvo sukurtas galvojant apie \u201eHero 9\u201c, \u201e10\u201c, \u201e11\u201c, \u201e12\u201c ir \u201e13\u201c naudotojus, derinant tiksl\u0173 prigludim\u0105, didel\u012f pl\u016bdrum\u0105 ir patvari\u0105 konstrukcij\u0105. D\u0117l intensyvios oran\u017ein\u0117s spalvos j\u012f lengva pasteb\u0117ti net banguotame vandenyje, o ma\u017eo tankio med\u017eiaga u\u017etikrina, kad kamera [&#8230;]\n","protected":false},"featured_media":27944,"comment_status":"open","ping_status":"closed","template":"","meta":[],"product_brand":[296],"product_cat":[938],"product_tag":[],"class_list":{"0":"post-27943","1":"product","2":"type-product","3":"status-publish","4":"has-post-thumbnail","6":"product_brand-telesin","7":"product_cat-for-sports-cameras","9":"first","10":"outofstock","11":"taxable","12":"shipping-taxable","13":"purchasable","14":"product-type-simple"},"aioseo_notices":[],"_links":{"self":[{"href":"https:\/\/asura.lv\/lt\/wp-json\/wp\/v2\/product\/27943","targetHints":{"allow":["GET"]}}],"collection":[{"href":"https:\/\/asura.lv\/lt\/wp-json\/wp\/v2\/product"}],"about":[{"href":"https:\/\/asura.lv\/lt\/wp-json\/wp\/v2\/types\/product"}],"replies":[{"embeddable":true,"href":"https:\/\/asura.lv\/lt\/wp-json\/wp\/v2\/comments?post=27943"}],"wp:featuredmedia":[{"embeddable":true,"href":"https:\/\/asura.lv\/lt\/wp-json\/wp\/v2\/media\/27944"}],"wp:attachment":[{"href":"https:\/\/asura.lv\/lt\/wp-json\/wp\/v2\/media?parent=27943"}],"wp:term":[{"taxonomy":"product_brand","embeddable":true,"href":"https:\/\/asura.lv\/lt\/wp-json\/wp\/v2\/product_brand?post=27943"},{"taxonomy":"product_cat","embeddable":true,"href":"https:\/\/asura.lv\/lt\/wp-json\/wp\/v2\/product_cat?post=27943"},{"taxonomy":"product_tag","embeddable":true,"href":"https:\/\/asura.lv\/lt\/wp-json\/wp\/v2\/product_tag?post=27943"}],"curies":[{"name":"wp","href":"https:\/\/api.w.org\/{rel}","templated":true}]}}