{"id":27961,"date":"2025-11-29T00:12:28","date_gmt":"2025-11-29T00:12:28","guid":{"rendered":"https:\/\/asura.lv\/product\/telesin-housing-for-gopro-hero-13-12-11-10-9-camera\/"},"modified":"2025-12-12T15:58:36","modified_gmt":"2025-12-12T13:58:36","slug":"telesin-housing-for-gopro-hero-13-12-11-10-9-camera","status":"publish","type":"product","link":"https:\/\/asura.lv\/lt\/produktas\/telesin-housing-for-gopro-hero-13-12-11-10-9-camera\/","title":{"rendered":"\u201eTelesin\u201c korpusas \u201eGoPro Hero 13\/12\/11\/10\/9\u201c kamerai"},"content":{"rendered":"<h3>\u201eTelesin\u201c d\u0117klas \u201eGoPro Hero 13\/12\/11\/10\/9\u201c kamerai<\/h3>\n<p>\u201eTelesin\u201c au\u0161inimo d\u0117klas yra prakti\u0161kas priedas \u201eGoPro\u201c naudotojams, ie\u0161kantiems patikimos apsaugos be dideli\u0173 gabarit\u0173. Suderinamas su \u201eHero 13\u201c, \u201e12\u201c, \u201e11\u201c, \u201e10\u201c ir \u201e9\u201c modeliais, jis skirtas intensyviam naudojimui \u2013 tiek auk\u0161toje temperat\u016broje, tiek sud\u0117tingomis lauko s\u0105lygomis. D\u0117l kompakti\u0161kos formos ir ma\u017eo svorio jis neapsunkina \u012frangos, tuo pa\u010diu pagerindamas jos stabilum\u0105 ir saugum\u0105.<\/p>\n<p>\n<img decoding=\"async\" alt=\"\" border=\"0\" src=\"https:\/\/assets.innpro.pl\/15621\/19626\/1.jpg\"\/>\n<\/p>\n<h3>Geresnis au\u0161inimas \u2013 sklandesnis \u012fra\u0161ymas<\/h3>\n<p>Korpusas turi efektyvi\u0105 \u0161ilumos i\u0161sklaidymo sistem\u0105, kuri apsaugo kamer\u0105 nuo perkaitimo ilg\u0173 \u012fra\u0161ymo seans\u0173 metu. D\u0117l speciali\u0173 ventiliacijos ang\u0173 \u0161iluma paskirstoma tolygiai, o tai rei\u0161kia didesn\u012f kameros veikimo stabilum\u0105 ir be \u012fra\u0161ymo pertraukim\u0173. Tai sprendimas, kuris ypa\u010d pravers \u012fra\u0161in\u0117jant didel\u0117s rai\u0161kos vaizdus arba kar\u0161tu oru.<\/p>\n<p>\n<img decoding=\"async\" alt=\"\" border=\"0\" src=\"https:\/\/assets.innpro.pl\/15621\/19626\/2.jpg\"\/>\n<\/p>\n<h3>Apsauga ir i\u0161pl\u0117timo galimyb\u0117s<\/h3>\n<p>Korpusas pagamintas i\u0161 sm\u016bgiams atsparaus ABS plastiko ir turi \u012fmontuotus silikoninius pamink\u0161tinimus, kurie sugeria vibracij\u0105 ir nedidelius sm\u016bgius. Svarbu tai, kad konstrukcijoje taip pat numatyta galimyb\u0117 tvirtinti papildomus priedus \u2013 jame yra \u0161alto bato jungtis blykstei, mikrofonui ar kitiems \u012frenginiams, kurie praple\u010dia naudotojo k\u016brybines galimybes.<\/p>\n<p>\n<img decoding=\"async\" alt=\"\" border=\"0\" src=\"https:\/\/assets.innpro.pl\/15621\/19626\/5.jpg\"\/>\n<\/p>\n<div class=\"table-wrapper\">\n<p>B\u00a0<\/p>\n<h3><\/h3>\n<table>\n<tbody>\n<tr>\n<th>Gamintojas<\/th>\n<td>Telesin<\/td>\n<\/tr>\n<tr>\n<th>Gamintojo kodas<\/th>\n<td>S6-FMS-17-TGP<\/td>\n<\/tr>\n<tr>\n<th>Med\u017eiaga<\/th>\n<td>ABS plastikas<\/td>\n<\/tr>\n<tr>\n<th>Matmenys<\/th>\n<td>79,7 colio \u2013 31,7 colio 55,5 mm<\/td>\n<\/tr>\n<tr>\n<th>Suderinamumas<\/th>\n<td>GoPro Hero 13, 12, 11, 10, 9<\/td>\n<\/tr>\n<\/tbody>\n<\/table>\n<\/div>\n","protected":false},"excerpt":{"rendered":"<p>\u201eTelesin\u201c d\u0117klas \u201eGoPro Hero 13\/12\/11\/10\/9\u201c kamerai \u201eTelesin\u201c au\u0161inimo d\u0117klas yra prakti\u0161kas priedas \u201eGoPro\u201c naudotojams, ie\u0161kantiems patikimos apsaugos be dideli\u0173 gabarit\u0173. Suderinamas su \u201eHero 13\u201c, \u201e12\u201c, \u201e11\u201c, \u201e10\u201c ir \u201e9\u201c modeliais, jis skirtas intensyviam naudojimui \u2013 tiek auk\u0161toje temperat\u016broje, tiek sud\u0117tingomis lauko s\u0105lygomis. D\u0117l kompakti\u0161kos formos ir ma\u017eo svorio jis neapsunkina \u012frangos, tuo pa\u010diu pagerindamas jos [&#8230;]\n","protected":false},"featured_media":27962,"comment_status":"open","ping_status":"closed","template":"","meta":[],"product_brand":[296],"product_cat":[938],"product_tag":[],"class_list":{"0":"post-27961","1":"product","2":"type-product","3":"status-publish","4":"has-post-thumbnail","6":"product_brand-telesin","7":"product_cat-for-sports-cameras","9":"first","10":"outofstock","11":"taxable","12":"shipping-taxable","13":"purchasable","14":"product-type-simple"},"aioseo_notices":[],"_links":{"self":[{"href":"https:\/\/asura.lv\/lt\/wp-json\/wp\/v2\/product\/27961","targetHints":{"allow":["GET"]}}],"collection":[{"href":"https:\/\/asura.lv\/lt\/wp-json\/wp\/v2\/product"}],"about":[{"href":"https:\/\/asura.lv\/lt\/wp-json\/wp\/v2\/types\/product"}],"replies":[{"embeddable":true,"href":"https:\/\/asura.lv\/lt\/wp-json\/wp\/v2\/comments?post=27961"}],"wp:featuredmedia":[{"embeddable":true,"href":"https:\/\/asura.lv\/lt\/wp-json\/wp\/v2\/media\/27962"}],"wp:attachment":[{"href":"https:\/\/asura.lv\/lt\/wp-json\/wp\/v2\/media?parent=27961"}],"wp:term":[{"taxonomy":"product_brand","embeddable":true,"href":"https:\/\/asura.lv\/lt\/wp-json\/wp\/v2\/product_brand?post=27961"},{"taxonomy":"product_cat","embeddable":true,"href":"https:\/\/asura.lv\/lt\/wp-json\/wp\/v2\/product_cat?post=27961"},{"taxonomy":"product_tag","embeddable":true,"href":"https:\/\/asura.lv\/lt\/wp-json\/wp\/v2\/product_tag?post=27961"}],"curies":[{"name":"wp","href":"https:\/\/api.w.org\/{rel}","templated":true}]}}