{"id":28009,"date":"2025-11-29T00:12:20","date_gmt":"2025-11-29T00:12:20","guid":{"rendered":"https:\/\/asura.lv\/product\/sunnylife-multifunctional-mount-for-sports-cameras\/"},"modified":"2025-12-12T15:58:34","modified_gmt":"2025-12-12T13:58:34","slug":"sunnylife-multifunctional-mount-for-sports-cameras","status":"publish","type":"product","link":"https:\/\/asura.lv\/lt\/produktas\/sunnylife-multifunctional-mount-for-sports-cameras\/","title":{"rendered":"Daugiafunkcis \u201eSunnylife\u201c laikiklis sporto kameroms"},"content":{"rendered":"<h3>Daugiafunkcis \u201eSunnylife\u201c laikiklis sporto kameroms<\/h3>\n<p>\u201eSunnylife\u201c pristato daugiafunkc\u012f sporto kamer\u0173 laikikl\u012f, kuris suteikia neribotas tvirtinimo galimybes ir fiksuoja dinami\u0161kus vaizdus bet kokiomis s\u0105lygomis. \u012erengtas stipriu magnetu ir 360\u00b0 pasukamu pagrindu, laikikl\u012f galima lengvai pritvirtinti prie kepur\u0117s, kuprin\u0117s, dvira\u010dio vairo, strypo, dur\u0173 staktos, motociklo ar net fitneso \u012frangos skydelio. D\u0117l 360\u00b0 pasukimo ir 180\u00b0 pakreipimo funkcijos kamera visada i\u0161laiko tinkam\u0105 kamp\u0105, tod\u0117l galite gauti stabilius ir tikslius vaizdus \u2013 tiek kasdien naudojant, tiek dinami\u0161kai filmuojant pagreitintu re\u017eimu.<\/p>\n<p>\n<img decoding=\"async\" alt=\"\" border=\"0\" src=\"https:\/\/assets.innpro.pl\/15561\/19557\/2.jpg\"\/>\n<\/p>\n<h3>Stabilumas ir saugumas bet kokiomis s\u0105lygomis<\/h3>\n<p>Laikiklis sukurtas maksimaliam j\u016bs\u0173 \u012frangos saugumui. Stiprus magnetas u\u017etikrina tvirt\u0105 sukibim\u0105 su metaliniais pavir\u0161iais, tokiais kaip \u0161aldytuvas ar automobilio k\u0117bulas, o neslystantis silikoninis kilim\u0117lis ir storesn\u0117 spyruokl\u0117 su daugiaeiliais dantukais pa\u0161alina atsitiktinio \u012frenginio pasislinkimo ar nukritimo rizik\u0105. Greito tvirtinimo mechanizmas leid\u017eia akimirksniu pritvirtinti ir nuimti laikikl\u012f \u2013 tiesiog u\u017estumkite j\u012f ant kepur\u0117s ar kito \u012frenginio skydelio, kad prad\u0117tum\u0117te \u012fra\u0161ym\u0105.<\/p>\n<p>\n<img decoding=\"async\" alt=\"\" border=\"0\" src=\"https:\/\/assets.innpro.pl\/15561\/19557\/3.jpg\"\/>\n<\/p>\n<h3>Universalumas ir platus suderinamumas<\/h3>\n<p>\u201eSunnylife\u201c laikiklis i\u0161siskiria pla\u010diu suderinamumu \u2013 jis veikia su \u201eGoPro\u201c, \u201eInsta360\u201c (GO, ONE R, ONE X), \u201eDJI Action\u201c, \u201eDJI Pocket\u201c ir kitomis kameromis su 1\/4 colio sriegiu. Prie jo pridedamas 1\/4 colio adapteris, leid\u017eiantis tiesiogiai pritvirtinti tokias kameras kaip \u201eInsta360 X3\u201c arba \u201eX4\u201c. Be to, prijungus \u201eSunnylife ZJ069\u201c laikikl\u012f, jis gali b\u016bti naudojamas kaip magnetinis trikojis i\u0161maniajam telefonui, atveriantis daugiau galimybi\u0173 turinio k\u016br\u0117jams ir mobiliosios fotografijos entuziastams.<\/p>\n<p>\n<img decoding=\"async\" alt=\"\" border=\"0\" src=\"https:\/\/assets.innpro.pl\/15561\/19557\/4.jpg\"\/>\n<\/p>\n<div class=\"table-wrapper\">\n<p>B\u00a0<\/p>\n<h3><\/h3>\n<table>\n<tbody>\n<tr>\n<th>Gamintojas<\/th>\n<td>\u201eSunnylife\u201c<\/td>\n<\/tr>\n<tr>\n<th>Modelis<\/th>\n<td>MJ949<\/td>\n<\/tr>\n<tr>\n<th>Konstrukcijos med\u017eiaga<\/th>\n<td>Plastikas, magnetai, silikonas<\/td>\n<\/tr>\n<tr>\n<th>Svoris<\/th>\n<td>89 g (be adapteris)<\/td>\n<\/tr>\n<tr>\n<th>Matmenys<\/th>\n<td>74 x 103 x 57 mm<\/td>\n<\/tr>\n<tr>\n<th>Spalva<\/th>\n<td>Juoda<\/td>\n<\/tr>\n<tr>\n<th>Suderinamumas<\/th>\n<td>GoPeo, Insta360 GO\/ONE R\/ONE X, DJI Action, DJI Pocket<\/td>\n<\/tr>\n<\/tbody>\n<\/table>\n<\/div>\n","protected":false},"excerpt":{"rendered":"<p>Daugiafunkcis \u201eSunnylife\u201c laikiklis sporto kameroms \u201eSunnylife\u201c pristato daugiafunkc\u012f sporto kamer\u0173 laikikl\u012f, kuris suteikia neribotas tvirtinimo galimybes ir fiksuoja dinami\u0161kus vaizdus bet kokiomis s\u0105lygomis. \u012erengtas stipriu magnetu ir 360\u00b0 pasukamu pagrindu, laikikl\u012f galima lengvai pritvirtinti prie kepur\u0117s, kuprin\u0117s, dvira\u010dio vairo, strypo, dur\u0173 staktos, motociklo ar net fitneso \u012frangos skydelio. D\u0117l 360\u00b0 pasukimo ir 180\u00b0 pakreipimo funkcijos [&#8230;]\n","protected":false},"featured_media":28010,"comment_status":"open","ping_status":"closed","template":"","meta":[],"product_brand":[432],"product_cat":[938],"product_tag":[],"class_list":{"0":"post-28009","1":"product","2":"type-product","3":"status-publish","4":"has-post-thumbnail","6":"product_brand-sunnylife","7":"product_cat-for-sports-cameras","9":"first","10":"outofstock","11":"taxable","12":"shipping-taxable","13":"purchasable","14":"product-type-simple"},"aioseo_notices":[],"_links":{"self":[{"href":"https:\/\/asura.lv\/lt\/wp-json\/wp\/v2\/product\/28009","targetHints":{"allow":["GET"]}}],"collection":[{"href":"https:\/\/asura.lv\/lt\/wp-json\/wp\/v2\/product"}],"about":[{"href":"https:\/\/asura.lv\/lt\/wp-json\/wp\/v2\/types\/product"}],"replies":[{"embeddable":true,"href":"https:\/\/asura.lv\/lt\/wp-json\/wp\/v2\/comments?post=28009"}],"wp:featuredmedia":[{"embeddable":true,"href":"https:\/\/asura.lv\/lt\/wp-json\/wp\/v2\/media\/28010"}],"wp:attachment":[{"href":"https:\/\/asura.lv\/lt\/wp-json\/wp\/v2\/media?parent=28009"}],"wp:term":[{"taxonomy":"product_brand","embeddable":true,"href":"https:\/\/asura.lv\/lt\/wp-json\/wp\/v2\/product_brand?post=28009"},{"taxonomy":"product_cat","embeddable":true,"href":"https:\/\/asura.lv\/lt\/wp-json\/wp\/v2\/product_cat?post=28009"},{"taxonomy":"product_tag","embeddable":true,"href":"https:\/\/asura.lv\/lt\/wp-json\/wp\/v2\/product_tag?post=28009"}],"curies":[{"name":"wp","href":"https:\/\/api.w.org\/{rel}","templated":true}]}}