{"id":28093,"date":"2025-11-29T00:12:13","date_gmt":"2025-11-29T00:12:13","guid":{"rendered":"https:\/\/asura.lv\/product\/sunnylife-protective-case-with-strap-for-osmo-pocket-3-pink\/"},"modified":"2025-12-12T15:58:30","modified_gmt":"2025-12-12T13:58:30","slug":"sunnylife-protective-case-with-strap-for-osmo-pocket-3-pink","status":"publish","type":"product","link":"https:\/\/asura.lv\/lt\/produktas\/sunnylife-protective-case-with-strap-for-osmo-pocket-3-pink\/","title":{"rendered":"\u201eSunnylife\u201c apsauginis d\u0117klas su dir\u017eeliu, skirtas \u201eOsmo Pocket 3\u201c (ro\u017einis)"},"content":{"rendered":"<h3>\u201eSunnylife\u201c apsauginis d\u0117klas su dir\u017eeliu, skirtas \u201eOsmo Pocket 3\u201c (ro\u017einis)<\/h3>\n<p>\u201eSunnylife\u201c apsauginis d\u0117klas, skirtas \u201eOsmo Pocket 3\u201c, yra prakti\u0161kas ir tvirtas sprendimas, skirtas k\u016br\u0117jams, kurie vertina savo \u012frangos mobilum\u0105 ir saugum\u0105. Atver\u010diamas dizainas leid\u017eia greitai pasiekti kamer\u0105 filmuojant, o mink\u0161tas vidinis pamu\u0161alas efektyviai apsaugo ekran\u0105 nuo \u012fbr\u0117\u017eim\u0173 ir sm\u016bgi\u0173. D\u0117klas apsaugo stabilizatori\u0173, objektyv\u0105 ir ekran\u0105 nuo dulki\u0173, sm\u016bgi\u0173 ir mechanini\u0173 pa\u017eeidim\u0173 \u2013 nesvarbu, kokiomis s\u0105lygomis filmuojate.<\/p>\n<p>\n<img decoding=\"async\" alt=\"\" border=\"0\" src=\"https:\/\/assets.innpro.pl\/15537\/19532\/5.jpg\"\/>\n<\/p>\n<h3>I\u0161manus pried\u0173 laikymas<\/h3>\n<p>Integruoti magnetiniai skyriai yra i\u0161mani funkcija, leid\u017eianti saugiai laikyti originalius objektyv\u0173 filtrus, DJI plataus kampo objektyvus ir \u201eSunnylife\u201c filtrus. D\u0117klas taip pat suderinamas su dauguma pried\u0173, kuri\u0173 dydis yra pana\u0161us \u012f originalius suderinamus filtrus. Tai puikus sprendimas tiems, kurie nori visus b\u016btiniausius daiktus laikyti po ranka \u2013 nerizikuodami j\u0173 pamesti ar sugadinti.<\/p>\n<p>\n<img decoding=\"async\" alt=\"\" border=\"0\" src=\"https:\/\/assets.innpro.pl\/15537\/19532\/4.jpg\"\/>\n<\/p>\n<h3>Patogumas ir saugumas viename<\/h3>\n<p>Rinkinyje taip pat yra 20,5 cm dir\u017eelis, kuris padidina patogum\u0105 ir apsaugo j\u016bs\u0173 \u012frang\u0105 nuo atsitiktinio kritimo. Tai leid\u017eia filmuoti lauke ar kelyje dar lengviau ir saugiau. Stilinga d\u0117klo apdaila suteikia visam \u012frenginiui eleganti\u0161k\u0105 ir profesionali\u0105 i\u0161vaizd\u0105 \u2013 puikiai atitinka bet kurio film\u0173 k\u016br\u0117jo poreikius.<\/p>\n<p>\n<img decoding=\"async\" alt=\"\" border=\"0\" src=\"https:\/\/assets.innpro.pl\/15537\/19532\/1.jpg\"\/>\n<\/p>\n<h3>Pridedama<\/h3>\n<ul class=\"list-disc pl-5\">\n<li>apsauginis d\u0117klas<\/li>\n<li>dir\u017eelis<\/li>\n<\/ul>\n<div class=\"table-wrapper\">\n<p>\u0412\u00a0<\/p>\n<h3><\/h3>\n<table>\n<tbody>\n<tr>\n<th>Gamintojas<\/th>\n<td>Sunnylife<\/td>\n<\/tr>\n<tr>\n<th>Modelis<\/th>\n<td>OP3-K981-D<\/td>\n<\/tr>\n<tr>\n<th>Suderinami modeliai<\/th>\n<td>Osmo Pocket 3<\/td>\n<\/tr>\n<tr>\n<th>Konstrukcijos med\u017eiaga<\/th>\n<td>Plastikas<\/td>\n<\/tr>\n<tr>\n<th>Spalva<\/th>\n<td>Ro\u017ein\u0117<\/td>\n<\/tr>\n<tr>\n<th>Svoris<\/th>\n<td>60 g<\/td>\n<\/tr>\n<tr>\n<th>Matmenys<\/th>\n<td>38 x 54 x 194 mm<\/td>\n<\/tr>\n<tr>\n<th>Dir\u017eelio ilgis<\/th>\n<td>20,5 cm<\/td>\n<\/tr>\n<\/tbody>\n<\/table>\n<\/div>\n","protected":false},"excerpt":{"rendered":"<p>\u201eSunnylife\u201c apsauginis d\u0117klas su dir\u017eeliu, skirtas \u201eOsmo Pocket 3\u201c (ro\u017einis) \u201eSunnylife\u201c apsauginis d\u0117klas, skirtas \u201eOsmo Pocket 3\u201c, yra prakti\u0161kas ir tvirtas sprendimas, skirtas k\u016br\u0117jams, kurie vertina savo \u012frangos mobilum\u0105 ir saugum\u0105. Atver\u010diamas dizainas leid\u017eia greitai pasiekti kamer\u0105 filmuojant, o mink\u0161tas vidinis pamu\u0161alas efektyviai apsaugo ekran\u0105 nuo \u012fbr\u0117\u017eim\u0173 ir sm\u016bgi\u0173. D\u0117klas apsaugo stabilizatori\u0173, objektyv\u0105 ir ekran\u0105 [&#8230;]\n","protected":false},"featured_media":28094,"comment_status":"open","ping_status":"closed","template":"","meta":[],"product_brand":[432],"product_cat":[875],"product_tag":[],"class_list":{"0":"post-28093","1":"product","2":"type-product","3":"status-publish","4":"has-post-thumbnail","6":"product_brand-sunnylife","7":"product_cat-for-gimbals","9":"first","10":"outofstock","11":"taxable","12":"shipping-taxable","13":"purchasable","14":"product-type-simple"},"aioseo_notices":[],"_links":{"self":[{"href":"https:\/\/asura.lv\/lt\/wp-json\/wp\/v2\/product\/28093","targetHints":{"allow":["GET"]}}],"collection":[{"href":"https:\/\/asura.lv\/lt\/wp-json\/wp\/v2\/product"}],"about":[{"href":"https:\/\/asura.lv\/lt\/wp-json\/wp\/v2\/types\/product"}],"replies":[{"embeddable":true,"href":"https:\/\/asura.lv\/lt\/wp-json\/wp\/v2\/comments?post=28093"}],"wp:featuredmedia":[{"embeddable":true,"href":"https:\/\/asura.lv\/lt\/wp-json\/wp\/v2\/media\/28094"}],"wp:attachment":[{"href":"https:\/\/asura.lv\/lt\/wp-json\/wp\/v2\/media?parent=28093"}],"wp:term":[{"taxonomy":"product_brand","embeddable":true,"href":"https:\/\/asura.lv\/lt\/wp-json\/wp\/v2\/product_brand?post=28093"},{"taxonomy":"product_cat","embeddable":true,"href":"https:\/\/asura.lv\/lt\/wp-json\/wp\/v2\/product_cat?post=28093"},{"taxonomy":"product_tag","embeddable":true,"href":"https:\/\/asura.lv\/lt\/wp-json\/wp\/v2\/product_tag?post=28093"}],"curies":[{"name":"wp","href":"https:\/\/api.w.org\/{rel}","templated":true}]}}