{"id":28285,"date":"2025-11-29T00:10:52","date_gmt":"2025-11-29T00:10:52","guid":{"rendered":"https:\/\/asura.lv\/product\/thermal-labels-niimbot-stickers-50x30-mm-900pcs-white\/"},"modified":"2025-12-12T15:57:22","modified_gmt":"2025-12-12T13:57:22","slug":"thermal-labels-niimbot-stickers-50x30-mm-900pcs-white","status":"publish","type":"product","link":"https:\/\/asura.lv\/lt\/produktas\/thermal-labels-niimbot-stickers-50x30-mm-900pcs-white\/","title":{"rendered":"Termin\u0117s etiket\u0117s Niimbot lipdukai 50&#215;30 mm &#8211; 900 vnt. (baltos)"},"content":{"rendered":"<h3>\u201eNiimbot\u201c termini\u0173 etike\u010di\u0173 lipdukai 50&#215;30 mm &#8211; 900 vnt. (balti)<\/h3>\n<p>\u201eNiimbot\u201c 50&#215;30 mm termin\u0117s etiket\u0117s yra idealus sprendimas tiems, kurie nori sukurti \u012fskaitomus ir ilgalaikius \u017eym\u0117jimus nenaudodami ra\u0161alo ar da\u017e\u0173. Rinkinyje yra 900 balt\u0173 lipduk\u0173, suderinam\u0173 su \u201eNiimbot\u201c spausdintuvais. D\u0117l terminio spausdinimo technologijos etiket\u0117s yra atsparios trin\u010diai ir blukimui, o j\u0173 universalus 50&#215;30 mm dydis puikiai tiks \u017eym\u0117ti gaminius, dokumentus, pakuotes ar sand\u0117liavimo lentynas. Lipnus pavir\u0161ius u\u017etikrina tvirt\u0105 laikym\u0105 nepaliekant liku\u010di\u0173 nulupus, tod\u0117l jie yra prakti\u0161kas pasirinkimas naudoti namuose ir versle.<\/p>\n<p>\n<img decoding=\"async\" alt=\"\" border=\"0\" src=\"https:\/\/assets.innpro.pl\/13333\/16407\/1.jpg\"\/>\n<\/p>\n<div class=\"table-wrapper\">\n<p>\u0412\u00a0<\/p>\n<h3><\/h3>\n<table>\n<tbody>\n<tr>\n<th>Gamintojas<\/th>\n<td>Niimbot<\/td>\n<\/tr>\n<tr>\n<th>Modelis<\/th>\n<td>T50*30-900 Balta<\/td>\n<\/tr>\n<tr>\n<th>Spalva<\/th>\n<td>Balta<\/td>\n<\/tr>\n<tr>\n<th>Matmenys<\/th>\n<td>50 x 30 mm<\/td>\n<\/tr>\n<tr>\n<th>Skai\u010dius vienet\u0173<\/th>\n<td>900<\/td>\n<\/tr>\n<tr>\n<th>Suderinamumas<\/th>\n<td>\u201eNiimbot K3\/K2\u201c serijos terminiai spausdintuvai<\/td>\n<\/tr>\n<\/tbody>\n<\/table>\n<\/div>\n","protected":false},"excerpt":{"rendered":"<p>\u201eNiimbot\u201c termini\u0173 etike\u010di\u0173 lipdukai 50&#215;30 mm &#8211; 900 vnt. (balti) \u201eNiimbot\u201c 50&#215;30 mm termin\u0117s etiket\u0117s yra idealus sprendimas tiems, kurie nori sukurti \u012fskaitomus ir ilgalaikius \u017eym\u0117jimus nenaudodami ra\u0161alo ar da\u017e\u0173. Rinkinyje yra 900 balt\u0173 lipduk\u0173, suderinam\u0173 su \u201eNiimbot\u201c spausdintuvais. D\u0117l terminio spausdinimo technologijos etiket\u0117s yra atsparios trin\u010diai ir blukimui, o j\u0173 universalus 50&#215;30 mm dydis [&#8230;]\n","protected":false},"featured_media":28286,"comment_status":"open","ping_status":"closed","template":"","meta":[],"product_brand":[470],"product_cat":[1022],"product_tag":[],"class_list":{"0":"post-28285","1":"product","2":"type-product","3":"status-publish","4":"has-post-thumbnail","6":"product_brand-niimbot","7":"product_cat-labels","9":"first","10":"outofstock","11":"taxable","12":"shipping-taxable","13":"purchasable","14":"product-type-simple"},"aioseo_notices":[],"_links":{"self":[{"href":"https:\/\/asura.lv\/lt\/wp-json\/wp\/v2\/product\/28285","targetHints":{"allow":["GET"]}}],"collection":[{"href":"https:\/\/asura.lv\/lt\/wp-json\/wp\/v2\/product"}],"about":[{"href":"https:\/\/asura.lv\/lt\/wp-json\/wp\/v2\/types\/product"}],"replies":[{"embeddable":true,"href":"https:\/\/asura.lv\/lt\/wp-json\/wp\/v2\/comments?post=28285"}],"wp:featuredmedia":[{"embeddable":true,"href":"https:\/\/asura.lv\/lt\/wp-json\/wp\/v2\/media\/28286"}],"wp:attachment":[{"href":"https:\/\/asura.lv\/lt\/wp-json\/wp\/v2\/media?parent=28285"}],"wp:term":[{"taxonomy":"product_brand","embeddable":true,"href":"https:\/\/asura.lv\/lt\/wp-json\/wp\/v2\/product_brand?post=28285"},{"taxonomy":"product_cat","embeddable":true,"href":"https:\/\/asura.lv\/lt\/wp-json\/wp\/v2\/product_cat?post=28285"},{"taxonomy":"product_tag","embeddable":true,"href":"https:\/\/asura.lv\/lt\/wp-json\/wp\/v2\/product_tag?post=28285"}],"curies":[{"name":"wp","href":"https:\/\/api.w.org\/{rel}","templated":true}]}}