{"id":28357,"date":"2025-11-29T00:10:43","date_gmt":"2025-11-29T00:10:43","guid":{"rendered":"https:\/\/asura.lv\/product\/usb-2-0-a-male-to-3-in-1-usb-c-lightning-and-micro-b-male-cable-vention-3a-ctpbg-1-5m\/"},"modified":"2025-12-12T15:57:17","modified_gmt":"2025-12-12T13:57:17","slug":"usb-2-0-a-male-to-3-in-1-usb-c-lightning-and-micro-b-male-cable-vention-3a-ctpbg-1-5m","status":"publish","type":"product","link":"https:\/\/asura.lv\/lt\/produktas\/usb-2-0-a-male-to-3-in-1-usb-c-lightning-and-micro-b-male-cable-vention-3a-ctpbg-1-5m\/","title":{"rendered":"USB 2.0 A tipo ki\u0161tukas \u012f 3 viename USB-C, Lightning ir Micro-B tipo ki\u0161tuk\u0105, jungtis: Vention 3A CTPBG, 1,5 m"},"content":{"rendered":"<h3>USB 2.0 A tipo ki\u0161tukas su 3 viename USB-C, \u201eLightning\u201c ir \u201eMicro-B\u201c ki\u0161tuku, \u201eVention 3A CTPBG\u201c, 1,5 m (juodas)<\/h3>\n<p>\u201eVention CTPBG\u201c yra USB 2.0 laidas, leid\u017eiantis vienu metu \u012fkrauti 3 skirtingus \u012frenginius naudojant USB-C, \u201eLightning\u201c ir \u201eMicro-B\u201c gnybtus. Maksimali srov\u0117 yra 3 A, tod\u0117l galite efektyviai atnaujinti \u012frangos su skirtingais prievadais energij\u0105, nereikalaujant atskir\u0173 laid\u0173. Palaikomi \u012frenginiai: \u201eiPhone\u201c (6\u201315 serijos), \u201eAndroid\u201c i\u0161manieji telefonai, ne\u0161iojamosios \u012fkrovos, USB ventiliatoriai arba stalin\u0117s lempos.<\/p>\n<p>\n<img decoding=\"async\" alt=\"\" border=\"0\" src=\"https:\/\/assets.innpro.pl\/15926\/20060\/1.jpg\"\/>\n<\/p>\n<h3>Greitas duomen\u0173 perdavimas<\/h3>\n<p>\u201eLightning\u201c prievadas palaiko iki 480 Mbps duomen\u0173 perdavimo greit\u012f, tod\u0117l galite greitai kopijuoti failus tarp \u201eiPhone\u201c ir kompiuterio. D\u0117l suderinamumo su \u201eApple\u201c ir \u201eAndroid\u201c \u012frenginiais bei prane\u0161im\u0173 apie neoriginalius priedus nebuvimo, laidas yra universalus sprendimas \u012fkrovimui ir duomen\u0173 sinchronizavimui namuose, darbe ir kelion\u0117se.<\/p>\n<p>\n<img decoding=\"async\" alt=\"\" border=\"0\" src=\"https:\/\/assets.innpro.pl\/15926\/20060\/4.jpg\"\/>\n<\/p>\n<h3>Patvari konstrukcija<\/h3>\n<p>Laidas pagamintas i\u0161 alavuoto vario, turi daugiasluoksn\u012f ekranavim\u0105 ir medviln\u0117s bei PVC pint\u0105 apvalkal\u0105. Jungtys padengtos nikeliu, o jung\u010di\u0173 korpusai pagaminti i\u0161 aliuminio, kad b\u016bt\u0173 atspar\u016bs lenkimui ir kasdieniam naudojimui. Kabelio ilgis yra 1,5 metro, i\u0161 kuri\u0173 1,2 metro yra pagrindinis kabelis, o lik\u0119 30 centimetr\u0173 \u2013 dalys, paskirstytos trims galams.<\/p>\n<p>\n<img decoding=\"async\" alt=\"\" border=\"0\" src=\"https:\/\/assets.innpro.pl\/15926\/20060\/2.jpg\"\/>\n<\/p>\n<div class=\"table-wrapper\">\n<p>B\u00a0<\/p>\n<h3><\/h3>\n<table>\n<tbody>\n<tr>\n<th>Gamintojas<\/th>\n<td>Vention<\/td>\n<\/tr>\n<tr>\n<th>Pavadinimas<\/th>\n<td>USB 2.0 3 viename kabelis<\/td>\n<\/tr>\n<tr>\n<th>Modelis<\/th>\n<td>CTPBG<\/td>\n<\/tr>\n<tr>\n<th>Jungtys<\/th>\n<td>USB-C \/ USB-A \/ Lightning \/ \u201eMicro-B\u201c<\/td>\n<\/tr>\n<tr>\n<th>Dengimo procesas<\/th>\n<td>Nikeliu padengtas<\/td>\n<\/tr>\n<tr>\n<th>Kreipiantis<\/th>\n<td>Alavuotas varis<\/td>\n<\/tr>\n<tr>\n<th>Ekranas<\/th>\n<td>Aliuminio folija<\/td>\n<\/tr>\n<tr>\n<th>I\u0161orin\u0117 izoliacija<\/th>\n<td>PVC + medvilnin\u0117 pyn\u0117<\/td>\n<\/tr>\n<tr>\n<th>Jungties korpusas<\/th>\n<td>PVC + aliuminio lydinys<\/td>\n<\/tr>\n<tr>\n<th>I\u0161orinis skersmuo<\/th>\n<td>3,8 mm<\/td>\n<\/tr>\n<tr>\n<th>Duomen\u0173 perdavimo greitis<\/th>\n<td>480 Mbps (\u201eLightning\u201c)<\/td>\n<\/tr>\n<tr>\n<th>Nominali srov\u0117<\/th>\n<td>3A (USB-C); 2,4A (\u201eLightning\u201c); 2A (Micro-B)<\/td>\n<\/tr>\n<tr>\n<th>Nominali galia<\/th>\n<td>60 W (USB-C); 12 W (Lightning); 10 W (Micro-B)<\/td>\n<\/tr>\n<tr>\n<th>Ilgis<\/th>\n<td>1,5 m (1,2 m + 0,3 m)<\/td>\n<\/tr>\n<tr>\n<th>Spalva<\/th>\n<td>Juoda<\/td>\n<\/tr>\n<\/tbody>\n<\/table>\n<\/div>\n","protected":false},"excerpt":{"rendered":"<p>USB 2.0 A tipo ki\u0161tukas su 3 viename USB-C, \u201eLightning\u201c ir \u201eMicro-B\u201c ki\u0161tuku, \u201eVention 3A CTPBG\u201c, 1,5 m (juodas) \u201eVention CTPBG\u201c yra USB 2.0 laidas, leid\u017eiantis vienu metu \u012fkrauti 3 skirtingus \u012frenginius naudojant USB-C, \u201eLightning\u201c ir \u201eMicro-B\u201c gnybtus. Maksimali srov\u0117 yra 3 A, tod\u0117l galite efektyviai atnaujinti \u012frangos su skirtingais prievadais energij\u0105, nereikalaujant atskir\u0173 laid\u0173. [&#8230;]\n","protected":false},"featured_media":28358,"comment_status":"open","ping_status":"closed","template":"","meta":[],"product_brand":[474],"product_cat":[1331],"product_tag":[],"class_list":{"0":"post-28357","1":"product","2":"type-product","3":"status-publish","4":"has-post-thumbnail","6":"product_brand-vention","7":"product_cat-combo-cables-usb-cables","9":"first","10":"outofstock","11":"taxable","12":"shipping-taxable","13":"purchasable","14":"product-type-simple"},"aioseo_notices":[],"_links":{"self":[{"href":"https:\/\/asura.lv\/lt\/wp-json\/wp\/v2\/product\/28357","targetHints":{"allow":["GET"]}}],"collection":[{"href":"https:\/\/asura.lv\/lt\/wp-json\/wp\/v2\/product"}],"about":[{"href":"https:\/\/asura.lv\/lt\/wp-json\/wp\/v2\/types\/product"}],"replies":[{"embeddable":true,"href":"https:\/\/asura.lv\/lt\/wp-json\/wp\/v2\/comments?post=28357"}],"wp:featuredmedia":[{"embeddable":true,"href":"https:\/\/asura.lv\/lt\/wp-json\/wp\/v2\/media\/28358"}],"wp:attachment":[{"href":"https:\/\/asura.lv\/lt\/wp-json\/wp\/v2\/media?parent=28357"}],"wp:term":[{"taxonomy":"product_brand","embeddable":true,"href":"https:\/\/asura.lv\/lt\/wp-json\/wp\/v2\/product_brand?post=28357"},{"taxonomy":"product_cat","embeddable":true,"href":"https:\/\/asura.lv\/lt\/wp-json\/wp\/v2\/product_cat?post=28357"},{"taxonomy":"product_tag","embeddable":true,"href":"https:\/\/asura.lv\/lt\/wp-json\/wp\/v2\/product_tag?post=28357"}],"curies":[{"name":"wp","href":"https:\/\/api.w.org\/{rel}","templated":true}]}}