{"id":28711,"date":"2025-11-28T23:10:09","date_gmt":"2025-11-28T23:10:09","guid":{"rendered":"https:\/\/asura.lv\/product\/smart-wifi-control-panel-sonoff-nspanel-black-120mm\/"},"modified":"2025-12-12T15:54:50","modified_gmt":"2025-12-12T13:54:50","slug":"smart-wifi-control-panel-sonoff-nspanel-black-120mm","status":"publish","type":"product","link":"https:\/\/asura.lv\/lt\/produktas\/smart-wifi-control-panel-sonoff-nspanel-black-120mm\/","title":{"rendered":"I\u0161manusis WiFi valdymo pultas SONOFF NSPanel (juodas, 120 mm)"},"content":{"rendered":"<h3><\/h3>\n<p>Produktas yra 120 mm versijos. Rekomenduojame montuoti \u012f skydelio pagrind\u0105 6920075778151 (parduodamas atskirai). Prie\u0161 pirkdami patikrinkite matmenis, kad tinkamai sumontuotum\u0117te.<\/p>\n<h3>SONOFF NSPanel-US i\u0161manusis WiFi valdymo pultas (juodas, 120 mm)<\/h3>\n<p>SONOFF NSPanel-US yra pa\u017eangus valdymo pultas, kuriame integruotos HMI valdymo, i\u0161maniosios temperat\u016bros valdymo ir i\u0161mani\u0173j\u0173 jungikli\u0173 funkcijos. Jis leid\u017eia centralizuotai valdyti buitinius prietaisus, reguliuoti aplinkos temperat\u016br\u0105 ir vienu palietimu \u012fjungti pasirinktus re\u017eimus. Nuo ap\u0161vietimo, oro kondicionieri\u0173 ir \u0161ildymo iki u\u017euolaid\u0173 ar motorizuot\u0173 \u017ealiuzi\u0173 \u2013 \u0161is valdymo pultas pakelia i\u0161mani\u0173j\u0173 nam\u0173 komfort\u0105 \u012f kit\u0105 lyg\u012f.<\/p>\n<p>\n<img decoding=\"async\" border=\"0\" src=\"https:\/\/assets.innpro.pl\/12018\/14249\/1a.jpg\"\/>\n<\/p>\n<h3>Visi\u0161kas automatizavimas vienu paspaudimu<\/h3>\n<p>\u201eNSPanel-US\u201c yra i\u0161sami valdymo sistema, leid\u017eianti valdyti kelis \u012frenginius viename ekrane. I\u0161manusis ap\u0161vietimas, temperat\u016bros valdymas ir scenarij\u0173 funkcijos pasiekiamos intuityviai. Nustatykite pageidaujamus darbo, miego ar filmo per\u017ei\u016bros scenarijus ir \u012fjunkite juos pir\u0161to palietimu.<\/p>\n<p>\n<img decoding=\"async\" border=\"0\" src=\"https:\/\/assets.innpro.pl\/12018\/14249\/6.jpg\"\/>\n<\/p>\n<h3>Universalios valdymo parinktys<\/h3>\n<p>\u201eNSPanel\u201c si\u016blo \u012fvairias valdymo parinktis. Trumpas atstumas \u2013 patogus valdymas lietimu su HMI ir dvigubu sieniniu jungikliu. Vidutinis atstumas \u2013 valdymas balsu naudojant tokius asistentus kaip \u201eAlexa\u201c, \u201eGoogle Assistant\u201c arba \u201eAlice\u201c. Didelis atstumas leid\u017eia valdyti nuotoliniu b\u016bdu per \u201eeWeLink\u201c program\u0117l\u0119, net kai esate toli nuo nam\u0173.<\/p>\n<p>\n<img decoding=\"async\" border=\"0\" src=\"https:\/\/assets.innpro.pl\/12018\/14249\/7.jpg\"\/>\n<\/p>\n<h3>Individualizuoti scenarijai<\/h3>\n<p>Svajojate apie tobul\u0105 ap\u0161vietim\u0105 ir temperat\u016br\u0105 dirbdami ar ils\u0117damiesi? \u201eNSPanel\u201c leid\u017eia kurti scenarijus, pritaikytus j\u016bs\u0173 poreikiams. Vienu spustel\u0117jimu galite perjungti i\u0161 filmo \u017ei\u016br\u0117jimo re\u017eimo \u012f miego re\u017eim\u0105, per kelias sekundes \u012fjungdami visas savo nuostatas.<\/p>\n<p>\n<img decoding=\"async\" border=\"0\" src=\"https:\/\/assets.innpro.pl\/12018\/14249\/8.jpg\"\/>\n<\/p>\n<h3>Individualus ir grupinis valdymas<\/h3>\n<p>Skydelis leid\u017eia valdyti \u012frenginius individualiai arba grup\u0117mis. \u012ejunkite vien\u0105 \u0161vies\u0105 poilsiui arba visas, kad pasitiktum\u0117te sve\u010dius. \u201eNSPanel\u201c suteikia visi\u0161k\u0105 laisv\u0119 pritaikyti namus pagal savo gyvenimo b\u016bd\u0105.<\/p>\n<p>\n<img decoding=\"async\" border=\"0\" src=\"https:\/\/assets.innpro.pl\/12018\/14249\/2a (1).jpg\"\/>\n<\/p>\n<h3>I\u0161manus temperat\u016bros valdymas<\/h3>\n<p>Su \u012fmontuotu termostatu ir aplinkos jutikliais \u201eNSPanel\u201c automati\u0161kai reguliuoja kambario temperat\u016br\u0105. Nustatykite pageidaujamas s\u0105lygas ir pamir\u0161kite apie didelius temperat\u016bros svyravimus. Rankinis re\u017eimas leid\u017eia reguliuoti temperat\u016br\u0105 akimirksniu, o automatinis re\u017eimas u\u017etikrina optimalias s\u0105lygas skirtingu paros metu.<\/p>\n<p>\n<img decoding=\"async\" border=\"0\" src=\"https:\/\/assets.innpro.pl\/12018\/14249\/2a (2).jpg\"\/>\n<\/p>\n<h3>Visi\u0161kas valdymas naudojant \u201eeWeLink\u201c program\u0117l\u0119 ir lengvai skaitom\u0105 ekran\u0105<\/h3>\n<p>Naudodami \u201eeWeLink\u201c program\u0117l\u0119, galite steb\u0117ti ir valdyti savo namus i\u0161 bet kurios pasaulio vietos. Automati\u0161kai i\u0161jungti \u0161viesas tam tikru laiku arba nuotoliniu b\u016bdu valdyti prietaisus dar niekada nebuvo taip paprasta. Skydelyje rodoma naujausia informacija apie orus, \u201eWi-Fi\u201c b\u016bsen\u0105, laik\u0105, dat\u0105, taip pat vidaus ir lauko temperat\u016br\u0105. Visi reikalingi duomenys visada po ranka.<\/p>\n<p>\n<img decoding=\"async\" border=\"0\" src=\"https:\/\/assets.innpro.pl\/12018\/14249\/12.jpg\"\/>\n<\/p>\n<h3>Suderinamumas su keliais \u012frenginiais ir dvigubi mygtukai<\/h3>\n<p>\u201eNSPanel\u201c suderinamas su \u012fvairiais \u201eSONOFF\u201c \u012frenginiais, \u012fskaitant LED juosteles, i\u0161mani\u0105sias lemputes, lizdus ir jungiklius. D\u0117l suderinamumo su \u201ePhilips Hue\u201c ap\u0161vietimu galite visi\u0161kai valdyti spalv\u0105, spalv\u0173 temperat\u016br\u0105 ir ry\u0161kum\u0105. Be pa\u017eangi\u0173 funkcij\u0173, skydelyje taip pat yra du fiziniai mygtukai, skirti valdyti da\u017eniausiai naudojamus \u012frenginius. \u0160i savyb\u0117 daro \u201eNSPanel\u201c itin prakti\u0161k\u0105 kasdieniam naudojimui.<\/p>\n<p>\n<img decoding=\"async\" border=\"0\" src=\"https:\/\/assets.innpro.pl\/12018\/14249\/3.jpg\"\/>\n<\/p>\n<div class=\"table-wrapper\">\n<p>B\u00a0<\/p>\n<h3><\/h3>\n<table>\n<tbody>\n<tr>\n<th>Gamintojas<\/th>\n<td>Sonoff<\/td>\n<\/tr>\n<tr>\n<th>Modelis<\/th>\n<td>NSPanel-US<\/td>\n<\/tr>\n<tr>\n<th>Spalva<\/th>\n<td>juoda<\/td>\n<\/tr>\n<tr>\n<th>Maitinimo \u0161altinis<\/th>\n<td>\u012evestis: 100\u2013240 V ~ 50\/60 Hz, maks. 4 A; I\u0161vestis: 100\u2013240 V ~ 50\/60 Hz, 2 A \/ 4 A grup\u0117 \/ I\u0161 viso<\/td>\n<\/tr>\n<tr>\n<th>\u201eWiFi\u201c ry\u0161ys<\/th>\n<td>IEEE 802.11 b\/g\/n 2,4 GHz<\/td>\n<\/tr>\n<tr>\n<th>\u201eBluetooth\u201c ry\u0161ys<\/th>\n<td>4,2 BLE<\/td>\n<\/tr>\n<tr>\n<th>Ekranas<\/th>\n<td>3,5 colio TFT (talpinis jutiklinis skydelis)<\/td>\n<\/tr>\n<tr>\n<th>Ekrano rai\u0161ka<\/th>\n<td>480 x 320 pikseli\u0173<\/td>\n<\/tr>\n<tr>\n<th>Suderinamos operacin\u0117s sistemos<\/th>\n<td>\u201eAndroid\u201c, \u201eiOS\u201c<\/td>\n<\/tr>\n<tr>\n<th>Konstrukcin\u0117 med\u017eiaga<\/th>\n<td>PC V0 + CRS + gr\u016bdintas stiklas<\/td>\n<\/tr>\n<tr>\n<th>Matmenys<\/th>\n<td>120 x 74 x 41,7 mm<\/td>\n<\/tr>\n<tr>\n<th>Sertifikatai<\/th>\n<td>CE \/ FCC \/ RoHS<\/td>\n<\/tr>\n<tr>\n<th>Funkcijos<\/th>\n<td>Ap\u0161vietimo, oro kondicionavimo, \u0161ildymo, u\u017euolaid\u0173, motorizuot\u0173 \u017ealiuzi\u0173 ir kit\u0173 \u012frengini\u0173 valdymas<\/td>\n<\/tr>\n<tr>\n<th>Valdymas<\/th>\n<td>Nuotolinis valdymas, balsas, lietimas<\/td>\n<\/tr>\n<tr>\n<th>Rodomi duomenys<\/th>\n<td>Orai, \u201eWi-Fi\u201c b\u016bsena, laikas ir data, vidaus ir lauko temperat\u016bra<\/td>\n<\/tr>\n<tr>\n<th>Speciali programa<\/th>\n<td>eWeLink<\/td>\n<\/tr>\n<tr>\n<th>Balso asistentai<\/th>\n<td>\u201eAlexa\u201c, \u201eGoogle Assistant\u201c, \u201eAlice\u201c, \u201eSiri\u201c spartieji klavi\u0161ai<\/td>\n<\/tr>\n<tr>\n<th>Suderinami \u012frenginiai<\/th>\n<td>LED juostel\u0117s, i\u0161maniosios lemput\u0117s, lizdai, jungikliai<\/td>\n<\/tr>\n<tr>\n<th>Papildomos funkcijos<\/th>\n<td>\u201ePhilips Hue\u201c suderinamumas<\/td>\n<\/tr>\n<\/tbody>\n<\/table>\n<\/div>\n","protected":false},"excerpt":{"rendered":"<p>Produktas yra 120 mm versijos. Rekomenduojame montuoti \u012f skydelio pagrind\u0105 6920075778151 (parduodamas atskirai). Prie\u0161 pirkdami patikrinkite matmenis, kad tinkamai sumontuotum\u0117te. SONOFF NSPanel-US i\u0161manusis WiFi valdymo pultas (juodas, 120 mm) SONOFF NSPanel-US yra pa\u017eangus valdymo pultas, kuriame integruotos HMI valdymo, i\u0161maniosios temperat\u016bros valdymo ir i\u0161mani\u0173j\u0173 jungikli\u0173 funkcijos. Jis leid\u017eia centralizuotai valdyti buitinius prietaisus, reguliuoti aplinkos temperat\u016br\u0105 [&#8230;]\n","protected":false},"featured_media":28712,"comment_status":"open","ping_status":"closed","template":"","meta":[],"product_brand":[203],"product_cat":[953],"product_tag":[],"class_list":{"0":"post-28711","1":"product","2":"type-product","3":"status-publish","4":"has-post-thumbnail","6":"product_brand-sonoff","7":"product_cat-control-panels","9":"first","10":"outofstock","11":"taxable","12":"shipping-taxable","13":"purchasable","14":"product-type-simple"},"aioseo_notices":[],"_links":{"self":[{"href":"https:\/\/asura.lv\/lt\/wp-json\/wp\/v2\/product\/28711","targetHints":{"allow":["GET"]}}],"collection":[{"href":"https:\/\/asura.lv\/lt\/wp-json\/wp\/v2\/product"}],"about":[{"href":"https:\/\/asura.lv\/lt\/wp-json\/wp\/v2\/types\/product"}],"replies":[{"embeddable":true,"href":"https:\/\/asura.lv\/lt\/wp-json\/wp\/v2\/comments?post=28711"}],"wp:featuredmedia":[{"embeddable":true,"href":"https:\/\/asura.lv\/lt\/wp-json\/wp\/v2\/media\/28712"}],"wp:attachment":[{"href":"https:\/\/asura.lv\/lt\/wp-json\/wp\/v2\/media?parent=28711"}],"wp:term":[{"taxonomy":"product_brand","embeddable":true,"href":"https:\/\/asura.lv\/lt\/wp-json\/wp\/v2\/product_brand?post=28711"},{"taxonomy":"product_cat","embeddable":true,"href":"https:\/\/asura.lv\/lt\/wp-json\/wp\/v2\/product_cat?post=28711"},{"taxonomy":"product_tag","embeddable":true,"href":"https:\/\/asura.lv\/lt\/wp-json\/wp\/v2\/product_tag?post=28711"}],"curies":[{"name":"wp","href":"https:\/\/api.w.org\/{rel}","templated":true}]}}