{"id":28771,"date":"2025-11-28T23:10:02","date_gmt":"2025-11-28T23:10:02","guid":{"rendered":"https:\/\/asura.lv\/product\/esr-magnetic-wallet-with-stand-function-brown\/"},"modified":"2025-12-12T15:54:46","modified_gmt":"2025-12-12T13:54:46","slug":"esr-magnetic-wallet-with-stand-function-brown","status":"publish","type":"product","link":"https:\/\/asura.lv\/lt\/produktas\/esr-magnetic-wallet-with-stand-function-brown\/","title":{"rendered":"ESR magnetin\u0117 pinigin\u0117 su stovo funkcija (ruda)"},"content":{"rendered":"<h3>ESR magnetin\u0117 pinigin\u0117 su stovo funkcija (ruda).<\/h3>\n<p>ESR magnetin\u0117 pinigin\u0117 yra universalus aksesuaras, jungiantis tvirt\u0105 konstrukcij\u0105, funkcionalum\u0105 ir stiling\u0105 dizain\u0105. Tur\u0117dama 3000 gf magnetin\u0119 traukos j\u0117g\u0105, ji tvirtai prilimpa prie j\u016bs\u0173 telefono, u\u017etikrindama stabilum\u0105 net ir intensyviai judant. \u012emontuotas reguliuojamas stovas su 15\u00b0\u2013175\u00b0 kampu leid\u017eia patogiai nar\u0161yti turin\u012f, atlikti vaizdo skambu\u010dius ir \u017ei\u016br\u0117ti filmus be papildom\u0173 pried\u0173.<\/p>\n<p>\n<img decoding=\"async\" border=\"0\" src=\"https:\/\/assets.innpro.pl\/12016\/14247\/1.jpg\"\/>\n<\/p>\n<h3>Visos j\u016bs\u0173 kortel\u0117s po ranka<\/h3>\n<p>Erdvus pinigin\u0117s vidus leid\u017eia laikyti net 5 korteles, kurios lengvai pasiekiamos d\u0117l kruop\u0161\u010diai apgalvoto dizaino. Papildomas sluoksnis apsaugo mok\u0117jimo ir magnetines korteles nuo i\u0161magnetinimo ir neteis\u0117tos prieigos, garantuodamas visi\u0161k\u0105 duomen\u0173 saugum\u0105. Be to, ergonomi\u0161ka pir\u0161t\u0173 kilpa leid\u017eia patogiai laikyti telefon\u0105, tod\u0117l kasdien naudojant telefon\u0105 nety\u010dia jo nenumesite.<\/p>\n<p>\n<img decoding=\"async\" border=\"0\" src=\"https:\/\/assets.innpro.pl\/12016\/14247\/2.jpg\"\/>\n<\/p>\n<h3>Prabangus dizainas<\/h3>\n<p>Eleganti\u0161kas vegani\u0161kos odos dizainas suteikia ESR piniginei modernumo ir stilingumo, i\u0161laikant plon\u0105 profil\u012f. Ji idealiai tinka tiems, kurie vertina funkcionalumo ir estetikos derin\u012f. Su \u0161ia pinigine visada tur\u0117site visus b\u016btiniausius daiktus po ranka, o j\u016bs\u0173 telefonas bus dar patogiau ir geriau apsaugotas.<\/p>\n<p>\n<img decoding=\"async\" border=\"0\" src=\"https:\/\/assets.innpro.pl\/12016\/14247\/6.jpg\"\/>\n<\/p>\n<div class=\"table-wrapper\">\n<p>B\u00a0<\/p>\n<h3><\/h3>\n<table>\n<tbody>\n<tr>\n<th>Gamintojas<\/th>\n<td>ESR<\/td>\n<\/tr>\n<tr>\n<th>Gamintojo kodas<\/th>\n<td>2K6160202<\/td>\n<\/tr>\n<tr>\n<th>Spalva<\/th>\n<td>Ruda<\/td>\n<\/tr>\n<\/tbody>\n<\/table>\n<\/div>\n","protected":false},"excerpt":{"rendered":"<p>ESR magnetin\u0117 pinigin\u0117 su stovo funkcija (ruda). ESR magnetin\u0117 pinigin\u0117 yra universalus aksesuaras, jungiantis tvirt\u0105 konstrukcij\u0105, funkcionalum\u0105 ir stiling\u0105 dizain\u0105. Tur\u0117dama 3000 gf magnetin\u0119 traukos j\u0117g\u0105, ji tvirtai prilimpa prie j\u016bs\u0173 telefono, u\u017etikrindama stabilum\u0105 net ir intensyviai judant. \u012emontuotas reguliuojamas stovas su 15\u00b0\u2013175\u00b0 kampu leid\u017eia patogiai nar\u0161yti turin\u012f, atlikti vaizdo skambu\u010dius ir \u017ei\u016br\u0117ti filmus be [&#8230;]\n","protected":false},"featured_media":28772,"comment_status":"open","ping_status":"closed","template":"","meta":[],"product_brand":[500],"product_cat":[947],"product_tag":[],"class_list":{"0":"post-28771","1":"product","2":"type-product","3":"status-publish","4":"has-post-thumbnail","6":"product_brand-esr","7":"product_cat-other-gsm-accessories","9":"first","10":"outofstock","11":"taxable","12":"shipping-taxable","13":"purchasable","14":"product-type-simple"},"aioseo_notices":[],"_links":{"self":[{"href":"https:\/\/asura.lv\/lt\/wp-json\/wp\/v2\/product\/28771","targetHints":{"allow":["GET"]}}],"collection":[{"href":"https:\/\/asura.lv\/lt\/wp-json\/wp\/v2\/product"}],"about":[{"href":"https:\/\/asura.lv\/lt\/wp-json\/wp\/v2\/types\/product"}],"replies":[{"embeddable":true,"href":"https:\/\/asura.lv\/lt\/wp-json\/wp\/v2\/comments?post=28771"}],"wp:featuredmedia":[{"embeddable":true,"href":"https:\/\/asura.lv\/lt\/wp-json\/wp\/v2\/media\/28772"}],"wp:attachment":[{"href":"https:\/\/asura.lv\/lt\/wp-json\/wp\/v2\/media?parent=28771"}],"wp:term":[{"taxonomy":"product_brand","embeddable":true,"href":"https:\/\/asura.lv\/lt\/wp-json\/wp\/v2\/product_brand?post=28771"},{"taxonomy":"product_cat","embeddable":true,"href":"https:\/\/asura.lv\/lt\/wp-json\/wp\/v2\/product_cat?post=28771"},{"taxonomy":"product_tag","embeddable":true,"href":"https:\/\/asura.lv\/lt\/wp-json\/wp\/v2\/product_tag?post=28771"}],"curies":[{"name":"wp","href":"https:\/\/api.w.org\/{rel}","templated":true}]}}