{"id":28951,"date":"2025-11-28T23:09:45","date_gmt":"2025-11-28T23:09:45","guid":{"rendered":"https:\/\/asura.lv\/product\/torras-ostand-series-phone-case-for-samsung-s25-transparent\/"},"modified":"2025-12-12T15:54:33","modified_gmt":"2025-12-12T13:54:33","slug":"torras-ostand-series-phone-case-for-samsung-s25-transparent","status":"publish","type":"product","link":"https:\/\/asura.lv\/lt\/produktas\/torras-ostand-series-phone-case-for-samsung-s25-transparent\/","title":{"rendered":"\u201eTorras Ostand\u201c serijos telefono d\u0117klas, skirtas \u201eSamsung S25\u201c (skaidrus)"},"content":{"rendered":"<h3>\u201eTorras Ostand\u201c serijos telefono d\u0117klas, skirtas \u201eSamsung S25\u201c (skaidrus)<\/h3>\n<p>Atraskite nauj\u0105 apsaugos dimensij\u0105 su \u201eTORRAS Ostand Spin\u201c d\u0117klu, skirtu \u201eSamsung S25\u201c! \u0160is unikalus d\u0117klas sujungia modern\u0173 dizain\u0105 ir funkcionalum\u0105, kad u\u017etikrint\u0173 neprilygstam\u0105 telefono apsaug\u0105. D\u0117l \u012fmontuoto sukibimo \u017eiedo galite b\u016bti tikri, kad j\u016bs\u0173 \u201eSamsung\u201c telefonas yra saugus bet kokioje situacijoje \u2013 tiek kasdien naudojant, tiek dinami\u0161kai u\u017esiimant. Jo apgalvotas dizainas apsaugo nuo \u012fbr\u0117\u017eim\u0173 ir kritim\u0173, u\u017etikrindamas visi\u0161k\u0105 saugum\u0105.<\/p>\n<p>\n<img decoding=\"async\" alt=\"\" border=\"0\" src=\"https:\/\/assets.innpro.pl\/12563\/15057\/1.jpg\"\/>\n<\/p>\n<h3>Laikymo \u017eiedas \u2013 saugumas ir patogumas viename<\/h3>\n<p>\u201eTORRAS Ostand Spin\u201c d\u0117klas turi prakti\u0161k\u0105 laikymo \u017eied\u0105, kuris u\u017etikrina papildom\u0105 saugum\u0105 naudojant telefon\u0105. Jis leid\u017eia saugiai laikyti \u201eSamsung\u201c rankoje, suma\u017einant rizik\u0105 nety\u010dia j\u012f numesti. \u017diedas taip pat veikia kaip stovas, o tai dar labiau padidina patogum\u0105 \u017ei\u016brint vaizdo \u012fra\u0161us ar atliekant vaizdo skambu\u010dius. Galimyb\u0117 reguliuoti \u017ei\u016br\u0117jimo kamp\u0105 horizontaliai nuo 15\u00b0 iki 85\u00b0 ir vertikaliai nuo 0\u00b0 iki 85\u00b0, suteiks visi\u0161k\u0105 telefono pad\u0117ties laisv\u0119.<\/p>\n<p>\n<img decoding=\"async\" alt=\"\" border=\"0\" src=\"https:\/\/assets.innpro.pl\/12563\/15057\/2.jpg\"\/>\n<\/p>\n<h3>Apgalvotas dizainas<\/h3>\n<p>TORRAS Ostand Spin d\u0117klas sukurtas taip, kad puikiai priglust\u0173 prie telefono d\u0117klo, nepadidindamas nereikalingo svorio. D\u0117l to telefonas i\u0161laiko savo plon\u0105 profil\u012f! D\u0117klas yra lengvas ir plonas, tod\u0117l puikiai priglunda prie rankos, u\u017etikrindamas saug\u0173 sukibim\u0105 ir visi\u0161k\u0105 \u012frenginio valdym\u0105. \u201eTORRAS Ostand Spin\u201c taip pat netrukdo \u012fkrovimo procesui, u\u017etikrindamas greit\u0105 ir nepertraukiam\u0105 \u012fkrovim\u0105, nereikia nuimti d\u0117klo.<\/p>\n<p>\n<img decoding=\"async\" alt=\"\" border=\"0\" src=\"https:\/\/assets.innpro.pl\/12563\/15057\/4.jpg\"\/>\n<\/p>\n<h3>Kameros ir ekrano apsauga<\/h3>\n<p>Su \u201eOstand Spin\u201c jums nereikia r\u016bpintis savo \u201eSamsung\u201c saugumu. Pakelti kra\u0161tai aplink kamer\u0105 ir ekran\u0105 suteikia papildom\u0105 apsaug\u0105 nuo \u012fbr\u0117\u017eim\u0173 ir pa\u017eeidim\u0173 ant plok\u0161\u010di\u0173 pavir\u0161i\u0173. Nesvarbu, ar padedate telefon\u0105 ant lygaus pavir\u0161iaus, ar ne\u0161iojat\u0117s j\u012f krep\u0161yje, galite b\u016bti tikri, kad jis visada saugus.<\/p>\n<p>\n<img decoding=\"async\" alt=\"\" border=\"0\" src=\"https:\/\/assets.innpro.pl\/12563\/15057\/3.jpg\"\/>\n<\/p>\n<div class=\"table-wrapper\">\n<p>B\u00a0<\/p>\n<h3><\/h3>\n<table>\n<tbody>\n<tr>\n<th>Gamintojas<\/th>\n<td>Torras<\/td>\n<\/tr>\n<tr>\n<th>Modelis<\/th>\n<td>Ostand Spin<\/td>\n<\/tr>\n<tr>\n<th>Spalva<\/th>\n<td>Skaidri<\/td>\n<\/tr>\n<tr>\n<th>Suderinamumas<\/th>\n<td>Samsung S25<\/td>\n<\/tr>\n<\/tbody>\n<\/table>\n<\/div>\n","protected":false},"excerpt":{"rendered":"<p>\u201eTorras Ostand\u201c serijos telefono d\u0117klas, skirtas \u201eSamsung S25\u201c (skaidrus) Atraskite nauj\u0105 apsaugos dimensij\u0105 su \u201eTORRAS Ostand Spin\u201c d\u0117klu, skirtu \u201eSamsung S25\u201c! \u0160is unikalus d\u0117klas sujungia modern\u0173 dizain\u0105 ir funkcionalum\u0105, kad u\u017etikrint\u0173 neprilygstam\u0105 telefono apsaug\u0105. D\u0117l \u012fmontuoto sukibimo \u017eiedo galite b\u016bti tikri, kad j\u016bs\u0173 \u201eSamsung\u201c telefonas yra saugus bet kokioje situacijoje \u2013 tiek kasdien naudojant, tiek [&#8230;]\n","protected":false},"featured_media":28952,"comment_status":"open","ping_status":"closed","template":"","meta":[],"product_brand":[538],"product_cat":[1250],"product_tag":[],"class_list":{"0":"post-28951","1":"product","2":"type-product","3":"status-publish","4":"has-post-thumbnail","6":"product_brand-torras","7":"product_cat-protective-cases-for-smartphones-cases-gsm-accessories","9":"first","10":"outofstock","11":"taxable","12":"shipping-taxable","13":"purchasable","14":"product-type-simple"},"aioseo_notices":[],"_links":{"self":[{"href":"https:\/\/asura.lv\/lt\/wp-json\/wp\/v2\/product\/28951","targetHints":{"allow":["GET"]}}],"collection":[{"href":"https:\/\/asura.lv\/lt\/wp-json\/wp\/v2\/product"}],"about":[{"href":"https:\/\/asura.lv\/lt\/wp-json\/wp\/v2\/types\/product"}],"replies":[{"embeddable":true,"href":"https:\/\/asura.lv\/lt\/wp-json\/wp\/v2\/comments?post=28951"}],"wp:featuredmedia":[{"embeddable":true,"href":"https:\/\/asura.lv\/lt\/wp-json\/wp\/v2\/media\/28952"}],"wp:attachment":[{"href":"https:\/\/asura.lv\/lt\/wp-json\/wp\/v2\/media?parent=28951"}],"wp:term":[{"taxonomy":"product_brand","embeddable":true,"href":"https:\/\/asura.lv\/lt\/wp-json\/wp\/v2\/product_brand?post=28951"},{"taxonomy":"product_cat","embeddable":true,"href":"https:\/\/asura.lv\/lt\/wp-json\/wp\/v2\/product_cat?post=28951"},{"taxonomy":"product_tag","embeddable":true,"href":"https:\/\/asura.lv\/lt\/wp-json\/wp\/v2\/product_tag?post=28951"}],"curies":[{"name":"wp","href":"https:\/\/api.w.org\/{rel}","templated":true}]}}