{"id":28963,"date":"2025-11-28T23:09:44","date_gmt":"2025-11-28T23:09:44","guid":{"rendered":"https:\/\/asura.lv\/product\/noise-aura-buds-tws-headphones-black\/"},"modified":"2025-12-12T15:54:31","modified_gmt":"2025-12-12T13:54:31","slug":"noise-aura-buds-tws-headphones-black","status":"publish","type":"product","link":"https:\/\/asura.lv\/lt\/produktas\/noise-aura-buds-tws-headphones-black\/","title":{"rendered":"\u201eNoise Aura Buds TWS\u201c ausin\u0117s (juodos)"},"content":{"rendered":"<h3>\u201eNoise Aura Buds TWS\u201c ausin\u0117s (juodos)<\/h3>\n<p>\u201eNoise Aura Buds TWS\u201c \u2013 tai pa\u017eangiausios belaid\u0117s ausin\u0117s, kuriose dera eleganti\u0161kas dizainas ir pa\u017eangios garso technologijos. Su 12 milimetr\u0173 polimeriniais garsiakalbiais jos skleid\u017eia subalansuot\u0105 ir gil\u0173 gars\u0105. Tur\u0117dami iki 60 valand\u0173 atk\u016brimo laik\u0105 ir \u201eInstacharge\u2122\u201c greitojo \u012fkrovimo funkcij\u0105, jie pasiruo\u0161\u0119 dienai, kupinai muzikos ir skambu\u010di\u0173.<\/p>\n<p>\n<img decoding=\"async\" border=\"0\" src=\"https:\/\/assets.innpro.pl\/11855\/14026\/7.jpg\"\/>\n<\/p>\n<h3>Idealiai subalansuotas garsas su 12 mm garsiakalbiais<\/h3>\n<p>\u012erengti 12 milimetr\u0173 kompoziciniai garsiakalbiai, \u201eNoise Aura Buds\u201c skleid\u017eia sodr\u0173 ir subalansuot\u0105 gars\u0105. Nuo gili\u0173 bos\u0173 iki ai\u0161ki\u0173 auk\u0161t\u0173 da\u017eni\u0173, kiekviena nata skamba tiksliai taip, kaip tur\u0117t\u0173.<\/p>\n<p>\n<img decoding=\"async\" border=\"0\" src=\"https:\/\/assets.innpro.pl\/11855\/14026\/4.jpg\"\/>\n<\/p>\n<h3>Pokalbiai be i\u0161kraipym\u0173<\/h3>\n<p>Keturi mikrofonai su ENC (aplinkos triuk\u0161mo slopinimo) technologija leid\u017eia jums kalb\u0117tis kri\u0161tolo skaidrumo pokalbiais, pa\u0161alinant fonin\u012f triuk\u0161m\u0105. J\u016bs\u0173 pokalbiai bus gars\u016bs ir ai\u0161k\u016bs, kad ir kur jie vykt\u0173.<\/p>\n<p>\n<img decoding=\"async\" border=\"0\" src=\"https:\/\/assets.innpro.pl\/11855\/14026\/5.jpg\"\/>\n<\/p>\n<h3>Vis\u0105 dien\u0105 vienu \u012fkrovimu<\/h3>\n<p>Su galinga baterija \u201eNoise Aura Buds\u201c ausin\u0117s gali klausytis muzikos iki 60 valand\u0173. Greito \u012fkrovimo funkcija \u201eInstacharge\u2122\u201c suteikia 150 minu\u010di\u0173 veikimo laik\u0105 vos po 10 minu\u010di\u0173 \u012fkrovimo \u2013 idealiai tinka tiems, kurie nuolat keliauja.<\/p>\n<p>\n<img decoding=\"async\" border=\"0\" src=\"https:\/\/assets.innpro.pl\/11855\/14026\/8.jpg\"\/>\n<\/p>\n<h3>Daugiafunkcinis veikimas su dviej\u0173 \u012frengini\u0173 susiejimu<\/h3>\n<p>Dviej\u0173 \u012frengini\u0173 susiejimas leid\u017eia vienu metu prijungti ausines prie dviej\u0173 \u012frengini\u0173. Skland\u017eiai pereikite nuo darbo ne\u0161iojamuoju kompiuteriu prie klausymosi muzikos telefone be joki\u0173 pertraukim\u0173 ar komplikacij\u0173.<\/p>\n<p>\n<img decoding=\"async\" border=\"0\" src=\"https:\/\/assets.innpro.pl\/11855\/14026\/6.jpg\"\/>\n<\/p>\n<h3>\u017daiskite be delsos<\/h3>\n<p>D\u0117l ma\u017eo, vos 50 ms, delsos \u201eNoise Aura Buds\u201c garantuoja tobul\u0105 garso ir vaizdo sinchronizacij\u0105. Idealiai tinka \u017eaid\u0117jams ir film\u0173 \u017ei\u016brovams \u2013 be delsos ar trukd\u017ei\u0173.<\/p>\n<p>\n<img decoding=\"async\" border=\"0\" src=\"https:\/\/assets.innpro.pl\/11855\/14026\/3.jpg\"\/>\n<\/p>\n<h3>Atsparios oro s\u0105lygoms<\/h3>\n<p>Ausin\u0117s, turin\u010dios IPX5 atsparumo vandeniui \u012fvertinim\u0105, yra atsparios prakaitui ir lietui. Naudokite jas intensyvios treniruot\u0117s metu ar pasivaik\u0161\u010diodami lietingu oru nesijaudindami d\u0117l pa\u017eeidim\u0173.<\/p>\n<p>\n<img decoding=\"async\" border=\"0\" src=\"https:\/\/assets.innpro.pl\/11855\/14026\/9.jpg\"\/>\n<\/p>\n<h3>Pridedama<\/h3>\n<ul class=\"list-disc pl-5\">\n<li>\u201eNoise Aura Buds\u201c ausin\u0117s<\/li>\n<li>\u012ekrovimo d\u0117klas<\/li>\n<li>\u012ekrovimo laidas<\/li>\n<li>Pakei\u010diamos ausin\u0117s<\/li>\n<li>Naudotojo vadovas<\/li>\n<\/ul>\n<div class=\"table-wrapper\">\n<p>\u0412\u00a0<\/p>\n<h3><\/h3>\n<table>\n<tbody>\n<tr>\n<th>Gamintojas<\/th>\n<td>Triuk\u0161mas<\/td>\n<\/tr>\n<tr>\n<th>Modelis<\/th>\n<td>\u201eAura Buds TWS\u201c<\/td>\n<\/tr>\n<tr>\n<th>Spalva<\/th>\n<td>Juoda<\/td>\n<\/tr>\n<tr>\n<th>Keitikliai<\/th>\n<td>12 mm polimeras sud\u0117tinis<\/td>\n<\/tr>\n<tr>\n<th>Atk\u016brimo laikas<\/th>\n<td>Iki 60 valand\u0173<\/td>\n<\/tr>\n<tr>\n<th>Greitas \u012fkrovimas<\/th>\n<td>\u201eInstacharge\u201c (10 min. = 150 min.)<\/td>\n<\/tr>\n<tr>\n<th>Mikrofonai<\/th>\n<td>Keturi mikrofonai su ENC<\/td>\n<\/tr>\n<tr>\n<th>\u201eBluetooth\u201c<\/th>\n<td>5.3 versija<\/td>\n<\/tr>\n<tr>\n<th>V\u0117linimas<\/th>\n<td>Iki 50 ms<\/td>\n<\/tr>\n<tr>\n<th>Atsparumas vandeniui<\/th>\n<td>IPX5<\/td>\n<\/tr>\n<tr>\n<th>Dviej\u0173 \u012frengini\u0173 susiejimo funkcija<\/th>\n<td>Taip<\/td>\n<\/tr>\n<\/tbody>\n<\/table>\n<\/div>\n","protected":false},"excerpt":{"rendered":"<p>\u201eNoise Aura Buds TWS\u201c ausin\u0117s (juodos) \u201eNoise Aura Buds TWS\u201c \u2013 tai pa\u017eangiausios belaid\u0117s ausin\u0117s, kuriose dera eleganti\u0161kas dizainas ir pa\u017eangios garso technologijos. Su 12 milimetr\u0173 polimeriniais garsiakalbiais jos skleid\u017eia subalansuot\u0105 ir gil\u0173 gars\u0105. Tur\u0117dami iki 60 valand\u0173 atk\u016brimo laik\u0105 ir \u201eInstacharge\u2122\u201c greitojo \u012fkrovimo funkcij\u0105, jie pasiruo\u0161\u0119 dienai, kupinai muzikos ir skambu\u010di\u0173. Idealiai subalansuotas garsas [&#8230;]\n","protected":false},"featured_media":28964,"comment_status":"open","ping_status":"closed","template":"","meta":[],"product_brand":[717],"product_cat":[956],"product_tag":[],"class_list":{"0":"post-28963","1":"product","2":"type-product","3":"status-publish","4":"has-post-thumbnail","6":"product_brand-noise","7":"product_cat-tws","9":"first","10":"outofstock","11":"taxable","12":"shipping-taxable","13":"purchasable","14":"product-type-simple"},"aioseo_notices":[],"_links":{"self":[{"href":"https:\/\/asura.lv\/lt\/wp-json\/wp\/v2\/product\/28963","targetHints":{"allow":["GET"]}}],"collection":[{"href":"https:\/\/asura.lv\/lt\/wp-json\/wp\/v2\/product"}],"about":[{"href":"https:\/\/asura.lv\/lt\/wp-json\/wp\/v2\/types\/product"}],"replies":[{"embeddable":true,"href":"https:\/\/asura.lv\/lt\/wp-json\/wp\/v2\/comments?post=28963"}],"wp:featuredmedia":[{"embeddable":true,"href":"https:\/\/asura.lv\/lt\/wp-json\/wp\/v2\/media\/28964"}],"wp:attachment":[{"href":"https:\/\/asura.lv\/lt\/wp-json\/wp\/v2\/media?parent=28963"}],"wp:term":[{"taxonomy":"product_brand","embeddable":true,"href":"https:\/\/asura.lv\/lt\/wp-json\/wp\/v2\/product_brand?post=28963"},{"taxonomy":"product_cat","embeddable":true,"href":"https:\/\/asura.lv\/lt\/wp-json\/wp\/v2\/product_cat?post=28963"},{"taxonomy":"product_tag","embeddable":true,"href":"https:\/\/asura.lv\/lt\/wp-json\/wp\/v2\/product_tag?post=28963"}],"curies":[{"name":"wp","href":"https:\/\/api.w.org\/{rel}","templated":true}]}}