{"id":29077,"date":"2025-11-28T23:09:34","date_gmt":"2025-11-28T23:09:34","guid":{"rendered":"https:\/\/asura.lv\/product\/sunnylife-bd892-flexible-silicone-band-for-sports-camera-black\/"},"modified":"2025-12-12T15:54:24","modified_gmt":"2025-12-12T13:54:24","slug":"sunnylife-bd892-flexible-silicone-band-for-sports-camera-black","status":"publish","type":"product","link":"https:\/\/asura.lv\/lt\/produktas\/sunnylife-bd892-flexible-silicone-band-for-sports-camera-black\/","title":{"rendered":"\u201eSunnylife BD892\u201c lankstus silikoninis dir\u017eelis sporto kamerai (juodas)"},"content":{"rendered":"<h3>\u201eSunnylife BD892\u201c lankstus silikoninis dir\u017eelis sportinei kamerai (juodas)<\/h3>\n<p>\u201eSunnylife BD892\u201c silikoninis dir\u017eelis yra universalus sportin\u0117s kameros laikiklis, u\u017etikrinantis lengv\u0105 kameros tvirtinim\u0105 \u012fvairiomis s\u0105lygomis. D\u0117l lanks\u010dio silikoninio dir\u017eelio laikikl\u012f galima tvirtinti prie 22\u201338 mm skersmens vamzd\u017ei\u0173 arba 45\u201360 mm plo\u010dio tinkl\u0173. D\u0117l to gaminys tinka daugeliui situacij\u0173, pavyzd\u017eiui, tvirtinamas prie me\u0161ker\u0117s, apsauginio tur\u0117klo, motociklo ar galinio vaizdo veidrod\u0117lio.<\/p>\n<p>\n<img decoding=\"async\" border=\"0\" src=\"https:\/\/assets.innpro.pl\/11809\/13980\/1.jpg\"\/>\n<\/p>\n<h3>Lankstumas ir tvirtinimo universalumas<\/h3>\n<p>Laikstumas pasi\u017eymi nepaprastu lankstumu. Jis leid\u017eia greitai ir saugiai pritvirtinti kamer\u0105 tose vietose, kur tradiciniai laikikliai gali neveikti. D\u0117l reguliuojamo plo\u010dio rankov\u0117 puikiai tinka \u012fvairiems skersmenims, tod\u0117l yra labai universalus aksesuaras \u012fvairiai veiklai.<\/p>\n<p>\n<img decoding=\"async\" border=\"0\" src=\"https:\/\/assets.innpro.pl\/11809\/13980\/4.jpg\"\/>\n<\/p>\n<h3>360 laipsni\u0173 sukimasis ir 180 laipsni\u0173 reguliavimas<\/h3>\n<p>Prie lanks\u010dios rankov\u0117s pritvirtinta kamera gali suktis 360 laipsni\u0173, tod\u0117l galite visi\u0161kai kontroliuoti \u012fra\u0161ymo kamp\u0105. Be to, galimyb\u0117 pakreipti 180 laipsni\u0173 kampu rei\u0161kia, kad galite nustatyti optimali\u0105 kameros pad\u0117t\u012f, atsi\u017evelgiant \u012f j\u016bs\u0173 poreikius.<\/p>\n<p>\n<img decoding=\"async\" border=\"0\" src=\"https:\/\/assets.innpro.pl\/11809\/13980\/2.jpg\"\/>\n<\/p>\n<div class=\"table-wrapper\">\n<p>B\u00a0<\/p>\n<h3><\/h3>\n<table>\n<tbody>\n<tr>\n<th>Gamintojas<\/th>\n<td>Sunnylife<\/td>\n<\/tr>\n<tr>\n<th>Modelis<\/th>\n<td>BD892-D<\/td>\n<\/tr>\n<tr>\n<th>Spalva<\/th>\n<td>Juoda<\/td>\n<\/tr>\n<tr>\n<th>Med\u017eiaga<\/th>\n<td>Silikonas + plastikas<\/td>\n<\/tr>\n<tr>\n<th>Grynasis svoris<\/th>\n<td>54 g<\/td>\n<\/tr>\n<tr>\n<th>Bendrasis svoris svoris<\/th>\n<td>62 g<\/td>\n<\/tr>\n<tr>\n<th>Pakuot\u0117s dydis<\/th>\n<td>62 x 54 x 39 mm<\/td>\n<\/tr>\n<\/tbody>\n<\/table>\n<\/div>\n","protected":false},"excerpt":{"rendered":"<p>\u201eSunnylife BD892\u201c lankstus silikoninis dir\u017eelis sportinei kamerai (juodas) \u201eSunnylife BD892\u201c silikoninis dir\u017eelis yra universalus sportin\u0117s kameros laikiklis, u\u017etikrinantis lengv\u0105 kameros tvirtinim\u0105 \u012fvairiomis s\u0105lygomis. D\u0117l lanks\u010dio silikoninio dir\u017eelio laikikl\u012f galima tvirtinti prie 22\u201338 mm skersmens vamzd\u017ei\u0173 arba 45\u201360 mm plo\u010dio tinkl\u0173. D\u0117l to gaminys tinka daugeliui situacij\u0173, pavyzd\u017eiui, tvirtinamas prie me\u0161ker\u0117s, apsauginio tur\u0117klo, motociklo ar galinio [&#8230;]\n","protected":false},"featured_media":29078,"comment_status":"open","ping_status":"closed","template":"","meta":[],"product_brand":[432],"product_cat":[938],"product_tag":[],"class_list":{"0":"post-29077","1":"product","2":"type-product","3":"status-publish","4":"has-post-thumbnail","6":"product_brand-sunnylife","7":"product_cat-for-sports-cameras","9":"first","10":"outofstock","11":"taxable","12":"shipping-taxable","13":"purchasable","14":"product-type-simple"},"aioseo_notices":[],"_links":{"self":[{"href":"https:\/\/asura.lv\/lt\/wp-json\/wp\/v2\/product\/29077","targetHints":{"allow":["GET"]}}],"collection":[{"href":"https:\/\/asura.lv\/lt\/wp-json\/wp\/v2\/product"}],"about":[{"href":"https:\/\/asura.lv\/lt\/wp-json\/wp\/v2\/types\/product"}],"replies":[{"embeddable":true,"href":"https:\/\/asura.lv\/lt\/wp-json\/wp\/v2\/comments?post=29077"}],"wp:featuredmedia":[{"embeddable":true,"href":"https:\/\/asura.lv\/lt\/wp-json\/wp\/v2\/media\/29078"}],"wp:attachment":[{"href":"https:\/\/asura.lv\/lt\/wp-json\/wp\/v2\/media?parent=29077"}],"wp:term":[{"taxonomy":"product_brand","embeddable":true,"href":"https:\/\/asura.lv\/lt\/wp-json\/wp\/v2\/product_brand?post=29077"},{"taxonomy":"product_cat","embeddable":true,"href":"https:\/\/asura.lv\/lt\/wp-json\/wp\/v2\/product_cat?post=29077"},{"taxonomy":"product_tag","embeddable":true,"href":"https:\/\/asura.lv\/lt\/wp-json\/wp\/v2\/product_tag?post=29077"}],"curies":[{"name":"wp","href":"https:\/\/api.w.org\/{rel}","templated":true}]}}