{"id":29119,"date":"2025-11-28T23:09:29","date_gmt":"2025-11-28T23:09:29","guid":{"rendered":"https:\/\/asura.lv\/product\/butterfly-sunnylife-ne-sn908-protective-case-for-neo-with-carabiner-orange\/"},"modified":"2025-12-12T15:54:21","modified_gmt":"2025-12-12T13:54:21","slug":"butterfly-sunnylife-ne-sn908-protective-case-for-neo-with-carabiner-orange","status":"publish","type":"product","link":"https:\/\/asura.lv\/lt\/produktas\/butterfly-sunnylife-ne-sn908-protective-case-for-neo-with-carabiner-orange\/","title":{"rendered":"Apsauginis \u201eButterfly Sunnylife NE-SN908\u201c d\u0117klas NEO su karabinu (oran\u017einis)"},"content":{"rendered":"<h3>Apsauginis \u201eSunnylife NE-SN908\u201c d\u0117klas NEO dronui su karabinu (oran\u017einis).<\/h3>\n<p>I\u0161siskirkite i\u0161 minios! \u201eSunnylife Butterfly\u201c d\u0117klas apsaugo j\u016bs\u0173 NEO dron\u0105 ir u\u017etikrina patog\u0173 transportavim\u0105 patraukliu drugelio dizainu. \u0160is priedas apsaugo nuo sm\u016bgi\u0173 ir dulki\u0173, tod\u0117l atsitiktiniai pa\u017eeidimai lieka praeityje. Jis sukurtas atsi\u017evelgiant \u012f patogum\u0105 \u2013 j\u012f galite lengvai \u012fsid\u0117ti \u012f kuprin\u0119, o karabinas leid\u017eia greitai pritvirtinti prie krep\u0161io ar kuprin\u0117s patogioms fotosesijoms lauke.<\/p>\n<p>\n<img decoding=\"async\" border=\"0\" src=\"https:\/\/assets.innpro.pl\/11795\/13967\/2.jpg\"\/>\n<\/p>\n<h3>I\u0161siskirkite savo NEO!<\/h3>\n<p>Unikalus dizainas ne tik apsaugo, bet ir padaro j\u016bs\u0173 NEO dron\u0105 patrauklesn\u012f. Spalvingas drugelio formos d\u0117klas \u2013 tai smagus ir madingas b\u016bdas apsaugoti \u012frang\u0105 nuo sm\u016bgi\u0173, dulki\u0173 ir nedideli\u0173 pa\u017eeidim\u0173.<\/p>\n<p>\n<img decoding=\"async\" border=\"0\" src=\"https:\/\/assets.innpro.pl\/11795\/13967\/3.jpg\"\/>\n<\/p>\n<h3>Visapusi\u0161ka apsauga ir tikslus prigludimas<\/h3>\n<p>D\u0117klas u\u017etikrina visapusi\u0161k\u0105 apsaug\u0105, suma\u017eindamas j\u016bs\u0173 drono pa\u017eeidimo rizik\u0105 transportavimo ar sand\u0117liavimo metu. D\u0117l tikslaus dizaino d\u0117klas puikiai tinka NEO dronui ir \u201eSunnylife\u201c stabilizatoriaus bei propelerio dangteliams, u\u017etikrindamas visi\u0161k\u0105 suderinamum\u0105. D\u0117klas ne tik apsaugo, bet ir stabiliai laiko dron\u0105 vietoje. Jums nereikia jaudintis d\u0117l \u012fbr\u0117\u017eim\u0173, sm\u016bgi\u0173 ar ne\u0161varum\u0173 \u2013 j\u016bs\u0173 NEO visada bus saugus.<\/p>\n<p>\n<img decoding=\"async\" border=\"0\" src=\"https:\/\/assets.innpro.pl\/11795\/13967\/1.jpg\"\/>\n<\/p>\n<div class=\"table-wrapper\">\n<p>B\u00a0<\/p>\n<h3><\/h3>\n<table>\n<tbody>\n<tr>\n<th>Gamintojas<\/th>\n<td>Sunnylife<\/td>\n<\/tr>\n<tr>\n<th>Modelis<\/th>\n<td>NE-SN908-C<\/td>\n<\/tr>\n<tr>\n<th>Spalva<\/th>\n<td>Oran\u017ein\u0117<\/td>\n<\/tr>\n<tr>\n<th>Med\u017eiaga<\/th>\n<td>Plastikas<\/td>\n<\/tr>\n<tr>\n<th>Grynasis svoris svoris<\/th>\n<td>73 g<\/td>\n<\/tr>\n<tr>\n<th>Pakuot\u0117s matmenys<\/th>\n<td>165 x 145 x 54 mm<\/td>\n<\/tr>\n<\/tbody>\n<\/table>\n<\/div>\n","protected":false},"excerpt":{"rendered":"<p>Apsauginis \u201eSunnylife NE-SN908\u201c d\u0117klas NEO dronui su karabinu (oran\u017einis). I\u0161siskirkite i\u0161 minios! \u201eSunnylife Butterfly\u201c d\u0117klas apsaugo j\u016bs\u0173 NEO dron\u0105 ir u\u017etikrina patog\u0173 transportavim\u0105 patraukliu drugelio dizainu. \u0160is priedas apsaugo nuo sm\u016bgi\u0173 ir dulki\u0173, tod\u0117l atsitiktiniai pa\u017eeidimai lieka praeityje. Jis sukurtas atsi\u017evelgiant \u012f patogum\u0105 \u2013 j\u012f galite lengvai \u012fsid\u0117ti \u012f kuprin\u0119, o karabinas leid\u017eia greitai pritvirtinti [&#8230;]\n","protected":false},"featured_media":29120,"comment_status":"open","ping_status":"closed","template":"","meta":[],"product_brand":[432],"product_cat":[1028],"product_tag":[],"class_list":{"0":"post-29119","1":"product","2":"type-product","3":"status-publish","4":"has-post-thumbnail","6":"product_brand-sunnylife","7":"product_cat-dji","9":"first","10":"outofstock","11":"taxable","12":"shipping-taxable","13":"purchasable","14":"product-type-simple"},"aioseo_notices":[],"_links":{"self":[{"href":"https:\/\/asura.lv\/lt\/wp-json\/wp\/v2\/product\/29119","targetHints":{"allow":["GET"]}}],"collection":[{"href":"https:\/\/asura.lv\/lt\/wp-json\/wp\/v2\/product"}],"about":[{"href":"https:\/\/asura.lv\/lt\/wp-json\/wp\/v2\/types\/product"}],"replies":[{"embeddable":true,"href":"https:\/\/asura.lv\/lt\/wp-json\/wp\/v2\/comments?post=29119"}],"wp:featuredmedia":[{"embeddable":true,"href":"https:\/\/asura.lv\/lt\/wp-json\/wp\/v2\/media\/29120"}],"wp:attachment":[{"href":"https:\/\/asura.lv\/lt\/wp-json\/wp\/v2\/media?parent=29119"}],"wp:term":[{"taxonomy":"product_brand","embeddable":true,"href":"https:\/\/asura.lv\/lt\/wp-json\/wp\/v2\/product_brand?post=29119"},{"taxonomy":"product_cat","embeddable":true,"href":"https:\/\/asura.lv\/lt\/wp-json\/wp\/v2\/product_cat?post=29119"},{"taxonomy":"product_tag","embeddable":true,"href":"https:\/\/asura.lv\/lt\/wp-json\/wp\/v2\/product_tag?post=29119"}],"curies":[{"name":"wp","href":"https:\/\/api.w.org\/{rel}","templated":true}]}}