{"id":29227,"date":"2025-11-28T23:09:21","date_gmt":"2025-11-28T23:09:21","guid":{"rendered":"https:\/\/asura.lv\/product\/gimbal-hohem-isteady-m7\/"},"modified":"2025-12-12T15:54:14","modified_gmt":"2025-12-12T13:54:14","slug":"gimbal-hohem-isteady-m7","status":"publish","type":"product","link":"https:\/\/asura.lv\/lt\/produktas\/gimbal-hohem-isteady-m7\/","title":{"rendered":"Gimbalas Hohem iSteady M7"},"content":{"rendered":"<h3>\u201eHohem iSteady M7\u201c stabilizatorius<\/h3>\n<p>\u201eHohem iSteady M7\u201c \u2013 tai pa\u017eangus stabilizatorius, sukurtas reikliems vartotojams, norintiems auk\u0161\u010diausios kokyb\u0117s stabilizavimo ir funkcionalumo. D\u0117l savo dizaino, palaikymo \u012fvairiems i\u0161maniesiems telefonams ir novatori\u0161k\u0173 technologij\u0173 jis puikiai tiks tiek m\u0117g\u0117jams, tiek profesionalams.<\/p>\n<p>\n<img decoding=\"async\" border=\"0\" src=\"https:\/\/assets.innpro.pl\/11764\/13936\/2.jpg\"\/>\n<\/p>\n<h3>\u012esp\u016bdingas \u201eiSteady 9.0\u201c stabilizavimas<\/h3>\n<p>Vienas did\u017eiausi\u0173 \u201eiSteady M7\u201c privalum\u0173 yra 9.0 stabilizavimo sistema, u\u017etikrinanti skland\u017eius ir stabilius kadrus net dinami\u0161k\u0173 judesi\u0173 metu. Jis idealiai tinka filmuoti judesyje \u2013 nuo \u200b\u200bgreito tempo veiksmo scen\u0173 iki tiksli\u0173 sul\u0117tinto vaizdo kadr\u0173. Stabilizavimas veikia net ir dideliu grei\u010diu, tod\u0117l vartotojams lengva pasiekti profesionali\u0173 rezultat\u0173 be papildom\u0173 pastang\u0173.<\/p>\n<p>\n<img decoding=\"async\" border=\"0\" src=\"https:\/\/assets.innpro.pl\/11764\/13936\/5.jpg\"\/>\n<\/p>\n<h3>Novatori\u0161ka dirbtinio intelekto sekimo funkcija<\/h3>\n<p>Gimbalas apr\u016bpintas specialiu dirbtinio intelekto sekimo moduliu, kuris leid\u017eia i\u0161maniai sekti objektus ir \u017emones realiuoju laiku, nepriklausomai nuo naudojamos programos. \u0160i funkcija ypa\u010d naudinga \u012fra\u0161ant vaizdo \u012fra\u0161us, tiesiogines transliacijas ar dinamines scenas, kur tikslus kadr\u0173 sekimas vaidina pagrindin\u012f vaidmen\u012f.<\/p>\n<p>\n<img decoding=\"async\" border=\"0\" src=\"https:\/\/assets.innpro.pl\/11764\/13936\/6.jpg\"\/>\n<\/p>\n<h3>Visi\u0161kas valdymas su nuimamu jutikliniu ekranu<\/h3>\n<p>\u201eiSteady M7\u201c taip pat i\u0161siskiria novatori\u0161ku nuimamu jutikliniu ekranu, kuris leid\u017eia patogiai valdyti stabilizatoriaus funkcijas. Tai leid\u017eia vartotojui realiuoju laiku valdyti \u012fra\u0161ymo parametrus ir koreguoti nustatymus pagal savo poreikius, o tai labai pagerina vartotojo patirt\u012f.<\/p>\n<p>\n<img decoding=\"async\" border=\"0\" src=\"https:\/\/assets.innpro.pl\/11764\/13936\/3.jpg\"\/>\n<\/p>\n<h3>Didesnis universalumas ir na\u0161umas<\/h3>\n<p>Gimbalas palaiko i\u0161maniuosius telefonus, sverian\u010dius iki 500 g, ir palaiko sulankstomus \u012frenginius. Integruotas 19,8 cm ilgio str\u0117l\u0117 leid\u017eia u\u017efiksuoti \u012fdomesnius kadrus ir lengviau kurti turin\u012f i\u0161 skirting\u0173 perspektyv\u0173. J\u0105 papildo RGB ir dviej\u0173 spalv\u0173 LED lemput\u0117s, kurios suteikia pla\u010dias ap\u0161vietimo galimybes, kurios praver\u010dia dirbant sud\u0117tingomis ap\u0161vietimo s\u0105lygomis.<\/p>\n<p>\n<img decoding=\"async\" border=\"0\" src=\"https:\/\/assets.innpro.pl\/11764\/13936\/7.jpg\"\/>\n<\/p>\n<h3>Ilgalaikis veikimas ir \u012fkrovimas<\/h3>\n<p>Ilgaam\u017e\u0117 baterija u\u017etikrina iki 16 valand\u0173 veikimo, o \u012fkrovimo funkcija leid\u017eia \u012fkrauti prijungtus \u012frenginius, pvz., i\u0161man\u0173j\u012f telefon\u0105. Tai idealiai tinka tiems, kurie nori i\u0161likti visi\u0161kai mobil\u016bs ir nepriklausomi ilg\u0173 \u012fra\u0161ymo sesij\u0173 metu.<\/p>\n<p>\n<img decoding=\"async\" border=\"0\" src=\"https:\/\/assets.innpro.pl\/11764\/13936\/9.jpg\"\/>\n<\/p>\n<h3>Kompakti\u0161kas rinkinys su daugybe funkcij\u0173<\/h3>\n<p>\u201eHohem iSteady M7\u201c tiekiamas su pried\u0173 rinkiniu tvirtame d\u0117kle, kad b\u016bt\u0173 lengva laikyti ir transportuoti. Be kita ko, komplekte yra trikojis, \u012fkrovimo laidas ir nuimamas jutiklinis ekranas, tod\u0117l galite prad\u0117ti dirbti i\u0161 karto i\u0161pakav\u0119 gamin\u012f.<\/p>\n<p>\n<img decoding=\"async\" border=\"0\" src=\"https:\/\/assets.innpro.pl\/11764\/13936\/8.jpg\"\/>\n<\/p>\n<h3>\u012etraukta<\/h3>\n<ul class=\"list-disc pl-5\">\n<li>iSteady M7 x1<\/li>\n<li>Pa\u017eangus Al sekiklis su u\u017epildymo lempute x1<\/li>\n<li>Nuimamas nuotolinio valdymo pultas su jutikliniu ekranu x1<\/li>\n<li>Trikojis x1<\/li>\n<li>Ne\u0161iojimo d\u0117klas x1<\/li>\n<li>USB tipo C \u012fkrovimo laidas x1<\/li>\n<li>USB tipo C \u012f C \u012fkrovimo laidas x1<\/li>\n<li>Greito paleidimo vadovas x1<\/li>\n<li>Garantijos kortel\u0117 x1<\/li>\n<li>Saugos gair\u0117s x1<\/li>\n<\/ul>\n<div class=\"table-wrapper\">\n<p>\u0412\u00a0<\/p>\n<h3><\/h3>\n<table>\n<tbody>\n<tr>\n<th>Gamintojas<\/th>\n<td>Hohem<\/td>\n<\/tr>\n<tr>\n<th>Modelis<\/th>\n<td>iSteady M7<\/td>\n<\/tr>\n<\/tbody>\n<\/table>\n<p>\u0412\u00a0<\/p>\n<h3>Kardaninis stabilizatorius<\/h3>\n<table>\n<tbody>\n<tr>\n<th>Svoris<\/th>\n<td>Kardaninis stabilizatorius: 629 g (\u00b15 g), trikojis: 118,5 g<\/td>\n<\/tr>\n<tr>\n<th>Matmenys<\/th>\n<td>I\u0161skleistas: 327 * 122,3 * 118,3 mm, sulankstytas: 335,7 * 57 * 159 mm<\/td>\n<\/tr>\n<tr>\n<th>Med\u017eiaga<\/th>\n<td>Auk\u0161tos kokyb\u0117s kompozitas med\u017eiaga<\/td>\n<\/tr>\n<tr>\n<th>Maksimali apkrova<\/th>\n<td>500 g<\/td>\n<\/tr>\n<tr>\n<th>I\u0161maniojo telefono plotis<\/th>\n<td>58 mm ~ 90 mm<\/td>\n<\/tr>\n<tr>\n<th>I\u0161maniojo telefono storis<\/th>\n<td>6,9 mm ~ 12,5 mm<\/td>\n<\/tr>\n<tr>\n<th>Baterijos talpa<\/th>\n<td>18650 li\u010dio jon\u0173, 7,2 V \/ 3200 mAh \/ 23,04 Wh<\/td>\n<\/tr>\n<tr>\n<th>Veikimo laikas<\/th>\n<td>Apie 12 valand\u0173 (subalansuota ir nejudanti), apie 8 valandas (su Al sekimu), 3 ~ 4 valandos (su vienu metu Al sekimu ir u\u017epildymo lempute), *Duomenys gauti i\u0161 Hohem laboratorijos<\/td>\n<\/tr>\n<tr>\n<th>Energijos suvartojimas<\/th>\n<td>1,8 vato (subalansuota ir nejudanti)<\/td>\n<\/tr>\n<tr>\n<th>\u012ekrovimo laikas<\/th>\n<td>3 valandos<\/td>\n<\/tr>\n<tr>\n<th>Valdomas kampas<\/th>\n<td>Pasukimas: 360\u00b0 iki begalyb\u0117s, Ritimo sukimas: +45\u00b0, Pakreipimas (Pakreipimas): -50\u00b0~275\u00b0<\/td>\n<\/tr>\n<tr>\n<th>Darbin\u0117 temperat\u016bra<\/th>\n<td>-10\u00b0C~45\u00b0C<\/td>\n<\/tr>\n<tr>\n<th>Variklio apsauga<\/th>\n<td>Gedimo atveju stabilizatorius automati\u0161kai i\u0161sijungia, kad apsaugot\u0173 varikl\u012f.<\/td>\n<\/tr>\n<tr><\/tr>\n<\/tbody>\n<\/table>\n<p>B\u00a0<\/p>\n<h3>Nuotolinio valdymo pultas<\/h3>\n<table>\n<tbody>\n<tr>\n<th>Akumuliatoriaus talpa<\/th>\n<td>3,8 V \/ 240 mAh \/ 0,912 Wh<\/td>\n<\/tr>\n<tr>\n<th>Nuotolinio valdymo pulto veikimo nuotolis<\/th>\n<td>\u0432\u2030\u00a4 10 m<\/td>\n<\/tr>\n<tr>\n<th>Vaizdo perdavimas<\/th>\n<td>\u0938 7 m<\/td>\n<\/tr>\n<tr>\n<th>Jutiklinis ekranas<\/th>\n<td>1,4 colio<\/td>\n<\/tr>\n<\/tbody>\n<\/table>\n<p>B\u00a0<\/p>\n<h3>DI sekiklis<\/h3>\n<table>\n<tbody>\n<tr>\n<th>Svoris<\/th>\n<td>20 g<\/td>\n<\/tr>\n<tr>\n<th>Matmenys<\/th>\n<td>42,5 * 29,5 * 19,5 mm<\/td>\n<\/tr>\n<tr>\n<th>Pikseliai<\/th>\n<td>2 MP<\/td>\n<\/tr>\n<tr>\n<th>Gest\u0173 atpa\u017einimo diapazonas<\/th>\n<td>0,5 m~5 m<\/td>\n<\/tr>\n<tr>\n<th>Sekti Diapazonas<\/th>\n<td>0,5 m~7 m<\/td>\n<\/tr>\n<tr>\n<th>Ap\u0161vietimas<\/th>\n<td>40 liuks\u0173 esant 0,5 m atstumui<\/td>\n<\/tr>\n<tr>\n<th>\u0160viesos galia<\/th>\n<td>2 W<\/td>\n<\/tr>\n<tr>\n<th>RGB<\/th>\n<td>360 ap\u0161vietimo spalv\u0173<\/td>\n<\/tr>\n<tr>\n<th>Kombinuoto kontrasto spalvota \u0161viesa<\/th>\n<td>2700 K, 3000 K, 3500 K, 4000 K, 4500 K, 5000 K, 5500 K, 6000 K, 6500 K<\/td>\n<\/tr>\n<\/tbody>\n<\/table>\n<\/div>\n","protected":false},"excerpt":{"rendered":"<p>\u201eHohem iSteady M7\u201c stabilizatorius \u201eHohem iSteady M7\u201c \u2013 tai pa\u017eangus stabilizatorius, sukurtas reikliems vartotojams, norintiems auk\u0161\u010diausios kokyb\u0117s stabilizavimo ir funkcionalumo. D\u0117l savo dizaino, palaikymo \u012fvairiems i\u0161maniesiems telefonams ir novatori\u0161k\u0173 technologij\u0173 jis puikiai tiks tiek m\u0117g\u0117jams, tiek profesionalams. \u012esp\u016bdingas \u201eiSteady 9.0\u201c stabilizavimas Vienas did\u017eiausi\u0173 \u201eiSteady M7\u201c privalum\u0173 yra 9.0 stabilizavimo sistema, u\u017etikrinanti skland\u017eius ir stabilius kadrus [&#8230;]\n","protected":false},"featured_media":29228,"comment_status":"open","ping_status":"closed","template":"","meta":[],"product_brand":[675],"product_cat":[1004],"product_tag":[],"class_list":{"0":"post-29227","1":"product","2":"type-product","3":"status-publish","4":"has-post-thumbnail","6":"product_brand-hohem","7":"product_cat-gimbals-and-stabilizers","9":"first","10":"outofstock","11":"taxable","12":"shipping-taxable","13":"purchasable","14":"product-type-simple"},"aioseo_notices":[],"_links":{"self":[{"href":"https:\/\/asura.lv\/lt\/wp-json\/wp\/v2\/product\/29227","targetHints":{"allow":["GET"]}}],"collection":[{"href":"https:\/\/asura.lv\/lt\/wp-json\/wp\/v2\/product"}],"about":[{"href":"https:\/\/asura.lv\/lt\/wp-json\/wp\/v2\/types\/product"}],"replies":[{"embeddable":true,"href":"https:\/\/asura.lv\/lt\/wp-json\/wp\/v2\/comments?post=29227"}],"wp:featuredmedia":[{"embeddable":true,"href":"https:\/\/asura.lv\/lt\/wp-json\/wp\/v2\/media\/29228"}],"wp:attachment":[{"href":"https:\/\/asura.lv\/lt\/wp-json\/wp\/v2\/media?parent=29227"}],"wp:term":[{"taxonomy":"product_brand","embeddable":true,"href":"https:\/\/asura.lv\/lt\/wp-json\/wp\/v2\/product_brand?post=29227"},{"taxonomy":"product_cat","embeddable":true,"href":"https:\/\/asura.lv\/lt\/wp-json\/wp\/v2\/product_cat?post=29227"},{"taxonomy":"product_tag","embeddable":true,"href":"https:\/\/asura.lv\/lt\/wp-json\/wp\/v2\/product_tag?post=29227"}],"curies":[{"name":"wp","href":"https:\/\/api.w.org\/{rel}","templated":true}]}}