{"id":29449,"date":"2025-11-28T23:06:11","date_gmt":"2025-11-28T23:06:11","guid":{"rendered":"https:\/\/asura.lv\/product\/powerbank-romoss-wms10-10000mah-30w-black\/"},"modified":"2025-12-12T15:51:53","modified_gmt":"2025-12-12T13:51:53","slug":"powerbank-romoss-wms10-10000mah-30w-black","status":"publish","type":"product","link":"https:\/\/asura.lv\/lt\/produktas\/powerbank-romoss-wms10-10000mah-30w-black\/","title":{"rendered":"Powerbank Romoss WMS10 10000mAh 30W (juoda)"},"content":{"rendered":"<h3>\u201eRomoss WMS10\u201c \u2013 patikimas i\u0161orinis akumuliatorius, pasi\u017eymintis galinga galia, greitu \u012fkrovimu ir esteti\u0161ku dizainu. D\u0117l magnetinio belaid\u017eio \u012fkrovimo funkcijos ir universalumo, leid\u017eian\u010dio \u012fkrauti \u012fvairius \u012frenginius, \u201eWMS10\u201c yra puikus pasirinkimas visiems, norintiems m\u0117gautis visi\u0161ka laisve, nesijaudinant d\u0117l \u200b\u200bi\u0161krovos. Rinkit\u0117s \u201eRomoss WMS10\u201c ir visada b\u016bkite pasiruo\u0161\u0119 kasdienio gyvenimo i\u0161\u0161\u016bkiams!<\/p>\n<p>\n<img decoding=\"async\" border=\"0\" src=\"https:\/\/assets.innpro.pl\/10536\/12380\/3.jpg\"\/>\n<\/p>\n<h3>Ypa\u010d greitas \u012fkrovimas<\/h3>\n<p>\u201eRomoss WMS10\u201c u\u017etikrina greit\u0105 \u012fkrovim\u0105 iki 30 W galia, tod\u0117l j\u016bs\u0173 \u012frenginiai bus paruo\u0161ti naudoti daug grei\u010diau. D\u0117l \u201ePower Delivery\u201c technologijos galite \u012fkrauti savo i\u0161man\u0173j\u012f telefon\u0105 ar plan\u0161etin\u012f kompiuter\u012f akimirksniu. Be to, \u012fsp\u016bdinga 10000 mAh talpa yra puikus privalumas, kuris pravers bet kokioje situacijoje. Jis idealiai tinka tiems, kurie vertina laiko taupym\u0105.<\/p>\n<p>\n<img decoding=\"async\" border=\"0\" src=\"https:\/\/assets.innpro.pl\/10536\/12380\/5.jpg\"\/>\n<\/p>\n<h3>Lengvas ir stabilus belaidis \u012fkrovimas<\/h3>\n<p>Integruota belaid\u017eio \u012fkrovimo funkcija leid\u017eia greitai \u012fkrauti \u012frenginius be laid\u0173. Magnetinis laikiklis u\u017etikrina saug\u0173 ir stabil\u0173 \u012fkrovim\u0105, o j\u016bs galite sutelkti d\u0117mes\u012f \u012f tai, kas svarbu, nesijaudindami d\u0117l akumuliatoriaus. Puikiai tinka verslo susitikimams, kelion\u0117ms ir kasdieniam naudojimui.<\/p>\n<p>\n<img decoding=\"async\" border=\"0\" src=\"https:\/\/assets.innpro.pl\/10536\/12380\/4.jpg\"\/>\n<\/p>\n<h3>Universalumas bet kokiam \u012frenginiui<\/h3>\n<p>\u201eRomoss WMS10\u201c i\u0161orin\u0117 baterija turi \u201eLightning\u201c ir \u201eType-C\u201c prievadus, kad b\u016bt\u0173 visi\u0161kai suderinama su dauguma \u012frengini\u0173 \u2013 nuo \u200b\u200bi\u0161mani\u0173j\u0173 telefon\u0173 iki plan\u0161etini\u0173 kompiuteri\u0173 ir ausini\u0173. Galimyb\u0117 vienu metu \u012fkrauti kelis \u012frenginius daro j\u0105 idealiu pasirinkimu tiems, kuriems visada reikia tur\u0117ti patikim\u0105 energijos tiekim\u0105.<\/p>\n<p>\n<img decoding=\"async\" border=\"0\" src=\"https:\/\/assets.innpro.pl\/10536\/12380\/6.jpg\"\/>\n<\/p>\n<h3>Eleganti\u0161kas dizainas ir patogus naudojimas<\/h3>\n<p>\u201eRomoss WMS10\u201c buvo sukurtas atsi\u017evelgiant \u012f \u0161iuolaikin\u012f gyvenimo b\u016bd\u0105. D\u0117l eleganti\u0161ko dizaino ir kompakti\u0161ko dyd\u017eio j\u0105 lengva tilpti \u012f krep\u0161\u012f, kuprin\u0119 ar net ki\u0161en\u0119. Auk\u0161tos kokyb\u0117s med\u017eiagos ir kruop\u0161tus darbas pabr\u0117\u017eia jo i\u0161skirtinum\u0105 ir ilgaam\u017ei\u0161kum\u0105.<\/p>\n<p>\n<img decoding=\"async\" border=\"0\" src=\"https:\/\/assets.innpro.pl\/10536\/12380\/7.jpg\"\/>\n<\/p>\n<h3>Pridedama<\/h3>\n<ul class=\"list-disc pl-5\">\n<li>i\u0161orin\u0117 baterija<\/li>\n<li>\u012fkrovimo laidas<\/li>\n<li>naudotojo vadovas<\/li>\n<\/ul>\n<div class=\"table-wrapper\">\n<p>B\u00a0<\/p>\n<h3><\/h3>\n<table>\n<tbody>\n<tr>\n<th>Gamintojas<\/th>\n<td>Romoss<\/td>\n<\/tr>\n<tr>\n<th>Modelis<\/th>\n<td>WMS10<\/td>\n<\/tr>\n<tr>\n<th>Baterija<\/th>\n<td>Li\u010dio jon\u0173<\/td>\n<\/tr>\n<tr>\n<th>\u012evertinta energija<\/th>\n<td>37 Wh (10000 mAh)<\/td>\n<\/tr>\n<tr>\n<th>Nominali talpa<\/th>\n<td>6000 mAh (5 V \/ 2 A)<\/td>\n<\/tr>\n<tr>\n<th>Baterijos efektyvumas<\/th>\n<td>\u2013 75 %<\/td>\n<\/tr>\n<tr>\n<th>\u012evestis<\/th>\n<td>5 V \u00d7 2 A \/ 9 V \u00d7 2 A (\u201eLightning 1\u201c); 5 V \u00d7 3 A \/ 9 V \u00d7 3 A \/ 12 V \u00d7 2,5 A \/ 15 V \u00d7 2 A (\u201eLightning\u201c \/ C tipo)<\/td>\n<\/tr>\n<tr>\n<th>I\u0161vestis<\/th>\n<td>5 V \u00d7 3 A \/ 9 V \u00d7 3 A \/ 12 V \u00d7 2,5 A \/ 15 V \u00d7 2 A (\u201eLightning\u201c \/ C tipo); 15 W (magnetin\u0117 belaid\u017eio \u012fkrovimo stotel\u0117).<\/td>\n<\/tr>\n<tr>\n<th>Bendra i\u0161vestis<\/th>\n<td>\u201eLightning\u201c \/ C tipo + belaidis: 5 V \u00d7 3 A<\/td>\n<\/tr>\n<tr>\n<th>Dydis<\/th>\n<td>104 \u00d7 67 \u00d7 20,5 mm<\/td>\n<\/tr>\n<tr>\n<th>Svoris<\/th>\n<td>225 g<\/td>\n<\/tr>\n<tr>\n<th>Spalva<\/th>\n<td>juoda<\/td>\n<\/tr>\n<tr>\n<th>Temperat\u016bros diapazonas<\/th>\n<td>\u012ekrovimas: 0\u201325 \u00b0C \/ 32\u201377 \u00b0F Laikymas: -20\u201345 \u00b0C \/ -4\u2013113 \u00b0F<\/td>\n<\/tr>\n<\/tbody>\n<\/table>\n<\/div>\n","protected":false},"excerpt":{"rendered":"<p>\u201eRomoss WMS10\u201c \u2013 patikimas i\u0161orinis akumuliatorius, pasi\u017eymintis galinga galia, greitu \u012fkrovimu ir esteti\u0161ku dizainu. D\u0117l magnetinio belaid\u017eio \u012fkrovimo funkcijos ir universalumo, leid\u017eian\u010dio \u012fkrauti \u012fvairius \u012frenginius, \u201eWMS10\u201c yra puikus pasirinkimas visiems, norintiems m\u0117gautis visi\u0161ka laisve, nesijaudinant d\u0117l \u200b\u200bi\u0161krovos. Rinkit\u0117s \u201eRomoss WMS10\u201c ir visada b\u016bkite pasiruo\u0161\u0119 kasdienio gyvenimo i\u0161\u0161\u016bkiams! Ypa\u010d greitas \u012fkrovimas \u201eRomoss WMS10\u201c u\u017etikrina greit\u0105 \u012fkrovim\u0105 [&#8230;]\n","protected":false},"featured_media":29450,"comment_status":"open","ping_status":"closed","template":"","meta":[],"product_brand":[430],"product_cat":[1025],"product_tag":[],"class_list":{"0":"post-29449","1":"product","2":"type-product","3":"status-publish","4":"has-post-thumbnail","6":"product_brand-romoss","7":"product_cat-powerbanks","9":"first","10":"outofstock","11":"taxable","12":"shipping-taxable","13":"purchasable","14":"product-type-simple"},"aioseo_notices":[],"_links":{"self":[{"href":"https:\/\/asura.lv\/lt\/wp-json\/wp\/v2\/product\/29449","targetHints":{"allow":["GET"]}}],"collection":[{"href":"https:\/\/asura.lv\/lt\/wp-json\/wp\/v2\/product"}],"about":[{"href":"https:\/\/asura.lv\/lt\/wp-json\/wp\/v2\/types\/product"}],"replies":[{"embeddable":true,"href":"https:\/\/asura.lv\/lt\/wp-json\/wp\/v2\/comments?post=29449"}],"wp:featuredmedia":[{"embeddable":true,"href":"https:\/\/asura.lv\/lt\/wp-json\/wp\/v2\/media\/29450"}],"wp:attachment":[{"href":"https:\/\/asura.lv\/lt\/wp-json\/wp\/v2\/media?parent=29449"}],"wp:term":[{"taxonomy":"product_brand","embeddable":true,"href":"https:\/\/asura.lv\/lt\/wp-json\/wp\/v2\/product_brand?post=29449"},{"taxonomy":"product_cat","embeddable":true,"href":"https:\/\/asura.lv\/lt\/wp-json\/wp\/v2\/product_cat?post=29449"},{"taxonomy":"product_tag","embeddable":true,"href":"https:\/\/asura.lv\/lt\/wp-json\/wp\/v2\/product_tag?post=29449"}],"curies":[{"name":"wp","href":"https:\/\/api.w.org\/{rel}","templated":true}]}}