{"id":29497,"date":"2025-11-28T23:06:06","date_gmt":"2025-11-28T23:06:06","guid":{"rendered":"https:\/\/asura.lv\/product\/powerbank-romoss-wsc10-10000mah-20w-white\/"},"modified":"2025-12-12T15:51:50","modified_gmt":"2025-12-12T13:51:50","slug":"powerbank-romoss-wsc10-10000mah-20w-white","status":"publish","type":"product","link":"https:\/\/asura.lv\/lt\/produktas\/powerbank-romoss-wsc10-10000mah-20w-white\/","title":{"rendered":"Powerbank Romoss WSC10 10000mAh 20W (balta)"},"content":{"rendered":"<h3>\u201eRomoss WSC10\u201c i\u0161orin\u0117 baterija 10000mAh 20W (balta).<\/h3>\n<p>\u201eRomoss WSC10\u201c i\u0161orin\u0117 baterija \u2013 tai puikus talpos, funkcionalumo ir saugumo derinys. Nesvarbu, ar keliaujate, esate darbe, ar tiesiog reikia patikimo maitinimo \u0161altinio, \u201eRomoss WSC10\u201c yra pasiruo\u0161\u0119s suteikti jums reikiam\u0105 energij\u0105. Rinkit\u0117s komfort\u0105, stili\u0173 ir patikimum\u0105 \u2013 rinkit\u0117s \u201eRomoss WSC10\u201c ir m\u0117gaukit\u0117s visi\u0161ku mobilumu nesijaudindami d\u0117l i\u0161sikrovusio \u012frenginio.<\/p>\n<p>\n<img decoding=\"async\" border=\"0\" src=\"https:\/\/assets.innpro.pl\/10528\/12371\/6.jpg\"\/>\n<\/p>\n<h3>Universalus suderinamumas \u2013 vienas sprendimas keliems \u012frenginiams<\/h3>\n<p>\u201eRomoss WSC10\u201c i\u0161siskiria visi\u0161ku suderinamumu su daugybe \u012frengini\u0173. D\u0117l magnetinio \u012fkrovimo funkcijos i\u0161orin\u0117 baterija puikiai veikia su \u201eiPhone 12\u201c, \u201e13\u201c ir \u201e14\u201c serijomis, kad b\u016bt\u0173 patogu belaid\u017eiu b\u016bdu \u012fkrauti. Be to, \u201eRomoss WSC10\u201c su 20 W laidinio \u012fkrovimo funkcija maitins ir kit\u0173 gamintoj\u0173, toki\u0173 kaip \u201eHuawei\u201c, \u201eSamsung\u201c, \u201eXiaomi\u201c, \u201eOPPO\u201c ir \u201eVIVO\u201c, i\u0161maniuosius telefonus, tod\u0117l tur\u0117site vien\u0105 \u012frengin\u012f visiems savo maitinimo poreikiams.<\/p>\n<p>\n<img decoding=\"async\" border=\"0\" src=\"https:\/\/assets.innpro.pl\/10528\/12371\/1.jpg\"\/>\n<\/p>\n<h3>Greitas \u012fkrovimas ir didelis na\u0161umas<\/h3>\n<p>\u201eRomoss WSC10\u201c si\u016blo \u012fsp\u016bdingas greito \u012fkrovimo galimybes \u2013 18 W laidiniam \u012fkrovimui ir iki 15 W belaid\u017eiam \u012fkrovimui. Per 30 minu\u010di\u0173 galite \u012fkrauti \u201eiPhone 14 Pro\u201c iki 60 % laidu arba iki 25 % belaid\u017eiu b\u016bdu. Tur\u0117damas 10000 mAh talpos baterij\u0105, i\u0161orin\u0117 baterija leid\u017eia \u012fkrauti daugum\u0105 \u0161iuolaikini\u0173 i\u0161mani\u0173j\u0173 telefon\u0173 iki dviej\u0173 kart\u0173, u\u017etikrindama nepertraukiam\u0105 prieig\u0105 prie energijos kasdieni\u0173 i\u0161\u0161\u016bki\u0173 metu.<\/p>\n<p>\n<img decoding=\"async\" border=\"0\" src=\"https:\/\/assets.innpro.pl\/10528\/12371\/5.jpg\"\/>\n<\/p>\n<h3>Auk\u0161\u010diausio lygio saugumas<\/h3>\n<p>J\u016bs\u0173 \u012frengini\u0173 saugumas yra svarbiausias prioritetas, tod\u0117l \u201eRomoss WSC10\u201c turi pa\u017eangi\u0105 apsaugos sistem\u0105, kuri apima de\u0161imt apsaugos lygi\u0173, \u012fskaitant perkaitim\u0105, vir\u0161\u012ftamp\u012f, perkrov\u0105 ir trump\u0105j\u012f jungim\u0105. \u201eMulti-Protect Safety\u201c technologija kartu su NTC temperat\u016bros steb\u0117jimo sistema palaiko optimalias veikimo s\u0105lygas, u\u017etikrindama saug\u0173 naudojim\u0105 net ir esant dideliam \u012fkrovimui.<\/p>\n<p>\n<img decoding=\"async\" border=\"0\" src=\"https:\/\/assets.innpro.pl\/10528\/12371\/4.jpg\"\/>\n<\/p>\n<h3>Didesn\u0117 talpa, ma\u017eesnis dydis<\/h3>\n<p>Vos 218 g svorio ir kompakti\u0161ko dyd\u017eio \u201eRomoss WSC10\u201c yra itin ne\u0161iojamas ir lengvai ne\u0161iojamas. D\u0117l galing\u0173 \u012fmontuot\u0173 magnet\u0173 (14 N stiprumo) i\u0161orin\u0117 baterija stabiliai prilimpa prie \u201eiPhone\u201c nugar\u0117l\u0117s, tod\u0117l patogu j\u0105 \u012fkrauti kelyje. Jis skland\u017eiai \u012fkrauna \u012frenginius belaid\u017eiu ir laidu vienu metu, tod\u0117l yra idealus pasirinkimas tiek kelion\u0117ms, tiek kasdieniam naudojimui.<\/p>\n<p>\n<img decoding=\"async\" border=\"0\" src=\"https:\/\/assets.innpro.pl\/10528\/12371\/2.jpg\"\/>\n<\/p>\n<h3>Pridedama<\/h3>\n<ul class=\"list-disc pl-5\">\n<li>i\u0161orin\u0117 baterija<\/li>\n<li>\u012fkrovimo laidas<\/li>\n<li>naudotojo vadovas<\/li>\n<\/ul>\n<div class=\"table-wrapper\">\n<p>\u0412\u00a0<\/p>\n<h3><\/h3>\n<table>\n<tbody>\n<tr>\n<th>Gamintojas<\/th>\n<td>Romoss<\/td>\n<\/tr>\n<tr>\n<th>Modelis<\/th>\n<td>WSC10<\/td>\n<\/tr>\n<tr>\n<th>Baterijos talpa<\/th>\n<td>37 Wh, 10000 mAh<\/td>\n<\/tr>\n<tr>\n<th>Nominali talpa<\/th>\n<td>6000 mAh (5 V \/ 3 A)<\/td>\n<\/tr>\n<tr>\n<th>\u012evestis<\/th>\n<td>5 V \u00d7 3 A arba 9 V \u00d7 2 A (C tipo)<\/td>\n<\/tr>\n<tr>\n<th>I\u0161vestis (laidinis)<\/th>\n<td>5 V \u00d7 3 A arba 9 V \u00d7 2,22 A arba 12 V \u00d7 1,67 A (C tipo)<\/td>\n<\/tr>\n<tr>\n<th>I\u0161vestis (belaidis)<\/th>\n<td>5 W, 7,5 W, 10 W, 15 W (maksimali)<\/td>\n<\/tr>\n<tr>\n<th>Bendra i\u0161vesties galia<\/th>\n<td>15 W (maksimali)<\/td>\n<\/tr>\n<tr>\n<th>Matmenys<\/th>\n<td>104 x 67 x 20,5 mm<\/td>\n<\/tr>\n<tr>\n<th>Svoris<\/th>\n<td>~218 g<\/td>\n<\/tr>\n<tr>\n<th>Spalva<\/th>\n<td>balta<\/td>\n<\/tr>\n<\/tbody>\n<\/table>\n<\/div>\n","protected":false},"excerpt":{"rendered":"<p>\u201eRomoss WSC10\u201c i\u0161orin\u0117 baterija 10000mAh 20W (balta). \u201eRomoss WSC10\u201c i\u0161orin\u0117 baterija \u2013 tai puikus talpos, funkcionalumo ir saugumo derinys. Nesvarbu, ar keliaujate, esate darbe, ar tiesiog reikia patikimo maitinimo \u0161altinio, \u201eRomoss WSC10\u201c yra pasiruo\u0161\u0119s suteikti jums reikiam\u0105 energij\u0105. Rinkit\u0117s komfort\u0105, stili\u0173 ir patikimum\u0105 \u2013 rinkit\u0117s \u201eRomoss WSC10\u201c ir m\u0117gaukit\u0117s visi\u0161ku mobilumu nesijaudindami d\u0117l i\u0161sikrovusio \u012frenginio. [&#8230;]\n","protected":false},"featured_media":29498,"comment_status":"open","ping_status":"closed","template":"","meta":[],"product_brand":[430],"product_cat":[1025],"product_tag":[],"class_list":{"0":"post-29497","1":"product","2":"type-product","3":"status-publish","4":"has-post-thumbnail","6":"product_brand-romoss","7":"product_cat-powerbanks","9":"first","10":"outofstock","11":"taxable","12":"shipping-taxable","13":"purchasable","14":"product-type-simple"},"aioseo_notices":[],"_links":{"self":[{"href":"https:\/\/asura.lv\/lt\/wp-json\/wp\/v2\/product\/29497","targetHints":{"allow":["GET"]}}],"collection":[{"href":"https:\/\/asura.lv\/lt\/wp-json\/wp\/v2\/product"}],"about":[{"href":"https:\/\/asura.lv\/lt\/wp-json\/wp\/v2\/types\/product"}],"replies":[{"embeddable":true,"href":"https:\/\/asura.lv\/lt\/wp-json\/wp\/v2\/comments?post=29497"}],"wp:featuredmedia":[{"embeddable":true,"href":"https:\/\/asura.lv\/lt\/wp-json\/wp\/v2\/media\/29498"}],"wp:attachment":[{"href":"https:\/\/asura.lv\/lt\/wp-json\/wp\/v2\/media?parent=29497"}],"wp:term":[{"taxonomy":"product_brand","embeddable":true,"href":"https:\/\/asura.lv\/lt\/wp-json\/wp\/v2\/product_brand?post=29497"},{"taxonomy":"product_cat","embeddable":true,"href":"https:\/\/asura.lv\/lt\/wp-json\/wp\/v2\/product_cat?post=29497"},{"taxonomy":"product_tag","embeddable":true,"href":"https:\/\/asura.lv\/lt\/wp-json\/wp\/v2\/product_tag?post=29497"}],"curies":[{"name":"wp","href":"https:\/\/api.w.org\/{rel}","templated":true}]}}