{"id":29503,"date":"2025-11-28T23:06:05","date_gmt":"2025-11-28T23:06:05","guid":{"rendered":"https:\/\/asura.lv\/product\/powerbank-romoss-pha10-10000mah-22-5w-purple\/"},"modified":"2025-12-12T15:51:48","modified_gmt":"2025-12-12T13:51:48","slug":"powerbank-romoss-pha10-10000mah-22-5w-purple","status":"publish","type":"product","link":"https:\/\/asura.lv\/lt\/produktas\/powerbank-romoss-pha10-10000mah-22-5w-purple\/","title":{"rendered":"Powerbank Romoss PHA10 10000mAh 22,5W (violetin\u0117)"},"content":{"rendered":"<h3>I\u0161orin\u0117 baterija \u201eRomoss PHA10\u201c 10000mAh 22,5W (violetin\u0117)<\/h3>\n<p>\u201eRomoss PHA10\u201c i\u0161orin\u0117 baterija \u2013 tai elegancijos, na\u0161umo ir moderni\u0173 technologij\u0173 derinys. Kompakti\u0161ka, lengva ir itin funkcionali \u2013 tai b\u016btinas pirkinys visiems, vertinantiems patikimum\u0105 ir stili\u0173. Rinkit\u0117s \u201eRomoss PHA10\u201c ir m\u0117gaukit\u0117s nepertraukiama energija bet kur!<\/p>\n<p>\n<img decoding=\"async\" border=\"0\" src=\"https:\/\/assets.innpro.pl\/10524\/12367\/3.jpg\"\/>\n<\/p>\n<h3>Elegancija kiekvienoje detal\u0117je<\/h3>\n<p>\u201eRomoss PHA10\u201c i\u0161orin\u0117 baterija i\u0161siskiria pusiau blizgia korpuso apdaila, kurioje eleganti\u0161ka matin\u0117 tekst\u016bra derinama su subtiliu blizgesiu. D\u0117l lyt\u0117jimo tekst\u016bros j\u0105 malonu naudoti. D\u0117l kompakti\u0161ko dyd\u017eio, prilygstan\u010dio kreditinei kortelei, ir lengvo dizaino, sverian\u010dio ma\u017eiau nei belaid\u017ei\u0173 ausini\u0173 d\u0117klas, jis yra idealus kelioni\u0173 palydovas.<\/p>\n<p>\n<img decoding=\"async\" border=\"0\" src=\"https:\/\/assets.innpro.pl\/10524\/12367\/5.jpg\"\/>\n<\/p>\n<h3>R\u016bpinimasis aplinka<\/h3>\n<p>\u201eRomoss PHA10\u201c yra ne tik funkcionalus, bet ir r\u016bpinasi aplinka. Naudojant pur\u0161kiam\u0173 med\u017eiag\u0173 ir energijos suvartojim\u0105 ma\u017einan\u010dias technologijas, pasirinkdami \u0161i\u0105 i\u0161orin\u0119 baterij\u0105, r\u016bpinat\u0117s planeta neaukodami moderni\u0173 sprendim\u0173.<\/p>\n<p>\n<img decoding=\"async\" border=\"0\" src=\"https:\/\/assets.innpro.pl\/10524\/12367\/6.jpg\"\/>\n<\/p>\n<h3>Patikima energija bet kokiai progai<\/h3>\n<p>Tur\u0117damas \u012fsp\u016bding\u0105 10000 mAh talp\u0105, \u201eRomoss PHA10\u201c u\u017etikrina ilgalaik\u0119 energij\u0105 j\u016bs\u0173 \u012frenginiams. Su automobilio klas\u0117s baterija ji si\u016blo prana\u0161esn\u012f u\u017e tradicines i\u0161orines baterijas, u\u017etikrindama stabil\u0173 ir patikim\u0105 \u012fkrovim\u0105 bet kokioje situacijoje. Ji turi \u201eFit Charge\u201c technologij\u0105, kuri i\u0161maniai reguliuoja gali\u0105 skirtingiems \u012frenginiams, kad b\u016bt\u0173 galima greitai ir saugiai \u012fkrauti. Vienas laidas suteikia tris \u012fkrovimo tipus: optimizavim\u0105 \u012fvairiems \u201eAndroid\u201c \u012frenginiams, greit\u0105 \u012fkrovim\u0105 per \u201eLightning\u201c prievad\u0105, skirt\u0105 specialiai \u012fkrauti \u201eiPhone\u201c, ir savaimin\u012f \u012fkrovim\u0105 per USB-C. Be to, i\u0161orin\u0117 baterija \u012fsikrauna iki 100 % vos per 3,5 valandos, tod\u0117l visada bus paruo\u0161ta naudoti.<\/p>\n<p>\n<img decoding=\"async\" border=\"0\" src=\"https:\/\/assets.innpro.pl\/10524\/12367\/2.jpg\"\/>\n<\/p>\n<h3>Kompakti\u0161kas ir prakti\u0161kas \u2013 idealiai tinka kelion\u0117ms<\/h3>\n<p>D\u0117l novatori\u0161kos PCBA technologijos \u201eRomoss PHA10\u201c maksimaliai i\u0161naudoja erdv\u0119, si\u016blydama novatori\u0161k\u0105 auk\u0161t\u0105 integracij\u0105 kompakti\u0161kame korpuse. Nesvarbu, ar esate kelyje, darbe, ar susitikime, \u0161i i\u0161orin\u0117 baterija tilps bet kurioje ki\u0161en\u0117je neu\u017eimdama daug vietos.<\/p>\n<p>\n<img decoding=\"async\" border=\"0\" src=\"https:\/\/assets.innpro.pl\/10524\/12367\/4.jpg\"\/>\n<\/p>\n<h3>Pa\u017eangios technologijos \u2013 saugumas ir patogumas<\/h3>\n<p>\u201eRomoss PHA10\u201c i\u0161orin\u0117 baterija turi 10 saugos funkcij\u0173, apsaugan\u010di\u0173 nuo vir\u0161\u012ftampio, trumpojo jungimo, perkrovimo ar perkaitimo. Nematomi LED indikatoriai \u012fsijungia vienu prisilietimu, tod\u0117l galite lengvai valdyti \u012frenginio veikim\u0105. Pa\u017eangi nano-vario koloidinio au\u0161inimo technologija u\u017etikrina optimali\u0105 veikimo temperat\u016br\u0105, o \u0161velnus \u012fkrovimas apsaugo j\u016bs\u0173 \u012frenginius. Nelaukite \u2013 rinkit\u0117s \u201eRomoss PHA10\u201c i\u0161orin\u0119 baterij\u0105 ir patirkite auk\u0161\u010diausio lygio gali\u0105!<\/p>\n<p>\n<img decoding=\"async\" border=\"0\" src=\"https:\/\/assets.innpro.pl\/10524\/12367\/7.jpg\"\/>\n<\/p>\n<h3>\u012e komplekt\u0105 \u012feina:<\/h3>\n<ul class=\"list-disc pl-5\">\n<li>i\u0161orin\u0117 baterija<\/li>\n<li>\u012fkrovimo laidas<\/li>\n<li>naudotojo vadovas<\/li>\n<\/ul>\n<div class=\"table-wrapper\">\n<p>\u0412\u00a0<\/p>\n<h3><\/h3>\n<table>\n<tbody>\n<tr>\n<th>Gamintojas<\/th>\n<td>Romoss<\/td>\n<\/tr>\n<tr>\n<th>Modelis<\/th>\n<td>PHA10<\/td>\n<\/tr>\n<tr>\n<th>\u012ekraunama baterija<\/th>\n<td>li\u010dio jon\u0173<\/td>\n<\/tr>\n<tr>\n<th>Baterijos talpa<\/th>\n<td>10000 mAh<\/td>\n<\/tr>\n<tr>\n<th>Nominali talpa<\/th>\n<td>5800 mAh<\/td>\n<\/tr>\n<tr>\n<th>Baterijos talpa<\/th>\n<td>5800 mAh (5 V \u2013 2 A)<\/td>\n<\/tr>\n<tr>\n<th>\u012evestis<\/th>\n<td>5 V \u2013 2,4 A \/ 9 V \u2013 2,22 A \/ 10 V \u2013 2,25 A \/ 12 V 1,67 A (C1 tipas) 5 V \u2013 2,4 A \/ 9 V \u2013 2,22 A \/ 12 V \u2013 1,67 A (C2 tipas) 5 V \u2013 2,4 A \/ 9 V \u2013 2,22 A \/ 12 V \u2013 1,67 A (\u201eLightning\u201c)<\/td>\n<\/tr>\n<tr>\n<th>I\u0161vestis<\/th>\n<td>5 V \u2013 2,4 A \/ 9 V \u2013 2,22 A \/ 10 V \u2013 2,25 A \/ 12 V \u2013 1,67 A (C1 tipas) 5 V \u2013 2,4 A \/ 9 V \u2013 2,22 A \/ 12 V \u2013 1,67 A (C2 tipas) 5 V \u2013 2,4 A \/ 9 V \u2013 2,22 A \/ 12 V \u2013 1,67 A (\u201eLightning\u201c)<\/td>\n<\/tr>\n<tr>\n<th>Matmenys<\/th>\n<td>99,5 x 53 x 26,4 mm<\/td>\n<\/tr>\n<tr>\n<th>Svoris<\/th>\n<td>204 g<\/td>\n<\/tr>\n<tr>\n<th>Spalva<\/th>\n<td>violetin\u0117<\/td>\n<\/tr>\n<\/tbody>\n<\/table>\n<\/div>\n","protected":false},"excerpt":{"rendered":"<p>I\u0161orin\u0117 baterija \u201eRomoss PHA10\u201c 10000mAh 22,5W (violetin\u0117) \u201eRomoss PHA10\u201c i\u0161orin\u0117 baterija \u2013 tai elegancijos, na\u0161umo ir moderni\u0173 technologij\u0173 derinys. Kompakti\u0161ka, lengva ir itin funkcionali \u2013 tai b\u016btinas pirkinys visiems, vertinantiems patikimum\u0105 ir stili\u0173. Rinkit\u0117s \u201eRomoss PHA10\u201c ir m\u0117gaukit\u0117s nepertraukiama energija bet kur! Elegancija kiekvienoje detal\u0117je \u201eRomoss PHA10\u201c i\u0161orin\u0117 baterija i\u0161siskiria pusiau blizgia korpuso apdaila, kurioje [&#8230;]\n","protected":false},"featured_media":29504,"comment_status":"open","ping_status":"closed","template":"","meta":[],"product_brand":[430],"product_cat":[1025],"product_tag":[],"class_list":{"0":"post-29503","1":"product","2":"type-product","3":"status-publish","4":"has-post-thumbnail","6":"product_brand-romoss","7":"product_cat-powerbanks","9":"first","10":"outofstock","11":"taxable","12":"shipping-taxable","13":"purchasable","14":"product-type-simple"},"aioseo_notices":[],"_links":{"self":[{"href":"https:\/\/asura.lv\/lt\/wp-json\/wp\/v2\/product\/29503","targetHints":{"allow":["GET"]}}],"collection":[{"href":"https:\/\/asura.lv\/lt\/wp-json\/wp\/v2\/product"}],"about":[{"href":"https:\/\/asura.lv\/lt\/wp-json\/wp\/v2\/types\/product"}],"replies":[{"embeddable":true,"href":"https:\/\/asura.lv\/lt\/wp-json\/wp\/v2\/comments?post=29503"}],"wp:featuredmedia":[{"embeddable":true,"href":"https:\/\/asura.lv\/lt\/wp-json\/wp\/v2\/media\/29504"}],"wp:attachment":[{"href":"https:\/\/asura.lv\/lt\/wp-json\/wp\/v2\/media?parent=29503"}],"wp:term":[{"taxonomy":"product_brand","embeddable":true,"href":"https:\/\/asura.lv\/lt\/wp-json\/wp\/v2\/product_brand?post=29503"},{"taxonomy":"product_cat","embeddable":true,"href":"https:\/\/asura.lv\/lt\/wp-json\/wp\/v2\/product_cat?post=29503"},{"taxonomy":"product_tag","embeddable":true,"href":"https:\/\/asura.lv\/lt\/wp-json\/wp\/v2\/product_tag?post=29503"}],"curies":[{"name":"wp","href":"https:\/\/api.w.org\/{rel}","templated":true}]}}