{"id":29509,"date":"2025-11-28T23:06:05","date_gmt":"2025-11-28T23:06:05","guid":{"rendered":"https:\/\/asura.lv\/product\/romoss-powerbank-wsc05-20w-5000mah-white\/"},"modified":"2025-12-12T15:51:49","modified_gmt":"2025-12-12T13:51:49","slug":"romoss-powerbank-wsc05-20w-5000mah-white","status":"publish","type":"product","link":"https:\/\/asura.lv\/lt\/produktas\/romoss-powerbank-wsc05-20w-5000mah-white\/","title":{"rendered":"Romoss Powerbank WSC05 20W 5000mAh (balta)"},"content":{"rendered":"<h3>\u201eRomoss WSC05\u201c i\u0161orin\u0117 baterija 20 W 5000 mAh (balta).<\/h3>\n<p>\u201eRomoss WSC05\u201c i\u0161orin\u0117 baterija \u2013 tai puikus na\u0161umo, saugumo ir modernaus dizaino derinys. Lengvas ir plonas dizainas, galingas magnetas ir greitas \u012fkrovimas daro j\u0105 idealiu pasirinkimu bet kuriam i\u0161maniojo telefono naudotojui. Investav\u0119 \u012f \u201eRomoss WSC05\u201c, gausite patikim\u0105 maitinimo \u0161altin\u012f, kuris visada bus po ranka, kad ir kokia b\u016bt\u0173 situacija. U\u017etikrinkite savo ramyb\u0119 ir komfort\u0105 su profesionalia \u201eRomoss WSC05\u201c i\u0161orine baterija.<\/p>\n<p>\n<img decoding=\"async\" border=\"0\" src=\"https:\/\/assets.innpro.pl\/10525\/12368\/5.jpg\"\/>\n<\/p>\n<h3>Galinga magneto galia<\/h3>\n<p>Unikalus 14 N magnetas leid\u017eia lengvai ir saugiai pritraukti \u012frenginius, sverian\u010dius iki 1,3 kg, o tai atitinka ma\u017edaug 6,9 telefono. Magnetai neu\u017estoja kameros objektyvo, tod\u0117l naudojant i\u0161orin\u0119 baterij\u0105, telefonas veikia visu paj\u0117gumu. Magnetinis \u012fkrovimas \u012fsijungia automati\u0161kai, kai prijungiamas prie i\u0161maniojo telefono, nereikia jo aktyvuoti rankiniu b\u016bdu, tod\u0117l naudojimas yra patogus ir intuityvus.<\/p>\n<p>\n<img decoding=\"async\" border=\"0\" src=\"https:\/\/assets.innpro.pl\/10525\/12368\/6.jpg\"\/>\n<\/p>\n<h3>Didel\u0117 talpa ir greitas \u012fkrovimas<\/h3>\n<p>Tur\u0117damas 5000 mAh talp\u0105, \u201eRomoss WSC05\u201c suteikia apie 110 % i\u0161orin\u0117s energijos \u201eiPhone 15 Pro\u201c, tod\u0117l telefon\u0105 galima visi\u0161kai \u012fkrauti ma\u017edaug 1,1 karto. Naudodama 20 W \u012fkrovimo technologij\u0105, i\u0161orin\u0117 baterija gali greitai \u012fkrauti \u201eiPhone 15 Pro\u201c iki 60 % vos per 30 minu\u010di\u0173. Be to, jis palaiko greit\u0105 iki 20 W \u201eApple\u201c, \u201eSamsung\u201c, \u201eHuawei\u201c ar \u201eXiaomi\u201c \u012frengini\u0173 \u012fkrovim\u0105, taip pat magnetin\u012f iki 15 W \u201eiPhone 12-15\u201c serijos \u012fkrovim\u0105.<\/p>\n<p>\n<img decoding=\"async\" border=\"0\" src=\"https:\/\/assets.innpro.pl\/10525\/12368\/4.jpg\"\/>\n<\/p>\n<h3>Lengvas ir plonas \u2013 idealiai tinka kelion\u0117ms<\/h3>\n<p>\u201eRomoss WSC05\u201c sveria vos 131 g, tod\u0117l tai itin lengvas ir plonas akumuliatori\u0173 blokas. D\u0117l kompakti\u0161ko dyd\u017eio j\u012f galima lengvai laikyti bet kuriame krep\u0161yje ar kuprin\u0117je neapsunkinant i\u0161maniojo telefono. D\u0117l skysto silikono i\u0161orin\u0117 baterija geriau laikosi ir neslysta, tod\u0117l yra patogi ir \u0161velni liesti.<\/p>\n<p>\n<img decoding=\"async\" border=\"0\" src=\"https:\/\/assets.innpro.pl\/10525\/12368\/2.jpg\"\/>\n<\/p>\n<h3>Pa\u017eangus saugumas<\/h3>\n<p>\u201eRomoss WSC05\u201c i\u0161orin\u0117je baterijoje \u012fmontuoti pa\u017eang\u016bs lustai, u\u017etikrinantys auk\u0161\u010diausi\u0105 saugumo lyg\u012f. NTC technologija kontroliuoja temperat\u016br\u0105 \u012fkrovimo metu, apsaugodama \u012frengin\u012f nuo perkaitimo. Be to, i\u0161orin\u0117 baterija turi iki 10 pa\u017eangi\u0173 apsaugos nuo perkaitimo, trumpojo jungimo, vir\u0161\u012ftampio ar per didelio \u012fkrovimo re\u017eim\u0173, u\u017etikrindama visapusi\u0161k\u0105 j\u016bs\u0173 \u012frengini\u0173 apsaug\u0105.<\/p>\n<p>\n<img decoding=\"async\" border=\"0\" src=\"https:\/\/assets.innpro.pl\/10525\/12368\/3.jpg\"\/>\n<\/p>\n<h3>Dviej\u0173 \u012frengini\u0173 \u012fkrovimas vienu metu<\/h3>\n<p>Tur\u0117damas galimyb\u0119 vienu metu \u012fkrauti du \u012frenginius \u2013 tiek laidinius, tiek belaid\u017eius \u2013 \u201eRomoss WSC05\u201c u\u017etikrina patogum\u0105 ir laiko taupym\u0105. Nesvarbu, ar jums reikia \u012fkrauti i\u0161man\u0173j\u012f telefon\u0105 ir ausines, ar plan\u0161etin\u012f kompiuter\u012f ir i\u0161man\u0173j\u012f laikrod\u012f, \u0161i i\u0161orin\u0117 baterija patenkins visus j\u016bs\u0173 poreikius.<\/p>\n<p>\n<img decoding=\"async\" border=\"0\" src=\"https:\/\/assets.innpro.pl\/10525\/12368\/7.jpg\"\/>\n<\/p>\n<h3>Pridedama<\/h3>\n<ul class=\"list-disc pl-5\">\n<li>i\u0161orin\u0117 baterija<\/li>\n<li>\u012fkrovimo laidas<\/li>\n<li>naudotojo vadovas<\/li>\n<\/ul>\n<div class=\"table-wrapper\">\n<p>B\u00a0<\/p>\n<h3><\/h3>\n<table>\n<tbody>\n<tr>\n<th>Gamintojas<\/th>\n<td>Romoss<\/td>\n<\/tr>\n<tr>\n<th>Modelis<\/th>\n<td>WSC05<\/td>\n<\/tr>\n<tr>\n<th>Spalva<\/th>\n<td>Balta<\/td>\n<\/tr>\n<tr>\n<th>Svoris<\/th>\n<td>131 g<\/td>\n<\/tr>\n<tr>\n<th>Med\u017eiaga<\/th>\n<td>Skystas silikonas<\/td>\n<\/tr>\n<tr>\n<th>\u012ekraunama baterija<\/th>\n<td>Li\u010dio jon\u0173<\/td>\n<\/tr>\n<tr>\n<th>\u012ekraunamos baterijos talpa<\/th>\n<td>5000 mAh<\/td>\n<\/tr>\n<tr>\n<th>\u012ekrovimo galia<\/th>\n<td>USB-C \u012fkrovimas: 20 vat\u0173, magnetinis \u012fkrovimas: iki 15 vat\u0173, skirtas iPhone 12-15 serija<\/td>\n<\/tr>\n<tr>\n<th>Magnetin\u0117 j\u0117ga<\/th>\n<td>14N<\/td>\n<\/tr>\n<tr>\n<th>I\u0161\u0117jimo galia<\/th>\n<td>5V-3A, 9V-2.22A, 12V-1.67A (USB-C), 5W, 7.5W, 10W, 15W (magnetinis belaidis \u012fkrovimas)<\/td>\n<\/tr>\n<tr>\n<th>Bendra i\u0161\u0117jimo galia<\/th>\n<td>5V-3A<\/td>\n<\/tr>\n<tr>\n<th>Matmenys<\/th>\n<td>103 x 67 x 13 mm<\/td>\n<\/tr>\n<\/tbody>\n<\/table>\n<\/div>\n","protected":false},"excerpt":{"rendered":"<p>\u201eRomoss WSC05\u201c i\u0161orin\u0117 baterija 20 W 5000 mAh (balta). \u201eRomoss WSC05\u201c i\u0161orin\u0117 baterija \u2013 tai puikus na\u0161umo, saugumo ir modernaus dizaino derinys. Lengvas ir plonas dizainas, galingas magnetas ir greitas \u012fkrovimas daro j\u0105 idealiu pasirinkimu bet kuriam i\u0161maniojo telefono naudotojui. Investav\u0119 \u012f \u201eRomoss WSC05\u201c, gausite patikim\u0105 maitinimo \u0161altin\u012f, kuris visada bus po ranka, kad ir [&#8230;]\n","protected":false},"featured_media":29510,"comment_status":"open","ping_status":"closed","template":"","meta":[],"product_brand":[430],"product_cat":[1025],"product_tag":[],"class_list":{"0":"post-29509","1":"product","2":"type-product","3":"status-publish","4":"has-post-thumbnail","6":"product_brand-romoss","7":"product_cat-powerbanks","9":"first","10":"outofstock","11":"taxable","12":"shipping-taxable","13":"purchasable","14":"product-type-simple"},"aioseo_notices":[],"_links":{"self":[{"href":"https:\/\/asura.lv\/lt\/wp-json\/wp\/v2\/product\/29509","targetHints":{"allow":["GET"]}}],"collection":[{"href":"https:\/\/asura.lv\/lt\/wp-json\/wp\/v2\/product"}],"about":[{"href":"https:\/\/asura.lv\/lt\/wp-json\/wp\/v2\/types\/product"}],"replies":[{"embeddable":true,"href":"https:\/\/asura.lv\/lt\/wp-json\/wp\/v2\/comments?post=29509"}],"wp:featuredmedia":[{"embeddable":true,"href":"https:\/\/asura.lv\/lt\/wp-json\/wp\/v2\/media\/29510"}],"wp:attachment":[{"href":"https:\/\/asura.lv\/lt\/wp-json\/wp\/v2\/media?parent=29509"}],"wp:term":[{"taxonomy":"product_brand","embeddable":true,"href":"https:\/\/asura.lv\/lt\/wp-json\/wp\/v2\/product_brand?post=29509"},{"taxonomy":"product_cat","embeddable":true,"href":"https:\/\/asura.lv\/lt\/wp-json\/wp\/v2\/product_cat?post=29509"},{"taxonomy":"product_tag","embeddable":true,"href":"https:\/\/asura.lv\/lt\/wp-json\/wp\/v2\/product_tag?post=29509"}],"curies":[{"name":"wp","href":"https:\/\/api.w.org\/{rel}","templated":true}]}}