{"id":29527,"date":"2025-11-28T23:06:03","date_gmt":"2025-11-28T23:06:03","guid":{"rendered":"https:\/\/asura.lv\/product\/powerbank-romoss-wms10-10000mah-20w-purple\/"},"modified":"2025-12-12T15:51:47","modified_gmt":"2025-12-12T13:51:47","slug":"powerbank-romoss-wms10-10000mah-20w-purple","status":"publish","type":"product","link":"https:\/\/asura.lv\/lt\/produktas\/powerbank-romoss-wms10-10000mah-20w-purple\/","title":{"rendered":"Powerbank Romoss WMS10 10000mAh 20W (violetin\u0117)"},"content":{"rendered":"<h3>\u201eRomoss WMS10\u201c i\u0161orin\u0117 baterija 10000mAh 20W (violetin\u0117).<\/h3>\n<p>\u201eRomoss WMS10\u201c i\u0161orin\u0117 baterija \u2013 tai puikus talpos, \u012fkrovimo grei\u010dio, saugumo ir stiliaus derinys. D\u0117l savo universalumo ir patikimumo ji yra nepakei\u010diamas \u012frenginys visiems, kurie vertina nuolatin\u0119 prieig\u0105 prie energijos. Rinkit\u0117s \u201eRomoss WMS10\u201c ir m\u0117gaukit\u0117s nepertraukiamu savo \u012frengini\u0173 veikimu bet kokioje situacijoje!<\/p>\n<p>\n<img decoding=\"async\" border=\"0\" src=\"https:\/\/assets.innpro.pl\/10519\/12362\/2.jpg\"\/>\n<\/p>\n<h3>Neprilygstama talpa ir na\u0161umas<\/h3>\n<p>\u201eRomoss WMS10\u201c i\u0161orin\u0117 baterija yra i\u0161skirtinis \u012frenginys, turintis \u012fsp\u016bding\u0105 10000mAh talp\u0105, kuri u\u017etikrina energijos tiekim\u0105 kelioms dienoms, o tai itin naudinga bet kokioje situacijoje. Tur\u0117dami \u0161i\u0105 talp\u0105, galite \u012fkrauti \u201eiPhone 14 Pro\u201c 2,1 karto, \u201eSamsung Galaxy S23\u201c \u2013 1,7 karto, \u201eiPhone 13\u201c \u2013 2,1 karto ir \u201eXiaomi 11 Pro\u201c \u2013 1,7 karto. Tai idealiai tinka \u017emon\u0117ms, kurie da\u017enai keliauja arba intensyviai naudojasi savo mobiliaisiais \u012frenginiais ir kuriems svarbus laikas bei tikslumas. Be to, i\u0161orin\u0117 baterija leid\u017eia \u012fkrauti du \u012frenginius vienu metu, taip sutaupant laiko.<\/p>\n<p>\n<img decoding=\"async\" border=\"0\" src=\"https:\/\/assets.innpro.pl\/10519\/12362\/1.jpg\"\/>\n<\/p>\n<h3>Greitas \u012fkrovimas<\/h3>\n<p>I\u0161orin\u0117 baterija \u017eavi keturiais \u012fkrovimo re\u017eimais \u2013 15 W belaidis \u012fkrovimas leid\u017eia patogiai ir greitai \u012fkrauti, kad ir kur b\u016btum\u0117te. 20 W laidinis \u012fkrovimas gali \u012fkrauti \u201eiPhone 14 Pro\u201c iki 57 % vos per 30 minu\u010di\u0173. Ne\u0161iojamas \u012fkrovimas d\u0117l \u012fmontuoto laido leid\u017eia patogiai laikyti \u012frengin\u012f \u012fkrovimo metu, o ma\u017eos srov\u0117s \u012fkrovimas idealiai tinka atnaujinti toki\u0173 \u012frengini\u0173 kaip belaid\u0117s ausin\u0117s ir i\u0161manieji laikrod\u017eiai energij\u0105. \u201eRomoss\u201c i\u0161orin\u0117 baterija pateisins visus j\u016bs\u0173 l\u016bkes\u010dius!<\/p>\n<p>\n<img decoding=\"async\" border=\"0\" src=\"https:\/\/assets.innpro.pl\/10519\/12362\/3.jpg\"\/>\n<\/p>\n<h3>Saugumas svarbiausia<\/h3>\n<p>\u201eRomoss WMS10\u201c i\u0161orin\u0117je baterijoje \u012fdiegtos pa\u017eangios saugos technologijos, tokios kaip NTC jutiklis ir i\u0161manusis lustas, kurie stebi temperat\u016br\u0105 ir u\u017etikrina dvigub\u0105 apsaug\u0105 nuo trumpojo jungimo ir perkaitimo. Be to, 10 pa\u017eangi\u0173 saugos funkcij\u0173 apsaugo nuo vir\u0161\u012ftampio, perkrovimo ir kit\u0173 pavoj\u0173, u\u017etikrindamos saug\u0173 naudojim\u0105 kiekvien\u0105 dien\u0105. Be to, \u201eRomoss\u201c i\u0161orin\u0117 baterija suderinama su \u201eMagsafe\u201c i\u0161mani\u0173j\u0173 telefon\u0173 d\u0117klu, skirtu 12\/13\/14 serijos \u201eiPhone\u201c telefonams, suteikdama dar daugiau saugumo ir stabilumo.<\/p>\n<p>\n<img decoding=\"async\" border=\"0\" src=\"https:\/\/assets.innpro.pl\/10519\/12362\/6.jpg\"\/>\n<\/p>\n<h3>Universalus suderinamumas ir patogumas<\/h3>\n<p>D\u0117l i\u0161maniojo \u012fkrovimo srov\u0117s reguliavimo ir integruoto universalaus laido \u201eRomoss WMS10\u201c suderinama su \u012fvairiais \u012frenginiais, \u012fskaitant \u201eApple\u201c prek\u0117s \u017eenklo \u012frenginius (\u201eLightning\u201c laidas) ir \u201eAndroid\u201c \u012frenginius (USB-C). Be to, integruotas laidas leid\u017eia i\u0161orinei baterijai \u012fsikrauti pa\u010diai. Nesvarbu, ar pageidaujate belaid\u017eio, ar magnetinio \u012fkrovimo, \u0161i i\u0161orin\u0117 baterija atitiks j\u016bs\u0173 poreikius.<\/p>\n<p>\n<img decoding=\"async\" border=\"0\" src=\"https:\/\/assets.innpro.pl\/10519\/12362\/4.jpg\"\/>\n<\/p>\n<h3>Stilingas dizainas ir stiprus magnetas<\/h3>\n<p>\u201eRomoss WMS10\u201c buvo sukurtas atsi\u017evelgiant \u012f mobilum\u0105. D\u0117l kompakti\u0161ko dyd\u017eio ir ma\u017eo svorio j\u012f lengva \u012fd\u0117ti \u012f krep\u0161\u012f, kuprin\u0119 ar lagamin\u0105. Eleganti\u0161kas, minimalistinis dizainas suteikia jam moderni\u0105 i\u0161vaizd\u0105, kuri puikiai dera prie bet kokio stiliaus. Be to, 14N magnetai gali i\u0161laikyti iki 1,3 kg svor\u012f, o tai rei\u0161kia, kad j\u016bs\u0173 i\u0161manusis telefonas yra visi\u0161kai apsaugotas, o ry\u0161ys tarp jo ir i\u0161orin\u0117s baterijos yra nepertraukiamas. Dar didesniam patogumui i\u0161orin\u0117 baterija turi patog\u0173 rie\u0161o dir\u017eel\u012f, kad j\u0105 b\u016bt\u0173 lengva ne\u0161iotis ir ji stilingesn\u0117.<\/p>\n<p>\n<img decoding=\"async\" border=\"0\" src=\"https:\/\/assets.innpro.pl\/10519\/12362\/7.jpg\"\/>\n<\/p>\n<h3>Pridedama:<\/h3>\n<ul class=\"list-disc pl-5\">\n<li>i\u0161orin\u0117 baterija<\/li>\n<li>\u012fkrovimo laidas<\/li>\n<li>naudotojo vadovas<\/li>\n<\/ul>\n<div class=\"table-wrapper\">\n<p>\u0412\u00a0<\/p>\n<h3><\/h3>\n<table>\n<tbody>\n<tr>\n<th>Gamintojas<\/th>\n<td>Romoss<\/td>\n<\/tr>\n<tr>\n<th>Modelis<\/th>\n<td>WMS10<\/td>\n<\/tr>\n<tr>\n<th>Baterija<\/th>\n<td>li\u010dio jon\u0173<\/td>\n<\/tr>\n<tr>\n<th>Baterija Talpa<\/th>\n<td>10000mAh<\/td>\n<\/tr>\n<tr>\n<th>Nominali talpa<\/th>\n<td>6000mAh<\/td>\n<\/tr>\n<tr>\n<th>\u012e\u0117jimo galia<\/th>\n<td>5V-2A, 9V-2A (\u201eLightning1\u201c) 5V-3A, 9V-2A (\u201eLightning\u201c) 5V-3A, 9V-2A (C tipo)<\/td>\n<\/tr>\n<tr>\n<th>I\u0161\u0117jimo galia<\/th>\n<td>5V-3A, 9V-2,22A, 12V-1,67A (\u201eLightning1\u201c) 5Vm-3A, 9V-2,22A, 12V-1,67A (C tipo) 15W (belaidis \u012fkrovimas)<\/td>\n<\/tr>\n<tr>\n<th>Bendra i\u0161\u0117jimo galia Galia<\/th>\n<td>15 W<\/td>\n<\/tr>\n<tr>\n<th>Matmenys<\/th>\n<td>104 x 67 x 20,5 mm<\/td>\n<\/tr>\n<tr>\n<th>Svoris<\/th>\n<td>225 g<\/td>\n<\/tr>\n<tr>\n<th>Spalva<\/th>\n<td>philoet<\/td>\n<\/tr>\n<\/tbody>\n<\/table>\n<\/div>\n","protected":false},"excerpt":{"rendered":"<p>\u201eRomoss WMS10\u201c i\u0161orin\u0117 baterija 10000mAh 20W (violetin\u0117). \u201eRomoss WMS10\u201c i\u0161orin\u0117 baterija \u2013 tai puikus talpos, \u012fkrovimo grei\u010dio, saugumo ir stiliaus derinys. D\u0117l savo universalumo ir patikimumo ji yra nepakei\u010diamas \u012frenginys visiems, kurie vertina nuolatin\u0119 prieig\u0105 prie energijos. Rinkit\u0117s \u201eRomoss WMS10\u201c ir m\u0117gaukit\u0117s nepertraukiamu savo \u012frengini\u0173 veikimu bet kokioje situacijoje! Neprilygstama talpa ir na\u0161umas \u201eRomoss WMS10\u201c [&#8230;]\n","protected":false},"featured_media":29528,"comment_status":"open","ping_status":"closed","template":"","meta":[],"product_brand":[430],"product_cat":[1025],"product_tag":[],"class_list":{"0":"post-29527","1":"product","2":"type-product","3":"status-publish","4":"has-post-thumbnail","6":"product_brand-romoss","7":"product_cat-powerbanks","9":"first","10":"outofstock","11":"taxable","12":"shipping-taxable","13":"purchasable","14":"product-type-simple"},"aioseo_notices":[],"_links":{"self":[{"href":"https:\/\/asura.lv\/lt\/wp-json\/wp\/v2\/product\/29527","targetHints":{"allow":["GET"]}}],"collection":[{"href":"https:\/\/asura.lv\/lt\/wp-json\/wp\/v2\/product"}],"about":[{"href":"https:\/\/asura.lv\/lt\/wp-json\/wp\/v2\/types\/product"}],"replies":[{"embeddable":true,"href":"https:\/\/asura.lv\/lt\/wp-json\/wp\/v2\/comments?post=29527"}],"wp:featuredmedia":[{"embeddable":true,"href":"https:\/\/asura.lv\/lt\/wp-json\/wp\/v2\/media\/29528"}],"wp:attachment":[{"href":"https:\/\/asura.lv\/lt\/wp-json\/wp\/v2\/media?parent=29527"}],"wp:term":[{"taxonomy":"product_brand","embeddable":true,"href":"https:\/\/asura.lv\/lt\/wp-json\/wp\/v2\/product_brand?post=29527"},{"taxonomy":"product_cat","embeddable":true,"href":"https:\/\/asura.lv\/lt\/wp-json\/wp\/v2\/product_cat?post=29527"},{"taxonomy":"product_tag","embeddable":true,"href":"https:\/\/asura.lv\/lt\/wp-json\/wp\/v2\/product_tag?post=29527"}],"curies":[{"name":"wp","href":"https:\/\/api.w.org\/{rel}","templated":true}]}}