{"id":29563,"date":"2025-11-28T23:06:00","date_gmt":"2025-11-28T23:06:00","guid":{"rendered":"https:\/\/asura.lv\/product\/shelly-plug-s-mtr-gen3-smart-outlet-white\/"},"modified":"2025-12-12T15:51:44","modified_gmt":"2025-12-12T13:51:44","slug":"shelly-plug-s-mtr-gen3-smart-outlet-white","status":"publish","type":"product","link":"https:\/\/asura.lv\/lt\/produktas\/shelly-plug-s-mtr-gen3-smart-outlet-white\/","title":{"rendered":"\u201eShelly Plug S MTR Gen3\u201c i\u0161manusis lizdas (baltas)"},"content":{"rendered":"<h3>I\u0161manusis \u201eShelly Plug S MTR Gen3\u201c lizdas (baltas)<\/h3>\n<p>I\u0161manusis \u201eShelly Plug S MTR Gen3\u201c lizdas leid\u017eia nuotoliniu b\u016bdu valdyti ap\u0161vietim\u0105, \u0161ildym\u0105 ir kitus buitinius prietaisus, tuo pa\u010diu metu stebint energijos suvartojim\u0105 realiuoju laiku. Palaikydamas naujausi\u0105 \u201eMatter\u201c standart\u0105, \u012frenginys integruojasi su pirmaujan\u010diomis i\u0161mani\u0173j\u0173 nam\u0173 ekosistemomis, \u012fskaitant \u201eApple HomeKit\u201c. Tod\u0117l savo \u012frang\u0105 galite valdyti naudodami \u201eApple Home\u201c program\u0117l\u0119 arba balso komandas. Daugiaspalvis LED indikatorius u\u017etikrina intuityv\u0173 valdym\u0105, o scenarij\u0173 k\u016brimo funkcija ir 8 MB \u201eflash\u201c atmintis leid\u017eia atlikti i\u0161pl\u0117stin\u0119 konfig\u016bracij\u0105 ir suasmeninim\u0105. \u201eShelly Plug S Gen3\u201c taps j\u016bs\u0173 i\u0161mani\u0173j\u0173 nam\u0173 valdymo centru, leisian\u010diu jums padidinti patogum\u0105, taupyti energij\u0105 ir visi\u0161kai valdyti savo \u012frenginius, kad ir kur beb\u016btum\u0117te.<\/p>\n<p>\n<img decoding=\"async\" border=\"0\" src=\"https:\/\/assets.innpro.pl\/10199\/11988\/6.jpg\"\/>\n<\/p>\n<h3>Lengvas diegimas ir platus suderinamumas<\/h3>\n<p>\u201eShelly Plug S Gen3\u201c diegimas yra greitas ir paprastas \u2013 nereikia joki\u0173 papildom\u0173 \u0161akotuv\u0173, tik \u201eWi-Fi\u201c ry\u0161ys. Palaikydamas \u201eMatter\u201c, lizdas lengvai integruojasi su kitais i\u0161mani\u0173j\u0173 nam\u0173 \u012frenginiais, nepriklausomai nuo gamintojo. Jis taip pat palaiko \u201eApple HomeKit\u201c, o tai rei\u0161kia, kad galite valdyti \u012frenginius naudodami \u201eSiri\u201c arba \u201eHome\u201c program\u0117l\u0119.<\/p>\n<p>\n<img decoding=\"async\" border=\"0\" src=\"https:\/\/assets.innpro.pl\/10199\/11988\/1.jpg\"\/>\n<\/p>\n<h3>Energijos steb\u0117jimas realiuoju laiku<\/h3>\n<p>\u201eShelly Plug S Gen3\u201c si\u016blo tiksl\u0173 prijungt\u0173 \u012frengini\u0173 energijos suvartojimo steb\u0117jim\u0105. Tai leid\u017eia jums visi\u0161kai kontroliuoti savo energijos suvartojim\u0105, o tai padeda efektyviai valdyti energijos suvartojim\u0105 ir nustatyti daugiausiai energijos sunaudojan\u010di\u0105 \u012frang\u0105 j\u016bs\u0173 namuose.<\/p>\n<p>\n<img decoding=\"async\" border=\"0\" src=\"https:\/\/assets.innpro.pl\/10199\/11988\/5.jpg\"\/>\n<\/p>\n<h3>Scenarij\u0173 funkcija ir \u201eflash\u201c atmintis<\/h3>\n<p>Lizdas turi 8 MB \u201eflash\u201c atminties ir palaiko scenarij\u0173 k\u016brim\u0105, kuris leid\u017eia labiau automatizuoti ir pritaikyti jo veikim\u0105 pagal j\u016bs\u0173 individualius poreikius. Tai patenkins t\u0173, kurie nori visi\u0161kai kontroliuoti savo i\u0161mani\u0173j\u0173 nam\u0173 veikim\u0105, poreikius.<\/p>\n<p>\n<img decoding=\"async\" border=\"0\" src=\"https:\/\/assets.innpro.pl\/10199\/11988\/3.jpg\"\/>\n<\/p>\n<h3>Daugiaspalvis LED indikatorius<\/h3>\n<p>\u201eShelly Plug S Gen3\u201c LED indikatorius atlieka informatyvi\u0105 funkcij\u0105, skirtingomis spalvomis rodydamas \u012frenginio veikimo b\u016bsen\u0105, pavyzd\u017eiui, ar jis \u012fjungtas, i\u0161jungtas, ar naudoja energij\u0105. Naktinis re\u017eimas automati\u0161kai suma\u017eina indikatoriaus ry\u0161kum\u0105, kad netrukdyt\u0173 naudotojo ramybei ir komfortui. Tokiu b\u016bdu, net ir tada, kai lizdas aktyvus, jo \u0161viesa nebus per intensyvi.<\/p>\n<p>\n<img decoding=\"async\" border=\"0\" src=\"https:\/\/assets.innpro.pl\/10199\/11988\/2.jpg\"\/>\n<\/p>\n<h3>\u201eBluetooth\u201c \u0161liuzas<\/h3>\n<p>\u012erenginys taip pat veikia kaip \u201eBluetooth\u201c (BLE) \u0161liuzas, tod\u0117l dar lengviau integruotis su kitais nam\u0173 \u012frenginiais. Galimyb\u0117 bendrauti su \u012fvairiais \u012frenginiais daro i\u0161maniuosius namus efektyvesnius ir nuoseklesnius.<\/p>\n<p>\n<img decoding=\"async\" border=\"0\" src=\"https:\/\/assets.innpro.pl\/10199\/11988\/7.jpg\"\/>\n<\/p>\n<h3>Automatiniai tvarkara\u0161\u010diai ir i\u0161maniosios scenos<\/h3>\n<p>Su \u201eShelly Plug S Gen3\u201c galite kurti tvarkara\u0161\u010dius ir scenas, kad pritaikytum\u0117te savo prietais\u0173 veikim\u0105 prie savo kasdienio gyvenimo. Nustatykite, kada j\u016bs\u0173 prietaisai tur\u0117t\u0173 \u012fsijungti arba i\u0161sijungti, pavyzd\u017eiui, pagal savo dienos tvarkara\u0161t\u012f, kad gal\u0117tum\u0117te m\u0117gautis patogumu ir optimizuoti energijos suvartojim\u0105. Pavyzd\u017eiui, galite u\u017eprogramuoti lizd\u0105 taip, kad jis automati\u0161kai i\u0161jungt\u0173 pamir\u0161tus prietaisus, pvz., lygintuv\u0105, po tam tikro laiko, arba suplanuoti \u0161ildytuv\u0105 taip, kad jis \u012fsijungt\u0173 pusvaland\u012f prie\u0161 jums gr\u012f\u017etant namo, kad \u012feitum\u0117te \u012f jaukiai \u0161ilt\u0105 kambar\u012f.<\/p>\n<p>\n<img decoding=\"async\" border=\"0\" src=\"https:\/\/assets.innpro.pl\/10199\/11988\/9.jpg\"\/>\n<\/p>\n<h3>Naudojimo saugumas<\/h3>\n<p>Palaikymas prietaisams iki 2500 vat\u0173 ir IP20 apsaugos klas\u0117 u\u017etikrina, kad \u201eShelly Plug S Gen3\u201c lizdas yra efektyvus ir saugus naudoti. Specialus dangtelis apsaugo vaikus nuo atsitiktinio kontakto su elektra.<\/p>\n<p>\n<img decoding=\"async\" border=\"0\" src=\"https:\/\/assets.innpro.pl\/10199\/11988\/8.jpg\"\/>\n<\/p>\n<h3>Integracija su nam\u0173 automatikos sistemomis<\/h3>\n<p>D\u0117l plataus suderinamumo su nam\u0173 automatikos programomis ir galimyb\u0117s veikti kaip \u201eWi-Fi\u201c signalo stiprintuvas, \u201eShelly Plug S Gen3\u201c lizdas tampa j\u016bs\u0173 i\u0161mani\u0173j\u0173 nam\u0173 pagrindiniu elementu. J\u012f galite lengvai prijungti prie kit\u0173 \u012frengini\u0173, sukurdami darni\u0105 ekosistem\u0105, kuri palengvina kasdien\u012f gyvenim\u0105.<\/p>\n<p>\n<img decoding=\"async\" border=\"0\" src=\"https:\/\/assets.innpro.pl\/10199\/11988\/4.jpg\"\/>\n<\/p>\n<div class=\"table-wrapper\">\n<p>B\u00a0<\/p>\n<h3><\/h3>\n<table>\n<tbody>\n<tr>\n<th>Gamintojas<\/th>\n<td>Shelly<\/td>\n<\/tr>\n<tr>\n<th>Gamintojo kodas<\/th>\n<td>PlugSMTRgen3<\/td>\n<\/tr>\n<tr>\n<th>Matmenys<\/th>\n<td>44 x 44 x 70 mm<\/td>\n<\/tr>\n<tr>\n<th>Suderinami lizdai<\/th>\n<td>CEE 7\/1, CEE 7\/3 (F tipas \/ Schuko) arba CEE 7\/5 (tipas E)<\/td>\n<\/tr>\n<tr>\n<th>Suderinami ki\u0161tukai<\/th>\n<td>CEE 7\/2, CEE 7\/4 (F \/ Schuko tipas), CEE 7\/7, CEE 7\/16 (C tipas) arba CEE 7\/17<\/td>\n<\/tr>\n<tr>\n<th>Darbin\u0117 temperat\u016bra<\/th>\n<td>\u201320 \u00b0C\u201340 \u00b0C<\/td>\n<\/tr>\n<tr>\n<th>Dr\u0117gm\u0117<\/th>\n<td>30\u201370 % santykin\u0117 oro dr\u0117gm\u0117<\/td>\n<\/tr>\n<tr>\n<th>Maksimalus auk\u0161tis<\/th>\n<td>2000 m<\/td>\n<\/tr>\n<tr>\n<th>U\u017eter\u0161tumo laipsnis<\/th>\n<td>2<\/td>\n<\/tr>\n<tr>\n<th>Apsaugos laipsnis<\/th>\n<td>IP20<\/td>\n<\/tr>\n<tr>\n<th>Maitinimo \u0161altinis<\/th>\n<td>220\u2013230 V ~ 50\/60 Hz<\/td>\n<\/tr>\n<tr>\n<th>Maks. impulsin\u0117 \u012ftampa<\/th>\n<td>2500 V<\/td>\n<\/tr>\n<tr>\n<th>Maks. perjungimo \u012ftampa<\/th>\n<td>230 V~<\/td>\n<\/tr>\n<tr>\n<th>Maks. perjungimo srov\u0117<\/th>\n<td>12 A<\/td>\n<\/tr>\n<tr>\n<th>Maks. galia<\/th>\n<td>2500 W (var\u017ein\u0117)<\/td>\n<\/tr>\n<tr>\n<th>\u201eWi-Fi\u201c protokolas<\/th>\n<td>802.11 b\/g\/n<\/td>\n<\/tr>\n<tr>\n<th>RF pralaidumas<\/th>\n<td>2401\u20132495 MHz<\/td>\n<\/tr>\n<tr>\n<th>Maksimali RF galia<\/th>\n<td>< 20 dBm<\/td>\n<\/tr>\n<tr>\n<th>Diapazonas<\/th>\n<td>Iki 50 m lauke, iki 30 m patalpose (priklausomai nuo vietos s\u0105lyg\u0173)<\/td>\n<\/tr>\n<tr>\n<th>\u201eBluetooth\u201c protokolas<\/th>\n<td>4.2<\/td>\n<\/tr>\n<tr>\n<th>RF juosta<\/th>\n<td>2400\u20132483,5 MHz<\/td>\n<\/tr>\n<tr>\n<th>Maksimali RF galia<\/th>\n<td>< 4 dBm<\/td>\n<\/tr>\n<tr>\n<th>Diapazonas<\/th>\n<td>Iki 30 m lauke, iki 10 m patalpose (priklausomai nuo vietos s\u0105lyg\u0173)<\/td>\n<\/tr>\n<\/tbody>\n<\/table>\n<\/div>\n","protected":false},"excerpt":{"rendered":"<p>I\u0161manusis \u201eShelly Plug S MTR Gen3\u201c lizdas (baltas) I\u0161manusis \u201eShelly Plug S MTR Gen3\u201c lizdas leid\u017eia nuotoliniu b\u016bdu valdyti ap\u0161vietim\u0105, \u0161ildym\u0105 ir kitus buitinius prietaisus, tuo pa\u010diu metu stebint energijos suvartojim\u0105 realiuoju laiku. Palaikydamas naujausi\u0105 \u201eMatter\u201c standart\u0105, \u012frenginys integruojasi su pirmaujan\u010diomis i\u0161mani\u0173j\u0173 nam\u0173 ekosistemomis, \u012fskaitant \u201eApple HomeKit\u201c. Tod\u0117l savo \u012frang\u0105 galite valdyti naudodami \u201eApple Home\u201c [&#8230;]\n","protected":false},"featured_media":29564,"comment_status":"open","ping_status":"closed","template":"","meta":[],"product_brand":[551],"product_cat":[962],"product_tag":[],"class_list":{"0":"post-29563","1":"product","2":"type-product","3":"status-publish","4":"has-post-thumbnail","6":"product_brand-shelly","7":"product_cat-power-plugs","9":"first","10":"outofstock","11":"taxable","12":"shipping-taxable","13":"purchasable","14":"product-type-simple"},"aioseo_notices":[],"_links":{"self":[{"href":"https:\/\/asura.lv\/lt\/wp-json\/wp\/v2\/product\/29563","targetHints":{"allow":["GET"]}}],"collection":[{"href":"https:\/\/asura.lv\/lt\/wp-json\/wp\/v2\/product"}],"about":[{"href":"https:\/\/asura.lv\/lt\/wp-json\/wp\/v2\/types\/product"}],"replies":[{"embeddable":true,"href":"https:\/\/asura.lv\/lt\/wp-json\/wp\/v2\/comments?post=29563"}],"wp:featuredmedia":[{"embeddable":true,"href":"https:\/\/asura.lv\/lt\/wp-json\/wp\/v2\/media\/29564"}],"wp:attachment":[{"href":"https:\/\/asura.lv\/lt\/wp-json\/wp\/v2\/media?parent=29563"}],"wp:term":[{"taxonomy":"product_brand","embeddable":true,"href":"https:\/\/asura.lv\/lt\/wp-json\/wp\/v2\/product_brand?post=29563"},{"taxonomy":"product_cat","embeddable":true,"href":"https:\/\/asura.lv\/lt\/wp-json\/wp\/v2\/product_cat?post=29563"},{"taxonomy":"product_tag","embeddable":true,"href":"https:\/\/asura.lv\/lt\/wp-json\/wp\/v2\/product_tag?post=29563"}],"curies":[{"name":"wp","href":"https:\/\/api.w.org\/{rel}","templated":true}]}}