{"id":29581,"date":"2025-11-28T23:05:59","date_gmt":"2025-11-28T23:05:59","guid":{"rendered":"https:\/\/asura.lv\/product\/shelly-pro-dimmer-0-1-10v-pm-lighting-controller-wifi-bluetooth\/"},"modified":"2025-12-12T15:51:44","modified_gmt":"2025-12-12T13:51:44","slug":"shelly-pro-dimmer-0-1-10v-pm-lighting-controller-wifi-bluetooth","status":"publish","type":"product","link":"https:\/\/asura.lv\/lt\/produktas\/shelly-pro-dimmer-0-1-10v-pm-lighting-controller-wifi-bluetooth\/","title":{"rendered":"\u201eShelly Pro Dimmer\u201c 0\/1\u201310 V PM ap\u0161vietimo valdiklis, \u201eWiFi\u201c \/ \u201eBluetooth\u201c"},"content":{"rendered":"<h3>\u201eShelly Pro Dimmer 0\/1-10V PM\u201c ap\u0161vietimo valdiklis<\/h3>\n<p>\u201eShelly Pro Dimmer 0\/1-10V PM\u201c yra pa\u017eangus valdiklis, leid\u017eiantis valdyti ap\u0161vietim\u0105 ir steb\u0117ti energijos suvartojim\u0105 realiuoju laiku. Palaikydamas 0\u201310 V ir 1\u201310 V standartus, \u012frenginys veikia su \u012fvairiais \u0161viesos \u0161altiniais, \u012fskaitant LED, halogenines lempas ir transformatorius. Vartotojai gali naudoti tvarkara\u0161\u010dius, kurie automati\u0161kai reguliuoja ry\u0161kum\u0105 pagal paros laik\u0105 ir sinchronizuoja ap\u0161vietim\u0105 su saul\u0117tekio ir saul\u0117lyd\u017eio laikais. Integracija su populiariais asistentais, tokiais kaip \u201eAmazon Alexa\u201c ir \u201eGoogle Home\u201c, leid\u017eia vartotojams patogiai valdyti ap\u0161vietim\u0105 balso komandomis, taip pagerinant naudotojo patirt\u012f ir taupant energij\u0105. Produktas skirtas montuoti ant DIN b\u0117gelio.<\/p>\n<p>\n<img decoding=\"async\" border=\"0\" src=\"https:\/\/assets.innpro.pl\/10192\/11980\/2 \u2014 kopija.jpg\"\/>\n<\/p>\n<h3>Automatizavimas ir tvarkara\u0161\u010diai<\/h3>\n<p>Vienas i\u0161 svarbiausi\u0173 \u201eShelly Pro Dimmer\u201c privalum\u0173 yra galimyb\u0117 kurti pa\u017eangius tvarkara\u0161\u010dius, kurie automati\u0161kai reguliuoja ry\u0161kum\u0105 priklausomai nuo paros laiko. Naudodami \u0161i\u0105 funkcij\u0105, vartotojai gali sinchronizuoti ap\u0161vietim\u0105 su nat\u016braliu paros ciklu, o tai padeda taupyti energij\u0105 ir padidina komfort\u0105. Nakties re\u017eimu \u012frenginys automati\u0161kai suma\u017eina ap\u0161vietimo ry\u0161kum\u0105 vakaro valandomis, o tai ne tik padeda sukurti maloni\u0105 atmosfer\u0105, bet ir taupo energij\u0105.<\/p>\n<p>\n<img decoding=\"async\" border=\"0\" src=\"https:\/\/assets.innpro.pl\/10192\/11980\/1 \u2014 kopija.jpg\"\/>\n<\/p>\n<h3>\u012evair\u016bs veikimo b\u016bdai parinktys<\/h3>\n<p>\u201eShelly Pro Dimmer\u201c valdiklis naudoja \u201eWi-Fi\u201c ir \u201eBluetooth\u201c protokolus ir veikia su populiariais i\u0161maniaisiais asistentais, tokiais kaip \u201eAmazon Alexa\u201c, \u201eGoogle Assistant\u201c ir \u201eSamsung SmartThings\u201c. Tai leid\u017eia patogiai valdyti ap\u0161vietim\u0105 balso komandomis. Taip pat galima naudotis mobili\u0105ja program\u0117le, leid\u017eian\u010dia nuotoliniu b\u016bdu valdyti valdiklio funkcijas i\u0161 bet kurios vietos. I\u0161 jo galite nustatyti tvarkara\u0161\u010dius, kurti \u012fvairius ap\u0161vietimo scenarijus ir steb\u0117ti energijos suvartojim\u0105.<\/p>\n<p>\n<img decoding=\"async\" border=\"0\" src=\"https:\/\/assets.innpro.pl\/10192\/11980\/4 \u2014 kopija.jpg\"\/>\n<\/p>\n<h3>Tikslus energijos steb\u0117jimas<\/h3>\n<p>Integruota energijos steb\u0117jimo sistema teikia i\u0161sami\u0105 informacij\u0105 apie prijungt\u0173 \u0161viesos \u0161altini\u0173 energijos suvartojim\u0105. Vartotojai gali realiuoju laiku patikrinti suvartojim\u0105 kWh vienetais, o tai leid\u017eia jiems nustatyti neefektyvius \u012frenginius ir lengviau imtis energijos taupymo priemoni\u0173. D\u0117l to galima suma\u017einti elektros energijos s\u0105skaitas.<\/p>\n<p>\n<img decoding=\"async\" border=\"0\" src=\"https:\/\/assets.innpro.pl\/10192\/11980\/5 \u2014 kopija.jpg\"\/>\n<\/p>\n<h3>Patogus ir saugus naudojimas<\/h3>\n<p>\u201eShelly Pro Dimmer\u201c si\u016blo \u012fvairius veikimo re\u017eimus, \u012fskaitant galimyb\u0119 valdyti viengub\u0105 arba dvigub\u0105 pritemdym\u0105 fiziniais mygtukais. Tai leid\u017eia naudoti esamus jungiklius. D\u0117l to \u012frenginio \u012fdiegimas yra greitas ir patogus, o vartotojai gali naudoti jiems \u012fprast\u0105 s\u0105saj\u0105. Valdiklis taip pat apsaugo nuo perkrovos, vir\u0161\u012ftampio ir perkaitimo, taip padidindamas saugum\u0105 ir patikimum\u0105.<\/p>\n<p>\n<img decoding=\"async\" border=\"0\" src=\"https:\/\/assets.innpro.pl\/10192\/11980\/3 \u2014 kopija.jpg\"\/>\n<\/p>\n<h3>Visi\u0161kas valdymas j\u016bs\u0173 rankose<\/h3>\n<p>\u201eShelly\u201c produktas si\u016blo pa\u017eangias funkcijas, tokias kaip scenarijai, \u017einiatinklio kabliai ir vietiniai veiksmai, leid\u017eiantys pritaikyti jo veikim\u0105. Tai leid\u017eia kurti unikalius automatizavimo scenarijus, puikiai atitinkan\u010dius j\u016bs\u0173 individual\u0173 gyvenimo b\u016bd\u0105. Dabar \u0161viesa gali automati\u0161kai \u012fsijungti, kai kas nors \u012feina \u012f kambar\u012f, o ry\u0161kumo lygis gali keistis priklausomai nuo paros laiko. \u201eShelly Pro Dimmer\u201c yra i\u0161manus ap\u0161vietimo valdymo centras, prisitaikantis prie kintan\u010di\u0173 s\u0105lyg\u0173 ir pageidavim\u0173.<\/p>\n<p>\n<img decoding=\"async\" border=\"0\" src=\"https:\/\/assets.innpro.pl\/10192\/11980\/6 \u2014 kopija.jpg\"\/>\n<\/p>\n<div class=\"table-wrapper\">\n<p>\u0412\u00a0<\/p>\n<h3>BENDROSIOS INFORMACIJOS<\/h3>\n<table>\n<tbody>\n<tr>\n<th>Gamintojas<\/th>\n<td>Shelly<\/td>\n<\/tr>\n<tr>\n<th>Gamintojo kodas<\/th>\n<td>ProDim0\/1-10VPM<\/td>\n<\/tr>\n<\/tbody>\n<\/table>\n<p>\u0412\u00a0<\/p>\n<h3>FIZINIAI PARAMETRAI<\/h3>\n<table>\n<tbody>\n<tr>\n<th>Matmenys<\/th>\n<td>94 x 19 x 69 mm \/ 3,70 x 0,75 x 2,71 colio<\/td>\n<\/tr>\n<tr>\n<th>Svoris<\/th>\n<td>70 g \/ 2,5 uncijos<\/td>\n<\/tr>\n<tr>\n<th>Maksimalus gnybt\u0173 sukimo momentas<\/th>\n<td>0,4 Nm \/ 3,54 lbf in<\/td>\n<\/tr>\n<tr>\n<th>Laid\u0173 skerspj\u016bvis<\/th>\n<td>0,5\u20132,5 mm\u00b2 \/ 20\u201314 AWG (\u017ealios jungtys), 0,5\u20131,5 mm\u00b2 \/ 20\u201316 AWG (m\u0117lynos jungtys)<\/td>\n<\/tr>\n<tr>\n<th>Laid\u0173 nu\u017eievinimo ilgis<\/th>\n<td>6\u20137 mm \/ 0,24\u20130,28 col. (\u017ealios jungtys), 5\u20136 mm \/ 0,20\u20130,24 col. (m\u0117lynos jungtys)<\/td>\n<\/tr>\n<tr>\n<th>Tvirtinimas<\/th>\n<td>DIN<\/td>\n<\/tr>\n<tr>\n<th>Korpuso med\u017eiaga<\/th>\n<td>Plastikas<\/td>\n<\/tr>\n<tr>\n<th>Korpuso spalva<\/th>\n<td>M\u0117lyna<\/td>\n<\/tr>\n<tr>\n<th>Jungties spalva<\/th>\n<td>\u017dalia ir m\u0117lyna<\/td>\n<\/tr>\n<\/tbody>\n<\/table>\n<p>\u0412\u00a0<\/p>\n<h3>APLINKOS PARAMETRAI<\/h3>\n<table>\n<tbody>\n<tr>\n<th>Darbin\u0117 temperat\u016bra<\/th>\n<td>-20 \u00b0C iki 40 \u00b0C \/ -5 \u00b0F iki 105 \u00b0F<\/td>\n<\/tr>\n<tr>\n<th>Dr\u0117gm\u0117<\/th>\n<td>30\u201370 % santykin\u0117 oro dr\u0117gm\u0117<\/td>\n<\/tr>\n<tr>\n<th>Maksimalus auk\u0161tis<\/th>\n<td>2000 m \/ 6562 p\u0117dos<\/td>\n<\/tr>\n<\/tbody>\n<\/table>\n<p>\u0412\u00a0<\/p>\n<h3>ELEKTROS PARAMETRAI<\/h3>\n<table>\n<tbody>\n<tr>\n<th>Maitinimo \u0161altinis<\/th>\n<td>110\u2013240 V~<\/td>\n<\/tr>\n<tr>\n<th>Maitinimas Suvartojimas<\/th>\n<td>< 3 W<\/td>\n<\/tr>\n<tr>\n<th>Neutralus laidas<\/th>\n<td>Nereikalingas<\/td>\n<\/tr>\n<tr>\n<th>\u012etampos valdymo tipas 0-10V \/ 1-10V<\/th>\n<td>Srov\u0117s \u0161altinis<\/td>\n<\/tr>\n<tr>\n<th>I\u0161orin\u0117 apsauga<\/th>\n<td>16 A, nutraukimo charakteristikos B arba C, nutraukimo srov\u0117 6 kA, energijos ribojimo klas\u0117 3<\/td>\n<\/tr>\n<\/tbody>\n<\/table>\n<p>\u0412\u00a0<\/p>\n<h3>GRANDIN\u0116S I\u0160VESTIES PARAMETRAI<\/h3>\n<table>\n<tbody>\n<tr>\n<th>Maksimali perjungimo \u012ftampa<\/th>\n<td>240 V~<\/td>\n<\/tr>\n<tr>\n<th>Maksimali perjungimo srov\u0117<\/th>\n<td>16 A<\/td>\n<\/tr>\n<\/tbody>\n<\/table>\n<p>\u0412\u00a0<\/p>\n<h3>JUTIKLIAI, SKAITIKLIAI<\/h3>\n<table>\n<tbody>\n<tr>\n<th>Voltmetras (AC)<\/th>\n<td>Taip<\/td>\n<\/tr>\n<tr>\n<th>Ampermetras (AC)<\/th>\n<td>Taip<\/td>\n<\/tr>\n<tr>\n<th>Galia ir energija skaitikliai<\/th>\n<td>Aktyvioji ir tariamoji galia, aktyvioji ir tariamoji energija, galios koeficientas, aktyvioji ir reaktyvioji pagrindin\u0117 energija<\/td>\n<\/tr>\n<tr>\n<th>Matavimo duomen\u0173 atmintis<\/th>\n<td>Ne<\/td>\n<\/tr>\n<tr>\n<th>Vidinis temperat\u016bros jutiklis<\/th>\n<td>Taip<\/td>\n<\/tr>\n<\/tbody>\n<\/table>\n<p>\u0412\u00a0<\/p>\n<h3>WI-FI<\/h3>\n<table>\n<tbody>\n<tr>\n<th>Protokolas<\/th>\n<td>802.11 b\/g\/n<\/td>\n<\/tr>\n<tr>\n<th>RF juosta<\/th>\n<td>2412\u20132472 MHz<\/td>\n<\/tr>\n<tr>\n<th>Maksimali galia R<\/th>\n<td>< 20 dBm<\/td>\n<\/tr>\n<tr>\n<th>Diapazonas<\/th>\n<td>Iki 30 m \/ 100 p\u0117d\u0173 patalpose ir iki 50 m \/ 160 p\u0117d\u0173 lauke (priklausomai nuo vietos s\u0105lyg\u0173)<\/td>\n<\/tr>\n<\/tbody>\n<\/table>\n<p>\u0412\u00a0<\/p>\n<h3>BLUETOOTH<\/h3>\n<table>\n<tbody>\n<tr>\n<th>Protokolas<\/th>\n<td>4.2<\/td>\n<\/tr>\n<tr>\n<th>RF juosta<\/th>\n<td>2402\u20132480 MHz<\/td>\n<\/tr>\n<tr>\n<th>Maksimali RF galia<\/th>\n<td>< 4 dBm<\/td>\n<\/tr>\n<tr>\n<th>Diapazonas<\/th>\n<td>Iki 10 m \/ 33 p\u0117d\u0173 patalpose ir 30 m \/ 100 p\u0117d\u0173 lauke (priklausomai nuo vietos s\u0105lyg\u0173)<\/td>\n<\/tr>\n<\/tbody>\n<\/table>\n<p>\u0412\u00a0<\/p>\n<h3>MIKROKONTROLIERIUS<\/h3>\n<table>\n<tbody>\n<tr>\n<th>CPU<\/th>\n<td>ESP32-D0WDQ6<\/td>\n<\/tr>\n<tr>\n<th>Laiko da\u017enis<\/th>\n<td>40 MHz<\/td>\n<\/tr>\n<tr>\n<th>\u201eFlash\u201c atmintis<\/th>\n<td>8 MB<\/td>\n<\/tr>\n<\/tbody>\n<\/table>\n<p>\u0412\u00a0<\/p>\n<h3>PROGRAMIN\u0116S \u012eRANGOS FUNKCIJOS<\/h3>\n<table>\n<tbody>\n<tr>\n<th>Tvarkara\u0161\u010diai<\/th>\n<td>Palaiko iki 20 tvarkara\u0161\u010diai<\/td>\n<\/tr>\n<tr>\n<th>\u017diniatinklio kabliai (URL bendrinimai)<\/th>\n<td>Iki 20 \u017einiatinklio kabli\u0173, palaikantys 5 URL kiekviename kabliuke<\/td>\n<\/tr>\n<tr>\n<th>Scenarijai<\/th>\n<td>Taip<\/td>\n<\/tr>\n<tr>\n<th>MQTT<\/th>\n<td>Taip<\/td>\n<\/tr>\n<tr>\n<th>I\u0161pl\u0117stinis planavimas<\/th>\n<td>Taip<\/td>\n<\/tr>\n<tr>\n<th>KVS (rakt\u0173 ir reik\u0161mi\u0173 saugojimas)<\/th>\n<td>Taip<\/td>\n<\/tr>\n<\/tbody>\n<\/table>\n<\/div>\n","protected":false},"excerpt":{"rendered":"<p>\u201eShelly Pro Dimmer 0\/1-10V PM\u201c ap\u0161vietimo valdiklis \u201eShelly Pro Dimmer 0\/1-10V PM\u201c yra pa\u017eangus valdiklis, leid\u017eiantis valdyti ap\u0161vietim\u0105 ir steb\u0117ti energijos suvartojim\u0105 realiuoju laiku. Palaikydamas 0\u201310 V ir 1\u201310 V standartus, \u012frenginys veikia su \u012fvairiais \u0161viesos \u0161altiniais, \u012fskaitant LED, halogenines lempas ir transformatorius. Vartotojai gali naudoti tvarkara\u0161\u010dius, kurie automati\u0161kai reguliuoja ry\u0161kum\u0105 pagal paros laik\u0105 ir [&#8230;]\n","protected":false},"featured_media":29582,"comment_status":"open","ping_status":"closed","template":"","meta":[],"product_brand":[551],"product_cat":[920],"product_tag":[],"class_list":{"0":"post-29581","1":"product","2":"type-product","3":"status-publish","4":"has-post-thumbnail","6":"product_brand-shelly","7":"product_cat-smart-controllers","9":"first","10":"outofstock","11":"taxable","12":"shipping-taxable","13":"purchasable","14":"product-type-simple"},"aioseo_notices":[],"_links":{"self":[{"href":"https:\/\/asura.lv\/lt\/wp-json\/wp\/v2\/product\/29581","targetHints":{"allow":["GET"]}}],"collection":[{"href":"https:\/\/asura.lv\/lt\/wp-json\/wp\/v2\/product"}],"about":[{"href":"https:\/\/asura.lv\/lt\/wp-json\/wp\/v2\/types\/product"}],"replies":[{"embeddable":true,"href":"https:\/\/asura.lv\/lt\/wp-json\/wp\/v2\/comments?post=29581"}],"wp:featuredmedia":[{"embeddable":true,"href":"https:\/\/asura.lv\/lt\/wp-json\/wp\/v2\/media\/29582"}],"wp:attachment":[{"href":"https:\/\/asura.lv\/lt\/wp-json\/wp\/v2\/media?parent=29581"}],"wp:term":[{"taxonomy":"product_brand","embeddable":true,"href":"https:\/\/asura.lv\/lt\/wp-json\/wp\/v2\/product_brand?post=29581"},{"taxonomy":"product_cat","embeddable":true,"href":"https:\/\/asura.lv\/lt\/wp-json\/wp\/v2\/product_cat?post=29581"},{"taxonomy":"product_tag","embeddable":true,"href":"https:\/\/asura.lv\/lt\/wp-json\/wp\/v2\/product_tag?post=29581"}],"curies":[{"name":"wp","href":"https:\/\/api.w.org\/{rel}","templated":true}]}}