{"id":29767,"date":"2025-11-28T23:05:43","date_gmt":"2025-11-28T23:05:43","guid":{"rendered":"https:\/\/asura.lv\/product\/nillkin-hpro-tempered-glass-iphone-16-pro-max\/"},"modified":"2025-12-12T15:51:31","modified_gmt":"2025-12-12T13:51:31","slug":"nillkin-hpro-tempered-glass-iphone-16-pro-max","status":"publish","type":"product","link":"https:\/\/asura.lv\/lt\/produktas\/nillkin-hpro-tempered-glass-iphone-16-pro-max\/","title":{"rendered":"\u201eNillkin H+PRO\u201c gr\u016bdintas stiklas iPhone 16 Pro Max"},"content":{"rendered":"<h3>\u201eNillkin H+PRO\u201c gr\u016bdintas stiklas \u201eiPhone 16 Pro Max\u201c<\/h3>\n<p>Pasir\u016bpinkite savo ekrano saugumu! \u201eNillkin H+PRO\u201c gr\u016bdintas stiklas u\u017etikrina puik\u0173 skaidrum\u0105, neprilygstam\u0105 patvarum\u0105 ir puikiai tinka j\u016bs\u0173 \u201eiPhone\u201c ekranui. D\u0117l lengvo u\u017ed\u0117jimo ir atsparumo purvui tai yra nepakei\u010diamas sprendimas tiems, kurie nori, kad j\u0173 \u012frenginys kasdien atrodyt\u0173 nepriekai\u0161tingai ir saugiai.<\/p>\n<p>\n<img decoding=\"async\" border=\"0\" src=\"https:\/\/assets.innpro.pl\/11470\/13589\/5.jpg\"\/>\n<\/p>\n<h3>Tobulas ekrano ai\u0161kumas<\/h3>\n<p>\u201eNillkin H+PRO\u201c gr\u016bdintas stiklas garantuoja nepriekai\u0161ting\u0105 vaizdo kokyb\u0119. D\u0117l i\u0161skirtinio 93 % skaidrumo jis i\u0161saugo nat\u016bralias ekrano spalvas, leisdamas jums visapusi\u0161kai m\u0117gautis spalv\u0173 intensyvumu ir detalia grafika. Nesvarbu, ar \u017ei\u016brite filmus, nuotraukas ar \u017eaid\u017eiate \u017eaidimus, j\u016bs\u0173 ekranas visada atrodys tobulai.<\/p>\n<p>\n<img decoding=\"async\" border=\"0\" src=\"https:\/\/assets.innpro.pl\/11470\/13589\/2.jpg\"\/>\n<\/p>\n<h3>Momentinis ir tikslus montavimas<\/h3>\n<p>Ar neturite patirties montuojant apsaugin\u012f stikl\u0105? \u201eNillkin H+PRO\u201c palengvina \u0161\u012f proces\u0105 su patentuota dulki\u0173 nepraleid\u017eian\u010dia kamera. D\u0117l automatinio reguliavimo ir greito u\u017ed\u0117jimo vos per akimirk\u0105 gal\u0117site d\u017eiaugtis tobulai u\u017ed\u0117tu stiklu \u2013 be oro burbuliuk\u0173 ar negra\u017ei\u0173 defekt\u0173.<\/p>\n<p>\n<img decoding=\"async\" border=\"0\" src=\"https:\/\/assets.innpro.pl\/11470\/13589\/3.jpg\"\/>\n<\/p>\n<h3>I\u0161skirtinis atsparumas sm\u016bgiams<\/h3>\n<p>Auk\u0161tos kokyb\u0117s stiklas buvo sustiprintas, kad u\u017etikrint\u0173 puik\u0173 atsparum\u0105 sm\u016bgiams ir kra\u0161t\u0173 apsaug\u0105 nuo \u012ftr\u016bkim\u0173. Tai u\u017etikrina, kad j\u016bs\u0173 i\u0161manusis telefonas atlaikys kasdienius i\u0161\u0161\u016bkius \u2013 nuo \u200b\u200batsitiktini\u0173 kritim\u0173 iki netik\u0117t\u0173 \u012fbr\u0117\u017eim\u0173. Be to, speciali oleofobin\u0117 danga ne tik efektyviai apsaugo nuo purvo, bet ir padaro ekran\u0105 lyg\u0173 ir malon\u0173 liesti.<\/p>\n<p>\n<img decoding=\"async\" border=\"0\" src=\"https:\/\/assets.innpro.pl\/11470\/13589\/7.jpg\"\/>\n<\/p>\n<div class=\"table-wrapper\">\n<p>B\u00a0<\/p>\n<h3><\/h3>\n<table>\n<tbody>\n<tr>\n<th>Gamintojas<\/th>\n<td>Nillkin<\/td>\n<\/tr>\n<tr>\n<th>Modelis<\/th>\n<td>H+PRO<\/td>\n<\/tr>\n<tr>\n<th>Suderinamumas<\/th>\n<td>iPhone 16 Pro Max<\/td>\n<\/tr>\n<\/tbody>\n<\/table>\n<\/div>\n","protected":false},"excerpt":{"rendered":"<p>\u201eNillkin H+PRO\u201c gr\u016bdintas stiklas \u201eiPhone 16 Pro Max\u201c Pasir\u016bpinkite savo ekrano saugumu! \u201eNillkin H+PRO\u201c gr\u016bdintas stiklas u\u017etikrina puik\u0173 skaidrum\u0105, neprilygstam\u0105 patvarum\u0105 ir puikiai tinka j\u016bs\u0173 \u201eiPhone\u201c ekranui. D\u0117l lengvo u\u017ed\u0117jimo ir atsparumo purvui tai yra nepakei\u010diamas sprendimas tiems, kurie nori, kad j\u0173 \u012frenginys kasdien atrodyt\u0173 nepriekai\u0161tingai ir saugiai. Tobulas ekrano ai\u0161kumas \u201eNillkin H+PRO\u201c gr\u016bdintas stiklas [&#8230;]\n","protected":false},"featured_media":29768,"comment_status":"open","ping_status":"closed","template":"","meta":[],"product_brand":[438],"product_cat":[1319],"product_tag":[],"class_list":{"0":"post-29767","1":"product","2":"type-product","3":"status-publish","4":"has-post-thumbnail","6":"product_brand-nillkin","7":"product_cat-for-smartphones-tempered-glass-and-screen-protectors-gsm-accessories","9":"first","10":"outofstock","11":"taxable","12":"shipping-taxable","13":"purchasable","14":"product-type-simple"},"aioseo_notices":[],"_links":{"self":[{"href":"https:\/\/asura.lv\/lt\/wp-json\/wp\/v2\/product\/29767","targetHints":{"allow":["GET"]}}],"collection":[{"href":"https:\/\/asura.lv\/lt\/wp-json\/wp\/v2\/product"}],"about":[{"href":"https:\/\/asura.lv\/lt\/wp-json\/wp\/v2\/types\/product"}],"replies":[{"embeddable":true,"href":"https:\/\/asura.lv\/lt\/wp-json\/wp\/v2\/comments?post=29767"}],"wp:featuredmedia":[{"embeddable":true,"href":"https:\/\/asura.lv\/lt\/wp-json\/wp\/v2\/media\/29768"}],"wp:attachment":[{"href":"https:\/\/asura.lv\/lt\/wp-json\/wp\/v2\/media?parent=29767"}],"wp:term":[{"taxonomy":"product_brand","embeddable":true,"href":"https:\/\/asura.lv\/lt\/wp-json\/wp\/v2\/product_brand?post=29767"},{"taxonomy":"product_cat","embeddable":true,"href":"https:\/\/asura.lv\/lt\/wp-json\/wp\/v2\/product_cat?post=29767"},{"taxonomy":"product_tag","embeddable":true,"href":"https:\/\/asura.lv\/lt\/wp-json\/wp\/v2\/product_tag?post=29767"}],"curies":[{"name":"wp","href":"https:\/\/api.w.org\/{rel}","templated":true}]}}