{"id":29815,"date":"2025-11-28T23:05:39","date_gmt":"2025-11-28T23:05:39","guid":{"rendered":"https:\/\/asura.lv\/product\/nillkin-super-frosted-shield-pro-magnetic-iphone-16-plus-case-black\/"},"modified":"2025-12-12T15:51:27","modified_gmt":"2025-12-12T13:51:27","slug":"nillkin-super-frosted-shield-pro-magnetic-iphone-16-plus-case-black","status":"publish","type":"product","link":"https:\/\/asura.lv\/lt\/produktas\/nillkin-super-frosted-shield-pro-magnetic-iphone-16-plus-case-black\/","title":{"rendered":"\u201eNillkin Super Frosted Shield Pro\u201c magnetinis \u201eiPhone 16 Plus\u201c d\u0117klas (juodas)"},"content":{"rendered":"<h3>\u201eNillkin Super Frosted Shield Pro Magnetic\u201c d\u0117klas, skirtas \u201eiPhone 16 Plus\u201c (juodas).<\/h3>\n<p>Pasir\u016bpinkite savo i\u0161maniuoju telefonu su \u201eNillkin Super Frosted Shield Pro Magentic\u201c d\u0117klu! Pagamintas i\u0161 patvaraus PC ir lanks\u010dio TPU derinio, jis u\u017etikrina maksimali\u0105 apsaug\u0105 nuo kritim\u0173 ir pa\u017eeidim\u0173. Mink\u0161ti kra\u0161tai ir special\u016bs sutvirtinimai kampuose puikiai sugeria sm\u016bgius, suma\u017eindami pa\u017eeidim\u0173 rizik\u0105 kritimo metu.<\/p>\n<p>\n<img decoding=\"async\" border=\"0\" src=\"https:\/\/assets.innpro.pl\/11485\/13604\/4.jpg\"\/>\n<\/p>\n<h3>Integruoti magnetai dar didesniam patogumui<\/h3>\n<p>\u201eNillkin Super Frosted Shield Pro Magnetic\u201c d\u0117klas patobulintas \u012fmontuotais magnetais, kad b\u016bt\u0173 u\u017etikrintas puikus funkcionalumas. Magnet\u0173 d\u0117ka d\u0117klas veikia su magnetiniais priedais, tokiais kaip automobilio laikikliai, \u012fkrovikliai ir pinigin\u0117s. Magnetai tvirtai laikys j\u016bs\u0173 \u012frengin\u012f, u\u017etikrindami stabilum\u0105 ir lengv\u0105 montavim\u0105, nesijaudindami d\u0117l nety\u010dinio telefono numetimo.<\/p>\n<p>\n<img decoding=\"async\" border=\"0\" src=\"https:\/\/assets.innpro.pl\/11485\/13604\/2.jpg\"\/>\n<\/p>\n<h3>Pavir\u0161ius, kuris visada atrodo puikiai<\/h3>\n<p>Pamir\u0161kite pir\u0161t\u0173 atspaudus ir negra\u017eius d\u0117mes! D\u0117klas padengtas matine UV danga, kuri puikiai apsaugo nuo purvo, tod\u0117l j\u016bs\u0173 telefonas visada atrodys kaip naujas. Speciali tekst\u016bra su subtiliais skirtukais u\u017etikrina tvirt\u0105 sukibim\u0105, neleid\u017eiant j\u016bs\u0173 i\u0161maniajam telefonui slysti ir dulk\u0117ms kauptis.<\/p>\n<p>\n<img decoding=\"async\" border=\"0\" src=\"https:\/\/assets.innpro.pl\/11485\/13604\/7.jpg\"\/>\n<\/p>\n<h3>Puikus prigludimas<\/h3>\n<p>\u201eNillkin Super Frosted Shield Pro Magnetic\u201c yra d\u0117klas, sukurtas galvojant apie tobul\u0105 prigludim\u0105. Tiksliai i\u0161pjautos angos leid\u017eia patogiai pasiekti visas \u201eiPhone 16 Plus\u201c funkcijas ir mygtukus, o kruop\u0161\u010diai sukurtas dizainas apsaugo j\u016bs\u0173 \u012frengin\u012f neribojant jo funkcionalumo.<\/p>\n<p>\n<img decoding=\"async\" border=\"0\" src=\"https:\/\/assets.innpro.pl\/11485\/13604\/3.jpg\"\/>\n<\/p>\n<div class=\"table-wrapper\">\n<p>B\u00a0<\/p>\n<h3><\/h3>\n<table>\n<tbody>\n<tr>\n<th>Gamintojas<\/th>\n<td>Nillkin<\/td>\n<\/tr>\n<tr>\n<th>Modelis<\/th>\n<td>Super Frosted Shield Pro Magnetic<\/td>\n<\/tr>\n<tr>\n<th>Spalva<\/th>\n<td>Juoda<\/td>\n<\/tr>\n<tr>\n<th>Suderinamumas<\/th>\n<td>iPhone 16 Plus<\/td>\n<\/tr>\n<\/tbody>\n<\/table>\n<\/div>\n","protected":false},"excerpt":{"rendered":"<p>\u201eNillkin Super Frosted Shield Pro Magnetic\u201c d\u0117klas, skirtas \u201eiPhone 16 Plus\u201c (juodas). Pasir\u016bpinkite savo i\u0161maniuoju telefonu su \u201eNillkin Super Frosted Shield Pro Magentic\u201c d\u0117klu! Pagamintas i\u0161 patvaraus PC ir lanks\u010dio TPU derinio, jis u\u017etikrina maksimali\u0105 apsaug\u0105 nuo kritim\u0173 ir pa\u017eeidim\u0173. Mink\u0161ti kra\u0161tai ir special\u016bs sutvirtinimai kampuose puikiai sugeria sm\u016bgius, suma\u017eindami pa\u017eeidim\u0173 rizik\u0105 kritimo metu. Integruoti [&#8230;]\n","protected":false},"featured_media":29816,"comment_status":"open","ping_status":"closed","template":"","meta":[],"product_brand":[438],"product_cat":[1250],"product_tag":[],"class_list":{"0":"post-29815","1":"product","2":"type-product","3":"status-publish","4":"has-post-thumbnail","6":"product_brand-nillkin","7":"product_cat-protective-cases-for-smartphones-cases-gsm-accessories","9":"first","10":"outofstock","11":"taxable","12":"shipping-taxable","13":"purchasable","14":"product-type-simple"},"aioseo_notices":[],"_links":{"self":[{"href":"https:\/\/asura.lv\/lt\/wp-json\/wp\/v2\/product\/29815","targetHints":{"allow":["GET"]}}],"collection":[{"href":"https:\/\/asura.lv\/lt\/wp-json\/wp\/v2\/product"}],"about":[{"href":"https:\/\/asura.lv\/lt\/wp-json\/wp\/v2\/types\/product"}],"replies":[{"embeddable":true,"href":"https:\/\/asura.lv\/lt\/wp-json\/wp\/v2\/comments?post=29815"}],"wp:featuredmedia":[{"embeddable":true,"href":"https:\/\/asura.lv\/lt\/wp-json\/wp\/v2\/media\/29816"}],"wp:attachment":[{"href":"https:\/\/asura.lv\/lt\/wp-json\/wp\/v2\/media?parent=29815"}],"wp:term":[{"taxonomy":"product_brand","embeddable":true,"href":"https:\/\/asura.lv\/lt\/wp-json\/wp\/v2\/product_brand?post=29815"},{"taxonomy":"product_cat","embeddable":true,"href":"https:\/\/asura.lv\/lt\/wp-json\/wp\/v2\/product_cat?post=29815"},{"taxonomy":"product_tag","embeddable":true,"href":"https:\/\/asura.lv\/lt\/wp-json\/wp\/v2\/product_tag?post=29815"}],"curies":[{"name":"wp","href":"https:\/\/api.w.org\/{rel}","templated":true}]}}