{"id":29839,"date":"2025-11-28T23:05:36","date_gmt":"2025-11-28T23:05:36","guid":{"rendered":"https:\/\/asura.lv\/product\/telesin-suction-cup-mount-for-smartphone\/"},"modified":"2025-12-12T15:51:25","modified_gmt":"2025-12-12T13:51:25","slug":"telesin-suction-cup-mount-for-smartphone","status":"publish","type":"product","link":"https:\/\/asura.lv\/lt\/produktas\/telesin-suction-cup-mount-for-smartphone\/","title":{"rendered":"TELESIN siurbtuko laikiklis i\u0161maniajam telefonui"},"content":{"rendered":"<h3>TELESIN i\u0161maniojo telefono laikiklis \/ pasukamas laikiklis<\/h3>\n<p>I\u0161maniojo telefono automobilinis laikiklis u\u017etikrina stabilum\u0105 ir saug\u0173 i\u0161maniojo telefono naudojim\u0105 keliaujant. D\u0117l siurbtuko montavimas yra itin paprastas, o reguliavimo funkcija leid\u017eia lengvai reguliuoti \u012fra\u0161ymo kamp\u0105 pagal j\u016bs\u0173 poreikius. \u0160is prakti\u0161kas priedas leid\u017eia filmuoti i\u0161 pirmojo asmens perspektyvos lengviau nei bet kada anks\u010diau, tod\u0117l galite u\u017efiksuoti ypatingas kelioni\u0173 akimirkas.<\/p>\n<p>\n<img decoding=\"async\" border=\"0\" src=\"https:\/\/assets.innpro.pl\/10268\/12071\/3.jpg\"\/>\n<\/p>\n<h3>Praktinis priedas<\/h3>\n<p>Laikiklyje naudojami N52 neodimio magnetai, u\u017etikrinantys neprilygstam\u0105 stabilum\u0105, tod\u0117l jis idealiai tinka filmuoti sud\u0117tingomis kelio s\u0105lygomis. J\u012f galima naudoti ne tik \u012fra\u0161ymui, bet ir navigacijai. Jis suderinamas su \u201eiPhone 12\u201c (ar naujesniais) modeliais, i\u0161maniaisiais telefonais su magnetiniu \u017eiedu arba magnetiniais d\u0117klais, tod\u0117l yra universalus priedas bet kuriam vairuotojui.<\/p>\n<p>\n<img decoding=\"async\" border=\"0\" src=\"https:\/\/assets.innpro.pl\/10268\/12071\/5.jpg\"\/>\n<\/p>\n<div class=\"table-wrapper\">\n<p>B\u00a0<\/p>\n<h3><\/h3>\n<table>\n<tbody>\n<tr>\n<th>Gamintojas<\/th>\n<td>Telesin<\/td>\n<\/tr>\n<tr>\n<th>Modelis<\/th>\n<td>P3-SUS-02<\/td>\n<\/tr>\n<tr>\n<th>Maksimali apkrova<\/th>\n<td>3 kg<\/td>\n<\/tr>\n<tr>\n<th>Med\u017eiaga<\/th>\n<td>aliuminio lydinys, nailonas<\/td>\n<\/tr>\n<tr>\n<th>Svoris<\/th>\n<td>194 g<\/td>\n<\/tr>\n<tr>\n<th>Matmenys<\/th>\n<td>auk\u0161tis: 21 cm, siurbtuko skersmuo: 8,5 cm<\/td>\n<\/tr>\n<tr>\n<th>Suderinamumas<\/th>\n<td>\u201eiPhone 12\u201c (arba naujesnis), i\u0161manieji telefonai su magnetiniu \u017eiedu, magnetinis d\u0117klas<\/td>\n<\/tr>\n<\/tbody>\n<\/table>\n<\/div>\n","protected":false},"excerpt":{"rendered":"<p>TELESIN i\u0161maniojo telefono laikiklis \/ pasukamas laikiklis I\u0161maniojo telefono automobilinis laikiklis u\u017etikrina stabilum\u0105 ir saug\u0173 i\u0161maniojo telefono naudojim\u0105 keliaujant. D\u0117l siurbtuko montavimas yra itin paprastas, o reguliavimo funkcija leid\u017eia lengvai reguliuoti \u012fra\u0161ymo kamp\u0105 pagal j\u016bs\u0173 poreikius. \u0160is prakti\u0161kas priedas leid\u017eia filmuoti i\u0161 pirmojo asmens perspektyvos lengviau nei bet kada anks\u010diau, tod\u0117l galite u\u017efiksuoti ypatingas kelioni\u0173 [&#8230;]\n","protected":false},"featured_media":29840,"comment_status":"open","ping_status":"closed","template":"","meta":[],"product_brand":[296],"product_cat":[935],"product_tag":[],"class_list":{"0":"post-29839","1":"product","2":"type-product","3":"status-publish","4":"has-post-thumbnail","6":"product_brand-telesin","7":"product_cat-adapters-and-converters","9":"first","10":"outofstock","11":"taxable","12":"shipping-taxable","13":"purchasable","14":"product-type-simple"},"aioseo_notices":[],"_links":{"self":[{"href":"https:\/\/asura.lv\/lt\/wp-json\/wp\/v2\/product\/29839","targetHints":{"allow":["GET"]}}],"collection":[{"href":"https:\/\/asura.lv\/lt\/wp-json\/wp\/v2\/product"}],"about":[{"href":"https:\/\/asura.lv\/lt\/wp-json\/wp\/v2\/types\/product"}],"replies":[{"embeddable":true,"href":"https:\/\/asura.lv\/lt\/wp-json\/wp\/v2\/comments?post=29839"}],"wp:featuredmedia":[{"embeddable":true,"href":"https:\/\/asura.lv\/lt\/wp-json\/wp\/v2\/media\/29840"}],"wp:attachment":[{"href":"https:\/\/asura.lv\/lt\/wp-json\/wp\/v2\/media?parent=29839"}],"wp:term":[{"taxonomy":"product_brand","embeddable":true,"href":"https:\/\/asura.lv\/lt\/wp-json\/wp\/v2\/product_brand?post=29839"},{"taxonomy":"product_cat","embeddable":true,"href":"https:\/\/asura.lv\/lt\/wp-json\/wp\/v2\/product_cat?post=29839"},{"taxonomy":"product_tag","embeddable":true,"href":"https:\/\/asura.lv\/lt\/wp-json\/wp\/v2\/product_tag?post=29839"}],"curies":[{"name":"wp","href":"https:\/\/api.w.org\/{rel}","templated":true}]}}