{"id":29875,"date":"2025-11-28T23:05:33","date_gmt":"2025-11-28T23:05:33","guid":{"rendered":"https:\/\/asura.lv\/product\/sunnylife-propeller-guard-for-dji-neo-red\/"},"modified":"2025-12-12T15:51:22","modified_gmt":"2025-12-12T13:51:22","slug":"sunnylife-propeller-guard-for-dji-neo-red","status":"publish","type":"product","link":"https:\/\/asura.lv\/lt\/produktas\/sunnylife-propeller-guard-for-dji-neo-red\/","title":{"rendered":"SUNNYLIFE propelerio apsauga DJI Neo (raudona)"},"content":{"rendered":"<h3>SUNNYLIFE propelerio apsauga, skirta DJI Neo (raudona)<\/h3>\n<p>\u201eSunnylife\u201c propelerio apsauga u\u017etikrina papildom\u0105 j\u016bs\u0173 drono saugum\u0105, nes naudojama TPE plastiko, kuris padidina atsparum\u0105 sm\u016bgiams ir pa\u017eeidimams. Lengvos konstrukcijos, sverian\u010dios vos 10 g, apsauga reik\u0161mingai ne\u012ftakoja drono skryd\u017eio, tod\u0117l j\u012f galima naudoti ilgiau ir patogiau. \u0160is priedas buvo sukurtas specialiai NEO modeliui, tod\u0117l puikiai tinka \u012frenginiui ir u\u017etikrina tvirt\u0105 apsaug\u0105.<\/p>\n<p>\n<img decoding=\"async\" border=\"0\" src=\"https:\/\/assets.innpro.pl\/10264\/12066\/1.jpg\"\/>\n<\/p>\n<div class=\"table-wrapper\">\n<p>B\u00a0<\/p>\n<h3><\/h3>\n<table>\n<tbody>\n<tr>\n<th>Gamintojas<\/th>\n<td>Sunnylife<\/td>\n<\/tr>\n<tr>\n<th>Modelis<\/th>\n<td>NE-KC868-R<\/td>\n<\/tr>\n<tr>\n<th>Spalva<\/th>\n<td>raudona<\/td>\n<\/tr>\n<tr>\n<th>Suderinamumas<\/th>\n<td>DJI Neo<\/td>\n<\/tr>\n<tr>\n<th>Med\u017eiaga<\/th>\n<td>TPE<\/td>\n<\/tr>\n<tr>\n<th>Svoris<\/th>\n<td>10 g<\/td>\n<\/tr>\n<tr>\n<th>Matmenys<\/th>\n<td>144 x 48 mm<\/td>\n<\/tr>\n<\/tbody>\n<\/table>\n<\/div>\n","protected":false},"excerpt":{"rendered":"<p>SUNNYLIFE propelerio apsauga, skirta DJI Neo (raudona) \u201eSunnylife\u201c propelerio apsauga u\u017etikrina papildom\u0105 j\u016bs\u0173 drono saugum\u0105, nes naudojama TPE plastiko, kuris padidina atsparum\u0105 sm\u016bgiams ir pa\u017eeidimams. Lengvos konstrukcijos, sverian\u010dios vos 10 g, apsauga reik\u0161mingai ne\u012ftakoja drono skryd\u017eio, tod\u0117l j\u012f galima naudoti ilgiau ir patogiau. \u0160is priedas buvo sukurtas specialiai NEO modeliui, tod\u0117l puikiai tinka \u012frenginiui ir [&#8230;]\n","protected":false},"featured_media":29876,"comment_status":"open","ping_status":"closed","template":"","meta":[],"product_brand":[432],"product_cat":[1028],"product_tag":[],"class_list":{"0":"post-29875","1":"product","2":"type-product","3":"status-publish","4":"has-post-thumbnail","6":"product_brand-sunnylife","7":"product_cat-dji","9":"first","10":"outofstock","11":"taxable","12":"shipping-taxable","13":"purchasable","14":"product-type-simple"},"aioseo_notices":[],"_links":{"self":[{"href":"https:\/\/asura.lv\/lt\/wp-json\/wp\/v2\/product\/29875","targetHints":{"allow":["GET"]}}],"collection":[{"href":"https:\/\/asura.lv\/lt\/wp-json\/wp\/v2\/product"}],"about":[{"href":"https:\/\/asura.lv\/lt\/wp-json\/wp\/v2\/types\/product"}],"replies":[{"embeddable":true,"href":"https:\/\/asura.lv\/lt\/wp-json\/wp\/v2\/comments?post=29875"}],"wp:featuredmedia":[{"embeddable":true,"href":"https:\/\/asura.lv\/lt\/wp-json\/wp\/v2\/media\/29876"}],"wp:attachment":[{"href":"https:\/\/asura.lv\/lt\/wp-json\/wp\/v2\/media?parent=29875"}],"wp:term":[{"taxonomy":"product_brand","embeddable":true,"href":"https:\/\/asura.lv\/lt\/wp-json\/wp\/v2\/product_brand?post=29875"},{"taxonomy":"product_cat","embeddable":true,"href":"https:\/\/asura.lv\/lt\/wp-json\/wp\/v2\/product_cat?post=29875"},{"taxonomy":"product_tag","embeddable":true,"href":"https:\/\/asura.lv\/lt\/wp-json\/wp\/v2\/product_tag?post=29875"}],"curies":[{"name":"wp","href":"https:\/\/api.w.org\/{rel}","templated":true}]}}