{"id":29953,"date":"2025-11-28T23:02:48","date_gmt":"2025-11-28T23:02:48","guid":{"rendered":"https:\/\/asura.lv\/product\/gimbal-hohem-isteady-m6\/"},"modified":"2025-12-12T15:49:44","modified_gmt":"2025-12-12T13:49:44","slug":"gimbal-hohem-isteady-m6","status":"publish","type":"product","link":"https:\/\/asura.lv\/lt\/produktas\/gimbal-hohem-isteady-m6\/","title":{"rendered":"Gimbalas Hohem iSteady M6"},"content":{"rendered":"<h3>\u201eHohem iSteady M6\u201c stabilizatorius<\/h3>\n<p>\u201eHohem iSteady M6\u201c stabilizatorius yra universalus \u012frankis visiems, norintiems kurti profesionalius vaizdo \u012fra\u0161us su puikiu stabilizavimu ir k\u016brybiniais efektais. D\u0117l pa\u017eangios technologijos, intuityvaus valdymo ir ilgo baterijos veikimo laiko \u201eiSteady M6\u201c yra idealus pasirinkimas turinio k\u016br\u0117jams, vaizdo tinklara\u0161tininkams ir transliuotojams. Tvirta konstrukcija, ergonomi\u0161kas dizainas ir i\u0161pl\u0117timo galimyb\u0117s su papildomais priedais paver\u010dia j\u012f nepakei\u010diamu aksesuaru bet kurio k\u016br\u0117jo arsenale.<\/p>\n<p>\n<img decoding=\"async\" border=\"0\" src=\"https:\/\/assets.innpro.pl\/9073\/10597\/4.jpg\"\/>\n<\/p>\n<h3>Patikimas 3 a\u0161i\u0173 stabilizavimas turinio k\u016br\u0117jams<\/h3>\n<p>\u201eHohem iSteady M6\u201c yra pa\u017eangus 3 a\u0161i\u0173 stabilizatorius, skirtas vaizdo tinklara\u0161tininkams, transliuotojams, keliautojams ir film\u0173 k\u016br\u0117jams. Tur\u0117damas galimyb\u0119 laisvai jud\u0117ti 335 laipsni\u0173 kampu ir be galo suktis 360 laipsni\u0173 kampu, stabilizatorius suteikia visi\u0161k\u0105 lankstum\u0105 \u012fra\u0161ant i\u0161 skirting\u0173 kamp\u0173 ir perspektyv\u0173. Patobulintas 3 a\u0161i\u0173 dizainas su \u201eiSteady 7.0\u201c apsaugos nuo vibracijos sistema u\u017etikrina skland\u017eius ir stabilius kadrus net ir intensyvios fizin\u0117s veiklos, tokios kaip b\u0117gimas ar \u0117jimas, metu.<\/p>\n<p>\n<img decoding=\"async\" border=\"0\" src=\"https:\/\/assets.innpro.pl\/9073\/10597\/6.jpg\"\/>\n<\/p>\n<h3>K\u016brybin\u0117s galimyb\u0117s<\/h3>\n<p>Gimbalas palaiko \u012fvairius re\u017eimus, tokius kaip sporto re\u017eimas, prad\u017eios re\u017eimas, dolly priartinimas, pagreitinto filmavimo re\u017eimas ir kt., tod\u0117l galite \u012fgyvendinti k\u016brybines id\u0117jas be papildom\u0173 program\u0117li\u0173 ar \u201eBluetooth\u201c.<\/p>\n<p>\n<img decoding=\"async\" border=\"0\" src=\"https:\/\/assets.innpro.pl\/9073\/10597\/1.jpg\"\/>\n<\/p>\n<h3>Didelis na\u0161umas ir universalumas<\/h3>\n<p>\u201eHohem iSteady M6\u201c stabilizatorius, kurio maksimali apkrova yra iki 400 g, lengvai laiko didesnius i\u0161maniuosius telefonus, u\u017etikrindamas Stabilumas ir patikimumas. 0,91 colio OLED ekrane lengva steb\u0117ti \u012fvairius parametrus, tokius kaip akumuliatoriaus b\u016bsena, stabilizatoriaus re\u017eimai ir \u201eBluetooth\u201c funkcijos. Integruota didel\u0117s talpos baterija u\u017etikrina iki 18 valand\u0173 nepertraukiamo veikimo, o atvirk\u0161tinio \u012fkrovimo palaikymas leid\u017eia \u012fkrauti i\u0161man\u0173j\u012f telefon\u0105 \u012fra\u0161ant vaizdo \u012fra\u0161\u0105, pa\u0161alinant ma\u017eo energijos lygio problem\u0105.<\/p>\n<p>\n<img decoding=\"async\" border=\"0\" src=\"https:\/\/assets.innpro.pl\/9073\/10597\/2.jpg\"\/>\n<\/p>\n<h3>Ergonomi\u0161kas dizainas ir universalios funkcijos<\/h3>\n<p>Ergonomi\u0161kas dizainas ir universalios funkcijos<\/p>\n<p>\u201eiSteady M6\u201c stabilizatorius pasi\u017eymi ergonomi\u0161ka rankena su neslystan\u010dia tekst\u016bra, kuri u\u017etikrina saug\u0173 sukibim\u0105 ir patogum\u0105 ilgai naudojant. Ried\u0117jimo a\u0161ies svirtis apr\u016bpinta tiksliais balansavimo svareliais, kurie padeda puikiai subalansuoti i\u0161man\u0173j\u012f telefon\u0105. Stabilizatori\u0173 galima \u012fjungti nepriklausomai nuo telefono pad\u0117ties, tod\u0117l lengva u\u017efiksuoti netrukdom\u0105 vaizd\u0105, kai ekranas nukreiptas \u012f ried\u0117jim\u0105. variklis.<\/p>\n<p>\n<img decoding=\"async\" border=\"0\" src=\"https:\/\/assets.innpro.pl\/9073\/10597\/8.jpg\"\/>\n<\/p>\n<h3>Keli i\u0161pl\u0117timo variantai<\/h3>\n<p>Tur\u0117damas keturis 1\/4&#8243;-20 UNC prievadus, \u201eHohem iSteady M6\u201c rinkinys leid\u017eia prijungti \u012fvairius priedus, tokius kaip mikrofonai, LED lemput\u0117s ar papildomi laikikliai, taip atskleid\u017eiant vis\u0105 \u0161io \u012frenginio k\u016brybin\u012f potencial\u0105. Intuityv\u016bs A-B judesio mygtukai ir daugiafunkcis paleidiklis leid\u017eia fotografuoti pagreitintu re\u017eimu judant ir \u012fjungti tokius re\u017eimus kaip itin plataus kampo ir sporto, tod\u0117l stabilizatorius yra puikus \u012frankis bet kokiai film\u0173 gamybai.<\/p>\n<p>\n<img decoding=\"async\" border=\"0\" src=\"https:\/\/assets.innpro.pl\/9073\/10597\/3.jpg\"\/>\n<\/p>\n<h3>Pridedama<\/h3>\n<ul class=\"list-disc pl-5\">\n<li>stabdiklis<\/li>\n<li>USB-C laidas<\/li>\n<li>\u012fkrovimo laidas<\/li>\n<li>laikymo krep\u0161ys<\/li>\n<li>stovas<\/li>\n<li>naudotojo vadovas<\/li>\n<\/ul>\n<div class=\"table-wrapper\">\n<p>B\u00a0<\/p>\n<h3><\/h3>\n<table>\n<tbody>\n<tr>\n<th>Gamintojas<\/th>\n<td>Hohem<\/td>\n<\/tr>\n<tr>\n<th>Modelis<\/th>\n<td>iSteady M6<\/td>\n<\/tr>\n<tr>\n<th>Stabilizacijos algoritmas<\/th>\n<td>iSteady 7.0<\/td>\n<\/tr>\n<tr>\n<th>Ekranas<\/th>\n<td>0,91 colio<\/td>\n<\/tr>\n<tr>\n<th>Svoris (\u012fskaitant baterij\u0105)<\/th>\n<td>551 g<\/td>\n<\/tr>\n<tr>\n<th>Konstrukcin\u0117 med\u017eiaga<\/th>\n<td>Auk\u0161tos kokyb\u0117s kompozicin\u0117s med\u017eiagos<\/td>\n<\/tr>\n<tr>\n<th>Matmenys<\/th>\n<td>299 x 16 x 54 mm<\/td>\n<\/tr>\n<tr>\n<th>Baterijos talpa<\/th>\n<td>2600 mAh<\/td>\n<\/tr>\n<tr>\n<th>\u012evestis<\/th>\n<td>5V-2A<\/td>\n<\/tr>\n<tr>\n<th>\u012ekrovimo laikas<\/th>\n<td>3 valandos<\/td>\n<\/tr>\n<tr>\n<th>Baterijos veikimo laikas<\/th>\n<td>18 valand\u0173<\/td>\n<\/tr>\n<tr>\n<th>Did\u017eiausia apkrova<\/th>\n<td>400g<\/td>\n<\/tr>\n<tr>\n<th>Veikimo laikas<\/th>\n<td>18 val.<\/td>\n<\/tr>\n<tr>\n<th>Prievadai<\/th>\n<td>1\/4&#8243;-20 UNC 4x<\/td>\n<\/tr>\n<tr>\n<th>Did\u017eiausias telefon\u0173 plotis<\/th>\n<td>58\u201398 mm<\/td>\n<\/tr>\n<tr>\n<th>Kamp\u0173 diapazonas<\/th>\n<td>360\u00b0 panoraminiu re\u017eimu, pasukimas 335\u00b0, pakreipimas 335\u00b0<\/td>\n<\/tr>\n<tr>\n<th>Veikimas temperat\u016bra<\/th>\n<td>\u201310\u201345 \u00b0C<\/td>\n<\/tr>\n<\/tbody>\n<\/table>\n<\/div>\n","protected":false},"excerpt":{"rendered":"<p>\u201eHohem iSteady M6\u201c stabilizatorius \u201eHohem iSteady M6\u201c stabilizatorius yra universalus \u012frankis visiems, norintiems kurti profesionalius vaizdo \u012fra\u0161us su puikiu stabilizavimu ir k\u016brybiniais efektais. D\u0117l pa\u017eangios technologijos, intuityvaus valdymo ir ilgo baterijos veikimo laiko \u201eiSteady M6\u201c yra idealus pasirinkimas turinio k\u016br\u0117jams, vaizdo tinklara\u0161tininkams ir transliuotojams. Tvirta konstrukcija, ergonomi\u0161kas dizainas ir i\u0161pl\u0117timo galimyb\u0117s su papildomais priedais paver\u010dia [&#8230;]\n","protected":false},"featured_media":29954,"comment_status":"open","ping_status":"closed","template":"","meta":[],"product_brand":[675],"product_cat":[1004],"product_tag":[],"class_list":{"0":"post-29953","1":"product","2":"type-product","3":"status-publish","4":"has-post-thumbnail","6":"product_brand-hohem","7":"product_cat-gimbals-and-stabilizers","9":"first","10":"outofstock","11":"taxable","12":"shipping-taxable","13":"purchasable","14":"product-type-simple"},"aioseo_notices":[],"_links":{"self":[{"href":"https:\/\/asura.lv\/lt\/wp-json\/wp\/v2\/product\/29953","targetHints":{"allow":["GET"]}}],"collection":[{"href":"https:\/\/asura.lv\/lt\/wp-json\/wp\/v2\/product"}],"about":[{"href":"https:\/\/asura.lv\/lt\/wp-json\/wp\/v2\/types\/product"}],"replies":[{"embeddable":true,"href":"https:\/\/asura.lv\/lt\/wp-json\/wp\/v2\/comments?post=29953"}],"wp:featuredmedia":[{"embeddable":true,"href":"https:\/\/asura.lv\/lt\/wp-json\/wp\/v2\/media\/29954"}],"wp:attachment":[{"href":"https:\/\/asura.lv\/lt\/wp-json\/wp\/v2\/media?parent=29953"}],"wp:term":[{"taxonomy":"product_brand","embeddable":true,"href":"https:\/\/asura.lv\/lt\/wp-json\/wp\/v2\/product_brand?post=29953"},{"taxonomy":"product_cat","embeddable":true,"href":"https:\/\/asura.lv\/lt\/wp-json\/wp\/v2\/product_cat?post=29953"},{"taxonomy":"product_tag","embeddable":true,"href":"https:\/\/asura.lv\/lt\/wp-json\/wp\/v2\/product_tag?post=29953"}],"curies":[{"name":"wp","href":"https:\/\/api.w.org\/{rel}","templated":true}]}}