{"id":29965,"date":"2025-11-28T23:02:47","date_gmt":"2025-11-28T23:02:47","guid":{"rendered":"https:\/\/asura.lv\/product\/airpods-4-orbit-hybrid-case-pink\/"},"modified":"2025-12-12T15:49:43","modified_gmt":"2025-12-12T13:49:43","slug":"airpods-4-orbit-hybrid-case-pink","status":"publish","type":"product","link":"https:\/\/asura.lv\/lt\/produktas\/airpods-4-orbit-hybrid-case-pink\/","title":{"rendered":"\u201eAirPods 4 Orbit Hybrid\u201c d\u0117klas (ro\u017einis)"},"content":{"rendered":"<h3>\u201eAirPods 4 Orbit Hybrid\u201c d\u0117klas (ro\u017einis)<\/h3>\n<p>Ro\u017einis \u201eOrbit Hybrid\u201c d\u0117klas, skirtas \u201eAirPods 4\u201c, yra elegancijos ir funkcionalumo derinys. D\u0117l tvirto magnetinio u\u017esegimo d\u0117klas tvirtai laikosi vietoje, apsaugodamas ausines nuo atsitiktinio atidarymo ir pa\u017eeidimo. Kompakti\u0161kas, lengvas dizainas leid\u017eia j\u012f patogiai ne\u0161ioti ant rie\u0161o arba prisegti prie krep\u0161io, kad bet kada gal\u0117tum\u0117te lengvai pasiekti ausines.<\/p>\n<p>\n<img decoding=\"async\" alt=\"\" border=\"0\" src=\"https:\/\/assets.innpro.pl\/13049\/15955\/2.jpg\"\/>\n<\/p>\n<h3>Tvirta apsauga ir suderinamumas<\/h3>\n<p>D\u0117kl\u0105 sudaro itin patvarus kietas korpusas ir sm\u016bgius sugerianti \u0161erdis, efektyviai apsauganti ausines nuo kritim\u0173 ir \u012fbr\u0117\u017eim\u0173. \u201eOrbit Hybrid\u201c suderinamas su vis\u0173 tip\u0173 belaid\u017eiais \u012fkrovikliais, o \u012fmontuoti 220 g magnetai u\u017etikrina saug\u0173 ir tiksl\u0173 pritvirtinim\u0105 prie \u201eMagSafe\u201c \u012fkroviklio, kad b\u016bt\u0173 galima greitai ir patogiai \u012fkrauti.<\/p>\n<p>\n<img decoding=\"async\" alt=\"\" border=\"0\" src=\"https:\/\/assets.innpro.pl\/13049\/15955\/6.jpg\"\/>\n<\/p>\n<h3>Pridedami papildomi priedai<\/h3>\n<p>Rinkinyje yra ne tik pats d\u0117klas, bet ir reguliuojamas rie\u0161o dir\u017eelis, valymo \u0161epet\u0117lis, lengvai nuimamas \u012frankis ir lipni juostel\u0117 papildomam stabilumui. Visa tai daro \u201eOrbit Hybrid\u201c d\u0117kl\u0105 idealiu pasirinkimu tiems, kurie ie\u0161ko stilingos ir prakti\u0161kos apsaugos savo \u201eAirPods 4\u201c.<\/p>\n<p>\n<img decoding=\"async\" alt=\"\" border=\"0\" src=\"https:\/\/assets.innpro.pl\/13049\/15955\/1.jpg\"\/>\n<\/p>\n<h3>Pridedama<\/h3>\n<ul class=\"list-disc pl-5\">\n<li>\u201eOrbit Hybrid\u201c d\u0117klas<\/li>\n<li>Reguliuojamas rie\u0161o dir\u017eelis<\/li>\n<li>Valymo \u0161epet\u0117lis<\/li>\n<li>\u012erankis lengvam nu\u0117mimui<\/li>\n<li>Lipnus dir\u017eelis<\/li>\n<\/ul>\n<div class=\"table-wrapper\">\n<p>\u0412\u00a0<\/p>\n<h3><\/h3>\n<table>\n<tbody>\n<tr>\n<th>Gamintojas<\/th>\n<td>ESR<\/td>\n<\/tr>\n<tr>\n<th>Gamintojas kodas<\/th>\n<td>1C0110602<\/td>\n<\/tr>\n<tr>\n<th>Spalva<\/th>\n<td>Ro\u017ein\u0117<\/td>\n<\/tr>\n<tr>\n<th>Suderinamumas<\/th>\n<td>AirPods 4<\/td>\n<\/tr>\n<\/tbody>\n<\/table>\n<\/div>\n","protected":false},"excerpt":{"rendered":"<p>\u201eAirPods 4 Orbit Hybrid\u201c d\u0117klas (ro\u017einis) Ro\u017einis \u201eOrbit Hybrid\u201c d\u0117klas, skirtas \u201eAirPods 4\u201c, yra elegancijos ir funkcionalumo derinys. D\u0117l tvirto magnetinio u\u017esegimo d\u0117klas tvirtai laikosi vietoje, apsaugodamas ausines nuo atsitiktinio atidarymo ir pa\u017eeidimo. Kompakti\u0161kas, lengvas dizainas leid\u017eia j\u012f patogiai ne\u0161ioti ant rie\u0161o arba prisegti prie krep\u0161io, kad bet kada gal\u0117tum\u0117te lengvai pasiekti ausines. Tvirta apsauga [&#8230;]\n","protected":false},"featured_media":29966,"comment_status":"open","ping_status":"closed","template":"","meta":[],"product_brand":[500],"product_cat":[1679],"product_tag":[],"class_list":{"0":"post-29965","1":"product","2":"type-product","3":"status-publish","4":"has-post-thumbnail","6":"product_brand-esr","7":"product_cat-accessory-cases-cases-gsm-accessories","9":"first","10":"outofstock","11":"taxable","12":"shipping-taxable","13":"purchasable","14":"product-type-simple"},"aioseo_notices":[],"_links":{"self":[{"href":"https:\/\/asura.lv\/lt\/wp-json\/wp\/v2\/product\/29965","targetHints":{"allow":["GET"]}}],"collection":[{"href":"https:\/\/asura.lv\/lt\/wp-json\/wp\/v2\/product"}],"about":[{"href":"https:\/\/asura.lv\/lt\/wp-json\/wp\/v2\/types\/product"}],"replies":[{"embeddable":true,"href":"https:\/\/asura.lv\/lt\/wp-json\/wp\/v2\/comments?post=29965"}],"wp:featuredmedia":[{"embeddable":true,"href":"https:\/\/asura.lv\/lt\/wp-json\/wp\/v2\/media\/29966"}],"wp:attachment":[{"href":"https:\/\/asura.lv\/lt\/wp-json\/wp\/v2\/media?parent=29965"}],"wp:term":[{"taxonomy":"product_brand","embeddable":true,"href":"https:\/\/asura.lv\/lt\/wp-json\/wp\/v2\/product_brand?post=29965"},{"taxonomy":"product_cat","embeddable":true,"href":"https:\/\/asura.lv\/lt\/wp-json\/wp\/v2\/product_cat?post=29965"},{"taxonomy":"product_tag","embeddable":true,"href":"https:\/\/asura.lv\/lt\/wp-json\/wp\/v2\/product_tag?post=29965"}],"curies":[{"name":"wp","href":"https:\/\/api.w.org\/{rel}","templated":true}]}}