{"id":30031,"date":"2025-11-28T23:02:39","date_gmt":"2025-11-28T23:02:39","guid":{"rendered":"https:\/\/asura.lv\/product\/amzchef-gm3001-rd-slow-speed-juicer-red\/"},"modified":"2025-12-12T15:49:40","modified_gmt":"2025-12-12T13:49:40","slug":"amzchef-gm3001-rd-slow-speed-juicer-red","status":"publish","type":"product","link":"https:\/\/asura.lv\/lt\/produktas\/amzchef-gm3001-rd-slow-speed-juicer-red\/","title":{"rendered":"AMZCHEF GM3001-RD l\u0117taeig\u0117 sul\u010diaspaud\u0117 (raudona)"},"content":{"rendered":"<h3>AMZCHEF GM3001-RD l\u0117taeig\u0117 sul\u010diaspaud\u0117 (raudona).<\/h3>\n<p>Susipa\u017einkite su AMZCHEF GM3001-RD l\u0117tai besisukan\u010dia sul\u010diaspaude \u2013 prietaisu, leid\u017eian\u010diu i\u0161spausti maksimal\u0173 sul\u010di\u0173 kiek\u012f ir i\u0161saugoti vis\u0105 maistin\u0119 vert\u0119 kiekviename g\u0117rime. D\u0117l inovatyvios \u0161alto spaudimo technologijos gausite sausesn\u012f mink\u0161tim\u0105, o tai rei\u0161kia, kad j\u016bs\u0173 sultys bus dar turtingesn\u0117s vitaminais ir mineralais. AMZCHEF sul\u010diaspaud\u0117 \u2013 puikus b\u016bdas kasdien palepinti save ir savo artimuosius sveikatos doze.<\/p>\n<p>\n<img decoding=\"async\" border=\"0\" src=\"https:\/\/assets.innpro.pl\/11613\/13747\/9.jpg\"\/>\n<\/p>\n<h3>Saugus naudojimas ir patogumas<\/h3>\n<p>AMZCHEF sul\u010diaspaud\u0117 turi saugi\u0105 45,8 mm skersmens padavimo ang\u0105, kuri u\u017etikrina lengv\u0105 ir patog\u0173 ingredient\u0173 paruo\u0161im\u0105, kartu apsaugodama naudotojus nuo s\u0105ly\u010dio su peiliais rizikos. Tylus variklis, kurio triuk\u0161mo lygis yra ma\u017eesnis nei 60 dB, leid\u017eia ruo\u0161ti \u0161vie\u017eias sultis bet kuriuo paros metu ir u\u017etikrina rami\u0105 aplink\u0105 visai \u0161eimai.<\/p>\n<p>\n<img decoding=\"async\" border=\"0\" src=\"https:\/\/assets.innpro.pl\/11613\/13747\/2.jpg\"\/>\n<\/p>\n<h3>Patikimas bet kokioje situacijoje \u2013 4 viename prietaisas<\/h3>\n<p>AMZCHEF GM3001-RD yra ne tik sul\u010diaspaud\u0117 \u2013 tai universalus 4 viename virtuv\u0117s prietaisas. Su atskirai \u012fsigyjamais papildomais priedais sul\u010diaspaud\u0117 tampa pjaustykle, m\u0117smale arba de\u0161r\u0173 kim\u0161tuvu, tod\u0117l idealiai tinka bet kuriai virtuvei.<\/p>\n<p>\n<img decoding=\"async\" border=\"0\" src=\"https:\/\/assets.innpro.pl\/11613\/13747\/8.jpg\"\/>\n<\/p>\n<h3>Du grei\u010dio re\u017eimai<\/h3>\n<p>Prietaisas si\u016blo du veikimo re\u017eimus: \u201emink\u0161t\u0105\u201c re\u017eim\u0105 (50\u201360 aps.\/min.), idealiai tinkant\u012f mink\u0161tiems vaisiams ir dar\u017eov\u0117ms, pavyzd\u017eiui, apelsinams, vynuog\u0117ms ar bra\u0161k\u0117ms, ir \u201ekiet\u0105\u201c re\u017eim\u0105 (100\u2013110 aps.\/min.) kietiems produktams, pavyzd\u017eiui, obuoliams ar morkoms. Toks i\u0161d\u0117stymas leid\u017eia optimaliai panaudoti ingredientus ir i\u0161gauti auk\u0161\u010diausios kokyb\u0117s sultis.<\/p>\n<p>\n<img decoding=\"async\" border=\"0\" src=\"https:\/\/assets.innpro.pl\/11613\/13747\/1.jpg\"\/>\n<\/p>\n<h3>I\u0161maniosios funkcijos, u\u017etikrinan\u010dios paprast\u0105 naudojim\u0105<\/h3>\n<p>AMZCHEF sul\u010diaspaud\u0117 turi septynis spiralinio presavimo etapus, kurie efektyviai apsaugo nuo sul\u010di\u0173 u\u017estrigimo ir u\u017etikrina iki 90 % sul\u010di\u0173 i\u0161eig\u0105. Procesas apima pjaustym\u0105, smulkinim\u0105, spaudim\u0105, malim\u0105, atskyrim\u0105, smulkinim\u0105 ir ekstrakcij\u0105, o tai garantuoja i\u0161skirtin\u0119 paruo\u0161t\u0173 g\u0117rim\u0173 kokyb\u0119. Papildomos funkcijos, tokios kaip i\u0161manusis LED ekranas, neslystantis ratukas ir 450 ml talpos nepralaidus dangtelis, dar labiau palengvina aparato valdym\u0105.<\/p>\n<p>\n<img decoding=\"async\" border=\"0\" src=\"https:\/\/assets.innpro.pl\/11613\/13747\/3.jpg\"\/>\n<\/p>\n<h3>Patogi prieiga prie \u0161vie\u017eio g\u0117rimo<\/h3>\n<p>AMZCHEF sul\u010diaspaud\u0117 tiekiama su dviem ne\u0161iojamais buteliais, kuri\u0173 kiekvieno talpa yra 500 ml, tod\u0117l galite m\u0117gautis \u0161vie\u017eiai spaustomis sultimis bet kada ir bet kur \u2013 darbe, sporto sal\u0117je ar pasivaik\u0161\u010diodami.<\/p>\n<p>\n<img decoding=\"async\" border=\"0\" src=\"https:\/\/assets.innpro.pl\/11613\/13747\/4.jpg\"\/>\n<\/p>\n<h3>Saugus ir lengvai valomas<\/h3>\n<p>AMZCHEF GM3001-RD sul\u010diaspaud\u0117 pagaminta i\u0161 saugios PMMA med\u017eiagos ir D\u0117l lengvai i\u0161ardomo dizaino prietais\u0105 labai lengva valyti. Prietaisas tiekiamas su specialiu \u0161epet\u0117liu, kuris leid\u017eia lengvai pa\u0161alinti likusius mink\u0161timus, tod\u0117l be dideli\u0173 pastang\u0173 gal\u0117site m\u0117gautis \u0161vara ir higiena.<\/p>\n<p>\n<img decoding=\"async\" border=\"0\" src=\"https:\/\/assets.innpro.pl\/11613\/13747\/5.jpg\"\/>\n<\/p>\n<h3>Pridedama<\/h3>\n<ul class=\"list-disc pl-5\">\n<li>Spaustuvas<\/li>\n<li>500 ml butelis (2x)<\/li>\n<li>450 ml sul\u010di\u0173 puodelis<\/li>\n<li>Valymo \u0161epet\u0117lis<\/li>\n<li>Naudotojo vadovas<\/li>\n<\/ul>\n<div class=\"table-wrapper\">\n<p>B\u00a0<\/p>\n<h3><\/h3>\n<table>\n<tbody>\n<tr>\n<th>Gamintojas<\/th>\n<td>AMZCHEF<\/td>\n<\/tr>\n<tr>\n<th>Modelis<\/th>\n<td>GM3001-RD<\/td>\n<\/tr>\n<tr>\n<th>Spalva<\/th>\n<td>balta<\/td>\n<\/tr>\n<tr>\n<th>Reljefin\u0117 technologija<\/th>\n<td>\u0160altasis \u0161tampavimas<\/td>\n<\/tr>\n<tr>\n<th>Maitinimo anga<\/th>\n<td>45,8 mm<\/td>\n<\/tr>\n<tr>\n<th>Triuk\u0161mo lygis<\/th>\n<td>< 60 dB<\/td>\n<\/tr>\n<tr>\n<th>Funkcijos<\/th>\n<td>4 viename (sul\u010diaspaud\u0117, pjaustykl\u0117, mal\u016bn\u0117lis, de\u0161r\u0173 kim\u0161tuvas \u2013 priedai parduodami atskirai)<\/td>\n<\/tr>\n<tr>\n<th>Grei\u010dio re\u017eimai<\/th>\n<td>2 re\u017eimai \u2013 \u0161velnus: 50\u201360 aps.\/min. (mink\u0161tiems vaisiams ir dar\u017eov\u0117ms), kietiems: 100\u2013110 aps.\/min. (kietiems vaisiams ir dar\u017eov\u0117ms)<\/td>\n<\/tr>\n<tr>\n<th>Spaudimo sistema<\/th>\n<td>7 spiralinio spaudimo etapai<\/td>\n<\/tr>\n<tr>\n<th>Papildomos funkcijos<\/th>\n<td>I\u0161manusis LED ekranas, neslystanti ranken\u0117l\u0117, nepralaidus dangtelis (450 ml), vienas mygtukas i\u0161ardymui<\/td>\n<\/tr>\n<tr>\n<th>Med\u017eiaga<\/th>\n<td>PMMA<\/td>\n<\/tr>\n<tr>\n<th>Svoris<\/th>\n<td>4,5 kg<\/td>\n<\/tr>\n<tr>\n<th>Matmenys<\/th>\n<td>38 x 19 x 31 cm<\/td>\n<\/tr>\n<\/tbody>\n<\/table>\n<\/div>\n","protected":false},"excerpt":{"rendered":"<p>AMZCHEF GM3001-RD l\u0117taeig\u0117 sul\u010diaspaud\u0117 (raudona). Susipa\u017einkite su AMZCHEF GM3001-RD l\u0117tai besisukan\u010dia sul\u010diaspaude \u2013 prietaisu, leid\u017eian\u010diu i\u0161spausti maksimal\u0173 sul\u010di\u0173 kiek\u012f ir i\u0161saugoti vis\u0105 maistin\u0119 vert\u0119 kiekviename g\u0117rime. D\u0117l inovatyvios \u0161alto spaudimo technologijos gausite sausesn\u012f mink\u0161tim\u0105, o tai rei\u0161kia, kad j\u016bs\u0173 sultys bus dar turtingesn\u0117s vitaminais ir mineralais. AMZCHEF sul\u010diaspaud\u0117 \u2013 puikus b\u016bdas kasdien palepinti save ir [&#8230;]\n","protected":false},"featured_media":30032,"comment_status":"open","ping_status":"closed","template":"","meta":[],"product_brand":[550],"product_cat":[1385],"product_tag":[],"class_list":{"0":"post-30031","1":"product","2":"type-product","3":"status-publish","4":"has-post-thumbnail","6":"product_brand-amzchef","7":"product_cat-kitchen-accessories","9":"first","10":"outofstock","11":"taxable","12":"shipping-taxable","13":"purchasable","14":"product-type-simple"},"aioseo_notices":[],"_links":{"self":[{"href":"https:\/\/asura.lv\/lt\/wp-json\/wp\/v2\/product\/30031","targetHints":{"allow":["GET"]}}],"collection":[{"href":"https:\/\/asura.lv\/lt\/wp-json\/wp\/v2\/product"}],"about":[{"href":"https:\/\/asura.lv\/lt\/wp-json\/wp\/v2\/types\/product"}],"replies":[{"embeddable":true,"href":"https:\/\/asura.lv\/lt\/wp-json\/wp\/v2\/comments?post=30031"}],"wp:featuredmedia":[{"embeddable":true,"href":"https:\/\/asura.lv\/lt\/wp-json\/wp\/v2\/media\/30032"}],"wp:attachment":[{"href":"https:\/\/asura.lv\/lt\/wp-json\/wp\/v2\/media?parent=30031"}],"wp:term":[{"taxonomy":"product_brand","embeddable":true,"href":"https:\/\/asura.lv\/lt\/wp-json\/wp\/v2\/product_brand?post=30031"},{"taxonomy":"product_cat","embeddable":true,"href":"https:\/\/asura.lv\/lt\/wp-json\/wp\/v2\/product_cat?post=30031"},{"taxonomy":"product_tag","embeddable":true,"href":"https:\/\/asura.lv\/lt\/wp-json\/wp\/v2\/product_tag?post=30031"}],"curies":[{"name":"wp","href":"https:\/\/api.w.org\/{rel}","templated":true}]}}