{"id":30049,"date":"2025-11-28T23:02:38","date_gmt":"2025-11-28T23:02:38","guid":{"rendered":"https:\/\/asura.lv\/product\/amzchef-sj-036-sv-slow-speed-juicer-silver\/"},"modified":"2025-12-12T15:49:39","modified_gmt":"2025-12-12T13:49:39","slug":"amzchef-sj-036-sv-slow-speed-juicer-silver","status":"publish","type":"product","link":"https:\/\/asura.lv\/lt\/produktas\/amzchef-sj-036-sv-slow-speed-juicer-silver\/","title":{"rendered":"AMZCHEF SJ-036-SV l\u0117taeig\u0117 sul\u010diaspaud\u0117 (sidabrin\u0117)"},"content":{"rendered":"<h3>AMZCHEF SJ-036-SV l\u0117taeig\u0117 sul\u010diaspaud\u0117 (sidabrin\u0117).<\/h3>\n<p>AMZCHEF SJ-036-SV l\u0117taeig\u0117 sul\u010diaspaud\u0117 yra puikus pasirinkimas \u0161vie\u017ei\u0173, nat\u016brali\u0173 sul\u010di\u0173 m\u0117g\u0117jams. D\u0117l didel\u0117s 135 mm skersmens angos nereikia pjaustyti ingredient\u0173 \u012f ma\u017eus gabal\u0117lius, o tai taupo laik\u0105 ir padeda i\u0161laikyti j\u016bs\u0173 virtuv\u0119 \u0161vari\u0105. Auk\u0161tos kokyb\u0117s 250 vat\u0173 variklis leid\u017eia tiksliai ir efektyviai spausti sultis, suma\u017einant oksidacij\u0105 ir garantuojant i\u0161skirtin\u012f patvarum\u0105 bei sraigto gali\u0105 maksimaliam sul\u010di\u0173 i\u0161gavimui.<\/p>\n<p>\n<img decoding=\"async\" border=\"0\" src=\"https:\/\/assets.innpro.pl\/11631\/13764\/4.jpg\"\/>\n<\/p>\n<h3>Trigubas filtras geriausiai sul\u010di\u0173 kokybei<\/h3>\n<p>AMZCHEF SJ-036-SV turi trigub\u0105 filtr\u0105, kuris leid\u017eia jums pritaikyti sul\u010di\u0173 tekst\u016br\u0105 pagal savo pageidavimus. 0,8 mm tinklelio filtras u\u017etikrina vidutin\u0117s konsistencijos sultis, 0,5 mm puikiai tinka skaidrioms sultims, o 2 mm tinklelis \u2013 tir\u0161tesn\u0117ms. Tai u\u017etikrina, kad kiekvienas \u0161eimos narys ras sau tinkam\u0105!<\/p>\n<p>\n<img decoding=\"async\" border=\"0\" src=\"https:\/\/assets.innpro.pl\/11631\/13764\/7.jpg\"\/>\n<\/p>\n<h3>Funkcionalumas be la\u0161\u0117jimo \u2013 patogus naudojimas<\/h3>\n<p>Apsaugos nuo la\u0161\u0117jimo sistema leid\u017eia lengvai mai\u0161yti \u012fvairi\u0173 r\u016b\u0161i\u0173 sultis ir palaikyti \u0161var\u0173 stalvir\u0161\u012f. Be to, \u0161i funkcija leid\u017eia gaminti augalin\u012f pien\u0105 \u2013 tereikia \u012fberti mirkyt\u0173 rie\u0161ut\u0173 ir vandens, kad gautum\u0117te gard\u0173, kremin\u012f pien\u0105. Ir jums nereik\u0117s nerimauti d\u0117l la\u0161\u0117jimo, kai baigsite spausti sultis \u2013 AMZCHEF SJ-036-SV sukurtas taip, kad j\u016bs\u0173 darbo vieta visada b\u016bt\u0173 tvarkinga.<\/p>\n<p>\n<img decoding=\"async\" border=\"0\" src=\"https:\/\/assets.innpro.pl\/11631\/13764\/2.jpg\"\/>\n<\/p>\n<h3>\u012esp\u016bdinga talpa visai \u0161eimai<\/h3>\n<p>Didel\u0117 1,8 litro talpa leid\u017eia vienu ypu paruo\u0161ti sveikas sultis visai \u0161eimai. Tai leid\u017eia kasdien ruo\u0161ti \u0161vie\u017eias sultis lengvai ir maloniai. Sul\u010diaspaud\u0117 taip pat sukurta atsi\u017evelgiant \u012f lengv\u0105 surinkim\u0105 \u2013 j\u0105 sudaro tokie komponentai kaip st\u016bmiklis, sul\u010di\u0173 dubuo, sraigtas, maitinimo pagrindas, mink\u0161timo indas ir sul\u010di\u0173 puodelis, kuriuos galima lengvai surinkti per kelias minutes.<\/p>\n<p>\n<img decoding=\"async\" border=\"0\" src=\"https:\/\/assets.innpro.pl\/11631\/13764\/8.jpg\"\/>\n<\/p>\n<h3>Tylus veikimas ir paprastas valdymas<\/h3>\n<p>Variklis veikia itin tyliai \u2013 ma\u017eiau nei 60 dB, tod\u0117l galite ruo\u0161ti sultis bet kada, nesijaudindami d\u0117l triuk\u0161mo. Paprastas valdymas \u2013 vienas intuityvus mygtukas \u2013 daro sul\u010diaspaud\u0119 ideali\u0105 net ir pradedantiesiems vartotojams. Didel\u0117 porcij\u0173 anga leid\u017eia vienu metu \u012fd\u0117ti didesn\u012f kiek\u012f ingredient\u0173, tod\u0117l sul\u010di\u0173 ruo\u0161imo laikas sutrump\u0117ja.<\/p>\n<p>\n<img decoding=\"async\" border=\"0\" src=\"https:\/\/assets.innpro.pl\/11631\/13764\/1.jpg\"\/>\n<\/p>\n<h3>Pridedama<\/h3>\n<ul class=\"list-disc pl-5\">\n<li>Spaustuvas<\/li>\n<li>St\u016bmiklis<\/li>\n<li>Sul\u010di\u0173 puodelis<\/li>\n<li>Spausdinimo sraigtas<\/li>\n<li>Sul\u010di\u0173 spaudimo dubuo<\/li>\n<li>Maitinimo pagrindas<\/li>\n<li>Mink\u0161timo indas<\/li>\n<li>Sul\u010di\u0173 indas<\/li>\n<\/ul>\n<div class=\"table-wrapper\">\n<p>B\u00a0<\/p>\n<h3><\/h3>\n<table>\n<tbody>\n<tr>\n<th>Gamintojas<\/th>\n<td>AMZCHEF<\/td>\n<\/tr>\n<tr>\n<th>Modelis<\/th>\n<td>SJ-036-SV<\/td>\n<\/tr>\n<tr>\n<th>Spalva<\/th>\n<td>sidabrin\u0117<\/td>\n<\/tr>\n<tr>\n<th>Variklio galia<\/th>\n<td>250 W<\/td>\n<\/tr>\n<tr>\n<th>Greitis<\/th>\n<td>Ma\u017eas greitis<\/td>\n<\/tr>\n<tr>\n<th>Tiekimo angos skersmuo<\/th>\n<td>135 mm<\/td>\n<\/tr>\n<tr>\n<th>Filtrai<\/th>\n<td>Trigubas filtras (0,8 mm, 0,5 mm, 2 mm)<\/td>\n<\/tr>\n<tr>\n<th>Sul\u010di\u0173 bako talpa<\/th>\n<td>1,8 L<\/td>\n<\/tr>\n<tr>\n<th>Apsaugos nuo la\u0161\u0117jimo funkcija<\/th>\n<td>Taip<\/td>\n<\/tr>\n<tr>\n<th>Triuk\u0161mo lygis<\/th>\n<td>< 60 dB<\/td>\n<\/tr>\n<\/tbody>\n<\/table>\n<\/div>\n","protected":false},"excerpt":{"rendered":"<p>AMZCHEF SJ-036-SV l\u0117taeig\u0117 sul\u010diaspaud\u0117 (sidabrin\u0117). AMZCHEF SJ-036-SV l\u0117taeig\u0117 sul\u010diaspaud\u0117 yra puikus pasirinkimas \u0161vie\u017ei\u0173, nat\u016brali\u0173 sul\u010di\u0173 m\u0117g\u0117jams. D\u0117l didel\u0117s 135 mm skersmens angos nereikia pjaustyti ingredient\u0173 \u012f ma\u017eus gabal\u0117lius, o tai taupo laik\u0105 ir padeda i\u0161laikyti j\u016bs\u0173 virtuv\u0119 \u0161vari\u0105. Auk\u0161tos kokyb\u0117s 250 vat\u0173 variklis leid\u017eia tiksliai ir efektyviai spausti sultis, suma\u017einant oksidacij\u0105 ir garantuojant i\u0161skirtin\u012f patvarum\u0105 [&#8230;]\n","protected":false},"featured_media":30050,"comment_status":"open","ping_status":"closed","template":"","meta":[],"product_brand":[550],"product_cat":[1385],"product_tag":[],"class_list":{"0":"post-30049","1":"product","2":"type-product","3":"status-publish","4":"has-post-thumbnail","6":"product_brand-amzchef","7":"product_cat-kitchen-accessories","9":"first","10":"outofstock","11":"taxable","12":"shipping-taxable","13":"purchasable","14":"product-type-simple"},"aioseo_notices":[],"_links":{"self":[{"href":"https:\/\/asura.lv\/lt\/wp-json\/wp\/v2\/product\/30049","targetHints":{"allow":["GET"]}}],"collection":[{"href":"https:\/\/asura.lv\/lt\/wp-json\/wp\/v2\/product"}],"about":[{"href":"https:\/\/asura.lv\/lt\/wp-json\/wp\/v2\/types\/product"}],"replies":[{"embeddable":true,"href":"https:\/\/asura.lv\/lt\/wp-json\/wp\/v2\/comments?post=30049"}],"wp:featuredmedia":[{"embeddable":true,"href":"https:\/\/asura.lv\/lt\/wp-json\/wp\/v2\/media\/30050"}],"wp:attachment":[{"href":"https:\/\/asura.lv\/lt\/wp-json\/wp\/v2\/media?parent=30049"}],"wp:term":[{"taxonomy":"product_brand","embeddable":true,"href":"https:\/\/asura.lv\/lt\/wp-json\/wp\/v2\/product_brand?post=30049"},{"taxonomy":"product_cat","embeddable":true,"href":"https:\/\/asura.lv\/lt\/wp-json\/wp\/v2\/product_cat?post=30049"},{"taxonomy":"product_tag","embeddable":true,"href":"https:\/\/asura.lv\/lt\/wp-json\/wp\/v2\/product_tag?post=30049"}],"curies":[{"name":"wp","href":"https:\/\/api.w.org\/{rel}","templated":true}]}}