{"id":30223,"date":"2025-11-28T23:02:22","date_gmt":"2025-11-28T23:02:22","guid":{"rendered":"https:\/\/asura.lv\/product\/water-fountain-for-pets-catlink-pure-2\/"},"modified":"2025-12-12T15:49:31","modified_gmt":"2025-12-12T13:49:31","slug":"water-fountain-for-pets-catlink-pure-2","status":"publish","type":"product","link":"https:\/\/asura.lv\/lt\/produktas\/water-fountain-for-pets-catlink-pure-2\/","title":{"rendered":"Vandens fontanas augintiniams Catlink Pure 2"},"content":{"rendered":"<h3>I\u0161manusis vandens fontanas-dozatorius \u0161unims ir kat\u0117ms \u201eCatlink Pure 2\u201c<\/h3>\n<p>I\u0161manusis vandens dozatorius \u201eCatlink Pure 2\u201c naudoja efektyvi\u0105 ultrafiltracijos sistem\u0105, kuri tiekia vanden\u012f be ter\u0161al\u0173 ir kenksming\u0173 med\u017eiag\u0173, tuo pa\u010diu r\u016bpindamasi j\u016bs\u0173 augintini\u0173 sveikata. \u012erenginys leid\u017eia steb\u0117ti j\u016bs\u0173 augintinio g\u0117rimo \u012fpro\u010dius ir realiuoju laiku reaguoti \u012f bet kokius nukrypimus nuo normos. Speciali program\u0117l\u0117 leid\u017eia lengvai j\u012f valdyti ir suteikia prieig\u0105 prie naudingos informacijos. Atskir\u0173 komponent\u0173 valymas jums nebus sud\u0117tingas. 2,6 litro talpa panaikina poreik\u012f da\u017enai pildyti. Yra 4 veikimo re\u017eimai.<\/p>\n<p><img decoding=\"async\" src=\"https:\/\/assets.innpro.pl\/8938\/10458\/2.jpg\" border=\"0\" alt=\"\"><\/p>\n<h3>Filtravimas augintini\u0173 sveikatai<\/h3>\n<p>\u201eCatlink Pure 2\u201c naudoja pa\u017eang\u0173 filtr\u0105, kuris u\u017etikrina 99,99 % vandens grynum\u0105. \u012ediegtas sprendimas padeda pa\u0161alinti plaukus ir mikro priemai\u0161as. Taip pat efektyviai pa\u0161alinami nemalon\u016bs kvapai. 0,01 mikrono filtravimo tikslumas u\u017etikrina, kad vanduo b\u016bt\u0173 be ter\u0161al\u0173 ir sumink\u0161tintas, o tai ypa\u010d svarbu augintini\u0173 \u0161lapimo sistemos sveikatai, taip pat b\u016btina n\u0117\u0161\u010dioms ir \u017eindan\u010dioms kat\u0117ms. Reguliariai naudojant prietais\u0105 suma\u017e\u0117ja \u0161lapimo akmen\u0173 susidarymo rizika.<\/p>\n<p><img decoding=\"async\" src=\"https:\/\/assets.innpro.pl\/8938\/10458\/1.jpg\" border=\"0\" alt=\"\"><\/p>\n<h3>Augintinio g\u0117rimo \u012fpro\u010di\u0173 steb\u0117jimas<\/h3>\n<p>Vandens dozatorius renka duomenis apie g\u0117rimo da\u017enum\u0105, suvartoto vandens kiek\u012f ir g\u0117rimo seans\u0173 trukm\u0119. Visa informacija pateikiama \u201eCatlink\u201c program\u0117l\u0117je, kuri generuoja sveikatos ataskaitas, padedan\u010dias steb\u0117ti j\u016bs\u0173 augintinio sveikat\u0105. Jei aptinkamas ne\u012fprastas elgesys, gausite prane\u0161im\u0105. Tai leid\u017eia anksti reaguoti \u012f nerim\u0105 kelian\u010dius simptomus. Program\u0117l\u0117 taip pat informuoja apie \u017eem\u0105 vandens lyg\u012f ir filtro keitimo poreik\u012f (kas 3 m\u0117nesius), o tai padeda palaikyti tinkam\u0105 \u012frenginio veikim\u0105.<\/p>\n<p><img decoding=\"async\" src=\"https:\/\/assets.innpro.pl\/8938\/10458\/4.jpg\" border=\"0\" alt=\"\"><\/p>\n<h3>Komfortas ir ramyb\u0117 kiekvien\u0105 dien\u0105<\/h3>\n<p>Fontano \u201eCatlink Pure 2\u201c talpa yra 2,6 litro. Taigi, jis u\u017etikrina prieig\u0105 prie \u0161varaus vandens net dviem savait\u0117ms, tod\u0117l tai puikus sprendimas \u017emon\u0117ms, kurie daug laiko praleid\u017eia ne namuose ir nori b\u016bti tikri, kad j\u0173 augintinis visada gauna pakankamai skys\u010di\u0173.<\/p>\n<p><img decoding=\"async\" src=\"https:\/\/assets.innpro.pl\/8938\/10458\/5.jpg\" border=\"0\" alt=\"\"><\/p>\n<h3>Keli veikimo re\u017eimai<\/h3>\n<p>Rinkit\u0117s i\u0161 4 veikimo re\u017eim\u0173 \u2013 tekan\u010dio vandens, ekologinio, i\u0161maniojo ir naktinio. Kiekvienas re\u017eimas sukurtas atsi\u017evelgiant \u012f skirtingus augintinio poreikius ir pageidavimus, tod\u0117l galite pritaikyti fontano veikim\u0105 prie savo augintinio \u012fpro\u010di\u0173.<\/p>\n<p><img decoding=\"async\" src=\"https:\/\/assets.innpro.pl\/8938\/10458\/6.jpg\" border=\"0\" alt=\"\"><\/p>\n<h3>Apgalvoti sprendimai<\/h3>\n<p>Vandens dozatoriaus skleid\u017eiamas triuk\u0161mas nevir\u0161ija 30 dB. Tod\u0117l j\u016bs Nesijaudinkite, kad \u201eCatlink Pure 2\u201c veikimas i\u0161g\u0105sdins j\u016bs\u0173 augintin\u012f ar sutrikdys nam\u0173 \u016bkio nari\u0173 ramyb\u0119. Be to, atskir\u0173 komponent\u0173 i\u0161ardymas yra sklandus ir be problem\u0173, tod\u0117l galite lengvai pasir\u016bpinti \u012frenginio \u0161vara ir u\u017etikrinti auk\u0161\u010diausius higienos standartus savo p\u016bkuotam draugui.<\/p>\n<p><img decoding=\"async\" src=\"https:\/\/assets.innpro.pl\/8938\/10458\/3.jpg\" border=\"0\" alt=\"\"><\/p>\n<h3>Belaidis vandens siurblys<\/h3>\n<p>\u201eCatlink\u201c \u012frenginyje yra belaidis vandens siurblys, kuris pa\u0161alina elektros nuot\u0117kio rizik\u0105 ir taip padidina j\u016bs\u0173 augintinio saugum\u0105.<\/p>\n<p><img decoding=\"async\" src=\"https:\/\/assets.innpro.pl\/8938\/10458\/7.jpg\" border=\"0\" alt=\"\"><\/p>\n<h3>\u012e komplekt\u0105 \u012feina:<\/h3>\n<ul>\n<li>I\u0161manusis vandens dozatorius \u201eCatlink Pure\u201c 2<\/li>\n<li>Filtras<\/li>\n<li>Maitinimo adapteris<\/li>\n<li>Maitinimo laidas<\/li>\n<li>Naudotojo vadovas<\/li>\n<\/ul>\n<div class=\"table-wrapper\">\n<p>&nbsp;<\/p>\n<h3><\/h3>\n<table>\n<tbody>\n<tr>\n<th>Gamintojas<\/th>\n<td>Catlink<\/td>\n<\/tr>\n<tr>\n<th>Modelis<\/th>\n<td>Pure 2<\/td>\n<\/tr>\n<tr>\n<th>Gamintojo kodas<\/th>\n<td>CL-WA-01<\/td>\n<\/tr>\n<tr>\n<th>Talpa<\/th>\n<td>2,6 l<\/td>\n<\/tr>\n<tr>\n<th>Triuk\u0161mo lygis<\/th>\n<td>30 dB<\/td>\n<\/tr>\n<tr>\n<th>Maitinimo \u0161altinis<\/th>\n<td>maitinimas tiekimas<\/td>\n<\/tr>\n<tr>\n<th>Med\u017eiaga<\/th>\n<td>derva<\/td>\n<\/tr>\n<tr>\n<th>Matmenys<\/th>\n<td>19 x 19 x 24,2 cm<\/td>\n<\/tr>\n<tr>\n<th>Svoris<\/th>\n<td>1,49 kg<\/td>\n<\/tr>\n<tr>\n<th>Spalva<\/th>\n<td>pilka<\/td>\n<\/tr>\n<\/tbody>\n<\/table>\n<\/div>\n","protected":false},"excerpt":{"rendered":"<p>I\u0161manusis vandens fontanas-dozatorius \u0161unims ir kat\u0117ms \u201eCatlink Pure 2\u201c I\u0161manusis vandens dozatorius \u201eCatlink Pure 2\u201c naudoja efektyvi\u0105 ultrafiltracijos sistem\u0105, kuri tiekia vanden\u012f be ter\u0161al\u0173 ir kenksming\u0173 med\u017eiag\u0173, tuo pa\u010diu r\u016bpindamasi j\u016bs\u0173 augintini\u0173 sveikata. \u012erenginys leid\u017eia steb\u0117ti j\u016bs\u0173 augintinio g\u0117rimo \u012fpro\u010dius ir realiuoju laiku reaguoti \u012f bet kokius nukrypimus nuo normos. Speciali program\u0117l\u0117 leid\u017eia lengvai j\u012f [&#8230;]\n","protected":false},"featured_media":30224,"comment_status":"open","ping_status":"closed","template":"","meta":[],"product_brand":[344],"product_cat":[1244],"product_tag":[],"class_list":{"0":"post-30223","1":"product","2":"type-product","3":"status-publish","4":"has-post-thumbnail","6":"product_brand-catlink","7":"product_cat-water-dispensers","9":"first","10":"outofstock","11":"taxable","12":"shipping-taxable","13":"purchasable","14":"product-type-simple"},"aioseo_notices":[],"_links":{"self":[{"href":"https:\/\/asura.lv\/lt\/wp-json\/wp\/v2\/product\/30223","targetHints":{"allow":["GET"]}}],"collection":[{"href":"https:\/\/asura.lv\/lt\/wp-json\/wp\/v2\/product"}],"about":[{"href":"https:\/\/asura.lv\/lt\/wp-json\/wp\/v2\/types\/product"}],"replies":[{"embeddable":true,"href":"https:\/\/asura.lv\/lt\/wp-json\/wp\/v2\/comments?post=30223"}],"wp:featuredmedia":[{"embeddable":true,"href":"https:\/\/asura.lv\/lt\/wp-json\/wp\/v2\/media\/30224"}],"wp:attachment":[{"href":"https:\/\/asura.lv\/lt\/wp-json\/wp\/v2\/media?parent=30223"}],"wp:term":[{"taxonomy":"product_brand","embeddable":true,"href":"https:\/\/asura.lv\/lt\/wp-json\/wp\/v2\/product_brand?post=30223"},{"taxonomy":"product_cat","embeddable":true,"href":"https:\/\/asura.lv\/lt\/wp-json\/wp\/v2\/product_cat?post=30223"},{"taxonomy":"product_tag","embeddable":true,"href":"https:\/\/asura.lv\/lt\/wp-json\/wp\/v2\/product_tag?post=30223"}],"curies":[{"name":"wp","href":"https:\/\/api.w.org\/{rel}","templated":true}]}}