{"id":30241,"date":"2025-11-28T23:02:21","date_gmt":"2025-11-28T23:02:21","guid":{"rendered":"https:\/\/asura.lv\/product\/etui-nillkin-camshield-pro-iphone-16-pro-max-zielony\/"},"modified":"2025-12-12T15:49:31","modified_gmt":"2025-12-12T13:49:31","slug":"etui-nillkin-camshield-pro-iphone-16-pro-max-zielony","status":"publish","type":"product","link":"https:\/\/asura.lv\/lt\/produktas\/etui-nillkin-camshield-pro-iphone-16-pro-max-zielony\/","title":{"rendered":"Etui Nillkin CamShield Pro iPhone 16 Pro Max (zielony)"},"content":{"rendered":"<h3>\u201eNillkin CamShield Pro\u201c d\u0117klas, skirtas \u201eiPhone 16 Pro Max\u201c (\u017ealias)<\/h3>\n<p>\u201eNillkin CamShield Pro\u201c d\u0117klas, skirtas \u201eiPhone 16 Pro Max\u201c, yra tobulas pa\u017eangios apsaugos ir minimalistinio dizaino derinys. Patentuotas stumdomas objektyvo dangtelis, u\u017etikrinantis visapusi\u0161k\u0105 telefono apsaug\u0105, ir kruop\u0161\u010diai pagamintos detal\u0117s, d\u0117klas ne tik u\u017etikrina saugum\u0105, bet ir eleganti\u0161k\u0105 i\u0161vaizd\u0105.<\/p>\n<p>\n<img decoding=\"async\" border=\"0\" src=\"https:\/\/assets.innpro.pl\/9481\/11066\/1.jpg\"\/>\n<\/p>\n<h3>Patentuotas objektyvo dangtelis<\/h3>\n<p>2019 m. \u201eNillkin\u201c suk\u016br\u0117 stumdom\u0105 objektyvo dangtel\u012f, kad maksimaliai apsaugot\u0173 j\u016bs\u0173 fotoaparat\u0105 nuo \u012fbr\u0117\u017eim\u0173, dulki\u0173 ir pa\u017eeidim\u0173. \u0160i unikali savyb\u0117 buvo kruop\u0161\u010diai sukurta taip, kad skland\u017eiai veikt\u0173 su d\u0117klu, u\u017etikrindama paprast\u0105 naudojim\u0105 ir patvarum\u0105. Slankiojantis mechanizmas veikia skland\u017eiai, tod\u0117l galite greitai ir patogiai u\u017edengti objektyv\u0105, kai telefonas nenaudojamas.<\/p>\n<p>\n<img decoding=\"async\" border=\"0\" src=\"https:\/\/assets.innpro.pl\/9481\/11066\/4.jpg\"\/>\n<\/p>\n<h3>Pa\u017eangi j\u016bs\u0173 \u012frenginio apsauga<\/h3>\n<p>D\u0117klas pagamintas i\u0161 TPU ir PC med\u017eiag\u0173 derinio, kuris u\u017etikrina tvirt\u0105 j\u016bs\u0173 \u201eiPhone 16 Pro Max\u201c apsaug\u0105. Papildomos oro pagalv\u0117s d\u0117klo kampuose apsaugo nuo sm\u016bgi\u0173 ir \u012fbr\u0117\u017eim\u0173, o pakelti kra\u0161tai aplink kamer\u0105 ir ekran\u0105 (apie 1 mm) apsaugo nuo \u012fbr\u0117\u017eim\u0173 kasdienio naudojimo metu. Tai apsaugo telefon\u0105 net ir sud\u0117tingiausiomis aplinkyb\u0117mis.<\/p>\n<p>\n<img decoding=\"async\" border=\"0\" src=\"https:\/\/assets.innpro.pl\/9481\/11066\/2.jpg\"\/>\n<\/p>\n<h3>Nesenstantis dizainas ir minimalistin\u0117 elegancija<\/h3>\n<p>\u201eCamShield Pro\u201c d\u0117klas i\u0161siskiria eleganti\u0161komis, klasikin\u0117mis juostel\u0117mis, suteikian\u010diomis jam nesenstant\u012f poj\u016bt\u012f. Minimalistinis stilius puikiai dera su modernia \u201eiPhone\u201c i\u0161vaizda, o apgalvotai tekst\u016bruotas pavir\u0161ius u\u017etikrina saug\u0173 ir stabil\u0173 sukibim\u0105. Be to, d\u0117klas turi skylut\u0119 rai\u0161teliui, kad b\u016bt\u0173 galima j\u012f naudoti kasdien.<\/p>\n<p>\n<img decoding=\"async\" border=\"0\" src=\"https:\/\/assets.innpro.pl\/9481\/11066\/3.jpg\"\/>\n<\/p>\n<h3>Tikslus prigludimas ir patogus naudojimas<\/h3>\n<p>\u201eNillkin CamShield Pro\u201c puikiai tinka j\u016bs\u0173 \u201eiPhone 16 Pro Max\u201c. Tiksl\u016bs i\u0161pjovimai leid\u017eia lengvai pasiekti visus prievadus ir mygtukus, o suapvalinti kra\u0161tai suderinami su dauguma apsaugini\u0173 akini\u0173. Mink\u0161ti d\u0117klo kra\u0161tai leid\u017eia j\u012f greitai u\u017ed\u0117ti ir nuimti, nerizikuojant sugadinti telefono.<\/p>\n<p>\n<img decoding=\"async\" border=\"0\" src=\"https:\/\/assets.innpro.pl\/9481\/11066\/5.jpg\"\/>\n<\/p>\n<div class=\"table-wrapper\">\n<p>B\u00a0<\/p>\n<h3><\/h3>\n<table>\n<tbody>\n<tr>\n<th>Pavadinimas:<\/th>\n<td>Nillkin CamShield Pro iPhone 16 Pro Max d\u0117klas (\u017ealias)<\/td>\n<\/tr>\n<tr>\n<th>Gamintojas:<\/th>\n<td>Nillkin<\/td>\n<\/tr>\n<tr>\n<th>Modelis:<\/th>\n<td>069603<\/td>\n<\/tr>\n<tr>\n<th>Spalva:<\/th>\n<td>\u017dalia<\/td>\n<\/tr>\n<tr>\n<th>Suderinamas su:<\/th>\n<td>iPhone 16 Pro Maks.<\/td>\n<\/tr>\n<\/tbody>\n<\/table>\n<\/div>\n","protected":false},"excerpt":{"rendered":"<p>\u201eNillkin CamShield Pro\u201c d\u0117klas, skirtas \u201eiPhone 16 Pro Max\u201c (\u017ealias) \u201eNillkin CamShield Pro\u201c d\u0117klas, skirtas \u201eiPhone 16 Pro Max\u201c, yra tobulas pa\u017eangios apsaugos ir minimalistinio dizaino derinys. Patentuotas stumdomas objektyvo dangtelis, u\u017etikrinantis visapusi\u0161k\u0105 telefono apsaug\u0105, ir kruop\u0161\u010diai pagamintos detal\u0117s, d\u0117klas ne tik u\u017etikrina saugum\u0105, bet ir eleganti\u0161k\u0105 i\u0161vaizd\u0105. Patentuotas objektyvo dangtelis 2019 m. \u201eNillkin\u201c suk\u016br\u0117 [&#8230;]\n","protected":false},"featured_media":30242,"comment_status":"open","ping_status":"closed","template":"","meta":[],"product_brand":[438],"product_cat":[1250],"product_tag":[],"class_list":{"0":"post-30241","1":"product","2":"type-product","3":"status-publish","4":"has-post-thumbnail","6":"product_brand-nillkin","7":"product_cat-protective-cases-for-smartphones-cases-gsm-accessories","9":"first","10":"outofstock","11":"taxable","12":"shipping-taxable","13":"purchasable","14":"product-type-simple"},"aioseo_notices":[],"_links":{"self":[{"href":"https:\/\/asura.lv\/lt\/wp-json\/wp\/v2\/product\/30241","targetHints":{"allow":["GET"]}}],"collection":[{"href":"https:\/\/asura.lv\/lt\/wp-json\/wp\/v2\/product"}],"about":[{"href":"https:\/\/asura.lv\/lt\/wp-json\/wp\/v2\/types\/product"}],"replies":[{"embeddable":true,"href":"https:\/\/asura.lv\/lt\/wp-json\/wp\/v2\/comments?post=30241"}],"wp:featuredmedia":[{"embeddable":true,"href":"https:\/\/asura.lv\/lt\/wp-json\/wp\/v2\/media\/30242"}],"wp:attachment":[{"href":"https:\/\/asura.lv\/lt\/wp-json\/wp\/v2\/media?parent=30241"}],"wp:term":[{"taxonomy":"product_brand","embeddable":true,"href":"https:\/\/asura.lv\/lt\/wp-json\/wp\/v2\/product_brand?post=30241"},{"taxonomy":"product_cat","embeddable":true,"href":"https:\/\/asura.lv\/lt\/wp-json\/wp\/v2\/product_cat?post=30241"},{"taxonomy":"product_tag","embeddable":true,"href":"https:\/\/asura.lv\/lt\/wp-json\/wp\/v2\/product_tag?post=30241"}],"curies":[{"name":"wp","href":"https:\/\/api.w.org\/{rel}","templated":true}]}}