{"id":30319,"date":"2025-11-28T23:02:15","date_gmt":"2025-11-28T23:02:15","guid":{"rendered":"https:\/\/asura.lv\/product\/waydoo-subnado-submersible-starter-kit-red\/"},"modified":"2025-12-12T15:49:28","modified_gmt":"2025-12-12T13:49:28","slug":"waydoo-subnado-submersible-starter-kit-red","status":"publish","type":"product","link":"https:\/\/asura.lv\/lt\/produktas\/waydoo-subnado-submersible-starter-kit-red\/","title":{"rendered":"\u201eWaydoo Subnado\u201c povandeninio laivo pradinis rinkinys (raudonas)"},"content":{"rendered":"<h3>\u201eWaydoo Subnado\u201c povandeninis paspirtukas \u2013 pradinis rinkinys (raudonas)<\/h3>\n<p>I\u0161tyrin\u0117kite \u017eav\u0173 povandenin\u012f pasaul\u012f visi\u0161kai nauju b\u016bdu! \u201eWaydoo Subnado\u201c povandeninis paspirtukas suteiks jums nepamir\u0161tam\u0173 \u012fsp\u016bd\u017ei\u0173 vandenyje. Jis lengvas ir kompakti\u0161kas, tod\u0117l j\u012f galite lengvai transportuoti, o d\u0117l paprasto valdymo jis tinka ir vaikams. Lengvai \u012fveikite povandenines erdves naudodami intuityvius valdiklius ir pasirinkdami i\u0161 3 grei\u010dio lygi\u0173. Be to, \u012frenginys palaiko greit\u0105 \u012fkrovim\u0105 ir turi i\u0161orin\u0117s baterijos funkcij\u0105. Su \u201eSubnado\u201c j\u016bs\u0173 povandeniniai nuotykiai bus dar \u012fdomesni!<\/p>\n<p>\n<img decoding=\"async\" border=\"0\" src=\"https:\/\/assets.innpro.pl\/8894\/10409\/1.jpg\"\/>\n<\/p>\n<h3>Lengvas, ne\u0161iojamas dizainas<\/h3>\n<p>\u201eSubnado\u201c povandeninis paspirtukas gali jus lyd\u0117ti beveik visur. Jis sveria tik 1,4 kg, o jo matmenys yra tik apie 38 x 6 cm \u2013 jo transportavimas nebus problema! Tiesiog \u012fsid\u0117kite j\u012f \u012f kuprin\u0119 ar kelionin\u012f krep\u0161\u012f ir pasiimkite su savimi \u012f kit\u0105 kelion\u0119. Be to, \u012frenginio baterijos talpa yra 98 Wh, tod\u0117l j\u012f galite ne\u0161iotis ir l\u0117ktuvu. Keliaukite kur norite ir kaip norite \u2013 su \u201eSubnado\u201c pamir\u0161ite apie apribojimus.<\/p>\n<p>\n<img decoding=\"async\" border=\"0\" src=\"https:\/\/assets.innpro.pl\/8894\/10409\/2.jpg\"\/>\n<\/p>\n<h3>Intuityvus valdymas<\/h3>\n<p>Atlaisvinkite rankas ir leiskit\u0117s \u012f povandenin\u012f nuotyk\u012f. Novatori\u0161kas paspirtuko dizainas leid\u017eia j\u012f skland\u017eiai ir laisvai valdyti tik pir\u0161tais \u2013 \u012fsitikinkite, kaip tai paprasta ir patogu. Tam nereikia joki\u0173 specializuot\u0173 mokym\u0173 \u2013 u\u017etenka \u0161iek tiek praktikos! Su \u201eSubnado\u201c povandenini\u0173 erdvi\u0173 tyrin\u0117jimas tampa malonesnis nei bet kada anks\u010diau. Neturite tinkam\u0173 nardymo kvalifikacij\u0173 ir sertifikat\u0173? O galb\u016bt tiesiog norite aktyviai leisti laik\u0105 su savo vaikais? Joki\u0173 problem\u0173 \u2013 \u201eSubnado\u201c taip pat puikiai tiks \u012fprastam baseinui, tod\u0117l plaukioti bus lengva ir smagu. Jis taip pat puikiai tinka nardymui su vamzdeliu. Svarbu tai, kad paspirtuk\u0105 saugiai naudos ir vaikai.<\/p>\n<p>\n<img decoding=\"async\" border=\"0\" src=\"https:\/\/assets.innpro.pl\/8894\/10409\/3.jpg\"\/>\n<\/p>\n<h3>Greita surinkimo sistema \u2013 daugyb\u0117 galimybi\u0173<\/h3>\n<p>Pamir\u0161kite apie sud\u0117ting\u0105 ir daug laiko reikalaujant\u012f reikalingos \u012frangos montavim\u0105! D\u0117l greito tvirtinimo sistemos \u201eSubnado\u201c paspirtuk\u0105 galima paruo\u0161ti naudoti akimirksniu, o kitai povandeninei kelionei b\u016bsite pasiruo\u0161\u0119 vos per kelias akimirkas. Taip pat yra \u012fvairi\u0173 adapteri\u0173, leid\u017eian\u010di\u0173 pritvirtinti \u012frengin\u012f, pavyzd\u017eiui, prie rank\u0173 ar koj\u0173. Pasirinkimas \u2013 j\u016bs\u0173!<\/p>\n<p>\n<img decoding=\"async\" border=\"0\" src=\"https:\/\/assets.innpro.pl\/8894\/10409\/4.jpg\"\/>\n<\/p>\n<h3>\u012eam\u017einkite savo povandenini\u0173 nuotyki\u0173 prisiminimus<\/h3>\n<p>\u012era\u0161ykite savo povandeninius nuotykius ir prisiminkite \u012fsimintiniausias akimirkas ne tik savo prisiminimuose! Turite special\u0173 laikikl\u012f (1\/4-20 UNC), kuris leid\u017eia prie paspirtuko pritvirtinti iki 3 pried\u0173, pavyzd\u017eiui, \u201eGoPro\u201c kamer\u0105 ir papildom\u0105 ap\u0161vietim\u0105. Pasinaudokite \u0161ia galimybe ir sukurkite unikali\u0173 kadr\u0173!<\/p>\n<p>\n<img decoding=\"async\" border=\"0\" src=\"https:\/\/assets.innpro.pl\/8894\/10409\/5.jpg\"\/>\n<\/p>\n<h3>Nerkite dar giliau \u2013 patobulinta maitinimo sistema<\/h3>\n<p>Plaukite prie\u0161 srov\u0119 arba su ja be joki\u0173 pastang\u0173. \u201eSubnado\u201c apr\u016bpintas aliuminio lydinio korpusu ir patobulinta pavaros sistema, leid\u017eian\u010dia pasiekti iki 1,4 m\/s greit\u012f (\u012f priek\u012f). I\u0161laisvinkite \u012fsp\u016bding\u0105 greit\u012f ir patirkite jaudul\u012f! Ta\u010diau tai dar ne viskas \u2013 paspirtukas leid\u017eia nerti net 60 metr\u0173 gylyje, o tai rei\u0161kia, kad j\u012f s\u0117kmingai naudos ir pa\u017eeng\u0119 narai. Kas lemia \u201eSubnado\u201c tok\u012f puik\u0173 na\u0161um\u0105? Paspirtukas naudoja 4 men\u010di\u0173 sraigt\u0105, tod\u0117l jis si\u016blo iki 23 % didesn\u012f efektyvum\u0105, palyginti su standartiniais 3 men\u010di\u0173 sprendimais. Taip pat jame sumontuoti specialiai sukurti statoriaus ment\u0117s, kurios leido padidinti varymo sistemos galimybes apie 5 %.<\/p>\n<p>\n<img decoding=\"async\" border=\"0\" src=\"https:\/\/assets.innpro.pl\/8894\/10409\/6.jpg\"\/>\n<\/p>\n<h3>Greitas \u012fkrovimas, i\u0161orin\u0117s baterijos funkcija<\/h3>\n<p>D\u0117l patentuotos \u201eWaydoo\u201c technologijos paspirtuk\u0105 \u012fkrauti nuo 0 % iki 100 % u\u017etrunka tik apie 1,2 valandos. Jums nereik\u0117s ilgai laukti, kol jis bus paruo\u0161tas kitai povandeninei ekspedicijai! Savo ruo\u017etu jo veikimo laikas yra iki 56 minu\u010di\u0173. Ta\u010diau tai dar ne viskas \u2013 \u012frenginys taip pat gali veikti kaip i\u0161orin\u0117 baterija. Su jo pagalba galite \u012fkrauti savo i\u0161man\u0173j\u012f telefon\u0105 ar ne\u0161iojam\u0105j\u012f kompiuter\u012f iki 100 vat\u0173 galia.<\/p>\n<p>\n<img decoding=\"async\" border=\"0\" src=\"https:\/\/assets.innpro.pl\/8894\/10409\/7.jpg\"\/>\n<\/p>\n<h3>\u012etraukta<\/h3>\n<ul class=\"list-disc pl-5\">\n<li>\u201eSubnado\u201c povandeninis motoroleris<\/li>\n<li>Pried\u0173 tvirtinimo detal\u0117<\/li>\n<li>Standartinis nyk\u0161\u010dio valdiklis<\/li>\n<li>Pir\u0161t\u0173 apsauga<\/li>\n<li>Tvirtinimas prie peties<\/li>\n<li>Rankena<\/li>\n<li>Rankenos tvirtinimas<\/li>\n<li>Pavaros komponentas<\/li>\n<li>Var\u017etas M4X8<\/li>\n<li>Atsarginis O formos \u017eiedo sandariklis 8&#215;2.4<\/li>\n<li>4x Atsarginis O formos \u017eiedo sandariklis 7.5&#215;1<\/li>\n<li>2x Atsarginis O formos \u017eiedo sandariklis 26&#215;2<\/li>\n<\/ul>\n<div class=\"table-wrapper\">\n<p>B\u00a0<\/p>\n<h3><\/h3>\n<table>\n<tbody>\n<tr>\n<th>Gamintojas<\/th>\n<td>Waydoo<\/td>\n<\/tr>\n<tr>\n<th>Pavadinimas<\/th>\n<td>\u201eSubnado\u201c povandeninis motoroleris<\/td>\n<\/tr>\n<tr>\n<th>Modelis<\/th>\n<td>5010000090<\/td>\n<\/tr>\n<tr>\n<th>Spalva<\/th>\n<td>Raudona<\/td>\n<\/tr>\n<tr>\n<th>Grei\u010dio lygiai<\/th>\n<td>3<\/td>\n<\/tr>\n<tr>\n<th>Maksimalus greitis<\/th>\n<td>1,4 m\/s<\/td>\n<\/tr>\n<tr>\n<th>Maksimalus veikimo laikas<\/th>\n<td>56 min<\/td>\n<\/tr>\n<tr>\n<th>Maks. gylis<\/th>\n<td>60 m<\/td>\n<\/tr>\n<tr>\n<th>Atsparumas vandeniui<\/th>\n<td>IP68, iki 60 m<\/td>\n<\/tr>\n<tr>\n<th>Akumuliatoriaus tipas<\/th>\n<td>Li\u010dio jon\u0173<\/td>\n<\/tr>\n<tr>\n<th>Akumuliatoriaus talpa<\/th>\n<td>98 Wh<\/td>\n<\/tr>\n<tr>\n<th>\u012ekrovimo laikas<\/th>\n<td>Apytiksliai 1,2 val.<\/td>\n<\/tr>\n<tr>\n<th>Med\u017eiaga<\/th>\n<td>EPP, aliuminio lydinys, derva<\/td>\n<\/tr>\n<tr>\n<th>Matmenys<\/th>\n<td>377 x 70 x 70 mm<\/td>\n<\/tr>\n<\/tbody>\n<\/table>\n<\/div>\n","protected":false},"excerpt":{"rendered":"<p>\u201eWaydoo Subnado\u201c povandeninis paspirtukas \u2013 pradinis rinkinys (raudonas) I\u0161tyrin\u0117kite \u017eav\u0173 povandenin\u012f pasaul\u012f visi\u0161kai nauju b\u016bdu! \u201eWaydoo Subnado\u201c povandeninis paspirtukas suteiks jums nepamir\u0161tam\u0173 \u012fsp\u016bd\u017ei\u0173 vandenyje. Jis lengvas ir kompakti\u0161kas, tod\u0117l j\u012f galite lengvai transportuoti, o d\u0117l paprasto valdymo jis tinka ir vaikams. Lengvai \u012fveikite povandenines erdves naudodami intuityvius valdiklius ir pasirinkdami i\u0161 3 grei\u010dio lygi\u0173. Be [&#8230;]\n","protected":false},"featured_media":30320,"comment_status":"open","ping_status":"closed","template":"","meta":[],"product_brand":[574],"product_cat":[1205],"product_tag":[],"class_list":{"0":"post-30319","1":"product","2":"type-product","3":"status-publish","4":"has-post-thumbnail","6":"product_brand-waydoo","7":"product_cat-underwater-scooters","9":"first","10":"outofstock","11":"taxable","12":"shipping-taxable","13":"purchasable","14":"product-type-simple"},"aioseo_notices":[],"_links":{"self":[{"href":"https:\/\/asura.lv\/lt\/wp-json\/wp\/v2\/product\/30319","targetHints":{"allow":["GET"]}}],"collection":[{"href":"https:\/\/asura.lv\/lt\/wp-json\/wp\/v2\/product"}],"about":[{"href":"https:\/\/asura.lv\/lt\/wp-json\/wp\/v2\/types\/product"}],"replies":[{"embeddable":true,"href":"https:\/\/asura.lv\/lt\/wp-json\/wp\/v2\/comments?post=30319"}],"wp:featuredmedia":[{"embeddable":true,"href":"https:\/\/asura.lv\/lt\/wp-json\/wp\/v2\/media\/30320"}],"wp:attachment":[{"href":"https:\/\/asura.lv\/lt\/wp-json\/wp\/v2\/media?parent=30319"}],"wp:term":[{"taxonomy":"product_brand","embeddable":true,"href":"https:\/\/asura.lv\/lt\/wp-json\/wp\/v2\/product_brand?post=30319"},{"taxonomy":"product_cat","embeddable":true,"href":"https:\/\/asura.lv\/lt\/wp-json\/wp\/v2\/product_cat?post=30319"},{"taxonomy":"product_tag","embeddable":true,"href":"https:\/\/asura.lv\/lt\/wp-json\/wp\/v2\/product_tag?post=30319"}],"curies":[{"name":"wp","href":"https:\/\/api.w.org\/{rel}","templated":true}]}}