{"id":30571,"date":"2025-11-28T22:10:57","date_gmt":"2025-11-28T22:10:57","guid":{"rendered":"https:\/\/asura.lv\/product\/heiman-ws-720es-tuya-wifi-smart-carbon-monoxide-detector\/"},"modified":"2025-12-12T15:47:37","modified_gmt":"2025-12-12T13:47:37","slug":"heiman-ws-720es-tuya-wifi-smart-carbon-monoxide-detector","status":"publish","type":"product","link":"https:\/\/asura.lv\/lt\/produktas\/heiman-ws-720es-tuya-wifi-smart-carbon-monoxide-detector\/","title":{"rendered":"Heiman WS-720ES Tuya WiFi i\u0161manusis anglies monoksido detektorius"},"content":{"rendered":"<h3>\u201eHeiman WS-720ES Tuya\u201c i\u0161manusis \u201eWiFi\u201c anglies monoksido jutiklis<\/h3>\n<p>\u201eHeiman WS-720ES\u201c jutiklis yra \u012frenginys, apsaugantis nuo kenksmingos anglies monoksido koncentracijos ore. \u012erengtas modernia elektrochemine technologija, jis pasi\u017eymi dideliu tikslumu aptikimu ir patikimu veikimu. D\u0117l \u201eWiFi\u201c ry\u0161io \u012f savo mobil\u0173j\u012f \u012frengin\u012f gaunate momentinius prane\u0161imus apie aptikt\u0105 pavoj\u0173.<\/p>\n<p>\n<img decoding=\"async\" border=\"0\" src=\"https:\/\/assets.innpro.pl\/7718\/8967\/5.jpg\"\/>\n<\/p>\n<h3>Elektrochemin\u0117 technologija<\/h3>\n<p>\u201eHeiman WS-720ES\u201c jutiklis naudoja pa\u017eangi\u0105 elektrochemin\u0119 technologij\u0105 anglies monoksidui aptikti. Jis u\u017etikrina i\u0161skirtin\u012f tikslum\u0105 ir greit\u0105 reagavim\u0105 \u012f CO koncentracijos poky\u010dius ore, tod\u0117l galite greitai ir efektyviai b\u016bti \u012fsp\u0117ti apie galim\u0105 gr\u0117sm\u0119.<\/p>\n<p>\n<img decoding=\"async\" border=\"0\" src=\"https:\/\/assets.innpro.pl\/7718\/8967\/6.jpg\"\/>\n<\/p>\n<h3>Skaitmenin\u0117 temperat\u016bros kompensacija<\/h3>\n<p>Prietaise \u012fdiegta skaitmenin\u0117 temperat\u016bros kompensavimo technologija, kuri suma\u017eina aplinkos s\u0105lyg\u0173 \u012ftak\u0105 matavimo tikslumui. D\u0117l to jutiklis i\u0161laiko auk\u0161t\u0105 aptikimo tikslum\u0105 pla\u010diame temperat\u016br\u0173 diapazone \u2013 nuo \u200b\u200b-10 \u00b0C iki +40 \u00b0C.<\/p>\n<p>\n<img decoding=\"async\" border=\"0\" src=\"https:\/\/assets.innpro.pl\/7718\/8967\/7.jpg\"\/>\n<\/p>\n<h3>\u012esp\u0117jimas apie ma\u017e\u0105 energijos s\u0105naudas<\/h3>\n<p>Anglies monoksido jutiklis turi \u012fsp\u0117jimo apie ma\u017e\u0105 energijos s\u0105naudas funkcij\u0105, kuri \u012fsp\u0117ja, kai reikia pakeisti baterij\u0105. Tai u\u017etikrina nuolatin\u0119 apsaug\u0105 ir pasitik\u0117jim\u0105, kad \u012frenginys visada veiks tinkamai.<\/p>\n<p>\n<img decoding=\"async\" border=\"0\" src=\"https:\/\/assets.innpro.pl\/7718\/8967\/3.jpg\"\/>\n<\/p>\n<h3>Nutildymo re\u017eimas<\/h3>\n<p>\u012erenginys taip pat turi nutildymo re\u017eim\u0105, kuris leid\u017eia laikinai nutildyti nepageidaujamus signalus 10 minu\u010di\u0173. Tai ypa\u010d naudinga situacijose, kai signalizacija suveikia nety\u010dia, o gr\u0117sm\u0117 n\u0117ra reali. Be to, \u0161is re\u017eimas gali nutildyti signalizacij\u0105 12 valand\u0173 esant \u017eemai \u012ftampai arba gedimui.<\/p>\n<p>\n<img decoding=\"async\" border=\"0\" src=\"https:\/\/assets.innpro.pl\/7718\/8967\/4.jpg\"\/>\n<\/p>\n<h3>Steb\u0117jimas realiuoju laiku<\/h3>\n<p>\u201eHeiman WS-720ES\u201c jutiklis realiuoju laiku perduoda informacij\u0105 apie aptikt\u0105 anglies monoksid\u0105 \u012f mobili\u0105j\u0105 program\u0117l\u0119 \u201eTuya\u201c (\u201eSmart Life\u201c). Vartotojas gauna momentinius prane\u0161imus apie gr\u0117sm\u0119, tod\u0117l gali greitai reaguoti ir imtis tinkam\u0173 veiksm\u0173, kad u\u017etikrint\u0173 nam\u0173 \u016bkio saugum\u0105.<\/p>\n<p>\n<img decoding=\"async\" border=\"0\" src=\"https:\/\/assets.innpro.pl\/7718\/8967\/1.jpg\"\/>\n<\/p>\n<h3>Stilingas dizainas<\/h3>\n<p>Jutiklis pasi\u017eymi moderniu ir eleganti\u0161ku dizainu, kuris harmoningai dera prie bet kokio interjero. D\u0117l kompakti\u0161ko dizaino j\u012f galima nepastebimai pritvirtinti prie sienos ar lub\u0173, netrukdant kambario estetikai.<\/p>\n<p>\n<img decoding=\"async\" border=\"0\" src=\"https:\/\/assets.innpro.pl\/7718\/8967\/2.jpg\"\/>\n<\/p>\n<h3>Pridedama<\/h3>\n<ul class=\"list-disc pl-5\">\n<li>I\u0161manusis jutiklis<\/li>\n<li>Tvirtinimo r\u0117mas<\/li>\n<li>AA baterijos x 2<\/li>\n<li>Var\u017etas x 2<\/li>\n<li>Tvirtinimo kai\u0161tis x 2<\/li>\n<li>Vadovas<\/li>\n<\/ul>\n<div class=\"table-wrapper\">\n<p>\u0412\u00a0<\/p>\n<h3><\/h3>\n<table>\n<tbody>\n<tr>\n<th>Gamintojas<\/th>\n<td>Heiman<\/td>\n<\/tr>\n<tr>\n<th>Gamintojas kodas<\/th>\n<td>WS-720ES<\/td>\n<\/tr>\n<tr>\n<th>Darbin\u0117 \u012ftampa<\/th>\n<td>3 V nuolatin\u0117 srov\u0117 (2 x AA LR6 \u0161armin\u0117s baterijos)<\/td>\n<\/tr>\n<tr>\n<th>Jutiklio tipas<\/th>\n<td>Elektrocheminis anglies monoksido jutiklis<\/td>\n<\/tr>\n<tr>\n<th>Aliarmo signalas<\/th>\n<td>Garsinis ir vaizdinis<\/td>\n<\/tr>\n<tr>\n<th>Jutiklio veikimo laikas<\/th>\n<td>Maks. 10 met\u0173<\/td>\n<\/tr>\n<tr>\n<th>Darbin\u0117 temperat\u016bra<\/th>\n<td>\u201310 \u00b0C iki +40 \u00b0C<\/td>\n<\/tr>\n<tr>\n<th>Darbin\u0117 dr\u0117gm\u0117<\/th>\n<td>0\u201395 % santykin\u0117 oro dr\u0117gm\u0117 (nesikondensuojanti)<\/td>\n<\/tr>\n<tr>\n<th>Garso lygis<\/th>\n<td>\u201385 dB esant 3 m atstumui<\/td>\n<\/tr>\n<tr>\n<th>Signalizacijos jautrumas<\/th>\n<td>30 ppm (120 minu\u010di\u0173); 50 ppm (60\u201390 minu\u010di\u0173); 100 ppm (10\u201340 minu\u010di\u0173); 300 ppm (3 minut\u0117s)<\/td>\n<\/tr>\n<tr>\n<th>\u012e\u0161ilimo laikotarpis<\/th>\n<td>Ma\u017edaug 100 sekund\u017ei\u0173<\/td>\n<\/tr>\n<tr>\n<th>Ry\u0161io protokolas<\/th>\n<td>\u201eWiFi 2.4 GHz\u201c<\/td>\n<\/tr>\n<tr>\n<th>Belaid\u017eio ry\u0161io diapazonas<\/th>\n<td>\u201eWiFi\u201c signalo apr\u0117pties zona<\/td>\n<\/tr>\n<tr>\n<th>Tvirtinimo b\u016bdas<\/th>\n<td>Tvirtinimas prie sienos arba lub\u0173<\/td>\n<\/tr>\n<tr>\n<th>Suderinamumas<\/th>\n<td>EN 50291-1:2018<\/td>\n<\/tr>\n<tr>\n<th>Baterijos veikimo laikas<\/th>\n<td>Iki 5 met\u0173<\/td>\n<\/tr>\n<\/tbody>\n<\/table>\n<\/div>\n","protected":false},"excerpt":{"rendered":"<p>\u201eHeiman WS-720ES Tuya\u201c i\u0161manusis \u201eWiFi\u201c anglies monoksido jutiklis \u201eHeiman WS-720ES\u201c jutiklis yra \u012frenginys, apsaugantis nuo kenksmingos anglies monoksido koncentracijos ore. \u012erengtas modernia elektrochemine technologija, jis pasi\u017eymi dideliu tikslumu aptikimu ir patikimu veikimu. D\u0117l \u201eWiFi\u201c ry\u0161io \u012f savo mobil\u0173j\u012f \u012frengin\u012f gaunate momentinius prane\u0161imus apie aptikt\u0105 pavoj\u0173. Elektrochemin\u0117 technologija \u201eHeiman WS-720ES\u201c jutiklis naudoja pa\u017eangi\u0105 elektrochemin\u0119 technologij\u0105 anglies [&#8230;]\n","protected":false},"featured_media":30572,"comment_status":"open","ping_status":"closed","template":"","meta":[],"product_brand":[639],"product_cat":[950],"product_tag":[],"class_list":{"0":"post-30571","1":"product","2":"type-product","3":"status-publish","4":"has-post-thumbnail","6":"product_brand-heiman","7":"product_cat-sensors","9":"first","10":"outofstock","11":"taxable","12":"shipping-taxable","13":"purchasable","14":"product-type-simple"},"aioseo_notices":[],"_links":{"self":[{"href":"https:\/\/asura.lv\/lt\/wp-json\/wp\/v2\/product\/30571","targetHints":{"allow":["GET"]}}],"collection":[{"href":"https:\/\/asura.lv\/lt\/wp-json\/wp\/v2\/product"}],"about":[{"href":"https:\/\/asura.lv\/lt\/wp-json\/wp\/v2\/types\/product"}],"replies":[{"embeddable":true,"href":"https:\/\/asura.lv\/lt\/wp-json\/wp\/v2\/comments?post=30571"}],"wp:featuredmedia":[{"embeddable":true,"href":"https:\/\/asura.lv\/lt\/wp-json\/wp\/v2\/media\/30572"}],"wp:attachment":[{"href":"https:\/\/asura.lv\/lt\/wp-json\/wp\/v2\/media?parent=30571"}],"wp:term":[{"taxonomy":"product_brand","embeddable":true,"href":"https:\/\/asura.lv\/lt\/wp-json\/wp\/v2\/product_brand?post=30571"},{"taxonomy":"product_cat","embeddable":true,"href":"https:\/\/asura.lv\/lt\/wp-json\/wp\/v2\/product_cat?post=30571"},{"taxonomy":"product_tag","embeddable":true,"href":"https:\/\/asura.lv\/lt\/wp-json\/wp\/v2\/product_tag?post=30571"}],"curies":[{"name":"wp","href":"https:\/\/api.w.org\/{rel}","templated":true}]}}