{"id":30703,"date":"2025-11-28T22:10:46","date_gmt":"2025-11-28T22:10:46","guid":{"rendered":"https:\/\/asura.lv\/product\/powerbank-baseus-os-free2pull-10000mah-30w-cable-black\/"},"modified":"2025-12-12T15:47:28","modified_gmt":"2025-12-12T13:47:28","slug":"powerbank-baseus-os-free2pull-10000mah-30w-cable-black","status":"publish","type":"product","link":"https:\/\/asura.lv\/lt\/produktas\/powerbank-baseus-os-free2pull-10000mah-30w-cable-black\/","title":{"rendered":"Ne\u0161iojamoji baterija \u201eBaseus OS Free2Pull\u201c 10000mAh 30W + laidas (juodas)"},"content":{"rendered":"<h3>\u201eBaseus OS Free2Pull\u201c 10000 mAh 30 W i\u0161orin\u0117 baterija + laidas (juodas).<\/h3>\n<p>Neleiskite, kad i\u0161sikrovusi baterija apribot\u0173 j\u016bs\u0173 galimybes! \u201eBaseus Free2Pull\u201c i\u0161orin\u0117 baterija su 10000 mAh talpa si\u016blo iki 30 vat\u0173 \u012fkrovimo gali\u0105, tod\u0117l galite greitai \u012fkrauti savo \u012frenginius kelyje. D\u0117l i\u0161traukiamo USB-C laido galite lengvai prijungti savo \u012frengin\u012f nene\u0161iodamiesi papildom\u0173 laid\u0173. D\u0117l plataus suderinamumo galite s\u0117kmingai naudoti j\u0105 beveik visiems savo \u012frenginiams \u012fkrauti.<\/p>\n<p>\n<img decoding=\"async\" border=\"0\" src=\"https:\/\/assets.innpro.pl\/7565\/8790\/9.jpg\"\/>\n<\/p>\n<h3>Didel\u0117 talpa, \u012fsp\u016bdinga \u012fkrovimo galia<\/h3>\n<p>Tur\u0117dami 10000 mAh talp\u0105, galite daugum\u0105 i\u0161mani\u0173j\u0173 telefon\u0173 ir kit\u0173 mobili\u0173j\u0173 \u012frengini\u0173 \u012fkrauti daugum\u0105 kart\u0173, u\u017etikrindami reikiam\u0105 energij\u0105 bet kokiomis s\u0105lygomis. Maksimali 30 vat\u0173 \u012fkrovimo galia u\u017etikrina, kad j\u016bs\u0173 \u012frenginiai bus \u012fkrauti greitai ir efektyviai, o tai labai svarbu, kai laikas yra labai svarbus.<\/p>\n<p>\n<img decoding=\"async\" border=\"0\" src=\"https:\/\/assets.innpro.pl\/7565\/8790\/4.jpg\"\/>\n<\/p>\n<h3>\u012ekraukite 2 \u012frenginius vienu metu<\/h3>\n<p>\u201eBaseus Free2Pull\u201c leid\u017eia vienu metu \u012fkrauti du \u012frenginius. D\u0117l papildomo USB-C prievado ir i\u0161traukiamo USB-C laido galite lengvai \u012fkrauti du \u012frenginius vienu metu, nereik\u0117dami papildom\u0173 pried\u0173. \u0160is sprendimas ypa\u010d naudingas, kai reikia greitai \u012fkrauti ir telefon\u0105, ir plan\u0161etin\u012f kompiuter\u012f ar kit\u0105 mobil\u0173j\u012f \u012frengin\u012f.<\/p>\n<p>\n<img decoding=\"async\" border=\"0\" src=\"https:\/\/assets.innpro.pl\/7565\/8790\/2.jpg\"\/>\n<\/p>\n<h3>Saugumas yra prioritetas<\/h3>\n<p>J\u016bs\u0173 \u012frengini\u0173 saugumui \u201eBaseus\u201c i\u0161orin\u0117 baterija apr\u016bpinta daugiapakop\u0117mis apsaugos funkcijomis, kurios u\u017etikrina visapusi\u0161k\u0105 apsaug\u0105 nuo vis\u0173 gr\u0117smi\u0173. Be kita ko, jos apsaugo nuo trumpojo jungimo, perkrovimo, per didelio i\u0161sikrovimo, vir\u0161\u012ftampio ar vir\u0161srov\u0117s. Taip pat nereikia jaudintis d\u0117l perkaitimo!<\/p>\n<p>\n<img decoding=\"async\" border=\"0\" src=\"https:\/\/assets.innpro.pl\/7565\/8790\/10.jpg\"\/>\n<\/p>\n<h3>Puikus kelioni\u0173 palydovas<\/h3>\n<p>\u201eBaseus Free2Pull\u201c i\u0161orin\u0117 baterija turi \u012fmontuot\u0105, intuityv\u0173 LED ekran\u0105, kuris informuoja apie j\u016bs\u0173 \u012frenginio \u012fkrovos procent\u0105. Tokiu b\u016bdu visada \u017einosite, kada laikas \u012fkrauti i\u0161orin\u0119 baterij\u0105! Be to, \u0161i kompakti\u0161ka i\u0161orin\u0117 baterija atitinka tarptautinius oro linij\u0173 saugos standartus, o tai rei\u0161kia, kad galite j\u0105 lengvai pasiimti \u012f l\u0117ktuv\u0105. Tai puikus sprendimas keliautojams, vertinantiems ir funkcionalum\u0105, ir patogum\u0105!<\/p>\n<p>\n<img decoding=\"async\" border=\"0\" src=\"https:\/\/assets.innpro.pl\/7565\/8790\/5.jpg\"\/>\n<\/p>\n<div class=\"table-wrapper\">\n<p>B\u00a0<\/p>\n<h3><\/h3>\n<table>\n<tbody>\n<tr>\n<th>Gamintojas<\/th>\n<td>Baseus<\/td>\n<\/tr>\n<tr>\n<th>Baterijos tipas<\/th>\n<td>Li\u010dio jon\u0173<\/td>\n<\/tr>\n<tr>\n<th>Talpa<\/th>\n<td>10 000 mAh<\/td>\n<\/tr>\n<tr>\n<th>\u012e\u0117jimo srov\u0117 USB-C laidas<\/th>\n<td>5V\/3A, 9V\/2A, 12V\/1,5A<\/td>\n<\/tr>\n<tr>\n<th>USB-C \u012fvestis srov\u0117<\/th>\n<td>5V\/3A, 9V\/2A, 12V\/1,5A<\/td>\n<\/tr>\n<tr>\n<th>USB-C laido i\u0161\u0117jimo srov\u0117<\/th>\n<td>5V\/3A, 9V\/3A, 12V\/2,5A, 15V\/2A<\/td>\n<\/tr>\n<tr>\n<th>USB-C i\u0161\u0117jimo srov\u0117<\/th>\n<td>5V\/3A, 9V\/3A, 12V\/2,5A, 15V\/2A<\/td>\n<\/tr>\n<tr>\n<th>Maksimali i\u0161\u0117jimo srov\u0117 (USB-C + USB-C laidas)<\/th>\n<td>5V\/3A<\/td>\n<\/tr>\n<tr>\n<th>Maksimali \u012fkrovimo galia<\/th>\n<td>30 W<\/td>\n<\/tr>\n<tr>\n<th>Matmenys<\/th>\n<td>137 x 62 x 25 mm<\/td>\n<\/tr>\n<tr>\n<th>Svoris<\/th>\n<td>260 g<\/td>\n<\/tr>\n<tr>\n<th>Laido ilgis<\/th>\n<td>70 cm<\/td>\n<\/tr>\n<\/tbody>\n<\/table>\n<\/div>\n","protected":false},"excerpt":{"rendered":"<p>\u201eBaseus OS Free2Pull\u201c 10000 mAh 30 W i\u0161orin\u0117 baterija + laidas (juodas). Neleiskite, kad i\u0161sikrovusi baterija apribot\u0173 j\u016bs\u0173 galimybes! \u201eBaseus Free2Pull\u201c i\u0161orin\u0117 baterija su 10000 mAh talpa si\u016blo iki 30 vat\u0173 \u012fkrovimo gali\u0105, tod\u0117l galite greitai \u012fkrauti savo \u012frenginius kelyje. D\u0117l i\u0161traukiamo USB-C laido galite lengvai prijungti savo \u012frengin\u012f nene\u0161iodamiesi papildom\u0173 laid\u0173. D\u0117l plataus suderinamumo [&#8230;]\n","protected":false},"featured_media":30704,"comment_status":"open","ping_status":"closed","template":"","meta":[],"product_brand":[95],"product_cat":[1052],"product_tag":[],"class_list":{"0":"post-30703","1":"product","2":"type-product","3":"status-publish","4":"has-post-thumbnail","6":"product_brand-baseus","7":"product_cat-powerbanks-gsm-accessories","9":"first","10":"outofstock","11":"taxable","12":"shipping-taxable","13":"purchasable","14":"product-type-simple"},"aioseo_notices":[],"_links":{"self":[{"href":"https:\/\/asura.lv\/lt\/wp-json\/wp\/v2\/product\/30703","targetHints":{"allow":["GET"]}}],"collection":[{"href":"https:\/\/asura.lv\/lt\/wp-json\/wp\/v2\/product"}],"about":[{"href":"https:\/\/asura.lv\/lt\/wp-json\/wp\/v2\/types\/product"}],"replies":[{"embeddable":true,"href":"https:\/\/asura.lv\/lt\/wp-json\/wp\/v2\/comments?post=30703"}],"wp:featuredmedia":[{"embeddable":true,"href":"https:\/\/asura.lv\/lt\/wp-json\/wp\/v2\/media\/30704"}],"wp:attachment":[{"href":"https:\/\/asura.lv\/lt\/wp-json\/wp\/v2\/media?parent=30703"}],"wp:term":[{"taxonomy":"product_brand","embeddable":true,"href":"https:\/\/asura.lv\/lt\/wp-json\/wp\/v2\/product_brand?post=30703"},{"taxonomy":"product_cat","embeddable":true,"href":"https:\/\/asura.lv\/lt\/wp-json\/wp\/v2\/product_cat?post=30703"},{"taxonomy":"product_tag","embeddable":true,"href":"https:\/\/asura.lv\/lt\/wp-json\/wp\/v2\/product_tag?post=30703"}],"curies":[{"name":"wp","href":"https:\/\/api.w.org\/{rel}","templated":true}]}}